{"id":5370,"date":"2026-01-28T13:30:21","date_gmt":"2026-01-28T05:30:21","guid":{"rendered":"https:\/\/minghanggroup.com\/?post_type=product&#038;p=5370"},"modified":"2026-01-28T16:40:29","modified_gmt":"2026-01-28T08:40:29","slug":"lantern-style-unique-candle-vessels-wholesale","status":"publish","type":"product","link":"https:\/\/minghanggroup.com\/zh\/product\/lantern-style-unique-candle-vessels-wholesale\/","title":{"rendered":"\u706f\u7b3c\u9020\u578b\u72ec\u7279\u70db\u53f0\u6279\u53d1"},"content":{"rendered":"<p>\u8fd9\u4e9b\u72ec\u7279\u7684\u70db\u53f0\u5448\u706f\u7b3c\u72b6\uff0c\u5e95\u90e8\u548c\u9876\u90e8\u5e26\u6709\u68f1\u7eb9\uff0c\u4e2d\u5fc3\u5448\u5357\u74dc\u5f62\u5e76\u5e26\u6709\u51f9\u69fd\u3002\u5b83\u4eec\u7684\u72ec\u7279\u4e4b\u5904\u5728\u4e8e\u65e2\u53ef\u4ee5\u5b89\u88c5\u5728\u9876\u90e8\uff0c\u4e5f\u53ef\u4ee5\u5b89\u88c5\u5728\u5e95\u90e8\uff0c\u517c\u5177\u5b9e\u7528\u6027\u548c\u7f8e\u89c2\u6027\u3002<\/p>\n<h2>\u4ea7\u54c1\u7279\u6027<\/h2>\n<ul>\n<li><strong>\u7ffb\u8f6c\u8bbe\u8ba1\uff1a<\/strong> \u8fd9\u79cd\u53cc\u5411\u8bbe\u8ba1\u6781\u5177\u521b\u65b0\u6027\uff0c\u63d0\u4f9b\u4e86\u7075\u6d3b\u591a\u6837\u7684\u7a7a\u95f4\u533a\u57df\uff0c\u53ef\u7528\u4e8e\u653e\u7f6e\u548c\u5c55\u793a\u8721\u70db\u3002<\/li>\n<li><strong>\u7edd\u5999\u7684\u591a\u5c42\u6b21\u7eb9\u7406\uff1a <\/strong>\u5782\u76f4\u7eb9\u7406\u3001\u5357\u74dc\u5f62\u7eb9\u7406\u548c\u7ec6\u5bc6\u7684\u808b\u7eb9\u7ed3\u5408\u5728\u4e00\u8d77\uff0c\u8425\u9020\u51fa\u5947\u5999\u7684\u666f\u8c61\u548c\u611f\u89c9\u3002<\/li>\n<li><strong>\u706f\u7b3c\u5f62\u72b6\uff1a<\/strong> \u706f\u7b3c\u9020\u578b\u878d\u5408\u4e86\u4e2d\u56fd\u4f20\u7edf\u590d\u53e4\u98ce\u683c\u548c\u73b0\u4ee3\u8721\u70db\u8bbe\u8ba1\u5143\u7d20\uff0c\u540c\u65f6\u4e5f\u662f\u4e00\u79cd\u6781\u5177\u8fa8\u8bc6\u5ea6\u7684\u684c\u9762\u88c5\u9970\u54c1\u3002<\/li>\n<\/ul>\n<h2 style=\"text-align: left;\">\u4e3b\u8981\u89c4\u683c<\/h2>\n<table class=\"aligncenter\" style=\"border-collapse: collapse; width: 402.02pt;\" border=\"0\" width=\"536\" cellspacing=\"0\" cellpadding=\"0\">\n<tbody>\n<tr style=\"height: 13.50pt;\">\n<td style=\"height: 13.50pt; width: 117.75pt;\" width=\"157\" height=\"18\">\u89c4\u683c<\/td>\n<td style=\"width: 284.25pt;\" width=\"379\">\u7ec6\u8282<\/td>\n<\/tr>\n<tr style=\"height: 13.50pt;\">\n<td style=\"height: 13.50pt;\" height=\"18\">\u65b9\u9762<\/td>\n<td>79\u00d752\u00d740\u00d760\u6beb\u7c73<\/td>\n<\/tr>\n<tr style=\"height: 13.50pt;\">\n<td style=\"height: 13.50pt;\" height=\"18\">\u6750\u6599<\/td>\n<td>\u900f\u660e\u7eb9\u7406\u73bb\u7483<\/td>\n<\/tr>\n<tr style=\"height: 13.50pt;\">\n<td style=\"height: 13.50pt;\" height=\"18\">\u8840\u7ba1\u5f62\u72b6<\/td>\n<td>\u53cc\u9762\u706f\u7b3c\uff0c\u591a\u7eb9\u7406\u90e8\u5206<\/td>\n<\/tr>\n<tr style=\"height: 13.50pt;\">\n<td style=\"height: 13.50pt;\" height=\"18\">\u5b9a\u5236\u8303\u56f4<\/td>\n<td>\u989c\u8272\u3001\u7eb9\u7406\u7ec6\u8282\u3001\u5c3a\u5bf8\u3001\u5f62\u72b6<\/td>\n<\/tr>\n<tr style=\"height: 13.50pt;\">\n<td style=\"height: 13.50pt;\" height=\"18\">\u5de5\u827a<\/td>\n<td>\u7528\u4e8e\u590d\u6742\u5de5\u827a\u7684\u5148\u8fdb\u538b\u5236\u73bb\u7483\u6210\u578b<\/td>\n<\/tr>\n<tr style=\"height: 13.50pt;\">\n<td style=\"height: 13.50pt;\" height=\"18\">\u4ea7\u54c1\u7528\u9014<\/td>\n<td>\u70db\u53f0\u3001\u8721\u70db\u5bb9\u5668\u6279\u53d1<\/td>\n<\/tr>\n<tr style=\"height: 13.50pt;\">\n<td style=\"height: 13.50pt;\" height=\"18\">\u9002\u5b9c\u4ea7\u4e1a<\/td>\n<td>\u9ad8\u7aef\u9999\u6c1b\u8721\u70db\u54c1\u724c\u3001\u5a5a\u793c\/\u6d3b\u52a8\u7b56\u5212\u516c\u53f8<\/td>\n<\/tr>\n<\/tbody>\n<\/table>\n<h2>\u6210\u529f\u6848\u4f8b<\/h2>\n<p>\u7f8e\u56fd\u4e00\u5bb6\u8c6a\u534e\u7cbe\u54c1\u9152\u5e97\u9009\u62e9\u4e86\u6211\u4eec\u53cc\u9762\u706f\u7b3c\u9020\u578b\u7684\u70db\u53f0\uff0c\u70db\u53f0\u53ef\u53d8\u6362\u989c\u8272\u4e3a\u7425\u73c0\u8272\u3002\u8fd9\u79cd\u72ec\u7279\u7684\u8bbe\u8ba1\u63d0\u5347\u4e86\u5bbe\u5ba2\u4f53\u9a8c\uff0c\u572880%\u7684\u6b63\u9762\u7f51\u7edc\u8bc4\u8bba\u4e2d\u5747\u6709\u63d0\u53ca\u3002\u56de\u5934\u5ba2\u6570\u91cf\u589e\u957f\u4e8642%\u3002\u9152\u5e97\u5bf9\u70db\u53f0\u975e\u5e38\u6ee1\u610f\uff0c\u56e0\u6b64\u53c8\u8ffd\u52a0\u8ba2\u8d2d\u4e8620\u4e07\u4e2a\uff0c\u7528\u4e8e\u88c5\u9970\u9152\u5e97\u7684\u65b0\u5ba2\u623f\u548c\u7ffb\u65b0\u73b0\u6709\u5957\u623f\u3002<\/p>\n<h2>\u8721\u70db\u5bb9\u5668\u6279\u53d1\uff0c\u53ef\u5b9a\u5236<\/h2>\n<ul>\n<li>\u4e13\u5c5e\u73bb\u7483\u706f\u7f69\uff1a\u6253\u9020\u4e13\u5c5e\u73bb\u7483\u706f\u7f69\uff0c\u4f8b\u5982\u6df1\u8272\u73e0\u5b9d\u706f\u7f69\u6216\u67d4\u548c\u7684\u7c89\u8272\u706f\u7f69\u3002<\/li>\n<li>\u91d1\u5c5e\u9540\u5c42\uff1a\u8fb9\u7f18\u6216\u808b\u6761\u4e0a\u9540\u6709\u91d1\u3001\u94f6\u6216\u73ab\u7470\u91d1\u7eb9\u7406\u3002<\/li>\n<li>\u81ea\u5b9a\u4e49\u5c3a\u5bf8\u7f29\u653e\uff1a\u6309\u6bd4\u4f8b\u8c03\u6574\u6574\u4e2a\u8bbe\u8ba1\u7684\u5927\u5c0f\uff0c\u4ee5\u4ea7\u751f\u5404\u79cd\u89c6\u89c9\u6548\u679c\u3002<\/li>\n<li>\u5185\u6d82\u5c42\uff1a\u78e8\u7802\u6216\u6d82\u5c42\u5185\u73bb\u7483\u5728\u5149\u7167\u4e0b\u5177\u6709\u72ec\u7279\u7684\u6548\u679c\u3002<\/li>\n<\/ul>","protected":false},"excerpt":{"rendered":"<p>\u9020\u578b\u72ec\u7279\u7684\u706f\u7b3c\u5f62\u900f\u660e\u73bb\u7483\u70db\u53f0\uff0c\u9970\u6709\u68f1\u7eb9\u7ec6\u8282\u3002\u53cc\u5934\u8bbe\u8ba1\uff0c\u65e2\u9002\u5408\u653e\u7f6e\u8721\u70db\uff0c\u4e5f\u9002\u5408\u4f5c\u4e3a\u88c5\u9970\u54c1\u3002\u5382\u5bb6\u76f4\u9500\uff0c\u514d\u8d39\u63d0\u4f9b\u6837\u54c1\u3002<\/p>","protected":false},"featured_media":5376,"template":"","meta":{"postBodyCss":"","postBodyMargin":[],"postBodyPadding":[],"postBodyBackground":{"backgroundType":"classic","gradient":""}},"product_brand":[],"product_cat":[15,82,17],"product_tag":[],"class_list":{"0":"post-5370","1":"product","2":"type-product","3":"status-publish","4":"has-post-thumbnail","6":"product_cat-glass-containers","7":"product_cat-candle-jars","8":"product_cat-glass-jars","10":"first","11":"instock","12":"shipping-taxable","13":"product-type-simple"},"jetpack_sharing_enabled":true,"_links":{"self":[{"href":"https:\/\/minghanggroup.com\/zh\/wp-json\/wp\/v2\/product\/5370","targetHints":{"allow":["GET"]}}],"collection":[{"href":"https:\/\/minghanggroup.com\/zh\/wp-json\/wp\/v2\/product"}],"about":[{"href":"https:\/\/minghanggroup.com\/zh\/wp-json\/wp\/v2\/types\/product"}],"wp:featuredmedia":[{"embeddable":true,"href":"https:\/\/minghanggroup.com\/zh\/wp-json\/wp\/v2\/media\/5376"}],"wp:attachment":[{"href":"https:\/\/minghanggroup.com\/zh\/wp-json\/wp\/v2\/media?parent=5370"}],"wp:term":[{"taxonomy":"product_brand","embeddable":true,"href":"https:\/\/minghanggroup.com\/zh\/wp-json\/wp\/v2\/product_brand?post=5370"},{"taxonomy":"product_cat","embeddable":true,"href":"https:\/\/minghanggroup.com\/zh\/wp-json\/wp\/v2\/product_cat?post=5370"},{"taxonomy":"product_tag","embeddable":true,"href":"https:\/\/minghanggroup.com\/zh\/wp-json\/wp\/v2\/product_tag?post=5370"}],"curies":[{"name":"wp","href":"https:\/\/api.w.org\/{rel}","templated":true}]}}