{"id":6399,"date":"2026-04-15T16:25:04","date_gmt":"2026-04-15T08:25:04","guid":{"rendered":"https:\/\/minghanggroup.com\/?post_type=product&#038;p=6399"},"modified":"2026-04-15T16:25:05","modified_gmt":"2026-04-15T08:25:05","slug":"tapered-gel-nail-polish-bottles-empty-wholesale","status":"publish","type":"product","link":"https:\/\/minghanggroup.com\/tr\/urun\/tapered-gel-nail-polish-bottles-empty-wholesale\/","title":{"rendered":"5 ml, 8 ml, 15 ml Konik Jel Oje \u015ei\u015feleri (Bo\u015f) Toptan Sat\u0131\u015f"},"content":{"rendered":"<p>\u015eeffaf g\u00f6vdesi sayesinde m\u00fc\u015fterilerin jel oje renklerini g\u00f6rmelerini sa\u011flayan bu oje \u015fi\u015feleri, hafif\u00e7e incelen ve zarif k\u0131vr\u0131ml\u0131 bir tasar\u0131ma sahiptir. G\u00fc\u00e7lendirilmi\u015f taban\u0131, \u015fi\u015feyi perakende te\u015fhir ve salon tezgah\u0131 kullan\u0131m\u0131 s\u0131ras\u0131nda dik konumda tutarak ola\u011fan\u00fcst\u00fc bir denge sa\u011flar. Her \u015fi\u015fe, siyah, beyaz veya \u00f6zel renk se\u00e7enekleriyle sunulan vidal\u0131 bir kapak ve hassas ve zahmetsiz uygulama i\u00e7in entegre bir f\u0131r\u00e7a aplikat\u00f6r\u00fc ile birlikte gelir. Jel oje \u015fi\u015feleri, hem profesyonel t\u0131rnak hizmetleri hem de perakende marka reklamc\u0131l\u0131\u011f\u0131 i\u00e7in kullan\u0131labilmesi sayesinde toptan tedarik\u00e7ilere ve butik sahiplerine birden fazla se\u00e7enek sunar.<\/p>\n<h2>\u00dcr\u00fcn \u00d6zellikleri<\/h2>\n<ul>\n<li><strong>Ergonomik Konturlu \u015eekil:<\/strong> \u015ei\u015fe tasar\u0131m\u0131, kullan\u0131c\u0131lara daha iyi bir kavrama sa\u011flamak ve f\u0131r\u00e7a bas\u0131nc\u0131n\u0131 daha etkili bir \u015fekilde kontrol etmelerini sa\u011flamak i\u00e7in yukar\u0131 do\u011fru incelen kavisli bir \u015fekil i\u00e7ermektedir.<\/li>\n<li><strong>P\u00fcr\u00fczs\u00fcz S\u0131zd\u0131rmazl\u0131k Yap\u0131s\u0131:<\/strong> \u015ei\u015fe boynu ve di\u015fleri tam olarak birbirine uyacak \u015fekilde tasarlanm\u0131\u015ft\u0131r; bu da \u00fcr\u00fcn buharla\u015fmas\u0131n\u0131 etkili bir \u015fekilde azaltan g\u00fcvenli bir s\u0131zd\u0131rmazl\u0131k sa\u011flar.<\/li>\n<li><strong>Markala\u015fma i\u00e7in \u00e7ok y\u00f6nl\u00fc:<\/strong> \u015ei\u015fenin y\u00fczeyi p\u00fcr\u00fczs\u00fcz ve d\u00fczd\u00fcr; bu da logo ve renk tonu bilgilerini sergilemek i\u00e7in m\u00fckemmel bir y\u00fczey g\u00f6revi g\u00f6r\u00fcr ve serigrafi bask\u0131 ve etiketleme i\u00e7in idealdir.<\/li>\n<\/ul>\n<h2>Temel \u00d6zellikler<\/h2>\n<table style=\"border-collapse: collapse; width: 80%; margin-left: auto; margin-right: auto;\" border=\"0\" width=\"288\" cellspacing=\"0\" cellpadding=\"0\">\n<tbody>\n<tr style=\"height: 13.50pt;\">\n<td style=\"height: 13.5pt; width: 54pt; text-align: center;\" width=\"72\" height=\"18\">Spektrum (ml)<\/td>\n<td style=\"width: 54pt; text-align: center;\" align=\"right\" width=\"72\">5<\/td>\n<td style=\"width: 54pt; text-align: center;\" align=\"right\" width=\"72\">8<\/td>\n<td style=\"width: 54pt; text-align: center;\" align=\"right\" width=\"72\">15<\/td>\n<\/tr>\n<tr style=\"height: 13.50pt;\">\n<td style=\"height: 13.5pt; text-align: center;\" height=\"18\">Boyut (cm)<\/td>\n<td style=\"text-align: center;\">2.1 * 5.9<\/td>\n<td style=\"text-align: center;\">2.5 * 6.3<\/td>\n<td style=\"text-align: center;\">3 * 7.3<\/td>\n<\/tr>\n<tr style=\"height: 13.50pt;\">\n<td style=\"height: 13.5pt; text-align: center;\" height=\"18\">\u015eekil<\/td>\n<td class=\"et2\" style=\"text-align: center;\" colspan=\"3\">Konik Koni<\/td>\n<\/tr>\n<tr style=\"height: 13.50pt;\">\n<td style=\"height: 13.5pt; text-align: center;\" height=\"18\">Dahil olanlar<\/td>\n<td class=\"et2\" style=\"text-align: center;\" colspan=\"3\">F\u0131r\u00e7a + \u015eapka<\/td>\n<\/tr>\n<\/tbody>\n<\/table>\n<h2>Ba\u015far\u0131 Hikayesi<\/h2>\n<p>\u0130ngiltere merkezli g\u00fczellik markas\u0131, yeni jel oje koleksiyonu i\u00e7in temel olarak jel oje \u015fi\u015felerimizi se\u00e7ti. Marka, premium pazar imaj\u0131yla uyumlu \u015fi\u015fe tasar\u0131mlar\u0131 istedi\u011fi i\u00e7in \u015fi\u015felerinde yumu\u015fak mat buzlu bir y\u00fczey, \u015fi\u015fe kapaklar\u0131nda ise parlak siyah bir tasar\u0131m kulland\u0131. Marka logosu ve renk kodu, her \u015fi\u015fenin \u00f6n y\u00fcz\u00fcndeki d\u00fcz y\u00fczeye serigrafi bask\u0131 y\u00f6ntemiyle uyguland\u0131.<\/p>\n<p>\u00dcr\u00fcn serisi, piyasaya s\u00fcr\u00fclmesinin ilk iki ay\u0131nda &#039;luk bir sat\u0131\u015f art\u0131\u015f\u0131 elde etti. Marka, g\u00fc\u00e7l\u00fc pazar sonu\u00e7lar\u0131n\u0131 g\u00f6zlemledikten sonra ek \u00fcr\u00fcn sipari\u015fi verdi ve bu da \u00fcr\u00fcn yelpazesini ek renk se\u00e7enekleriyle geni\u015fletmelerini sa\u011flad\u0131.<\/p>\n<h2>\u00d6zelle\u015ftirme \u00d6nerileri<\/h2>\n<ol>\n<li><strong>\u00d6n Panel Markalamas\u0131:<\/strong> \u015ei\u015fenin d\u00fcz y\u00fczeyi, perakende ortamlar\u0131nda g\u00f6r\u00fcn\u00fcr kalmas\u0131 gereken temel ayr\u0131nt\u0131lar\u0131 sergilemek i\u00e7in logolar\u0131n, renk kodlar\u0131n\u0131n ve seri adlar\u0131n\u0131n serigrafi bask\u0131 y\u00f6ntemiyle bas\u0131lmas\u0131na olanak tan\u0131yan bir bask\u0131 alan\u0131 sa\u011flar.<\/li>\n<li><strong>Kapasite Se\u00e7enekleri:<\/strong> \u00dcr\u00fcn, standart boyutlar\u0131n yan\u0131 s\u0131ra \u00fcreticilerin deneme numuneleri ve \u00fcr\u00fcn setleri olarak kulland\u0131\u011f\u0131 daha k\u00fc\u00e7\u00fck kapasiteli se\u00e7enekler de sunmaktad\u0131r.<\/li>\n<li><strong>Alt K\u0131s\u0131m Kabartma veya Kodlama:<\/strong> \u015ei\u015fenin taban\u0131nda, i\u015fletmelerin \u00fcr\u00fcnlerini takip etmelerine ve stoklar\u0131n\u0131 y\u00f6netmelerine yard\u0131mc\u0131 olan yerle\u015fik kabartma ve parti kodlama unsurlar\u0131 bulunur.<\/li>\n<\/ol>","protected":false},"excerpt":{"rendered":"<p>\u015eeffaf cam ve f\u0131r\u00e7a kapakl\u0131, y\u00fcksek kaliteli oje \u015fi\u015feleri. Jel oje \u015fi\u015feleri i\u00e7in idealdir. Fabrikadan do\u011frudan sat\u0131\u015f, toplu sipari\u015flerde \u00f6zelle\u015ftirme, \u00fccretsiz numuneler mevcuttur.<\/p>","protected":false},"featured_media":6403,"template":"","meta":{"postBodyCss":"","postBodyMargin":[],"postBodyPadding":[],"postBodyBackground":{"backgroundType":"classic","gradient":""}},"product_brand":[],"product_cat":[113,15,16],"product_tag":[],"class_list":{"0":"post-6399","1":"product","2":"type-product","3":"status-publish","4":"has-post-thumbnail","6":"product_cat-nail-polish-bottles","7":"product_cat-glass-containers","8":"product_cat-glass-bottles","10":"first","11":"instock","12":"shipping-taxable","13":"product-type-simple"},"jetpack_sharing_enabled":true,"_links":{"self":[{"href":"https:\/\/minghanggroup.com\/tr\/wp-json\/wp\/v2\/product\/6399","targetHints":{"allow":["GET"]}}],"collection":[{"href":"https:\/\/minghanggroup.com\/tr\/wp-json\/wp\/v2\/product"}],"about":[{"href":"https:\/\/minghanggroup.com\/tr\/wp-json\/wp\/v2\/types\/product"}],"wp:featuredmedia":[{"embeddable":true,"href":"https:\/\/minghanggroup.com\/tr\/wp-json\/wp\/v2\/media\/6403"}],"wp:attachment":[{"href":"https:\/\/minghanggroup.com\/tr\/wp-json\/wp\/v2\/media?parent=6399"}],"wp:term":[{"taxonomy":"product_brand","embeddable":true,"href":"https:\/\/minghanggroup.com\/tr\/wp-json\/wp\/v2\/product_brand?post=6399"},{"taxonomy":"product_cat","embeddable":true,"href":"https:\/\/minghanggroup.com\/tr\/wp-json\/wp\/v2\/product_cat?post=6399"},{"taxonomy":"product_tag","embeddable":true,"href":"https:\/\/minghanggroup.com\/tr\/wp-json\/wp\/v2\/product_tag?post=6399"}],"curies":[{"name":"wp","href":"https:\/\/api.w.org\/{rel}","templated":true}]}}