{"id":6385,"date":"2026-04-15T13:23:49","date_gmt":"2026-04-15T05:23:49","guid":{"rendered":"https:\/\/minghanggroup.com\/?post_type=product&#038;p=6385"},"modified":"2026-04-15T16:42:51","modified_gmt":"2026-04-15T08:42:51","slug":"test-tubes-borosilicate-glass-with-cork-bulk","status":"publish","type":"product","link":"https:\/\/minghanggroup.com\/tr\/urun\/test-tubes-borosilicate-glass-with-cork-bulk\/","title":{"rendered":"10 ml \u2013 30 ml Mantarl\u0131 Borosilikat Cam Deney T\u00fcpleri (Toptan)"},"content":{"rendered":"<p>Borosilikat cam kullan\u0131lan deney t\u00fcpleri silindirik bir tasar\u0131ma sahiptir ve yap\u0131lar\u0131, hem ola\u011fan\u00fcst\u00fc optik \u015feffafl\u0131k hem de termal dayan\u0131kl\u0131l\u0131k sa\u011flayan ultra \u015feffaf g\u0131da s\u0131n\u0131f\u0131 borosilikat camdan olu\u015fmaktad\u0131r. Do\u011fal mantar t\u0131pa, deney t\u00fcplerinin kapanmas\u0131 i\u00e7in s\u0131zd\u0131rmazl\u0131k mekanizmas\u0131 g\u00f6revi g\u00f6r\u00fcr.<\/p>\n<h2>\u00dcr\u00fcn \u00d6zellikleri<\/h2>\n<ul>\n<li><strong>Borosilikat Cam Malzeme:<\/strong> Bu t\u00fcplerde y\u00fcksek borosilikat cam kullan\u0131m\u0131, termal \u015foka dayanmalar\u0131n\u0131 sa\u011flar ve yeniden kullan\u0131labilir \u00f6zelliklerini korurken kolay temizlenmelerine olanak tan\u0131r.<\/li>\n<li><strong>Do\u011fal Mantar Conta:<\/strong> Do\u011fal mantar t\u0131pa, m\u00fckemmel s\u0131zd\u0131rmazl\u0131k performans\u0131 sa\u011flayarak nemi ve b\u00f6cekleri etkili bir \u015fekilde \u00f6nler.<\/li>\n<li><strong>\u00c7e\u015fitli kapasiteler mevcuttur:<\/strong> Farkl\u0131 uzunluk ve kapasitelerde \u00fcretilen t\u00fcpler, numune da\u011f\u0131t\u0131m\u0131 ve kuru malzeme depolama dahil olmak \u00fczere \u00e7e\u015fitli ama\u00e7lara hizmet etmektedir.<\/li>\n<\/ul>\n<h2 style=\"text-align: left;\">Temel \u00d6zellikler<\/h2>\n<table class=\"aligncenter\" style=\"border-collapse: collapse; width: 551.27pt;\" border=\"0\" width=\"735\" cellspacing=\"0\" cellpadding=\"0\">\n<tbody>\n<tr style=\"height: 13.50pt;\">\n<td style=\"height: 13.50pt; width: 120.00pt;\" width=\"160\" height=\"18\">Ba\u011flanmak<\/td>\n<td style=\"width: 431.25pt;\" width=\"575\">Detaylar<\/td>\n<\/tr>\n<tr style=\"height: 13.50pt;\">\n<td style=\"height: 13.50pt;\" height=\"18\">Boyut ve Kapasite<\/td>\n<td>1,5\u00d710 cm (10 ml), 1,5\u00d712 cm (13 ml), 1,5\u00d722,5 cm (28 ml), 1,6\u00d722 cm (30 ml)<\/td>\n<\/tr>\n<tr style=\"height: 13.50pt;\">\n<td style=\"height: 13.50pt;\" height=\"18\">Malzeme<\/td>\n<td>\u015eeffaf borosilikat cam, do\u011fal mantar t\u0131pa<\/td>\n<\/tr>\n<tr style=\"height: 13.50pt;\">\n<td style=\"height: 13.50pt;\" height=\"18\">T\u00fcp \u015eekli<\/td>\n<td>D\u00fcz duvarl\u0131 silindir<\/td>\n<\/tr>\n<tr style=\"height: 13.50pt;\">\n<td style=\"height: 13.50pt;\" height=\"18\">\u00d6zelle\u015ftirme Aral\u0131\u011f\u0131<\/td>\n<td>Renk, mantar t\u00fcr\u00fc, boyut, kabartma\/bask\u0131<\/td>\n<\/tr>\n<tr style=\"height: 13.50pt;\">\n<td style=\"height: 13.50pt;\" height=\"18\">\u0130\u015f\u00e7ilik<\/td>\n<td>Borosilikat cam \u00e7ekme\/boru<\/td>\n<\/tr>\n<tr style=\"height: 13.50pt;\">\n<td style=\"height: 13.50pt;\" height=\"18\">Birincil Kullan\u0131m<\/td>\n<td>mantarl\u0131 cam t\u00fcpler, cam deney t\u00fcpleri<\/td>\n<\/tr>\n<tr style=\"height: 13.50pt;\">\n<td style=\"height: 13.50pt;\" height=\"18\">Hedef Sekt\u00f6rler<\/td>\n<td>Laboratuvarlar, e\u011fitim malzemeleri tedarik\u00e7ileri, el sanatlar\u0131 ve kendin yap \u00fcr\u00fcnleri<\/td>\n<\/tr>\n<\/tbody>\n<\/table>\n<h2>Ba\u015far\u0131 \u00d6yk\u00fcs\u00fc: B\u00fcy\u00fck Bir El Sanatlar\u0131 Perakendecisinden \u00d6zel Sipari\u015f<\/h2>\n<p>ABD&#039;nin \u00f6nde gelen el sanatlar\u0131 ve \u00e7i\u00e7ek malzemeleri zincirlerinden biri, \u00f6zel renkli mantar t\u0131pas\u0131 ve buzlu cam kaplamas\u0131yla \u00f6ne \u00e7\u0131kan mantarl\u0131 cam t\u00fcplerimizi tercih etti. \u00d6zel tasar\u0131ml\u0131 bu \u00fcr\u00fcn, bilimsel tasar\u0131m\u0131 sayesinde &#034;Vintage Eczac\u0131&#034; kategorisinde online sat\u0131\u015flarda 0&#039;l\u00fck bir b\u00fcy\u00fcme sa\u011flad\u0131 ve ilk \u00e7eyrekte perakende sat\u0131\u015f noktalar\u0131nda stoklar\u0131n\u0131n &#039;ini satt\u0131. Tedarik\u00e7i, \u00fcr\u00fcn\u00fcn piyasa tepkisinin t\u00fcm beklentileri a\u015fmas\u0131 nedeniyle 480.000 adet daha cam t\u00fcp sipari\u015fi verdi.<\/p>\n<h2>Mantarl\u0131 Cam T\u00fcpler \u00d6zelle\u015ftirme Se\u00e7enekleri<\/h2>\n<ul>\n<li>Mantar \u00e7e\u015fitleri: Mevcut se\u00e7enekler aras\u0131nda do\u011fal mantar, renkli mantar, mumlu mantar ve sentetik mantarlar ile iste\u011fe ba\u011fl\u0131 dekoratif t\u0131ka\u00e7lar bulunmaktad\u0131r.<\/li>\n<li>Serigrafi bask\u0131: Bu teknoloji, cam y\u00fczeylere do\u011frudan ge\u00e7i\u015f desenleri, logolar ve dekoratif desenler uygulanmas\u0131n\u0131 sa\u011flar.<\/li>\n<li>\u00d6nceden kesilmi\u015f delikli mantarlar: \u00dcr\u00fcn, kullan\u0131c\u0131lar\u0131n bir \u00e7i\u00e7ek sap\u0131n\u0131 yerle\u015ftirmesine olanak tan\u0131yan \u00f6nceden delinmi\u015f mantarlar i\u00e7erir ve b\u00f6ylece t\u00fcp\u00fc \u00f6nemli bir vazoya d\u00f6n\u00fc\u015ft\u00fcr\u00fcr.<\/li>\n<\/ul>","protected":false},"excerpt":{"rendered":"<p>\u015eeffaf kaplamal\u0131 ve mantar t\u0131pal\u0131 borosilikat camdan \u00fcretilmi\u015f deney t\u00fcpleri. Numuneler, baharatlar ve hediyeler i\u00e7in ideal olan mantar t\u0131pal\u0131 cam t\u00fcpler. Bug\u00fcn \u00fccretsiz numuneler mevcuttur.<\/p>","protected":false},"featured_media":6390,"template":"","meta":{"postBodyCss":"","postBodyMargin":[],"postBodyPadding":[],"postBodyBackground":{"backgroundType":"classic","gradient":""}},"product_brand":[],"product_cat":[117,15,16],"product_tag":[],"class_list":{"0":"post-6385","1":"product","2":"type-product","3":"status-publish","4":"has-post-thumbnail","6":"product_cat-glass-tubes","7":"product_cat-glass-containers","8":"product_cat-glass-bottles","10":"first","11":"instock","12":"shipping-taxable","13":"product-type-simple"},"jetpack_sharing_enabled":true,"_links":{"self":[{"href":"https:\/\/minghanggroup.com\/tr\/wp-json\/wp\/v2\/product\/6385","targetHints":{"allow":["GET"]}}],"collection":[{"href":"https:\/\/minghanggroup.com\/tr\/wp-json\/wp\/v2\/product"}],"about":[{"href":"https:\/\/minghanggroup.com\/tr\/wp-json\/wp\/v2\/types\/product"}],"wp:featuredmedia":[{"embeddable":true,"href":"https:\/\/minghanggroup.com\/tr\/wp-json\/wp\/v2\/media\/6390"}],"wp:attachment":[{"href":"https:\/\/minghanggroup.com\/tr\/wp-json\/wp\/v2\/media?parent=6385"}],"wp:term":[{"taxonomy":"product_brand","embeddable":true,"href":"https:\/\/minghanggroup.com\/tr\/wp-json\/wp\/v2\/product_brand?post=6385"},{"taxonomy":"product_cat","embeddable":true,"href":"https:\/\/minghanggroup.com\/tr\/wp-json\/wp\/v2\/product_cat?post=6385"},{"taxonomy":"product_tag","embeddable":true,"href":"https:\/\/minghanggroup.com\/tr\/wp-json\/wp\/v2\/product_tag?post=6385"}],"curies":[{"name":"wp","href":"https:\/\/api.w.org\/{rel}","templated":true}]}}