{"id":6384,"date":"2026-04-15T14:09:23","date_gmt":"2026-04-15T06:09:23","guid":{"rendered":"https:\/\/minghanggroup.com\/?post_type=product&#038;p=6384"},"modified":"2026-04-15T14:09:25","modified_gmt":"2026-04-15T06:09:25","slug":"apple-shaped-empty-nail-polish-bottles-bulk","status":"publish","type":"product","link":"https:\/\/minghanggroup.com\/tr\/urun\/apple-shaped-empty-nail-polish-bottles-bulk\/","title":{"rendered":"5 ml ve 10 ml&#039;lik Elma \u015eeklinde Bo\u015f Oje \u015ei\u015feleri (Toptan)"},"content":{"rendered":"<p>Camdan yap\u0131lm\u0131\u015f bo\u015f oje \u015fi\u015feleri, herkesin tan\u0131d\u0131\u011f\u0131 elma \u015feklini g\u00f6steren modern bir tasar\u0131ma sahiptir. \u015eeffaf kap, oje renklerinizi sergileyerek \u00e7ekici bir g\u00f6rsel efekt yarat\u0131r. Her \u015fi\u015fenin, m\u00fc\u015fterilerin siyah veya beyaz aras\u0131nda se\u00e7im yapabilece\u011fi s\u0131k\u0131 bir vidal\u0131 kapa\u011f\u0131 ve do\u011fru ve kolay uygulama sa\u011flayan dahili bir f\u0131r\u00e7a aplikat\u00f6r\u00fc vard\u0131r. Perakende veya toptan da\u011f\u0131t\u0131m i\u00e7in \u00e7e\u015fitli tedarik ihtiya\u00e7lar\u0131n\u0131z\u0131 kar\u015f\u0131lamak \u00fczere 5 ml ve 10 ml olmak \u00fczere iki boyut se\u00e7ene\u011fi sunuyoruz. \u00dcr\u00fcn, i\u015fletmenizin b\u00fcy\u00fck ba\u015far\u0131lara ula\u015fmas\u0131n\u0131 sa\u011flayacak benzersiz bir i\u015f kimli\u011fi olu\u015fturman\u0131za olanak tan\u0131yan eksiksiz \u00f6zelle\u015ftirme se\u00e7enekleri sunar.<\/p>\n<h2>\u00dcr\u00fcn \u00d6zellikleri<\/h2>\n<ul>\n<li><strong>E\u015fsiz Heykelsi \u015eekil:<\/strong> \u015ei\u015fe, \u00e7e\u015fitli k\u0131vr\u0131mlar\u0131n birle\u015fimiyle kendine \u00f6zg\u00fc bir g\u00f6r\u00fcn\u00fcm yaratan s\u0131ra d\u0131\u015f\u0131 bir \u015fekle sahiptir. Bu tasar\u0131m, ay\u0131rt edici bir g\u00f6rsel etki yarataca\u011f\u0131 i\u00e7in markan\u0131z\u0131n ambalaj\u0131n\u0131n maksimum g\u00f6r\u00fcn\u00fcrl\u00fc\u011fe ula\u015fmas\u0131n\u0131 sa\u011flar.<\/li>\n<li><strong>Sa\u011flam, Kal\u0131n Taban:<\/strong> \u015ei\u015fenin kal\u0131n taban\u0131, kendi ba\u015f\u0131na dengesini koruyabildi\u011fi i\u00e7in son derece sa\u011flam bir yap\u0131 sunar. \u00dcr\u00fcn, hem g\u00fcnl\u00fck kullan\u0131m hem de perakende \u00fcr\u00fcn te\u015fhirleri i\u00e7in m\u00fckemmel bir se\u00e7imdir.<\/li>\n<li><strong>Kompakt Kapasite:<\/strong> \u015ei\u015fe, deneme boyu bir kap g\u00f6revi g\u00f6rd\u00fc\u011f\u00fc ve \u00e7e\u015fitli renkli \u00fcr\u00fcnler i\u00e7erdi\u011fi i\u00e7in minimum s\u0131v\u0131 kapasitesine sahiptir; bu da onu seyahat i\u00e7in uygun bir \u00fcr\u00fcn haline getirir.<\/li>\n<\/ul>\n<h2>Temel \u00d6zellikler<\/h2>\n<table style=\"border-collapse: collapse; width: 80%; margin-left: auto; margin-right: auto;\" border=\"0\" width=\"216\" cellspacing=\"0\" cellpadding=\"0\">\n<tbody>\n<tr style=\"height: 13.50pt;\">\n<td style=\"height: 13.5pt; width: 54pt; text-align: center;\" width=\"72\" height=\"18\">Spektrum (ml)<\/td>\n<td style=\"width: 54pt; text-align: center;\" width=\"72\">5<\/td>\n<td style=\"width: 54pt; text-align: center;\" width=\"72\">10<\/td>\n<\/tr>\n<tr style=\"height: 13.50pt;\">\n<td style=\"height: 13.5pt; text-align: center;\" height=\"18\">Boyut(cm)<\/td>\n<td style=\"text-align: center;\">3 x 6<\/td>\n<td style=\"text-align: center;\">3,9 x 6,4<\/td>\n<\/tr>\n<tr style=\"height: 13.50pt;\">\n<td style=\"height: 13.5pt; text-align: center;\" height=\"18\">\u015eekil<\/td>\n<td class=\"et2\" style=\"text-align: center;\" colspan=\"2\">Elma \u015eeklinde<\/td>\n<\/tr>\n<tr style=\"height: 13.50pt;\">\n<td style=\"height: 13.5pt; text-align: center;\" height=\"18\">Kapan\u0131\u015f<\/td>\n<td class=\"et2\" style=\"text-align: center;\" colspan=\"2\">Vidal\u0131 Kapak (Siyah \/ Beyaz \/ \u00d6zel)<\/td>\n<\/tr>\n<tr style=\"height: 13.50pt;\">\n<td style=\"height: 13.5pt; text-align: center;\" height=\"18\">Dahil olanlar<\/td>\n<td class=\"et2\" style=\"text-align: center;\" colspan=\"2\">F\u0131r\u00e7a + \u015eapka<\/td>\n<\/tr>\n<\/tbody>\n<\/table>\n<h2>Ba\u015far\u0131 Hikayesi<\/h2>\n<p>Frans\u0131z l\u00fcks bir g\u00fczellik markas\u0131, toplu halde oje \u015fi\u015fesi \u00fcretimi i\u00e7in sipari\u015f verdi. Marka, ana malzeme olarak renkli cam kullanan ve parlak beyaz bir kapa\u011fa ve hassas ve kolay makyaj uygulamas\u0131 i\u00e7in tasarlanm\u0131\u015f bir f\u0131r\u00e7a aplikat\u00f6r\u00fcne sahip \u00f6zel bir \u015fi\u015fe tasar\u0131m\u0131 olu\u015fturdu. Her bir rengin kapa\u011f\u0131nda, kullan\u0131c\u0131lar\u0131n farkl\u0131 renkleri tan\u0131mas\u0131na ve ay\u0131rt etmesine yard\u0131mc\u0131 olan k\u00fc\u00e7\u00fck renk detaylar\u0131 bulunmaktad\u0131r.<\/p>\n<p>\u00dcr\u00fcn, t\u00fcketicilerin be\u011fenisini kazanan benzersiz \u015fi\u015fe tasar\u0131m\u0131 sayesinde \u00fc\u00e7 ay i\u00e7inde &#039;l\u0131k bir sat\u0131\u015f art\u0131\u015f\u0131 elde etti. Marka, piyasadaki bu heyecana kar\u015f\u0131l\u0131k olarak hemen daha fazla \u00fcr\u00fcn sipari\u015fi verdi ve mevsimlik koleksiyonu i\u00e7in yeni s\u0131n\u0131rl\u0131 say\u0131da \u00fcretilen renk tonlar\u0131 piyasaya s\u00fcrd\u00fc.<\/p>\n<h2>\u00d6zelle\u015ftirme \u00d6nerileri<\/h2>\n<ol>\n<li><strong>Cam Renk Se\u00e7enekleri:<\/strong> \u00dcr\u00fcn, \u015feffaf cam, yar\u0131 \u015feffaf buzlu cam ve a\u00e7\u0131k pembe, dumanl\u0131 gri ve soluk mor gibi hafif renkli sprey kaplamalar da dahil olmak \u00fczere \u00fc\u00e7 farkl\u0131 cam y\u00fczey se\u00e7ene\u011fi sunmaktad\u0131r.<\/li>\n<li><strong>\u015eapka Stili Se\u00e7imi:<\/strong> Temel siyah beyaz kapaklar, elektrokaplama, degrade kaplamalar ve mat yumu\u015fak dokunu\u015flu boya kullanarak \u00f6zel tasar\u0131mlar olu\u015fturmak isteyen kullan\u0131c\u0131lar i\u00e7in bir ba\u015flang\u0131\u00e7 \u200b\u200bnoktas\u0131 g\u00f6revi g\u00f6r\u00fcr ve bu da kapaklar\u0131n genel g\u00f6rsel \u00e7ekicili\u011fini art\u0131r\u0131r.<\/li>\n<li><strong>Y\u00fczey Dekorasyonu:<\/strong> Kavisli \u015fi\u015fe profili, temel logolar\u0131n serigrafi bask\u0131s\u0131na ve se\u00e7ici s\u0131cak damgalama uygulamalar\u0131na olanak sa\u011flarken, spot UV kaplama ile etiketleme, markan\u0131n belirli y\u00f6nlerini \u00f6ne \u00e7\u0131karmak i\u00e7in kullan\u0131labilir.<\/li>\n<\/ol>","protected":false},"excerpt":{"rendered":"<p>\u0130konik elma \u015feklindeki bo\u015f oje \u015fi\u015feleriyle markan\u0131z\u0131 bir \u00fcst seviyeye ta\u015f\u0131y\u0131n. Logolar\u0131n\u0131z\u0131, kapaklar\u0131n\u0131z\u0131 ve etiketlerinizi \u00f6zelle\u015ftirin. Toplu oje \u015fi\u015feleri i\u00e7in idealdir. \u015eimdi numune sipari\u015fi verin!<\/p>","protected":false},"featured_media":6398,"template":"","meta":{"postBodyCss":"","postBodyMargin":[],"postBodyPadding":[],"postBodyBackground":{"backgroundType":"classic","gradient":""}},"product_brand":[],"product_cat":[113,15,16],"product_tag":[],"class_list":{"0":"post-6384","1":"product","2":"type-product","3":"status-publish","4":"has-post-thumbnail","6":"product_cat-nail-polish-bottles","7":"product_cat-glass-containers","8":"product_cat-glass-bottles","10":"first","11":"instock","12":"shipping-taxable","13":"product-type-simple"},"jetpack_sharing_enabled":true,"_links":{"self":[{"href":"https:\/\/minghanggroup.com\/tr\/wp-json\/wp\/v2\/product\/6384","targetHints":{"allow":["GET"]}}],"collection":[{"href":"https:\/\/minghanggroup.com\/tr\/wp-json\/wp\/v2\/product"}],"about":[{"href":"https:\/\/minghanggroup.com\/tr\/wp-json\/wp\/v2\/types\/product"}],"wp:featuredmedia":[{"embeddable":true,"href":"https:\/\/minghanggroup.com\/tr\/wp-json\/wp\/v2\/media\/6398"}],"wp:attachment":[{"href":"https:\/\/minghanggroup.com\/tr\/wp-json\/wp\/v2\/media?parent=6384"}],"wp:term":[{"taxonomy":"product_brand","embeddable":true,"href":"https:\/\/minghanggroup.com\/tr\/wp-json\/wp\/v2\/product_brand?post=6384"},{"taxonomy":"product_cat","embeddable":true,"href":"https:\/\/minghanggroup.com\/tr\/wp-json\/wp\/v2\/product_cat?post=6384"},{"taxonomy":"product_tag","embeddable":true,"href":"https:\/\/minghanggroup.com\/tr\/wp-json\/wp\/v2\/product_tag?post=6384"}],"curies":[{"name":"wp","href":"https:\/\/api.w.org\/{rel}","templated":true}]}}