{"id":6379,"date":"2026-04-15T08:56:32","date_gmt":"2026-04-15T00:56:32","guid":{"rendered":"https:\/\/minghanggroup.com\/?post_type=product&#038;p=6379"},"modified":"2026-04-15T13:46:23","modified_gmt":"2026-04-15T05:46:23","slug":"small-borosilicate-glass-tubes-with-metal-lids-bulk","status":"publish","type":"product","link":"https:\/\/minghanggroup.com\/tr\/urun\/small-borosilicate-glass-tubes-with-metal-lids-bulk\/","title":{"rendered":"10 ml, 15 ml, 20 ml K\u00fc\u00e7\u00fck Boy Borosilikat Cam T\u00fcpler, Metal Kapakl\u0131, Toplu Sat\u0131\u015f"},"content":{"rendered":"<p>Bu cam t\u00fcpler, m\u00fckemmel \u0131\u015f\u0131k ge\u00e7irgenli\u011fi ve \u0131s\u0131 korumas\u0131 sa\u011flamak i\u00e7in d\u00fcz t\u00fcp yap\u0131s\u0131 ve y\u00fcksek borosilikat cam malzeme kullanan modern bir tasar\u0131ma sahiptir. Cam t\u00fcp, \u00fcst k\u0131sm\u0131ndaki g\u00fcm\u00fc\u015f renkli metal vidal\u0131 kapak sayesinde kab\u0131 s\u0131zd\u0131rmaz hale getiren standart bir di\u015fli ba\u011flant\u0131ya sahiptir.<\/p>\n<h2>\u00dcr\u00fcn \u00d6zellikleri<\/h2>\n<ul>\n<li><strong>Basit D\u00fcz Boru Tasar\u0131m\u0131:<\/strong> Klasik d\u00fcz borulu g\u00f6r\u00fcn\u00fcm, sofistike bir laboratuvar tarz\u0131n\u0131 yans\u0131t\u0131yor.<\/li>\n<li><strong>Y\u00fcksek \u015eeffafl\u0131kta Y\u00fcksek Borosilikat Cam:<\/strong> Y\u00fcksek \u015feffafl\u0131\u011fa sahip kur\u015funsuz y\u00fcksek borosilikat camdan \u00fcretilen t\u00fcpler, y\u00fcksek dayan\u0131kl\u0131l\u0131k ve termal \u015foka kar\u015f\u0131 koruma sa\u011flayan \u015feffaf bir g\u00f6r\u00fcn\u00fcme sahiptir.<\/li>\n<li><strong>Birden Fazla Boyut Mevcuttur:<\/strong> \u00dc\u00e7 farkl\u0131 kapasite (10 ml, 15 ml ve 20 ml) ortak bir \u00e7apa sahip olup, bu da d\u00fczenli numune alma ve test yapmay\u0131 m\u00fcmk\u00fcn k\u0131lar.<\/li>\n<\/ul>\n<h2 style=\"text-align: left;\">Temel \u00d6zellikler<\/h2>\n<table class=\"aligncenter\" style=\"border-collapse: collapse; width: 494.27pt;\" border=\"0\" width=\"659\" cellspacing=\"0\" cellpadding=\"0\">\n<tbody>\n<tr style=\"height: 13.50pt;\">\n<td style=\"height: 13.50pt; width: 138.75pt;\" width=\"185\" height=\"18\">\u015eartname<\/td>\n<td style=\"width: 355.50pt;\" width=\"474\">Detaylar<\/td>\n<\/tr>\n<tr style=\"height: 13.50pt;\">\n<td style=\"height: 13.50pt;\" height=\"18\">Boyutlar ve Kapasite<\/td>\n<td>10 ml: 3\u00d73 cm, 15 ml: 3\u00d74 cm, 20 ml: 3\u00d75 cm<\/td>\n<\/tr>\n<tr style=\"height: 13.50pt;\">\n<td style=\"height: 13.50pt;\" height=\"18\">Malzeme<\/td>\n<td>Y\u00fcksek Borosilikat Cam, Metal Kapak<\/td>\n<\/tr>\n<tr style=\"height: 13.50pt;\">\n<td style=\"height: 13.50pt;\" height=\"18\">T\u00fcp \u015eekli<\/td>\n<td>D\u00fcz Duvarl\u0131 Silindir<\/td>\n<\/tr>\n<tr style=\"height: 13.50pt;\">\n<td style=\"height: 13.50pt;\" height=\"18\">\u00d6zelle\u015ftirme Kapsam\u0131<\/td>\n<td>Renk, Kapaklar, Y\u00fczey \u0130\u015flemi, \u0130\u00e7 Kaplama, Boyut<\/td>\n<\/tr>\n<tr style=\"height: 13.50pt;\">\n<td style=\"height: 13.50pt;\" height=\"18\">\u0130\u015f\u00e7ilik<\/td>\n<td>Hassas Cam Boru ve Kesimi<\/td>\n<\/tr>\n<tr style=\"height: 13.50pt;\">\n<td style=\"height: 13.50pt;\" height=\"18\">\u00dcr\u00fcn Amac\u0131<\/td>\n<td>Borosilikat Cam T\u00fcp, Aromaterapi ve Esansiyel Ya\u011f \u015ei\u015feleri<\/td>\n<\/tr>\n<tr style=\"height: 13.50pt;\">\n<td style=\"height: 13.50pt;\" height=\"18\">Uygun Sekt\u00f6rler<\/td>\n<td>Laboratuvarlar, Aromaterapi ve Parf\u00fcmeri, \u0130la\u00e7 Sanayi<\/td>\n<\/tr>\n<\/tbody>\n<\/table>\n<h2>Ba\u015far\u0131 \u00d6yk\u00fcs\u00fc: \u0130svi\u00e7reli Bir Parf\u00fcm Laboratuvar\u0131ndan \u00d6zel Sipari\u015f<\/h2>\n<p>\u00dcnl\u00fc bir \u0130svi\u00e7re koku ara\u015ft\u0131rma laboratuvar\u0131, PTFE astarl\u0131 kapaklar ve bask\u0131l\u0131 derecelendirmeler i\u00e7eren \u00f6zel bir tasar\u0131m talep ederek 15 ml&#039;lik cam t\u00fcplerimizi se\u00e7ti. \u00d6zel olarak tasarlanan t\u00fcpler ola\u011fan\u00fcst\u00fc performans g\u00f6sterdi: hassas derecelendirmeler, kar\u0131\u015ft\u0131rma \u00f6l\u00e7\u00fcm hatalar\u0131n\u0131 %0,5 oran\u0131nda azaltt\u0131 ve t\u00fcpler ayr\u0131ca numune g\u00f6nderme kapasitelerini art\u0131rd\u0131. Yeni koku kar\u0131\u015f\u0131m\u0131 setlerini konsantre u\u00e7ucu ya\u011f \u00fcr\u00fcnleriyle birlikte paketlemek i\u00e7in ihtiya\u00e7 duyduklar\u0131 500.000 adetlik bir sipari\u015f daha verdiler.<\/p>\n<h2>\u00d6zelle\u015ftirme Se\u00e7enekleri<\/h2>\n<ul>\n<li>\u00d6zel Kapaklar: \u015eirketimiz, m\u00fc\u015fterilerine silikon veya kau\u00e7uktan yap\u0131lm\u0131\u015f \u00f6zel astarlar, farkl\u0131 renk se\u00e7enekleri ve \u00e7ocuk g\u00fcvenli\u011fi veya kurcalamaya kar\u015f\u0131 koruma \u00f6zellikleri i\u00e7eren \u00e7e\u015fitli kapak se\u00e7enekleri sunmaktad\u0131r.<\/li>\n<li>Kapasite: Cam t\u00fcpler 5 ml, 30 ml, 50 ml ve 100 ml olmak \u00fczere \u00e7e\u015fitli kapasitelerde mevcuttur.<\/li>\n<li>\u0130\u00e7 Kaplama: Cam t\u00fcp, hem reaktif hem de yap\u0131\u015fkan maddelere kar\u015f\u0131 koruma sa\u011flayan \u00f6zel i\u00e7 kaplamalar kullan\u0131r.<\/li>\n<\/ul>","protected":false},"excerpt":{"rendered":"<p>Y\u00fcksek kaliteli, dayan\u0131kl\u0131 borosilikat cam t\u00fcp yap\u0131s\u0131 ve metal kapaklar\u0131yla \u00f6ne \u00e7\u0131kan cam t\u00fcpler. Borosilikat cam t\u00fcp \u0131s\u0131ya dayan\u0131kl\u0131l\u0131k sa\u011flar. D\u00fcnya \u00e7ap\u0131nda h\u0131zl\u0131 kargo.<\/p>","protected":false},"featured_media":6382,"template":"","meta":{"postBodyCss":"","postBodyMargin":[],"postBodyPadding":[],"postBodyBackground":{"backgroundType":"classic","gradient":""}},"product_brand":[],"product_cat":[117,15,16],"product_tag":[],"class_list":{"0":"post-6379","1":"product","2":"type-product","3":"status-publish","4":"has-post-thumbnail","6":"product_cat-glass-tubes","7":"product_cat-glass-containers","8":"product_cat-glass-bottles","10":"first","11":"instock","12":"shipping-taxable","13":"product-type-simple"},"jetpack_sharing_enabled":true,"_links":{"self":[{"href":"https:\/\/minghanggroup.com\/tr\/wp-json\/wp\/v2\/product\/6379","targetHints":{"allow":["GET"]}}],"collection":[{"href":"https:\/\/minghanggroup.com\/tr\/wp-json\/wp\/v2\/product"}],"about":[{"href":"https:\/\/minghanggroup.com\/tr\/wp-json\/wp\/v2\/types\/product"}],"wp:featuredmedia":[{"embeddable":true,"href":"https:\/\/minghanggroup.com\/tr\/wp-json\/wp\/v2\/media\/6382"}],"wp:attachment":[{"href":"https:\/\/minghanggroup.com\/tr\/wp-json\/wp\/v2\/media?parent=6379"}],"wp:term":[{"taxonomy":"product_brand","embeddable":true,"href":"https:\/\/minghanggroup.com\/tr\/wp-json\/wp\/v2\/product_brand?post=6379"},{"taxonomy":"product_cat","embeddable":true,"href":"https:\/\/minghanggroup.com\/tr\/wp-json\/wp\/v2\/product_cat?post=6379"},{"taxonomy":"product_tag","embeddable":true,"href":"https:\/\/minghanggroup.com\/tr\/wp-json\/wp\/v2\/product_tag?post=6379"}],"curies":[{"name":"wp","href":"https:\/\/api.w.org\/{rel}","templated":true}]}}