{"id":6334,"date":"2026-04-14T15:13:03","date_gmt":"2026-04-14T07:13:03","guid":{"rendered":"https:\/\/minghanggroup.com\/?post_type=product&#038;p=6334"},"modified":"2026-04-14T15:13:05","modified_gmt":"2026-04-14T07:13:05","slug":"glass-mini-nail-polish-bottles-for-brands-bulk","status":"publish","type":"product","link":"https:\/\/minghanggroup.com\/tr\/urun\/glass-mini-nail-polish-bottles-for-brands-bulk\/","title":{"rendered":"Markalar \u0130\u00e7in Toptan 5ml 10ml 15ml Cam Mini Oje \u015ei\u015feleri"},"content":{"rendered":"<p>Mini oje \u015fi\u015feleri, pratik faydalar sunarken modaya uygun \u00e7ekicili\u011fini koruyan geleneksel bir tasar\u0131ma sahiptir. \u015ei\u015fe, yap\u0131 malzemesi olarak g\u00fc\u00e7l\u00fc dayan\u0131kl\u0131 cam kulland\u0131\u011f\u0131 i\u00e7in i\u00e7eri\u011fini koruyan kal\u0131n duvarlara sahiptir. Her \u015fi\u015fe, vidal\u0131 bir kapak (siyah veya beyaz olarak mevcuttur) ve \u00fcr\u00fcn\u00fcn hem do\u011fruluk hem de basitlikle uygulanmas\u0131n\u0131 sa\u011flayan entegre bir aplikat\u00f6r f\u0131r\u00e7as\u0131 ile birlikte gelir. \u00c7e\u015fitli ambalaj ihtiya\u00e7lar\u0131n\u0131z\u0131 kar\u015f\u0131lamak i\u00e7in 5ml, 10ml ve 15ml olmak \u00fczere \u00fc\u00e7 farkl\u0131 kapasite se\u00e7ene\u011fi sunuyoruz. \u00c7ok ama\u00e7l\u0131 kap, hem marka sahiplerinin hem de toptan tedarik\u00e7ilerin kullanabilece\u011fi oje ve jel ve cila \u00fcr\u00fcnleri i\u00e7in m\u00fckemmel bir ambalaj se\u00e7ene\u011fi i\u015flevi g\u00f6r\u00fcr.<\/p>\n<h2>\u00dcr\u00fcn \u00d6zellikleri<\/h2>\n<ul>\n<li><strong>Kompakt Yuvarlak Tasar\u0131m:<\/strong> Tasar\u0131m, depolama ve nakliye ama\u00e7l\u0131 az yer gerektiren k\u00fc\u00e7\u00fck silindirik bir g\u00f6vde i\u00e7erir, bu da onu seyahat veya deneme boyu ambalajlar i\u00e7in uygun hale getirir.<\/li>\n<li><strong>Dahili F\u0131r\u00e7a Aplikator\u00fc:<\/strong> \u00dcr\u00fcnle birlikte gelen f\u0131r\u00e7a ucu, kullan\u0131c\u0131lar\u0131n do\u011fru miktarda rengi uygularken p\u00fcr\u00fczs\u00fcz bir uygulama elde etmelerini sa\u011flar, bu da daha iyi genel performansla sonu\u00e7lan\u0131r.<\/li>\n<li><strong>S\u0131zd\u0131rmaz Vidal\u0131 Kapak:<\/strong> Vidal\u0131 kapak, \u00fcr\u00fcn kalitesini korumak i\u00e7in hem buharla\u015fmay\u0131 hem de s\u0131zmay\u0131 \u00f6nleyen s\u0131k\u0131 bir conta olu\u015fturur.<\/li>\n<\/ul>\n<h2>Temel \u00d6zellikler<\/h2>\n<table style=\"border-collapse: collapse; width: 80%; margin-left: auto; margin-right: auto;\" border=\"0\" width=\"288\" cellspacing=\"0\" cellpadding=\"0\">\n<tbody>\n<tr style=\"height: 13.50pt;\">\n<td style=\"height: 13.5pt; width: 54pt; text-align: center;\" width=\"72\" height=\"18\">Kapasite(ml)<\/td>\n<td style=\"width: 54pt; text-align: center;\" width=\"72\">5<\/td>\n<td style=\"width: 54pt; text-align: center;\" width=\"72\">10<\/td>\n<td style=\"width: 54pt; text-align: center;\" width=\"72\">15<\/td>\n<\/tr>\n<tr style=\"height: 13.50pt;\">\n<td style=\"height: 13.5pt; text-align: center;\" height=\"18\">\u00d6l\u00e7\u00fcler (cm)<\/td>\n<td style=\"text-align: center;\">2.3 x 5.5<\/td>\n<td style=\"text-align: center;\">2.8 x 6.8<\/td>\n<td style=\"text-align: center;\">3,3 x 7,8<\/td>\n<\/tr>\n<tr style=\"height: 13.50pt;\">\n<td style=\"height: 13.5pt; text-align: center;\" height=\"18\">\u015eekil<\/td>\n<td class=\"et2\" style=\"text-align: center;\" colspan=\"3\">Yuvarlak<\/td>\n<\/tr>\n<tr style=\"height: 13.50pt;\">\n<td style=\"height: 13.5pt; text-align: center;\" height=\"18\">Kapan\u0131\u015f<\/td>\n<td class=\"et2\" style=\"text-align: center;\" colspan=\"3\">Vidal\u0131 Kapak<\/td>\n<\/tr>\n<tr style=\"height: 13.50pt;\">\n<td style=\"height: 13.5pt; text-align: center;\" height=\"18\">Dahil Olanlar<\/td>\n<td class=\"et2\" style=\"text-align: center;\" colspan=\"3\">F\u0131r\u00e7a + \u015eapka<\/td>\n<\/tr>\n<\/tbody>\n<\/table>\n<h2>Ba\u015far\u0131 Hikayesi<\/h2>\n<p>\u0130talyan g\u00fczellik markas\u0131, s\u0131n\u0131rl\u0131 say\u0131da \u00fcretilen mevsimlik oje \u00fcr\u00fcnlerinin yakla\u015fan lansman\u0131 i\u00e7in toptan da\u011f\u0131t\u0131m yoluyla 15 ml oje \u015fi\u015felerimizi sat\u0131n ald\u0131 ve bu \u00fcr\u00fcnler ilk yeni \u00fcr\u00fcn serisi olarak hizmet verecek. M\u00fc\u015fteri, her \u015fi\u015feye marka logosunu sergilemek i\u00e7in serigrafi bask\u0131 kulland\u0131 ve t\u00fcketicilerin farkl\u0131 tonlar\u0131 bir bak\u0131\u015fta tan\u0131mlamas\u0131na olanak tan\u0131yan renk kodlu etiketler uygulad\u0131.<\/p>\n<p>Yeni koleksiyon, lansmandan sonraki ilk \u00e7eyre\u011finde 1'lik bir sat\u0131\u015f art\u0131\u015f\u0131 ya\u015fad\u0131. M\u00fc\u015fteri, mevcut \u00fcr\u00fcn portf\u00f6y\u00fcn\u00fc geni\u015fletmek i\u00e7in birden fazla renk ailesini i\u00e7eren birka\u00e7 takip toptan sipari\u015fi verdi.<\/p>\n<h2>\u00d6zelle\u015ftirme \u00d6nerileri<\/h2>\n<ol>\n<li><strong>Kapak Kaplama \u00d6zelle\u015ftirme:<\/strong> M\u00fc\u015fteriler, parlak ve mat ve UV kaplama ve dokunsal \u00f6zellikleri geli\u015ftirirken marka tasar\u0131mlar\u0131na uyan kau\u00e7ukla\u015ft\u0131r\u0131lm\u0131\u015f efektler i\u00e7eren \u00fc\u00e7 farkl\u0131 kaplama se\u00e7ene\u011fiyle gelen siyah ve beyaz kapaklar aras\u0131nda se\u00e7im yapabilirler.<\/li>\n<li><strong>Logo Dekorasyon Se\u00e7enekleri:<\/strong> The system supports multiple decoration methods which include silk screening and hot stamping with gold or silver and labeling to display brand logos and different product colors.<\/li>\n<li><strong>\u015ei\u015fe Rengi \u00d6zelle\u015ftirme:<\/strong> The product offers clear glass as its basic option while customers can select from custom finishes that include both translucent matte and gradient spray-painting and solid color coating options which include various shades of pink and nude.<\/li>\n<\/ol>","protected":false},"excerpt":{"rendered":"<p>Mini oje \u015fi\u015felerimizle t\u0131rnak markan\u0131z. \u00d6zelle\u015ftirme ve fabrika tedariki ile 5 ml, 10 ml veya 15 ml oje \u015fi\u015feleri se\u00e7in. Bug\u00fcn bir numune al\u0131n!<\/p>","protected":false},"featured_media":6377,"template":"","meta":{"postBodyCss":"","postBodyMargin":[],"postBodyPadding":[],"postBodyBackground":{"backgroundType":"classic","gradient":""}},"product_brand":[],"product_cat":[113,15,16],"product_tag":[],"class_list":{"0":"post-6334","1":"product","2":"type-product","3":"status-publish","4":"has-post-thumbnail","6":"product_cat-nail-polish-bottles","7":"product_cat-glass-containers","8":"product_cat-glass-bottles","10":"first","11":"instock","12":"shipping-taxable","13":"product-type-simple"},"jetpack_sharing_enabled":true,"_links":{"self":[{"href":"https:\/\/minghanggroup.com\/tr\/wp-json\/wp\/v2\/product\/6334","targetHints":{"allow":["GET"]}}],"collection":[{"href":"https:\/\/minghanggroup.com\/tr\/wp-json\/wp\/v2\/product"}],"about":[{"href":"https:\/\/minghanggroup.com\/tr\/wp-json\/wp\/v2\/types\/product"}],"wp:featuredmedia":[{"embeddable":true,"href":"https:\/\/minghanggroup.com\/tr\/wp-json\/wp\/v2\/media\/6377"}],"wp:attachment":[{"href":"https:\/\/minghanggroup.com\/tr\/wp-json\/wp\/v2\/media?parent=6334"}],"wp:term":[{"taxonomy":"product_brand","embeddable":true,"href":"https:\/\/minghanggroup.com\/tr\/wp-json\/wp\/v2\/product_brand?post=6334"},{"taxonomy":"product_cat","embeddable":true,"href":"https:\/\/minghanggroup.com\/tr\/wp-json\/wp\/v2\/product_cat?post=6334"},{"taxonomy":"product_tag","embeddable":true,"href":"https:\/\/minghanggroup.com\/tr\/wp-json\/wp\/v2\/product_tag?post=6334"}],"curies":[{"name":"wp","href":"https:\/\/api.w.org\/{rel}","templated":true}]}}