{"id":6324,"date":"2026-04-14T13:26:04","date_gmt":"2026-04-14T05:26:04","guid":{"rendered":"https:\/\/minghanggroup.com\/?post_type=product&#038;p=6324"},"modified":"2026-04-14T13:26:06","modified_gmt":"2026-04-14T05:26:06","slug":"clear-glass-square-nail-polish-bottles-bulk","status":"publish","type":"product","link":"https:\/\/minghanggroup.com\/tr\/urun\/clear-glass-square-nail-polish-bottles-bulk\/","title":{"rendered":"5 ml, 10 ml, 15 ml \u015eeffaf Kare Cam Oje \u015ei\u015feleri (Toptan)"},"content":{"rendered":"<p>\u015eeffaf cam kare oje \u015fi\u015felerimiz, t\u00fcm oje \u00fcr\u00fcnlerinin g\u00f6r\u00fcn\u00fcm\u00fcn\u00fc iyile\u015ftiren modern bir tasar\u0131m sunar. Bo\u015f oje \u015fi\u015feleri, hem sa\u011flaml\u0131k hem de estetik \u00e7ekicilik sa\u011flamak i\u00e7in d\u00fcz \u00e7izgiler ve yuvarlak kenarlar\u0131 birle\u015ftiren sade bir tasar\u0131ma sahiptir. Y\u00fcksek kaliteli cam yap\u0131s\u0131, oje renklerinizin ger\u00e7ek g\u00f6r\u00fcn\u00fcm\u00fcn\u00fc sergilemesini sa\u011flar. Kal\u0131n taban, \u00fcr\u00fcne sa\u011flaml\u0131k kazand\u0131r\u0131rken, vidal\u0131 kapak form\u00fcl\u00fcn\u00fcz\u00fc kirlenmeye kar\u015f\u0131 korur. \u00dcr\u00fcn yelpazeniz i\u00e7in do\u011fru boyutu se\u00e7menize yard\u0131mc\u0131 olmak amac\u0131yla 5 ml, 10 ml ve 15 ml olmak \u00fczere \u00fc\u00e7 kapasite se\u00e7ene\u011fi sunuyoruz. \u015ei\u015feler, markan\u0131z\u0131n en iyi sonu\u00e7lar\u0131 elde etmesi i\u00e7in \u00fcr\u00fcn\u00fc kolayca uygulaman\u0131z\u0131 sa\u011flayan uzun sapl\u0131 bir f\u0131r\u00e7a ile birlikte gelir.<\/p>\n<h2>\u00dcr\u00fcn \u00d6zellikleri<\/h2>\n<ul>\n<li><strong>\u015e\u0131k Geometri:<\/strong> Kare \u015fekli modern bir g\u00f6r\u00fcn\u00fcm kat\u0131yor ve raflarda dikkat \u00e7ekiyor.<\/li>\n<li><strong>Kristal Netli\u011finde G\u00f6r\u00fc\u015f:<\/strong> \u00dcst\u00fcn kaliteli cam, m\u00fc\u015fterilerin her renk tonunu an\u0131nda g\u00f6rmelerini sa\u011flar.<\/li>\n<li><strong>Kullan\u0131ma uygun f\u0131r\u00e7a dahildir:<\/strong> \u00dcr\u00fcnle birlikte gelen f\u0131r\u00e7a, p\u00fcr\u00fczs\u00fcz ve e\u015fit uygulama sa\u011flar.<\/li>\n<\/ul>\n<h2>Temel \u00d6zellikler<\/h2>\n<table style=\"border-collapse: collapse; width: 80%; margin-left: auto; margin-right: auto;\" border=\"0\" width=\"288\" cellspacing=\"0\" cellpadding=\"0\">\n<tbody>\n<tr style=\"height: 13.50pt;\">\n<td style=\"height: 13.5pt; width: 54pt; text-align: center;\" width=\"72\" height=\"18\">Kapasite(ml)<\/td>\n<td style=\"width: 54pt; text-align: center;\" width=\"72\">5<\/td>\n<td style=\"width: 54pt; text-align: center;\" width=\"72\">10<\/td>\n<td style=\"width: 54pt; text-align: center;\" width=\"72\">15<\/td>\n<\/tr>\n<tr style=\"height: 13.50pt;\">\n<td style=\"height: 13.5pt; text-align: center;\" height=\"18\">\u00d6l\u00e7\u00fcler (cm)<\/td>\n<td style=\"text-align: center;\">2,5 x 5,7<\/td>\n<td style=\"text-align: center;\">2,8 x 6,2<\/td>\n<td style=\"text-align: center;\">3,3 x 7,8<\/td>\n<\/tr>\n<tr style=\"height: 13.50pt;\">\n<td style=\"height: 13.5pt; text-align: center;\" height=\"18\">Boyun Tipi<\/td>\n<td class=\"et2\" style=\"text-align: center;\" colspan=\"3\">Vida<\/td>\n<\/tr>\n<tr style=\"height: 13.50pt;\">\n<td style=\"height: 13.5pt; text-align: center;\" height=\"18\">Aksesuarlar<\/td>\n<td class=\"et2\" style=\"text-align: center;\" colspan=\"3\">F\u0131r\u00e7a + \u015eapka<\/td>\n<\/tr>\n<\/tbody>\n<\/table>\n<h2>Ba\u015far\u0131 Hikayesi<\/h2>\n<p>\u0130talyan t\u0131rnak bak\u0131m markas\u0131, yeni temel oje koleksiyonunun lansman\u0131 i\u00e7in ana ambalaj \u00f6\u011fesi olarak \u015feffaf, kare 15 ml&#039;lik oje \u015fi\u015felerini se\u00e7ti. \u00d6zel \u015fi\u015fe tasar\u0131m s\u00fcreci, g\u00f6rsel \u00e7ekicili\u011fini art\u0131ran dar i\u00e7b\u00fckey bir tasar\u0131ma sahip \u015fi\u015fe olu\u015fturmak i\u00e7in y\u00fcksek \u015feffafl\u0131kta beyaz cam kullanan tasar\u0131mc\u0131larla ba\u015flad\u0131. M\u00fc\u015fteri, zaman i\u00e7inde bozulmadan kalan zarif bir marka kimli\u011fi \u00fcretti\u011fi i\u00e7in kumlama ve serigrafi bask\u0131y\u0131 birle\u015ftiren bir logo tasar\u0131m y\u00f6ntemi se\u00e7ti. \u015ei\u015fe kapaklar\u0131, temel siyah ve beyaz renklerinin yerini \u00f6zel olarak tasarlanm\u0131\u015f mat Morandi renk paletiyle de\u011fi\u015ftiren bir tasar\u0131m g\u00fcncellemesi ald\u0131.<\/p>\n<p>\u00dcr\u00fcn serisi, piyasaya s\u00fcr\u00fcld\u00fckten sonraki \u00fc\u00e7 ay i\u00e7inde &#039;lik bir sat\u0131\u015f b\u00fcy\u00fcmesi elde ederek \u00e7e\u015fitli fiziksel perakende ma\u011fazalar\u0131 arac\u0131l\u0131\u011f\u0131yla da\u011f\u0131t\u0131m imkan\u0131 buldu. \u0130lk stok alt\u0131 ay i\u00e7inde tamamen t\u00fckendikten sonra m\u00fc\u015fteri, \u00fcr\u00fcnden iki b\u00fcy\u00fck stok yenileme sipari\u015fi verdi.<\/p>\n<h2>\u0130pu\u00e7lar\u0131n\u0131 \u00d6zelle\u015ftir<\/h2>\n<ol>\n<li><strong>\u015ei\u015fe G\u00f6vdesi Y\u00fczey \u0130\u015flemleri:<\/strong> Y\u00fczey i\u015flemleri aras\u0131nda kum p\u00fcsk\u00fcrtme, gradyan p\u00fcsk\u00fcrtme, UV kaplama veya se\u00e7ici buzlama bulunur; bunlar, kendine \u00f6zg\u00fc g\u00f6rsel efektler yaratmak i\u00e7in idealdir.<\/li>\n<li><strong>Logo ve Dekorasyon:<\/strong> Ki\u015fiselle\u015ftirme se\u00e7enekleri aras\u0131nda serigrafi bask\u0131, s\u0131cak yald\u0131z bask\u0131 (alt\u0131n\/g\u00fcm\u00fc\u015f), etiketleme veya kabartma efektleri yer almaktad\u0131r.<\/li>\n<li><strong>\u015eapka \u00d6zelle\u015ftirme:<\/strong> \u00dcr\u00fcn\u00fcn yayg\u0131n olarak kullan\u0131lan y\u00fczey se\u00e7enekleri aras\u0131nda mat, parlak ve yumu\u015fak dokunu\u015flu kau\u00e7uksu dokular bulunur; bu se\u00e7enekler hem marka tan\u0131n\u0131rl\u0131\u011f\u0131n\u0131 hem de genel estetik g\u00f6r\u00fcn\u00fcm\u00fc art\u0131r\u0131r.<\/li>\n<\/ol>","protected":false},"excerpt":{"rendered":"<p>Kare oje \u015fi\u015felerimizle t\u0131rnak markan\u0131z\u0131 bir \u00fcst seviyeye ta\u015f\u0131y\u0131n. 5 ml, 10 ml veya 15 ml&#039;lik bu oje \u015fi\u015felerini logonuzla \u00f6zelle\u015ftirebilirsiniz. H\u0131zl\u0131 kargo.<\/p>","protected":false},"featured_media":6328,"template":"","meta":{"postBodyCss":"","postBodyMargin":[],"postBodyPadding":[],"postBodyBackground":{"backgroundType":"classic","gradient":""}},"product_brand":[],"product_cat":[113,15,16],"product_tag":[],"class_list":{"0":"post-6324","1":"product","2":"type-product","3":"status-publish","4":"has-post-thumbnail","6":"product_cat-nail-polish-bottles","7":"product_cat-glass-containers","8":"product_cat-glass-bottles","10":"first","11":"instock","12":"shipping-taxable","13":"product-type-simple"},"jetpack_sharing_enabled":true,"_links":{"self":[{"href":"https:\/\/minghanggroup.com\/tr\/wp-json\/wp\/v2\/product\/6324","targetHints":{"allow":["GET"]}}],"collection":[{"href":"https:\/\/minghanggroup.com\/tr\/wp-json\/wp\/v2\/product"}],"about":[{"href":"https:\/\/minghanggroup.com\/tr\/wp-json\/wp\/v2\/types\/product"}],"wp:featuredmedia":[{"embeddable":true,"href":"https:\/\/minghanggroup.com\/tr\/wp-json\/wp\/v2\/media\/6328"}],"wp:attachment":[{"href":"https:\/\/minghanggroup.com\/tr\/wp-json\/wp\/v2\/media?parent=6324"}],"wp:term":[{"taxonomy":"product_brand","embeddable":true,"href":"https:\/\/minghanggroup.com\/tr\/wp-json\/wp\/v2\/product_brand?post=6324"},{"taxonomy":"product_cat","embeddable":true,"href":"https:\/\/minghanggroup.com\/tr\/wp-json\/wp\/v2\/product_cat?post=6324"},{"taxonomy":"product_tag","embeddable":true,"href":"https:\/\/minghanggroup.com\/tr\/wp-json\/wp\/v2\/product_tag?post=6324"}],"curies":[{"name":"wp","href":"https:\/\/api.w.org\/{rel}","templated":true}]}}