{"id":6257,"date":"2026-04-09T11:18:55","date_gmt":"2026-04-09T03:18:55","guid":{"rendered":"https:\/\/minghanggroup.com\/?post_type=product&#038;p=6257"},"modified":"2026-04-09T11:41:37","modified_gmt":"2026-04-09T03:41:37","slug":"personalized-liquor-bottles-with-mountain-base-bulk","status":"publish","type":"product","link":"https:\/\/minghanggroup.com\/tr\/urun\/personalized-liquor-bottles-with-mountain-base-bulk\/","title":{"rendered":"250 ml 500 ml Ki\u015fiselle\u015ftirilmi\u015f \u0130\u00e7ki \u015ei\u015feleri, Da\u011f Tabanl\u0131, Toplu Al\u0131m"},"content":{"rendered":"<p>Ki\u015fiselle\u015ftirilmi\u015f i\u00e7ki \u015fi\u015feleri, silindirik bir \u015fekle sahip ve dikey y\u00fczeylerini sergileyen cam bir g\u00f6vdeye sahiptir. Ultra \u015feffaf, kal\u0131n duvarl\u0131 camdan \u00fcretilen \u015fi\u015felerin taban\u0131 da\u011f \u015feklinde tasarlanm\u0131\u015ft\u0131r.<\/p>\n<h2>\u00dcr\u00fcn \u00d6zellikleri<\/h2>\n<ul>\n<li><strong>Heykelt\u0131ra\u015fl\u0131k Eseri Da\u011f Taban\u0131:<\/strong> Kristal taban, g\u00fc\u00e7l\u00fc bir g\u00f6rsel etki yaratan ve tasar\u0131ma ola\u011fan\u00fcst\u00fc bir denge sa\u011flayan \u00e7ok say\u0131da y\u00fczeye sahiptir.<\/li>\n<li><strong>Ortada Dikey Oluk:<\/strong> \u015ei\u015fenin \u00fczerinde, kullan\u0131c\u0131lar\u0131n \u015fi\u015feyi g\u00fcvenli bir \u015fekilde kavramas\u0131n\u0131 sa\u011flayan, ayn\u0131 zamanda g\u00f6r\u00fcn\u00fcm\u00fcn\u00fc ve \u0131\u015f\u0131k k\u0131r\u0131lma \u00f6zelliklerini iyile\u015ftiren derin bir dikey oluk bulunmaktad\u0131r.<\/li>\n<li><strong>Kal\u0131n ve Kristal Silindirik G\u00f6vde:<\/strong> \u015ei\u015fenin ana g\u00f6vdesi, i\u00e7kinin rengini ve berrakl\u0131\u011f\u0131n\u0131 tamamen g\u00f6r\u00fcn\u00fcr k\u0131lan kal\u0131n, kristal berrakl\u0131\u011f\u0131nda camdan olu\u015fmaktad\u0131r.<\/li>\n<\/ul>\n<h2 style=\"text-align: left;\">Temel \u00d6zellikler<\/h2>\n<table class=\"aligncenter\" style=\"border-collapse: collapse; width: 462.02pt;\" border=\"0\" width=\"616\" cellspacing=\"0\" cellpadding=\"0\">\n<tbody>\n<tr style=\"height: 13.50pt;\">\n<td style=\"height: 13.50pt; width: 117.75pt;\" width=\"157\" height=\"18\">Ba\u011flanmak<\/td>\n<td style=\"width: 344.25pt;\" width=\"459\">Detaylar<\/td>\n<\/tr>\n<tr style=\"height: 13.50pt;\">\n<td style=\"height: 13.50pt;\" height=\"18\">Boyut ve Kapasite<\/td>\n<td>7,2\u00d715 cm (250 ml), 9\u00d718,3 cm (500 ml)<\/td>\n<\/tr>\n<tr style=\"height: 13.50pt;\">\n<td style=\"height: 13.50pt;\" height=\"18\">Malzeme<\/td>\n<td>Kal\u0131n, kristal berrakl\u0131\u011f\u0131nda cam<\/td>\n<\/tr>\n<tr style=\"height: 13.50pt;\">\n<td style=\"height: 13.50pt;\" height=\"18\">\u015ei\u015fe \u015eekli<\/td>\n<td>Silindir<\/td>\n<\/tr>\n<tr style=\"height: 13.50pt;\">\n<td style=\"height: 13.50pt;\" height=\"18\">\u00d6zelle\u015ftirme Aral\u0131\u011f\u0131<\/td>\n<td>Renk, taban kesim tasar\u0131m\u0131, kapaklar, boyut<\/td>\n<\/tr>\n<tr style=\"height: 13.50pt;\">\n<td style=\"height: 13.50pt;\" height=\"18\">Birincil Kullan\u0131m<\/td>\n<td>L\u00fcks i\u00e7ki \u015fi\u015feleri, ki\u015fiselle\u015ftirilmi\u015f i\u00e7ki \u015fi\u015feleri<\/td>\n<\/tr>\n<tr style=\"height: 13.50pt;\">\n<td style=\"height: 13.50pt;\" height=\"18\">Hedef Sekt\u00f6rler<\/td>\n<td>\u00dcst\u00fcn kaliteli i\u00e7ki markalar\u0131, l\u00fcks hediye setleri<\/td>\n<\/tr>\n<\/tbody>\n<\/table>\n<h2>Ba\u015far\u0131 \u00d6yk\u00fcs\u00fc: \u0130sko\u00e7ya&#039;n\u0131n \u00d6nde Gelen Viski Markas\u0131ndan \u00d6zel Sipari\u015f<\/h2>\n<p>\u0130sko\u00e7ya&#039;daki bir viski \u00fcreticisi, 500 ml&#039;lik \u015f\u0131k i\u00e7ki \u015fi\u015felerimizi se\u00e7ti ve bunlar\u0131 &#034;buzul mavisi&#034; olarak adland\u0131rd\u0131klar\u0131 \u00f6zel bir renkte \u00f6zelle\u015ftirdi. Tasar\u0131m, \u015fi\u015fenin taban\u0131n\u0131n belirli bir \u015fekle getirilmesiyle ikonik bir unsur yaratt\u0131. S\u0131n\u0131rl\u0131 say\u0131da \u00fcretilen viski 72 saat i\u00e7inde t\u00fckendi. \u015ei\u015fenin a\u011f\u0131rl\u0131\u011f\u0131 ve ola\u011fan\u00fcst\u00fc i\u015f\u00e7ili\u011fi, standart l\u00fcks \u00fcr\u00fcnlerimizden \u00fc\u00e7 kat daha fazla olan y\u00fcksek maliyetini hakl\u0131 \u00e7\u0131kard\u0131. \u015eirket, ilk sipari\u015flerindeki ba\u015far\u0131n\u0131n ard\u0131ndan, yeni &#034;Castle Strength&#034; serisinin lansman\u0131n\u0131 desteklemek i\u00e7in 380.000 ek \u015fi\u015fe daha sat\u0131n almaya karar verdi.<\/p>\n<h2>\u015e\u0131k \u0130\u00e7ki \u015ei\u015feleri Ki\u015fiselle\u015ftirme \u00d6nerileri<\/h2>\n<ul>\n<li>\u00d6zel Taban Heykel Tasar\u0131m\u0131: Da\u011flar, elmaslar, jeodlar, buzda\u011flar\u0131 ve hatta \u00f6zel olarak tasarlanm\u0131\u015f, uyumlu \u015fekiller de dahil olmak \u00fczere \u00e7ok \u00e7e\u015fitli taban tasar\u0131m se\u00e7enekleri mevcuttur.<\/li>\n<li>Metal S\u00fcslemeler: Cam ve taban heykel bile\u015fenleri, dekoratif unsurlar olarak de\u011ferli metal yakalar, isim levhalar\u0131 ve tel kakmalarla s\u00fcslenmi\u015ftir.<\/li>\n<li>Kapak Se\u00e7enekleri: Koleksiyon, cam t\u0131palar, ah\u015fap ve mantar t\u0131pa kombinasyonlar\u0131 ve metal vidal\u0131 kapak tasar\u0131mlar\u0131 da dahil olmak \u00fczere \u00e7e\u015fitli birinci s\u0131n\u0131f kapak se\u00e7enekleri i\u00e7ermektedir.<\/li>\n<\/ul>","protected":false},"excerpt":{"rendered":"<p>Da\u011f ete\u011fi desenli ve cam t\u0131pal\u0131, kristal camdan yap\u0131lm\u0131\u015f \u015f\u0131k i\u00e7ki \u015fi\u015feleri. \u0130\u00e7ki ambalaj\u0131 i\u00e7in ki\u015fiselle\u015ftirilmi\u015f i\u00e7ki \u015fi\u015feleri. \u00dccretsiz \u00f6rnekler mevcuttur.<\/p>","protected":false},"featured_media":6267,"template":"","meta":{"postBodyCss":"","postBodyMargin":[],"postBodyPadding":[],"postBodyBackground":{"backgroundType":"classic","gradient":""}},"product_brand":[],"product_cat":[108,15,16],"product_tag":[],"class_list":{"0":"post-6257","1":"product","2":"type-product","3":"status-publish","4":"has-post-thumbnail","6":"product_cat-liquor-bottles","7":"product_cat-glass-containers","8":"product_cat-glass-bottles","10":"first","11":"instock","12":"shipping-taxable","13":"product-type-simple"},"jetpack_sharing_enabled":true,"_links":{"self":[{"href":"https:\/\/minghanggroup.com\/tr\/wp-json\/wp\/v2\/product\/6257","targetHints":{"allow":["GET"]}}],"collection":[{"href":"https:\/\/minghanggroup.com\/tr\/wp-json\/wp\/v2\/product"}],"about":[{"href":"https:\/\/minghanggroup.com\/tr\/wp-json\/wp\/v2\/types\/product"}],"wp:featuredmedia":[{"embeddable":true,"href":"https:\/\/minghanggroup.com\/tr\/wp-json\/wp\/v2\/media\/6267"}],"wp:attachment":[{"href":"https:\/\/minghanggroup.com\/tr\/wp-json\/wp\/v2\/media?parent=6257"}],"wp:term":[{"taxonomy":"product_brand","embeddable":true,"href":"https:\/\/minghanggroup.com\/tr\/wp-json\/wp\/v2\/product_brand?post=6257"},{"taxonomy":"product_cat","embeddable":true,"href":"https:\/\/minghanggroup.com\/tr\/wp-json\/wp\/v2\/product_cat?post=6257"},{"taxonomy":"product_tag","embeddable":true,"href":"https:\/\/minghanggroup.com\/tr\/wp-json\/wp\/v2\/product_tag?post=6257"}],"curies":[{"name":"wp","href":"https:\/\/api.w.org\/{rel}","templated":true}]}}