{"id":6256,"date":"2026-04-09T11:25:01","date_gmt":"2026-04-09T03:25:01","guid":{"rendered":"https:\/\/minghanggroup.com\/?post_type=product&#038;p=6256"},"modified":"2026-04-09T16:25:57","modified_gmt":"2026-04-09T08:25:57","slug":"empty-engraved-liquor-bottles-for-spirits-bulk","status":"publish","type":"product","link":"https:\/\/minghanggroup.com\/tr\/urun\/empty-engraved-liquor-bottles-for-spirits-bulk\/","title":{"rendered":"500 ml&#039;lik Bo\u015f, Grav\u00fcrl\u00fc \u0130\u00e7ki \u015ei\u015feleri (Toptan Sat\u0131\u015f)"},"content":{"rendered":"<p>\u015ei\u015fe daha a\u00e7\u0131lmadan kaliteyi hayk\u0131ran bir ambalaj ar\u0131yorsan\u0131z, i\u015fte bu o. \u00dczerine grav\u00fcr yap\u0131lm\u0131\u015f i\u00e7ki \u015fi\u015feleri, her rafta etkileyici bir g\u00f6r\u00fcn\u00fcm yaratan uzun ve ince bir tasar\u0131ma sahiptir. Kabartma deseni, \u00fcr\u00fcn\u00fc benzersiz k\u0131lan \u00f6zel bir kalite yarat\u0131r. \u00dcr\u00fcn, m\u00fc\u015fterilerinize hitap edecek \u00fcst\u00fcn bir dokunsal deneyim sunar.<\/p>\n<h2>\u00dcr\u00fcn \u00d6zellikleri<\/h2>\n<ul>\n<li><strong>Dokunsal Kabartma:<\/strong> \u00dcr\u00fcn\u00fcm\u00fcz\u00fcn kabartmal\u0131 desenleri g\u00f6rsel efektler yarat\u0131rken, dokunsal \u00f6zellikleri de markan\u0131z i\u00e7in an\u0131nda g\u00f6rsel de\u011fer olu\u015fturuyor.<\/li>\n<li><strong>A\u011f\u0131r Taban:<\/strong> Tasar\u0131m ekibimiz, i\u00e7ki \u015fi\u015felerine pahal\u0131 bir g\u00f6r\u00fcn\u00fcm kazand\u0131rmak i\u00e7in a\u011f\u0131rl\u0131\u011f\u0131 ve dengeyi birle\u015ftiren bir taban yap\u0131s\u0131 olu\u015fturdu.<\/li>\n<li><strong>G\u00fcvenli Kapan\u0131\u015f:<\/strong> \u00dcr\u00fcn\u00fcn standart vidal\u0131 kapa\u011f\u0131, i\u00e7ki ve alkoll\u00fc i\u00e7ecekleri kirlenmeye kar\u015f\u0131 korurken tazeliklerini de muhafaza eden tam bir s\u0131zd\u0131rmazl\u0131k sa\u011flar.<\/li>\n<\/ul>\n<h2>Temel \u00d6zellikler<\/h2>\n<table style=\"border-collapse: collapse; width: 80%; margin-left: auto; margin-right: auto;\" border=\"0\" width=\"288\" cellspacing=\"0\" cellpadding=\"0\">\n<tbody>\n<tr style=\"height: 13.50pt;\">\n<td style=\"height: 13.5pt; width: 54pt; text-align: center;\" width=\"72\" height=\"18\">\u00d6zellik<\/td>\n<td style=\"width: 54pt; text-align: center;\" width=\"72\">Alt K\u0131s\u0131m R\u00f6lyefi<\/td>\n<td style=\"width: 54pt; text-align: center;\" width=\"72\">Her \u0130ki Taraf da Rahatlad\u0131<\/td>\n<td style=\"width: 54pt; text-align: center;\" width=\"72\">\u00dcst R\u00f6lyef<\/td>\n<\/tr>\n<tr style=\"height: 13.50pt;\">\n<td style=\"height: 13.5pt; text-align: center;\" height=\"18\">Kapasite<\/td>\n<td class=\"et2\" style=\"text-align: center;\" colspan=\"3\">500 ml<\/td>\n<\/tr>\n<tr style=\"height: 13.50pt;\">\n<td style=\"height: 13.5pt; text-align: center;\" height=\"18\">Boyutlar(cm)<\/td>\n<td style=\"text-align: center;\">7.5 * 25.4<\/td>\n<td style=\"text-align: center;\">6.8 * 26.5<\/td>\n<td style=\"text-align: center;\">7.1 * 26.8<\/td>\n<\/tr>\n<tr style=\"height: 13.50pt;\">\n<td style=\"height: 13.5pt; text-align: center;\" height=\"18\">Boyun Biti\u015fi<\/td>\n<td class=\"et2\" style=\"text-align: center;\" colspan=\"3\">Vida (standart kapaklarla uyumlu)<\/td>\n<\/tr>\n<tr style=\"height: 13.50pt;\">\n<td style=\"height: 13.5pt; text-align: center;\" height=\"18\">Dekorasyon<\/td>\n<td class=\"et2\" style=\"text-align: center;\" colspan=\"3\">\u00d6zel Kabartmal\u0131 Desenler<\/td>\n<\/tr>\n<\/tbody>\n<\/table>\n<h2>Ba\u015far\u0131 Hikayesi<\/h2>\n<p>\u0130sko\u00e7ya&#039;daki dam\u0131t\u0131mevi, birinci s\u0131n\u0131f dam\u0131t\u0131lm\u0131\u015f i\u00e7kileri i\u00e7in yeni ambalaj \u00e7\u00f6z\u00fcmlerine ihtiya\u00e7 duyuyordu. M\u00fc\u015fteri, \u00f6zel tasar\u0131m projesi i\u00e7in taban\u0131nda kabartmal\u0131 bir tasar\u0131m bulunan 500 ml&#039;lik bo\u015f viski \u015fi\u015felerimizi se\u00e7ti. Ayr\u0131ca, \u00f6zel olarak oyulmu\u015f bir logoyu sergileyen mat metal bir kapakla ambalaj\u0131 daha da zenginle\u015ftirdiler ve vintage tarz\u0131 marka kimliklerini sergilemek i\u00e7in \u015fi\u015fe g\u00f6vdesinde girintili bir etiket alan\u0131 olu\u015fturdular.<\/p>\n<p>\u00dcr\u00fcn, piyasaya s\u00fcr\u00fcld\u00fc\u011f\u00fc ilk \u00fc\u00e7 ayda perakende sat\u0131\u015flar\u0131nda &#039;in \u00fczerinde bir b\u00fcy\u00fcme kaydetti. M\u00fc\u015fterilerden gelen olumlu geri bildirimler sayesinde y\u00fcksek hacimli sipari\u015flerini s\u00fcrd\u00fcren m\u00fc\u015fteri, bu \u00f6zel \u015fi\u015fe tasar\u0131m\u0131n\u0131 t\u00fcm \u00fcr\u00fcn yelpazesi i\u00e7in tercih etti.<\/p>\n<h2>\u00d6zelle\u015ftirme \u0130pu\u00e7lar\u0131<\/h2>\n<ol>\n<li><strong>Se\u00e7ici Kabartma Yerle\u015ftirme:<\/strong> \u0130stenilen g\u00f6rsel etkiye ve b\u00fct\u00e7e y\u00f6netimine ba\u011fl\u0131 olarak k\u0131smi kabartma (alt k\u0131s\u0131m, omuz band\u0131) veya t\u00fcm g\u00f6vdeye grav\u00fcr uygulamas\u0131 aras\u0131nda karar verin.<\/li>\n<li><strong>Etiket Entegrasyonu:<\/strong> Daha basit bir etiket uygulamas\u0131 i\u00e7in kabartma i\u00e7ine d\u00fcz veya \u00e7ukur bir panel ekleyin veya do\u011frudan bask\u0131 (serigrafi \/ alt\u0131n yald\u0131z bask\u0131) y\u00f6ntemini tercih edin.<\/li>\n<li><strong>Renk Dekorasyon Se\u00e7enekleri:<\/strong> Oyma desenlerini vurgulamak i\u00e7in degrade sprey kaplama, metalik efektler veya k\u0131smi renklendirme kullan\u0131n.<\/li>\n<\/ol>","protected":false},"excerpt":{"rendered":"<p>Markan\u0131z\u0131 bu 500 ml&#039;lik bo\u015f viski \u015fi\u015feleriyle y\u00fckseltin. Alkoll\u00fc i\u00e7ecekler i\u00e7in ideal olan bu grav\u00fcrl\u00fc i\u00e7ki \u015fi\u015feleri toptan sat\u0131\u015fa sunulmaktad\u0131r. \u00dccretsiz numuneler al\u0131n.<\/p>","protected":false},"featured_media":6265,"template":"","meta":{"postBodyCss":"","postBodyMargin":[],"postBodyPadding":[],"postBodyBackground":{"backgroundType":"classic","gradient":""}},"product_brand":[],"product_cat":[108,15,16],"product_tag":[],"class_list":{"0":"post-6256","1":"product","2":"type-product","3":"status-publish","4":"has-post-thumbnail","6":"product_cat-liquor-bottles","7":"product_cat-glass-containers","8":"product_cat-glass-bottles","10":"first","11":"instock","12":"shipping-taxable","13":"product-type-simple"},"jetpack_sharing_enabled":true,"_links":{"self":[{"href":"https:\/\/minghanggroup.com\/tr\/wp-json\/wp\/v2\/product\/6256","targetHints":{"allow":["GET"]}}],"collection":[{"href":"https:\/\/minghanggroup.com\/tr\/wp-json\/wp\/v2\/product"}],"about":[{"href":"https:\/\/minghanggroup.com\/tr\/wp-json\/wp\/v2\/types\/product"}],"wp:featuredmedia":[{"embeddable":true,"href":"https:\/\/minghanggroup.com\/tr\/wp-json\/wp\/v2\/media\/6265"}],"wp:attachment":[{"href":"https:\/\/minghanggroup.com\/tr\/wp-json\/wp\/v2\/media?parent=6256"}],"wp:term":[{"taxonomy":"product_brand","embeddable":true,"href":"https:\/\/minghanggroup.com\/tr\/wp-json\/wp\/v2\/product_brand?post=6256"},{"taxonomy":"product_cat","embeddable":true,"href":"https:\/\/minghanggroup.com\/tr\/wp-json\/wp\/v2\/product_cat?post=6256"},{"taxonomy":"product_tag","embeddable":true,"href":"https:\/\/minghanggroup.com\/tr\/wp-json\/wp\/v2\/product_tag?post=6256"}],"curies":[{"name":"wp","href":"https:\/\/api.w.org\/{rel}","templated":true}]}}