{"id":6251,"date":"2026-04-08T13:52:44","date_gmt":"2026-04-08T05:52:44","guid":{"rendered":"https:\/\/minghanggroup.com\/?post_type=product&#038;p=6251"},"modified":"2026-04-08T16:20:36","modified_gmt":"2026-04-08T08:20:36","slug":"square-small-liquor-bottles-with-cork-bulk","status":"publish","type":"product","link":"https:\/\/minghanggroup.com\/tr\/urun\/square-small-liquor-bottles-with-cork-bulk\/","title":{"rendered":"100 ml Kare K\u00fc\u00e7\u00fck Boy Mantarl\u0131 \u0130\u00e7ki \u015ei\u015feleri (Toptan)"},"content":{"rendered":"<p>K\u00fc\u00e7\u00fck i\u00e7ki \u015fi\u015feleri, birinci s\u0131n\u0131f camdan \u00fcretilmi\u015f, kompakt, yuvarlak k\u00f6\u015feli dikd\u00f6rtgen bir g\u00f6vdeye sahiptir ve \u015feffaf ve buzlu mat olmak \u00fczere iki \u015f\u0131k se\u00e7enek sunar. Kapaklar do\u011fal mantar malzemeden \u00fcretilmi\u015ftir, bu da onlar\u0131 numuneler, mini \u015fi\u015feler ve seyahat boyu \u015fi\u015feler i\u00e7in uygun hale getirir.<\/p>\n<h2>\u00dcr\u00fcn \u00d6zellikleri<\/h2>\n<ul>\n<li><strong>K\u00fc\u00e7\u00fck, yuvarlak k\u00f6\u015feli kare g\u00f6vde:<\/strong> K\u00f6\u015feleri yuvarlakla\u015ft\u0131r\u0131lm\u0131\u015f kapal\u0131 kare \u015fekli, kullan\u0131c\u0131lar\u0131n nesneyi g\u00fcvenli bir \u015fekilde tutabilmesini sa\u011flarken, ayn\u0131 zamanda \u00e7ekici bir g\u00f6r\u00fcn\u00fcm de sunar.<\/li>\n<li><strong>Do\u011fal mantar t\u0131pa:<\/strong> Do\u011fal mantar malzeme, \u00e7evre dostu bir s\u0131zd\u0131rma \u00e7\u00f6z\u00fcm\u00fc sunarken \u00fcr\u00fcne do\u011fal bir estetik de kazand\u0131r\u0131yor.<\/li>\n<li><strong>100 ml mini boy:<\/strong> K\u00fc\u00e7\u00fck boyut, tad\u0131ml\u0131k olarak sunulmas\u0131 gereken, tek porsiyon halinde servis edilmesi gereken, seyahat \u015fi\u015felerinde saklanmas\u0131 gereken veya \u00f6zel \u00fcretim \u00fcr\u00fcnler olarak piyasaya s\u00fcr\u00fclmesi gereken \u00fcr\u00fcnler i\u00e7in idealdir.<\/li>\n<\/ul>\n<h2 style=\"text-align: left;\">Temel \u00d6zellikler<\/h2>\n<table class=\"aligncenter\" style=\"border-collapse: collapse; width: 400.52pt;\" border=\"0\" width=\"534\" cellspacing=\"0\" cellpadding=\"0\">\n<tbody>\n<tr style=\"height: 13.50pt;\">\n<td style=\"height: 13.50pt; width: 117.75pt;\" width=\"157\" height=\"18\">Ba\u011flanmak<\/td>\n<td style=\"width: 282.75pt;\" width=\"377\">Detaylar<\/td>\n<\/tr>\n<tr style=\"height: 13.50pt;\">\n<td style=\"height: 13.50pt;\" height=\"18\">Boyut ve Kapasite<\/td>\n<td>5\u00d712cm (100ml)<\/td>\n<\/tr>\n<tr style=\"height: 13.50pt;\">\n<td style=\"height: 13.50pt;\" height=\"18\">Malzeme<\/td>\n<td>\u015eeffaf veya buzlu cam, do\u011fal ah\u015fap mantar<\/td>\n<\/tr>\n<tr style=\"height: 13.50pt;\">\n<td style=\"height: 13.50pt;\" height=\"18\">\u015ei\u015fe \u015eekli<\/td>\n<td>K\u00f6\u015feleri yuvarlak kare s\u00fctun<\/td>\n<\/tr>\n<tr style=\"height: 13.50pt;\">\n<td style=\"height: 13.50pt;\" height=\"18\">\u00d6zelle\u015ftirme Aral\u0131\u011f\u0131<\/td>\n<td>Renk, y\u00fczey, mantar, boyut<\/td>\n<\/tr>\n<tr style=\"height: 13.50pt;\">\n<td style=\"height: 13.50pt;\" height=\"18\">\u0130\u015f\u00e7ilik<\/td>\n<td>Cam kal\u0131plama, son i\u015flem uygulamas\u0131<\/td>\n<\/tr>\n<tr style=\"height: 13.50pt;\">\n<td style=\"height: 13.50pt;\" height=\"18\">Birincil Kullan\u0131m<\/td>\n<td>K\u00fc\u00e7\u00fck i\u00e7ki \u015fi\u015feleri, i\u00e7ki numune \u015fi\u015feleri<\/td>\n<\/tr>\n<tr style=\"height: 13.50pt;\">\n<td style=\"height: 13.50pt;\" height=\"18\">Hedef Sekt\u00f6rler<\/td>\n<td>Butik i\u00e7ki fabrikalar\u0131, abonelik kutular\u0131<\/td>\n<\/tr>\n<\/tbody>\n<\/table>\n<h2>Ba\u015far\u0131 \u00d6yk\u00fcs\u00fc: Ulusal El Yap\u0131m\u0131 Alkoll\u00fc \u0130\u00e7ecekler Abonelik Kutusundan \u00d6zel Sipari\u015f<\/h2>\n<p>ABD merkezli bir i\u00e7ki abonelik hizmeti, buzlu kare k\u00fc\u00e7\u00fck i\u00e7ki \u015fi\u015felerimizi se\u00e7ti ve bunlar\u0131 markal\u0131, mum m\u00fch\u00fcrl\u00fc mantar ve vitray g\u00f6vde ile \u00f6zelle\u015ftirdi. Sonu\u00e7lar inan\u0131lmazd\u0131: benzersiz kare \u015fi\u015fe tasar\u0131m\u0131, \u00fcyelerin sosyal medyada kutu a\u00e7ma payla\u015f\u0131mlar\u0131n\u0131 0 art\u0131rd\u0131 ve \u00f6zel tasar\u0131m, 50 yeni butik bira \u00fcreticisiyle ortakl\u0131k kurmalar\u0131na yard\u0131mc\u0131 oldu. \u015eirket, ilk ba\u015far\u0131lar\u0131n\u0131n ard\u0131ndan 480.000 \u015fi\u015felik ek bir sipari\u015f verdi.<\/p>\n<h2>K\u00fc\u00e7\u00fck \u0130\u00e7ki \u015ei\u015fesi Ki\u015fiselle\u015ftirme Se\u00e7enekleri<\/h2>\n<ul>\n<li>Cam Renkleri ve Tonlar\u0131: \u00dcr\u00fcn, kehribar rengi, ye\u015fil, mavi ve f\u00fcme cam olmak \u00fczere d\u00f6rt farkl\u0131 cam se\u00e7ene\u011fiyle sunulmaktad\u0131r. \u00dcr\u00fcn ayr\u0131ca \u015feffaf ve buzlu cam olmak \u00fczere iki farkl\u0131 cam se\u00e7ene\u011fi de sunmaktad\u0131r.<\/li>\n<li>Mantar \u00c7e\u015fitleri: Sistem, do\u011fal mantar, renkli mantar, sentetik mantar ve balmumu emdirilmi\u015f mantar olmak \u00fczere d\u00f6rt farkl\u0131 mantar se\u00e7ene\u011fi sunar ve logo bask\u0131s\u0131 se\u00e7ene\u011fi de mevcuttur.<\/li>\n<li>Deri veya \u0130p S\u00fcsleme: M\u00fc\u015fteriler, rustik bir hediye g\u00f6r\u00fcn\u00fcm\u00fc olu\u015fturmak i\u00e7in \u015fi\u015fe boynuna etiket tasar\u0131m\u0131yla birlikte deri kay\u0131\u015f veya ip s\u00fcsleme eklemeyi se\u00e7ebilirler.<\/li>\n<\/ul>","protected":false},"excerpt":{"rendered":"<p>\u015eeffaf ve buzlu camdan yap\u0131lm\u0131\u015f 100 ml&#039;lik k\u00fc\u00e7\u00fck i\u00e7ki \u015fi\u015feleri. \u0130\u00e7ki veya ya\u011flar i\u00e7in mantar t\u0131pal\u0131 k\u00fc\u00e7\u00fck i\u00e7ki \u015fi\u015feleri. \u00dccretsiz \u00f6rnekler mevcuttur.<\/p>","protected":false},"featured_media":6253,"template":"","meta":{"postBodyCss":"","postBodyMargin":[],"postBodyPadding":[],"postBodyBackground":{"backgroundType":"classic","gradient":""}},"product_brand":[],"product_cat":[108,15,16],"product_tag":[],"class_list":{"0":"post-6251","1":"product","2":"type-product","3":"status-publish","4":"has-post-thumbnail","6":"product_cat-liquor-bottles","7":"product_cat-glass-containers","8":"product_cat-glass-bottles","10":"first","11":"instock","12":"shipping-taxable","13":"product-type-simple"},"jetpack_sharing_enabled":true,"_links":{"self":[{"href":"https:\/\/minghanggroup.com\/tr\/wp-json\/wp\/v2\/product\/6251","targetHints":{"allow":["GET"]}}],"collection":[{"href":"https:\/\/minghanggroup.com\/tr\/wp-json\/wp\/v2\/product"}],"about":[{"href":"https:\/\/minghanggroup.com\/tr\/wp-json\/wp\/v2\/types\/product"}],"wp:featuredmedia":[{"embeddable":true,"href":"https:\/\/minghanggroup.com\/tr\/wp-json\/wp\/v2\/media\/6253"}],"wp:attachment":[{"href":"https:\/\/minghanggroup.com\/tr\/wp-json\/wp\/v2\/media?parent=6251"}],"wp:term":[{"taxonomy":"product_brand","embeddable":true,"href":"https:\/\/minghanggroup.com\/tr\/wp-json\/wp\/v2\/product_brand?post=6251"},{"taxonomy":"product_cat","embeddable":true,"href":"https:\/\/minghanggroup.com\/tr\/wp-json\/wp\/v2\/product_cat?post=6251"},{"taxonomy":"product_tag","embeddable":true,"href":"https:\/\/minghanggroup.com\/tr\/wp-json\/wp\/v2\/product_tag?post=6251"}],"curies":[{"name":"wp","href":"https:\/\/api.w.org\/{rel}","templated":true}]}}