{"id":6241,"date":"2026-04-08T13:22:15","date_gmt":"2026-04-08T05:22:15","guid":{"rendered":"https:\/\/minghanggroup.com\/?post_type=product&#038;p=6241"},"modified":"2026-04-08T13:22:17","modified_gmt":"2026-04-08T05:22:17","slug":"glass-custom-square-liquor-bottles-for-spirits-wholesale","status":"publish","type":"product","link":"https:\/\/minghanggroup.com\/tr\/urun\/glass-custom-square-liquor-bottles-for-spirits-wholesale\/","title":{"rendered":"250 ml, 375 ml, 500 ml Kare Cam \u0130\u00e7ki \u015ei\u015feleri (Toptan Alkoll\u00fc \u0130\u00e7ecekler \u0130\u00e7in)"},"content":{"rendered":"<p>\u015e\u0131k kare i\u00e7ki \u015fi\u015felerimiz, modern ve zarif bir tasar\u0131ma ihtiya\u00e7 duyan markalar\u0131n gereksinimlerini kar\u015f\u0131lamak \u00fczere tasarlanm\u0131\u015ft\u0131r. Keskin, k\u00f6\u015feli tasar\u0131m, raflarda \u00e7arp\u0131c\u0131 bir g\u00f6rsel etki yarat\u0131r. Bo\u015f i\u00e7ki \u015fi\u015feleri, g\u00fc\u00e7l\u00fc tasar\u0131m unsurlar\u0131n\u0131n ba\u015far\u0131l\u0131 bir kombinasyonunu sergiler; \u00e7\u00fcnk\u00fc tabanlar\u0131 dengeyi destekler ve hassas i\u015flenmi\u015f kapaklar\u0131 m\u00fckemmel s\u0131zd\u0131rmazl\u0131k \u00f6zelli\u011fi sa\u011flar.<\/p>\n<h2>\u00dcr\u00fcn \u00d6zellikleri<\/h2>\n<ul>\n<li><strong>D\u00fcz Kare Tasar\u0131m:<\/strong> Yeni tasar\u0131m, sergileme amac\u0131yla olduk\u00e7a uygun olan etkileyici d\u00fcz hatlara sahip, \u00e7ekici ve kompakt bir form sergiliyor.<\/li>\n<li><strong>A\u011f\u0131r Temel \u0130n\u015faat\u0131:<\/strong> Konteynerin taban\u0131, hem daha fazla denge sa\u011flamak hem de elde tutarken \u00fcst\u00fcn bir his vermek i\u00e7in ek a\u011f\u0131rl\u0131kla \u00fcretilmi\u015ftir.<\/li>\n<li><strong>Geni\u015f Etiket Paneli:<\/strong> \u00d6n ve arka k\u0131s\u0131mlar, \u00e7e\u015fitli etiket t\u00fcrlerinin, kabartma bask\u0131lar\u0131n ve marka logolar\u0131n\u0131n sergilenmesine olanak tan\u0131yan geni\u015f bir alan sunmaktad\u0131r.<\/li>\n<\/ul>\n<h2>Temel \u00d6zellikler<\/h2>\n<table style=\"border-collapse: collapse; width: 80%; margin-left: auto; margin-right: auto;\" border=\"0\" width=\"144\" cellspacing=\"0\" cellpadding=\"0\">\n<tbody>\n<tr style=\"height: 13.50pt;\">\n<td style=\"height: 13.5pt; width: 54pt; text-align: center;\" width=\"72\" height=\"18\">\u00d6zellik<\/td>\n<td style=\"width: 54pt; text-align: center;\" width=\"72\">Detaylar<\/td>\n<\/tr>\n<tr style=\"height: 13.50pt;\">\n<td style=\"height: 13.5pt; text-align: center;\" height=\"18\">Boyutlar<\/td>\n<td style=\"text-align: center;\">250 ml, 375 ml, 500 ml<\/td>\n<\/tr>\n<tr style=\"height: 13.50pt;\">\n<td style=\"height: 13.5pt; text-align: center;\" height=\"18\">\u015eekil<\/td>\n<td style=\"text-align: center;\">Kare<\/td>\n<\/tr>\n<tr style=\"height: 13.50pt;\">\n<td style=\"height: 13.5pt; text-align: center;\" height=\"18\">Kapak Se\u00e7enekleri<\/td>\n<td style=\"text-align: center;\">Cam T\u0131pa, Al\u00fcminyum Vidal\u0131 Kapak, Ah\u015fap Mantar<\/td>\n<\/tr>\n<tr style=\"height: 13.50pt;\">\n<td style=\"height: 13.5pt; text-align: center;\" height=\"18\">Boyun Tipleri<\/td>\n<td style=\"text-align: center;\">D\u00fcz A\u011f\u0131zl\u0131, Vidal\u0131 Boyunlu<\/td>\n<\/tr>\n<\/tbody>\n<\/table>\n<h2>Ba\u015far\u0131 Hikayesi<\/h2>\n<p>ABD&#039;li bir butik i\u00e7ki \u00fcreticisi, y\u00fcksek kaliteli, k\u00fc\u00e7\u00fck partiler halinde \u00fcretilen bir viskiyi piyasaya s\u00fcrmeye haz\u0131rlan\u0131yordu ve bu lansman i\u00e7in 375 ml&#039;lik kare i\u00e7ki \u015fi\u015felerimizi se\u00e7ti. M\u00fc\u015fteri, viskinin \u00e7ekici buldu\u011fu g\u00fczel kehribar rengini sergileyece\u011fi i\u00e7in ultra \u015feffaf cam \u015fi\u015feleri tercih etti; bo\u015f i\u00e7ki \u015fi\u015felerinin \u00f6n y\u00fcz\u00fcnde, vintage tarz\u0131 bir etiket \u00e7er\u00e7evesi g\u00f6revi g\u00f6ren derin kabartmal\u0131 bir panel bulunmaktad\u0131r. Markan\u0131n logosunu g\u00f6steren bir madalyon i\u00e7eren ah\u015fap ba\u015fl\u0131kl\u0131 \u00f6zel bir mantar t\u0131pa se\u00e7tiler.<\/p>\n<p>\u00dcr\u00fcn piyasaya s\u00fcr\u00fcld\u00fckten sonraki ilk alt\u0131 ayda sat\u0131\u015flar\u0131n\u0131 oran\u0131nda art\u0131rd\u0131. Distrib\u00fct\u00f6rlerden gelen olumlu geri bildirimler ve m\u00fc\u015fterilerin \u00fcr\u00fcnlerini tercih etmeye devam etmesi nedeniyle m\u00fc\u015fteri \u00fcr\u00fcn i\u00e7in bir\u00e7ok sipari\u015f verdi ve bu \u00fcr\u00fcnler ana \u00fcr\u00fcn yelpazesi haline geldi.<\/p>\n<h2>\u00d6zelle\u015ftirme \u0130pu\u00e7lar\u0131<\/h2>\n<ol>\n<li><strong>\u00d6n Panel \u00d6zelle\u015ftirme:<\/strong> Marka kimli\u011fini \u00e7er\u00e7evelemek ve etiket yap\u0131\u015fmas\u0131n\u0131 iyile\u015ftirmek i\u00e7in girintili veya kabartmal\u0131 bir etiket paneli ekleyin.<\/li>\n<li><strong>Kapan\u0131\u015f E\u015fle\u015ftirme:<\/strong> Mantar kapaklar\u0131 ah\u015fap, metal veya akrilik kaplamalarla \u00f6zelle\u015ftirin; veya farkl\u0131 pazarlar i\u00e7in markal\u0131 tasar\u0131mlara sahip vidal\u0131 kapaklar se\u00e7in.<\/li>\n<li><strong>Alt Tasar\u0131m Detay\u0131:<\/strong> \u0130\u00e7 k\u0131s\u0131mdaki push-up taban \u015fekli, kabartma i\u015faretler arac\u0131l\u0131\u011f\u0131yla kendi benzersiz g\u00f6rsel imzalar\u0131n\u0131 olu\u015fturmak isteyen tasar\u0131mc\u0131lar taraf\u0131ndan \u00f6zelle\u015ftirilebilir.<\/li>\n<\/ol>","protected":false},"excerpt":{"rendered":"<p>Kal\u0131n tabanl\u0131 ve \u015feffaf kaplamal\u0131 kare i\u00e7ki \u015fi\u015fesi. Alkoll\u00fc i\u00e7ecek ambalaj\u0131 ve bo\u015f i\u00e7ki \u015fi\u015fesi tedari\u011fi i\u00e7in idealdir, do\u011frudan fabrikadan sat\u0131\u015f, \u00f6zel tasar\u0131mlar.<\/p>","protected":false},"featured_media":6250,"template":"","meta":{"postBodyCss":"","postBodyMargin":[],"postBodyPadding":[],"postBodyBackground":{"backgroundType":"classic","gradient":""}},"product_brand":[],"product_cat":[108,15,16],"product_tag":[],"class_list":{"0":"post-6241","1":"product","2":"type-product","3":"status-publish","4":"has-post-thumbnail","6":"product_cat-liquor-bottles","7":"product_cat-glass-containers","8":"product_cat-glass-bottles","10":"first","11":"instock","12":"shipping-taxable","13":"product-type-simple"},"jetpack_sharing_enabled":true,"_links":{"self":[{"href":"https:\/\/minghanggroup.com\/tr\/wp-json\/wp\/v2\/product\/6241","targetHints":{"allow":["GET"]}}],"collection":[{"href":"https:\/\/minghanggroup.com\/tr\/wp-json\/wp\/v2\/product"}],"about":[{"href":"https:\/\/minghanggroup.com\/tr\/wp-json\/wp\/v2\/types\/product"}],"wp:featuredmedia":[{"embeddable":true,"href":"https:\/\/minghanggroup.com\/tr\/wp-json\/wp\/v2\/media\/6250"}],"wp:attachment":[{"href":"https:\/\/minghanggroup.com\/tr\/wp-json\/wp\/v2\/media?parent=6241"}],"wp:term":[{"taxonomy":"product_brand","embeddable":true,"href":"https:\/\/minghanggroup.com\/tr\/wp-json\/wp\/v2\/product_brand?post=6241"},{"taxonomy":"product_cat","embeddable":true,"href":"https:\/\/minghanggroup.com\/tr\/wp-json\/wp\/v2\/product_cat?post=6241"},{"taxonomy":"product_tag","embeddable":true,"href":"https:\/\/minghanggroup.com\/tr\/wp-json\/wp\/v2\/product_tag?post=6241"}],"curies":[{"name":"wp","href":"https:\/\/api.w.org\/{rel}","templated":true}]}}