{"id":6240,"date":"2026-04-08T09:10:27","date_gmt":"2026-04-08T01:10:27","guid":{"rendered":"https:\/\/minghanggroup.com\/?post_type=product&#038;p=6240"},"modified":"2026-04-08T13:03:36","modified_gmt":"2026-04-08T05:03:36","slug":"empty-liquor-bottle-glassware-with-gold-lids-bulk","status":"publish","type":"product","link":"https:\/\/minghanggroup.com\/tr\/urun\/empty-liquor-bottle-glassware-with-gold-lids-bulk\/","title":{"rendered":"500 ml Bo\u015f \u0130\u00e7ki \u015ei\u015fesi, Alt\u0131n Kapakl\u0131, Toplu Sat\u0131\u015f"},"content":{"rendered":"<p>\u0130\u00e7ki \u015fi\u015fesi cam e\u015fyas\u0131, yap\u0131s\u0131n\u0131 olu\u015fturmak i\u00e7in ultra \u015feffaf, y\u00fcksek kaliteli cam kullan\u0131lan geleneksel &#034;belden daralt\u0131lm\u0131\u015f&#034; veya &#034;damla&#034; tasar\u0131ma sahiptir ve \u00fcr\u00fcn alt\u0131n bir kapak i\u00e7erir. \u00dcr\u00fcn, sade ve detayl\u0131 dekoratif tasar\u0131mlarda mevcuttur.<\/p>\n<h2>\u00dcr\u00fcn \u00d6zellikleri<\/h2>\n<ul>\n<li><strong>Klasik Belden Daralt\u0131lm\u0131\u015f \u015ei\u015fe Tasar\u0131m\u0131:<\/strong> \u0130nce, bel k\u0131sm\u0131 daralan damla \u015fekli, i\u00e7ki ambalaj tasar\u0131m\u0131ndaki yerle\u015fik gelenekleri yans\u0131tan zarif k\u0131vr\u0131mlar\u0131 sergiliyor.<\/li>\n<li><strong>Y\u00fcksek \u015eeffafl\u0131kta Cam Malzeme:<\/strong> Bu malzeme, \u015feffaf yap\u0131s\u0131 sayesinde i\u00e7kinin renginin tamamen g\u00f6r\u00fcnmesini sa\u011flayan, y\u00fcksek berrakl\u0131kta, renksiz camdan olu\u015fmaktad\u0131r.<\/li>\n<li><strong>L\u00fcks Alt\u0131n Kapak Se\u00e7enekleri:<\/strong> Markan\u0131z\u0131n kimli\u011fini yans\u0131tmak i\u00e7in, \u00f6zenle kabart\u0131lm\u0131\u015f alt\u0131n bir kapak veya sade, d\u00fcz bir alt\u0131n kapak aras\u0131nda se\u00e7im yapabilirsiniz.<\/li>\n<\/ul>\n<h2 style=\"text-align: left;\">Temel \u00d6zellikler<\/h2>\n<table class=\"aligncenter\" style=\"border-collapse: collapse; width: 400.52pt;\" border=\"0\" width=\"534\" cellspacing=\"0\" cellpadding=\"0\">\n<tbody>\n<tr style=\"height: 13.50pt;\">\n<td style=\"height: 13.50pt; width: 117.75pt;\" width=\"157\" height=\"18\">Ba\u011flanmak<\/td>\n<td style=\"width: 282.75pt;\" width=\"377\">Detaylar<\/td>\n<\/tr>\n<tr style=\"height: 13.50pt;\">\n<td style=\"height: 13.50pt;\" height=\"18\">Boyut ve Kapasite<\/td>\n<td>\u0130ki farkl\u0131 500 ml&#039;lik se\u00e7enek: 7,1\u00d727,3 cm ve 6,7\u00d725,7 cm<\/td>\n<\/tr>\n<tr style=\"height: 13.50pt;\">\n<td style=\"height: 13.50pt;\" height=\"18\">Malzeme<\/td>\n<td>\u015eeffaf cam<\/td>\n<\/tr>\n<tr style=\"height: 13.50pt;\">\n<td style=\"height: 13.50pt;\" height=\"18\">\u015ei\u015fe \u015eekli<\/td>\n<td>Belden a\u015fa\u011f\u0131 do\u011fru sarkan g\u00f6zya\u015f\u0131 damlas\u0131<\/td>\n<\/tr>\n<tr style=\"height: 13.50pt;\">\n<td style=\"height: 13.50pt;\" height=\"18\">\u00d6zelle\u015ftirme Aral\u0131\u011f\u0131<\/td>\n<td>Renk, y\u00fczey, boyut kapaklar\u0131<\/td>\n<\/tr>\n<tr style=\"height: 13.50pt;\">\n<td style=\"height: 13.50pt;\" height=\"18\">Birincil Kullan\u0131m<\/td>\n<td>Toptan bo\u015f i\u00e7ki \u015fi\u015fesi, alkoll\u00fc i\u00e7ki \u015fi\u015fesi<\/td>\n<\/tr>\n<tr style=\"height: 13.50pt;\">\n<td style=\"height: 13.50pt;\" height=\"18\">Hedef Sekt\u00f6rler<\/td>\n<td>Butik i\u00e7ki fabrikalar\u0131, birinci s\u0131n\u0131f i\u00e7ki markalar\u0131<\/td>\n<\/tr>\n<\/tbody>\n<\/table>\n<h2>Ba\u015far\u0131 \u00d6yk\u00fcs\u00fc: Asya Men\u015feli Bir Alkoll\u00fc \u0130\u00e7ecek Markas\u0131n\u0131n K\u00fcresel Lansman\u0131<\/h2>\n<p>\u015eirketimiz, Asya i\u00e7ki markas\u0131na, \u00fczerine derin kabartma ejderha deseni ve alt\u0131n kapak i\u015flenmi\u015f 500 ml&#039;lik i\u00e7ki \u015fi\u015felerimizi tedarik etti. Klasik \u015fi\u015fe \u015fekli, raflarda g\u00f6r\u00fcn\u00fcrl\u00fc\u011f\u00fc ve marka bilinirli\u011fini art\u0131r\u0131rken, premium alt\u0131n kapak her \u015fi\u015fenin fiyat\u0131na 20 dolar ekledi. Marka, yeni aromal\u0131 i\u00e7kilerini ve \u00f6zel koleksiyon \u00fcr\u00fcnlerini tan\u0131tmak i\u00e7in 500.000 \u015fi\u015fe daha sipari\u015f ederek b\u00fcy\u00fck bir ba\u015far\u0131 elde etti.<\/p>\n<h2>Bo\u015f \u0130\u00e7ki \u015ei\u015feleri Toptan Sat\u0131\u015f\u0131 \u00d6zelle\u015ftirme Se\u00e7enekleri<\/h2>\n<ul>\n<li>Kapak Tasar\u0131m\u0131 ve Kaplamas\u0131: \u00dcr\u00fcn, d\u00fcz, dalgal\u0131 ve ince kabartmal\u0131 kapaklar i\u00e7in alt\u0131n, g\u00fcm\u00fc\u015f ve bak\u0131r olmak \u00fczere \u00fc\u00e7 kaplama se\u00e7ene\u011fi sunmaktad\u0131r.<\/li>\n<li>Kabartma\/R\u00f6lyef: \u015ei\u015fenin omuz ve taban b\u00f6lgeleri, \u00e7ok say\u0131da desen, logo ve k\u00fclt\u00fcrel motif i\u00e7eren detayl\u0131 tasar\u0131m eklemelerine olanak tan\u0131r.<\/li>\n<li>Kurcalamaya Kar\u015f\u0131 Koruma \u00d6nlemleri: \u00dcr\u00fcn, \u00fcr\u00fcn korumas\u0131 i\u00e7in \u00f6zel stre\u00e7 film ve balmumu m\u00fch\u00fcrler ile k\u0131r\u0131lgan \u00fcr\u00fcn kapaklar\u0131 sunmaktad\u0131r.<\/li>\n<\/ul>","protected":false},"excerpt":{"rendered":"<p>\u015e\u0131k damla \u015feklinde, alt\u0131n kapakl\u0131 bo\u015f i\u00e7ki \u015fi\u015felerinin toptan sat\u0131\u015f\u0131. \u0130\u00e7ki \u015fi\u015feleri, alkoll\u00fc i\u00e7ecekler i\u00e7in idealdir. \u00d6zel marka bask\u0131 se\u00e7enekleri desteklenmektedir.<\/p>","protected":false},"featured_media":6245,"template":"","meta":{"postBodyCss":"","postBodyMargin":[],"postBodyPadding":[],"postBodyBackground":{"backgroundType":"classic","gradient":""}},"product_brand":[],"product_cat":[108,15,16],"product_tag":[],"class_list":{"0":"post-6240","1":"product","2":"type-product","3":"status-publish","4":"has-post-thumbnail","6":"product_cat-liquor-bottles","7":"product_cat-glass-containers","8":"product_cat-glass-bottles","10":"first","11":"instock","12":"shipping-taxable","13":"product-type-simple"},"jetpack_sharing_enabled":true,"_links":{"self":[{"href":"https:\/\/minghanggroup.com\/tr\/wp-json\/wp\/v2\/product\/6240","targetHints":{"allow":["GET"]}}],"collection":[{"href":"https:\/\/minghanggroup.com\/tr\/wp-json\/wp\/v2\/product"}],"about":[{"href":"https:\/\/minghanggroup.com\/tr\/wp-json\/wp\/v2\/types\/product"}],"wp:featuredmedia":[{"embeddable":true,"href":"https:\/\/minghanggroup.com\/tr\/wp-json\/wp\/v2\/media\/6245"}],"wp:attachment":[{"href":"https:\/\/minghanggroup.com\/tr\/wp-json\/wp\/v2\/media?parent=6240"}],"wp:term":[{"taxonomy":"product_brand","embeddable":true,"href":"https:\/\/minghanggroup.com\/tr\/wp-json\/wp\/v2\/product_brand?post=6240"},{"taxonomy":"product_cat","embeddable":true,"href":"https:\/\/minghanggroup.com\/tr\/wp-json\/wp\/v2\/product_cat?post=6240"},{"taxonomy":"product_tag","embeddable":true,"href":"https:\/\/minghanggroup.com\/tr\/wp-json\/wp\/v2\/product_tag?post=6240"}],"curies":[{"name":"wp","href":"https:\/\/api.w.org\/{rel}","templated":true}]}}