{"id":6232,"date":"2026-04-07T14:08:02","date_gmt":"2026-04-07T06:08:02","guid":{"rendered":"https:\/\/minghanggroup.com\/?post_type=product&#038;p=6232"},"modified":"2026-04-07T14:34:58","modified_gmt":"2026-04-07T06:34:58","slug":"round-glass-bottles-for-liquor-with-lids-wholesale","status":"publish","type":"product","link":"https:\/\/minghanggroup.com\/tr\/urun\/round-glass-bottles-for-liquor-with-lids-wholesale\/","title":{"rendered":"100 ml - 750 ml Kapakl\u0131 Yuvarlak Cam \u0130\u00e7ki \u015ei\u015feleri Toptan Sat\u0131\u015f\u0131"},"content":{"rendered":"<p>Bu cam i\u00e7ki \u015fi\u015feleri zarif damla \u015fekline sahiptir ve do\u011fal mantar kapaklarla kapat\u0131lm\u0131\u015ft\u0131r. Hem \u015feffaf hem de buzlu y\u00fczey se\u00e7enekleriyle \u00e7e\u015fitli boyutlarda mevcuttur.<\/p>\n<h2>\u00dcr\u00fcn \u00d6zellikleri<\/h2>\n<ul>\n<li><strong>Klasik Damla \u015eekli:<\/strong> Tasar\u0131m, yuvarlak bir tabanla ba\u015flay\u0131p yukar\u0131 do\u011fru uzanan ve zarif, geleneksel bir g\u00f6r\u00fcn\u00fcm yaratan, ayn\u0131 zamanda tutmas\u0131 kolay bir boyun k\u0131sm\u0131na sahiptir.<\/li>\n<li><strong>\u0130ki Tonlu Cam:<\/strong> \u00dcr\u00fcn i\u00e7in y\u00fcksek \u015feffafl\u0131kta cam ve yumu\u015fak buzlu mat cam olmak \u00fczere iki farkl\u0131 cam se\u00e7ene\u011fine ihtiya\u00e7 duyulmaktad\u0131r.<\/li>\n<li><strong>Do\u011fal Mantar:<\/strong> Ger\u00e7ek mantar malzemesinin kullan\u0131m\u0131, \u00fcr\u00fcn\u00fcn g\u00f6rsel \u00e7ekicili\u011fini art\u0131ran otantik ve s\u00fcrd\u00fcr\u00fclebilir bir m\u00fch\u00fcr olu\u015fturur.<\/li>\n<\/ul>\n<h2 style=\"text-align: left;\">Temel \u00d6zellikler<\/h2>\n<table class=\"aligncenter\" style=\"border-collapse: collapse; width: 444.77pt;\" border=\"0\" width=\"593\" cellspacing=\"0\" cellpadding=\"0\">\n<tbody>\n<tr style=\"height: 13.50pt;\">\n<td style=\"height: 13.50pt; width: 133.50pt;\" width=\"178\" height=\"18\">\u015eartname<\/td>\n<td style=\"width: 311.25pt;\" width=\"415\">Detaylar<\/td>\n<\/tr>\n<tr style=\"height: 13.50pt;\">\n<td style=\"height: 13.50pt;\" height=\"18\">Boyutlar ve Kapasite<\/td>\n<td>100 ml, 250 ml, 380 ml, 500 ml, 750 ml<\/td>\n<\/tr>\n<tr style=\"height: 13.50pt;\">\n<td style=\"height: 13.50pt;\" height=\"18\">Malzeme<\/td>\n<td>\u015eeffaf veya Buzlu Cam, Do\u011fal Ah\u015fap Mantar<\/td>\n<\/tr>\n<tr style=\"height: 13.50pt;\">\n<td style=\"height: 13.50pt;\" height=\"18\">\u015ei\u015fe \u015eekli<\/td>\n<td>Dar Yuvarlak Damla \u015eeklinde<\/td>\n<\/tr>\n<tr style=\"height: 13.50pt;\">\n<td style=\"height: 13.50pt;\" height=\"18\">\u00d6zelle\u015ftirme Kapsam\u0131<\/td>\n<td>Renk, Y\u00fczey, Mantar, Boyut<\/td>\n<\/tr>\n<tr style=\"height: 13.50pt;\">\n<td style=\"height: 13.50pt;\" height=\"18\">\u0130\u015f\u00e7ilik<\/td>\n<td>Organik \u015eekillendirme i\u00e7in Cam \u00dcfleme, Buzlama \u0130\u015flemi<\/td>\n<\/tr>\n<tr style=\"height: 13.50pt;\">\n<td style=\"height: 13.50pt;\" height=\"18\">\u00dcr\u00fcn Amac\u0131<\/td>\n<td>Alkoll\u00fc i\u00e7ecekler ve aromal\u0131 lik\u00f6rler i\u00e7in cam \u015fi\u015feler<\/td>\n<\/tr>\n<tr style=\"height: 13.50pt;\">\n<td style=\"height: 13.50pt;\" height=\"18\">Uygun Sekt\u00f6rler<\/td>\n<td>Butik \u0130\u00e7ki Fabrikalar\u0131, \u015earap \u00dcreticileri, \u0130\u00e7ecek Fabrikas\u0131<\/td>\n<\/tr>\n<\/tbody>\n<\/table>\n<h2>Ba\u015far\u0131 \u00d6yk\u00fcs\u00fc: Kaliforniya&#039;l\u0131 Bir Butik \u0130\u00e7ki Markas\u0131ndan \u00d6zel Sipari\u015f<\/h2>\n<p>Kaliforniya&#039;daki butik marka, Amarone ve lik\u00f6r \u00fcr\u00fcnleri i\u00e7in \u00f6zel a\u00e7\u0131k kehribar cam g\u00f6vdeli 500 ml ve 750 ml&#039;lik buzlu yuvarlak i\u00e7ki \u015fi\u015felerimizi se\u00e7ti. Elde edilen sonu\u00e7lar muhte\u015femdi \u00e7\u00fcnk\u00fc \u00fcr\u00fcn\u00fcn benzersiz damla \u015fekli, kalabal\u0131k perakende alanlar\u0131nda daha fazla g\u00f6r\u00fcn\u00fcrl\u00fck sa\u011flarken, \u00f6zel mantar t\u0131pa da y\u0131ll\u0131k \u00fcr\u00fcn buharla\u015fmas\u0131n\u0131 %0,5 oran\u0131nda azaltan kusursuz bir s\u0131zd\u0131rmazl\u0131k sa\u011flad\u0131. Kurulu\u015f, benzersiz tasar\u0131m \u00e7\u00f6z\u00fcm\u00fc ve orijinal konseptinin birle\u015fimi sayesinde \u00fcst d\u00fczey bir catering grubuyla \u00fclke \u00e7ap\u0131nda bir catering s\u00f6zle\u015fmesi imzalad\u0131. Projenin ilk ba\u015far\u0131s\u0131, 300.000 ek \u015fi\u015fe sipari\u015fi vermelerine yol a\u00e7t\u0131.<\/p>\n<h2>\u0130\u00e7ki \u015ei\u015feleri \u0130\u00e7in Ki\u015fiselle\u015ftirme \u00d6nerileri<\/h2>\n<ul>\n<li>\u00dcr\u00fcn, sentetik mantar malzeme ve balmumu emdirilmi\u015f mantar ile metal kapakl\u0131 ah\u015fap t\u0131ka\u00e7lar olmak \u00fczere iki farkl\u0131 t\u0131ka\u00e7 ve kapak se\u00e7ene\u011fi sunmaktad\u0131r.<\/li>\n<li>Mum M\u00fch\u00fcrleme: \u015eirket, mantar t\u0131palar\u0131n orijinalli\u011fini art\u0131rmaya ve kurcalamaya kar\u015f\u0131 korumas\u0131n\u0131 iyile\u015ftirmeye yard\u0131mc\u0131 olan \u00f6zel renkli mum m\u00fch\u00fcrleme hizmetleri sunmaktad\u0131r.<\/li>\n<li>Hacim Ayar\u0131: Hediye setlerinde 50 ml&#039;lik mini \u015fi\u015feler bulunurken, 1 litrelik b\u00fcy\u00fck \u015fi\u015feler \u00f6zel \u00fcretim \u00fcr\u00fcnler olarak sunulmaktad\u0131r.<\/li>\n<\/ul>","protected":false},"excerpt":{"rendered":"<p>\u015e\u0131k damla \u015feklinde, mantar t\u0131pal\u0131 i\u00e7ki \u015fi\u015feleri. \u015eeffaf ve buzlu camdan yuvarlak i\u00e7ki \u015fi\u015fesi se\u00e7enekleri. \u00d6zel tasar\u0131m se\u00e7enekleri desteklenmektedir.<\/p>","protected":false},"featured_media":6236,"template":"","meta":{"postBodyCss":"","postBodyMargin":[],"postBodyPadding":[],"postBodyBackground":{"backgroundType":"classic","gradient":""}},"product_brand":[],"product_cat":[15,108,16],"product_tag":[],"class_list":{"0":"post-6232","1":"product","2":"type-product","3":"status-publish","4":"has-post-thumbnail","6":"product_cat-glass-containers","7":"product_cat-liquor-bottles","8":"product_cat-glass-bottles","10":"first","11":"instock","12":"shipping-taxable","13":"product-type-simple"},"jetpack_sharing_enabled":true,"_links":{"self":[{"href":"https:\/\/minghanggroup.com\/tr\/wp-json\/wp\/v2\/product\/6232","targetHints":{"allow":["GET"]}}],"collection":[{"href":"https:\/\/minghanggroup.com\/tr\/wp-json\/wp\/v2\/product"}],"about":[{"href":"https:\/\/minghanggroup.com\/tr\/wp-json\/wp\/v2\/types\/product"}],"wp:featuredmedia":[{"embeddable":true,"href":"https:\/\/minghanggroup.com\/tr\/wp-json\/wp\/v2\/media\/6236"}],"wp:attachment":[{"href":"https:\/\/minghanggroup.com\/tr\/wp-json\/wp\/v2\/media?parent=6232"}],"wp:term":[{"taxonomy":"product_brand","embeddable":true,"href":"https:\/\/minghanggroup.com\/tr\/wp-json\/wp\/v2\/product_brand?post=6232"},{"taxonomy":"product_cat","embeddable":true,"href":"https:\/\/minghanggroup.com\/tr\/wp-json\/wp\/v2\/product_cat?post=6232"},{"taxonomy":"product_tag","embeddable":true,"href":"https:\/\/minghanggroup.com\/tr\/wp-json\/wp\/v2\/product_tag?post=6232"}],"curies":[{"name":"wp","href":"https:\/\/api.w.org\/{rel}","templated":true}]}}