{"id":6223,"date":"2026-04-07T13:40:10","date_gmt":"2026-04-07T05:40:10","guid":{"rendered":"https:\/\/minghanggroup.com\/?post_type=product&#038;p=6223"},"modified":"2026-04-07T13:40:11","modified_gmt":"2026-04-07T05:40:11","slug":"clear-liquor-bottles-with-glass-stopper-bulk","status":"publish","type":"product","link":"https:\/\/minghanggroup.com\/tr\/urun\/clear-liquor-bottles-with-glass-stopper-bulk\/","title":{"rendered":"100 ml \u2013 1000 ml \u015eeffaf \u0130\u00e7ki \u015ei\u015feleri (Cam T\u0131pal\u0131) (Toptan)"},"content":{"rendered":"<p>Tasarlad\u0131\u011f\u0131m\u0131z \u015feffaf i\u00e7ki \u015fi\u015feleri, uzun ve ince bir boyuna uzanan dolgun bir \u015fekle sahiptir. \u015ei\u015fenin d\u00fcz kenarl\u0131 tasar\u0131m\u0131, birlikte gelen cam t\u0131pa ile m\u00fckemmel bir \u015fekilde birle\u015fmesini sa\u011flar. \u015ei\u015fe tasar\u0131m\u0131, y\u00fcksek \u015feffafl\u0131kta cam kullanarak birinci s\u0131n\u0131f viskinin alt\u0131n rengini veya gizemli bir derinlik yaratan buzlu y\u00fczeyini sergiledi\u011fi i\u00e7in \u00fcr\u00fcn\u00fcn\u00fcz\u00fcn de\u011ferini art\u0131racakt\u0131r.<\/p>\n<h2>\u00dcr\u00fcn \u00d6zellikleri<\/h2>\n<ul>\n<li><strong>Kompakt ve Yuvarlak \u015eekil:<\/strong> Bu \u015fi\u015fe, zarif hatlar\u0131 ve do\u011fru oranlar\u0131yla son derece ho\u015f ve sevimli bir g\u00f6r\u00fcn\u00fcm ortaya koyan, \u00e7ok kendine \u00f6zg\u00fc, &#034;tomurcuk-yuvarlak&#034; bir \u015fekle sahip.<\/li>\n<li><strong>Y\u00fcksek Kaliteli Malzeme:<\/strong> \u00dcst\u00fcn kaliteli camdan \u00fcretilen bu \u015fi\u015feler, uzun mesafeli teslimatlar s\u0131ras\u0131nda sert kullan\u0131ma maruz kalsalar bile \u00f6nemli \u00f6l\u00e7\u00fcde sa\u011flaml\u0131k ve k\u0131r\u0131lmaya kar\u015f\u0131 diren\u00e7 sunar.<\/li>\n<li><strong>S\u0131zd\u0131rmaz Cam Conta:<\/strong> \u015ei\u015fenin boyun k\u0131sm\u0131, cam t\u0131pa veya kapaklarla ideal ve d\u00fczg\u00fcn bir uyum sa\u011flayan d\u00fcz kenarl\u0131 bir tasar\u0131ma sahiptir; bu sayede i\u00e7kilerinizin orijinal tazeli\u011fini ve aromas\u0131n\u0131 s\u0131z\u0131nt\u0131 olmadan korumak i\u00e7in m\u00fckemmeldir.<\/li>\n<\/ul>\n<h2>Temel \u00d6zellikler<\/h2>\n<table style=\"border-collapse: collapse; width: 80%; margin-left: auto; margin-right: auto;\" border=\"0\" width=\"144\" cellspacing=\"0\" cellpadding=\"0\">\n<tbody>\n<tr style=\"height: 13.50pt;\">\n<td style=\"height: 13.5pt; width: 54pt; text-align: center;\" width=\"72\" height=\"18\">\u00d6zellik<\/td>\n<td style=\"width: 54pt; text-align: center;\" width=\"72\">Detaylar<\/td>\n<\/tr>\n<tr style=\"height: 13.50pt;\">\n<td style=\"height: 13.5pt; text-align: center;\" height=\"18\">Kapasite(ml)<\/td>\n<td style=\"text-align: center;\">100 250 500 1000<\/td>\n<\/tr>\n<tr style=\"height: 13.50pt;\">\n<td style=\"height: 13.5pt; text-align: center;\" height=\"18\">Boyun Biti\u015fi<\/td>\n<td style=\"text-align: center;\">D\u00fcz A\u011f\u0131z (Cam Mantar\/T\u0131pa \u0130\u00e7in)<\/td>\n<\/tr>\n<tr style=\"height: 13.50pt;\">\n<td style=\"height: 13.5pt; text-align: center;\" height=\"18\">Ba\u015fvuru<\/td>\n<td style=\"text-align: center;\">\u0130\u00e7ki, Alkoll\u00fc \u0130\u00e7ecekler, \u015earap, Zeytinya\u011f\u0131<\/td>\n<\/tr>\n<tr style=\"height: 13.50pt;\">\n<td style=\"height: 13.5pt; text-align: center;\" height=\"18\">Y\u00fczey \u0130\u015fleme<\/td>\n<td style=\"text-align: center;\">Parlatma, Buzlu, \u00c7\u0131kartma, Etiketleme<\/td>\n<\/tr>\n<\/tbody>\n<\/table>\n<h2>Ba\u015far\u0131 Hikayesi<\/h2>\n<p>Avustralya&#039;da butik bir viski dam\u0131t\u0131mevi olarak faaliyet g\u00f6steren bir firmayla yeni bir ortakl\u0131\u011fa ba\u015flad\u0131k. \u015eirket, ambalaj \u00e7\u00f6z\u00fcm\u00fc olarak 375 ml&#039;lik i\u00e7ki \u015fi\u015femizi se\u00e7ti. M\u00fc\u015fteri, viskinin de\u011ferini art\u0131rmak i\u00e7in \u00f6zel bir ambalaj tercih etti \u00e7\u00fcnk\u00fc \u015feffaf cam \u015fi\u015fe g\u00f6vdesiyle i\u00e7kinin kalitesini sergilemek istiyordu; \u015firket, \u015fi\u015fe \u00fczerinde kabartmal\u0131 bir doku olarak sergiledikleri buzlu efektli bir marka logosu olu\u015fturmak i\u00e7in serigrafi bask\u0131 kulland\u0131. \u015eirket, faaliyetinin ilk \u00fc\u00e7 ay\u0131nda &#039;l\u0131k bir sat\u0131\u015f art\u0131\u015f\u0131 elde etti. \u015eirket, yakla\u015fan tatil sezonu i\u00e7in stok yapmak \u00fczere \u00fc\u00e7 ay sonra b\u00fcy\u00fck bir sipari\u015f verdi.<\/p>\n<h2>\u00d6zelle\u015ftirme \u0130pu\u00e7lar\u0131<\/h2>\n<ol>\n<li><strong>\u015ei\u015fe yap\u0131m\u0131:<\/strong> Cam\u0131 buzlu hale getirebilirsiniz (mat bir etki verir), serigrafi bask\u0131 yapt\u0131rabilirsiniz (\u015firket logosu veya bir tasar\u0131m eklemek isterseniz) veya l\u00fcks bir g\u00f6r\u00fcn\u00fcm isteyenler i\u00e7in alt\u0131n veya g\u00fcm\u00fc\u015f folyo ile s\u0131cak bask\u0131 yapabilirsiniz; ayr\u0131ca spot UV uygulamas\u0131, tasar\u0131m\u0131n belirli k\u0131s\u0131mlar\u0131n\u0131 vurgulayarak \u015fi\u015fenin marka bilinirli\u011fini art\u0131rmak i\u00e7in harika bir y\u00f6ntemdir.<\/li>\n<li><strong>Etiketler ve Ambalajlar:<\/strong> \u00dcr\u00fcne \u00f6zel etiketler (ka\u011f\u0131t veya su ge\u00e7irmez PVC), hediye kutular\u0131 (tekli veya \u00e7oklu \u015fi\u015feler), b\u00fczg\u00fcl\u00fc ba\u011flar veya mum m\u00fch\u00fcrler kullanarak, ba\u015ftan sona eksiksiz bir marka deneyimi yaratabilirsiniz; bu da \u00fcr\u00fcn\u00fc \u00f6zellikle hediye pazar\u0131 i\u00e7in uygun hale getirir.<\/li>\n<li><strong>\u00d6zel Dekoratif Teknikler:<\/strong> \u00d6rne\u011fin, \u015fi\u015fenin dibine neredeyse g\u00f6r\u00fcnmez bir marka deseni i\u015flenebilir veya g\u00f6vdesinde kaymaz bir doku kullan\u0131labilir (tutu\u015f kolayl\u0131\u011f\u0131n\u0131 art\u0131rmak i\u00e7in), b\u00f6ylece k\u00fc\u00e7\u00fck detaylar bile ay\u0131rt edici fakt\u00f6r olarak i\u015flev g\u00f6rebilir.<\/li>\n<\/ol>","protected":false},"excerpt":{"rendered":"<p>Yuvarlak \u015fekilli ve cam t\u0131pal\u0131 \u015feffaf i\u00e7ki \u015fi\u015feleri. Alkoll\u00fc i\u00e7ecekler i\u00e7in m\u00fckemmel olan 375 ml&#039;lik i\u00e7ki \u015fi\u015fesi se\u00e7ene\u011fimiz, marka tan\u0131t\u0131m\u0131 i\u00e7in idealdir. H\u0131zl\u0131 kargo.<\/p>","protected":false},"featured_media":6231,"template":"","meta":{"postBodyCss":"","postBodyMargin":[],"postBodyPadding":[],"postBodyBackground":{"backgroundType":"classic","gradient":""}},"product_brand":[],"product_cat":[15,108,16],"product_tag":[],"class_list":{"0":"post-6223","1":"product","2":"type-product","3":"status-publish","4":"has-post-thumbnail","6":"product_cat-glass-containers","7":"product_cat-liquor-bottles","8":"product_cat-glass-bottles","10":"first","11":"instock","12":"shipping-taxable","13":"product-type-simple"},"jetpack_sharing_enabled":true,"_links":{"self":[{"href":"https:\/\/minghanggroup.com\/tr\/wp-json\/wp\/v2\/product\/6223","targetHints":{"allow":["GET"]}}],"collection":[{"href":"https:\/\/minghanggroup.com\/tr\/wp-json\/wp\/v2\/product"}],"about":[{"href":"https:\/\/minghanggroup.com\/tr\/wp-json\/wp\/v2\/types\/product"}],"wp:featuredmedia":[{"embeddable":true,"href":"https:\/\/minghanggroup.com\/tr\/wp-json\/wp\/v2\/media\/6231"}],"wp:attachment":[{"href":"https:\/\/minghanggroup.com\/tr\/wp-json\/wp\/v2\/media?parent=6223"}],"wp:term":[{"taxonomy":"product_brand","embeddable":true,"href":"https:\/\/minghanggroup.com\/tr\/wp-json\/wp\/v2\/product_brand?post=6223"},{"taxonomy":"product_cat","embeddable":true,"href":"https:\/\/minghanggroup.com\/tr\/wp-json\/wp\/v2\/product_cat?post=6223"},{"taxonomy":"product_tag","embeddable":true,"href":"https:\/\/minghanggroup.com\/tr\/wp-json\/wp\/v2\/product_tag?post=6223"}],"curies":[{"name":"wp","href":"https:\/\/api.w.org\/{rel}","templated":true}]}}