{"id":6218,"date":"2026-04-07T10:57:04","date_gmt":"2026-04-07T02:57:04","guid":{"rendered":"https:\/\/minghanggroup.com\/?post_type=product&#038;p=6218"},"modified":"2026-04-07T10:57:06","modified_gmt":"2026-04-07T02:57:06","slug":"custom-glass-liquor-bottles-with-lids-for-packaging-bulk","status":"publish","type":"product","link":"https:\/\/minghanggroup.com\/tr\/urun\/custom-glass-liquor-bottles-with-lids-for-packaging-bulk\/","title":{"rendered":"Toplu Ambalaj \u0130\u00e7in Kapakl\u0131 100ml \u2013 1000ml \u00d6zel Tasar\u0131m Cam \u0130\u00e7ki \u015ei\u015feleri"},"content":{"rendered":"<p>Cam i\u00e7ki \u015fi\u015feleri, modern m\u00fc\u015fterilerin \u00e7ekici buldu\u011fu kal\u0131c\u0131 bir estetik g\u00f6r\u00fcn\u00fcm yaratmak i\u00e7in p\u00fcr\u00fczs\u00fcz silindirik \u015fekli dar bir boyunla birle\u015ftiren tasar\u0131m\u0131yla sa\u011flam yap\u0131s\u0131n\u0131 sergiliyor. \u0130stedi\u011finiz marka kimli\u011fini olu\u015fturman\u0131za yard\u0131mc\u0131 olacak \u015feffaf ve buzlu y\u00fczeyler aras\u0131nda se\u00e7im yapabilirsiniz. \u00d6zel i\u00e7ki \u015fi\u015feleri, her d\u00f6k\u00fcmde g\u00fcvenli bir s\u0131zd\u0131rmazl\u0131k sa\u011flayan ah\u015fap veya al\u00fcminyum vidal\u0131 veya d\u00fcz kapaklarla birlikte gelir. \u00dcr\u00fcnler, viski, votka ve di\u011fer alkoll\u00fc i\u00e7ecek t\u00fcrlerinin saklanmas\u0131 i\u00e7in uygun olan 100 ml&#039;den 1000 ml&#039;ye kadar \u00e7e\u015fitli boyutlarda mevcuttur. \u015ei\u015felerimiz, yeni \u00fcr\u00fcnler sunmas\u0131 gereken dam\u0131tma tesisleri ve b\u00fcy\u00fck miktarlarda sat\u0131n almas\u0131 gereken t\u00fcccarlar i\u00e7in hem kalite hem de \u00e7ok y\u00f6nl\u00fc kullan\u0131m sa\u011flar.<\/p>\n<h2>\u00dcr\u00fcn \u00d6zellikleri<\/h2>\n<ul>\n<li><strong>\u00dcst\u00fcn Kalite Kaplama:<\/strong> \u015eeffaf ve kum p\u00fcsk\u00fcrtmeli y\u00fczey i\u015flemleri sunmak, markalar\u0131n g\u00f6rsel olarak daha \u00e7ekici g\u00f6r\u00fcnmelerini ve kimliklerini olu\u015fturmalar\u0131n\u0131 sa\u011flar.<\/li>\n<li><strong>G\u00fcvenli Kapan\u0131\u015f:<\/strong> Vidal\u0131 ve d\u00fcz kapak tipleri, ah\u015fap veya al\u00fcminyum kapaklarla birlikte kullan\u0131ld\u0131\u011f\u0131nda s\u0131zd\u0131rmazl\u0131k garantisi sunar.<\/li>\n<li><strong>Kal\u0131nla\u015ft\u0131r\u0131lm\u0131\u015f Taban Tasar\u0131m\u0131:<\/strong> G\u00fc\u00e7lendirilmi\u015f taban, \u00fcr\u00fcn\u00fcn daha a\u011f\u0131r ve daha stabil olmas\u0131na katk\u0131da bulunman\u0131n yan\u0131 s\u0131ra, raf g\u00f6r\u00fcn\u00fcm\u00fcn\u00fc ve y\u00fcksek kalite alg\u0131s\u0131n\u0131 da art\u0131rmaya yard\u0131mc\u0131 olur.<\/li>\n<\/ul>\n<h2>Temel \u00d6zellikler<\/h2>\n<table style=\"border-collapse: collapse; width: 80%; margin-left: auto; margin-right: auto;\" border=\"0\" width=\"144\" cellspacing=\"0\" cellpadding=\"0\">\n<tbody>\n<tr style=\"height: 13.50pt;\">\n<td style=\"height: 13.5pt; width: 54pt; text-align: center;\" width=\"72\" height=\"18\">Kategori<\/td>\n<td style=\"width: 54pt; text-align: center;\" width=\"72\">Detaylar<\/td>\n<\/tr>\n<tr style=\"height: 13.50pt;\">\n<td style=\"height: 13.5pt; text-align: center;\" height=\"18\">Kapasiteler<\/td>\n<td style=\"text-align: center;\">100, 200, 375, 500, 750, 1000 ml<\/td>\n<\/tr>\n<tr style=\"height: 13.50pt;\">\n<td style=\"height: 13.5pt; text-align: center;\" height=\"18\">Cam G\u00f6r\u00fcn\u00fcml\u00fc Kaplama<\/td>\n<td style=\"text-align: center;\">\u015eeffaf, Buzlu<\/td>\n<\/tr>\n<tr style=\"height: 13.50pt;\">\n<td style=\"height: 13.5pt; text-align: center;\" height=\"18\">Boyun Tipi<\/td>\n<td style=\"text-align: center;\">\u0130nce, Silindirik<\/td>\n<\/tr>\n<tr style=\"height: 13.50pt;\">\n<td style=\"height: 13.5pt; text-align: center;\" height=\"18\">Kapak Se\u00e7enekleri<\/td>\n<td style=\"text-align: center;\">Vidal\u0131 Kapak, D\u00fcz Kapak<\/td>\n<\/tr>\n<tr style=\"height: 13.50pt;\">\n<td style=\"height: 13.5pt; text-align: center;\" height=\"18\">Kapak Malzemeleri<\/td>\n<td style=\"text-align: center;\">Ah\u015fap, Al\u00fcminyum<\/td>\n<\/tr>\n<tr style=\"height: 13.50pt;\">\n<td style=\"height: 13.5pt; text-align: center;\" height=\"18\">Kullan\u0131m Senaryolar\u0131<\/td>\n<td style=\"text-align: center;\">Viski, Votka, Rom, Butik \u0130\u00e7kiler<\/td>\n<\/tr>\n<\/tbody>\n<\/table>\n<h2>Ba\u015far\u0131 Hikayesi<\/h2>\n<p>\u0130talya merkezli, \u00fcst d\u00fczey bir i\u00e7ki markas\u0131, yepyeni bir el yap\u0131m\u0131 i\u00e7ki serisi piyasaya s\u00fcrmeye haz\u0131rlan\u0131yordu; kar\u015f\u0131la\u015ft\u0131rmal\u0131 bir de\u011ferlendirmenin ard\u0131ndan, 750 ml&#039;lik buzlu cam i\u00e7ki \u015fi\u015felerimizi se\u00e7tiler. M\u00fc\u015fteri, do\u011fal ah\u015fap detaylar i\u00e7eren bir mantar t\u0131pa tercih etti ve nakliye s\u0131ras\u0131nda optimum s\u0131zd\u0131rmazl\u0131k performans\u0131n\u0131 korumak i\u00e7in \u00f6zel bir i\u00e7 t\u0131pa istedi. Minimalist bir esteti\u011fi koruyan \u00fcst d\u00fczey bir g\u00f6rsel tasar\u0131m olu\u015fturmak i\u00e7in serigrafi bask\u0131 ve kabartma tekniklerini birle\u015ftirdik.<\/p>\n<p>\u00dcr\u00fcn, piyasaya s\u00fcr\u00fcld\u00fckten sonraki ilk iki \u00e7eyrekte &#039;lik etkileyici bir sat\u0131\u015f b\u00fcy\u00fcmesi elde etti. Distrib\u00fct\u00f6rlerin olumlu geri bildirimleri ve m\u00fc\u015fterilerin \u00fcr\u00fcn\u00fc tekrar tekrar sat\u0131n almaya devam etmesi nedeniyle m\u00fc\u015fteri ek sipari\u015fler verdi.<\/p>\n<h2>\u00d6zelle\u015ftirme \u0130pu\u00e7lar\u0131<\/h2>\n<ol>\n<li><strong>Kapatma \u00d6zelle\u015ftirmesi:<\/strong> Kullan\u0131c\u0131lar, ah\u015fap \u00fcstl\u00fc mantar, sentetik t\u0131pa ve al\u00fcminyum vidal\u0131 kapak olmak \u00fczere \u00fc\u00e7 farkl\u0131 kapatma se\u00e7ene\u011fi aras\u0131ndan se\u00e7im yapabilirken, kapak \u015fekillerini ve renklerini de \u00f6zelle\u015ftirebilirler.<\/li>\n<li><strong>Logo ve Dekorasyon:<\/strong> Markala\u015fma, \u00e7ok katmanl\u0131 g\u00f6rsel efektler yaratan serigrafi, s\u0131cak bask\u0131, kabartma\/\u00e7ukur bask\u0131 ve etiket yap\u0131\u015ft\u0131rma y\u00f6ntemleriyle sa\u011flanabilir.<\/li>\n<li><strong>Kapasite De\u011fi\u015fiklikleri:<\/strong> \u015eirket, hem hediye setleri hem de \u00e7e\u015fitli sat\u0131\u015f kanallar\u0131 i\u00e7in 200 ml, 375 ml, 500 ml ve 700 ml dahil olmak \u00fczere birden fazla \u015fi\u015fe boyutu se\u00e7ene\u011fi sunmaktad\u0131r.<\/li>\n<\/ol>","protected":false},"excerpt":{"rendered":"<p>\u015eeffaf veya buzlu cam i\u00e7ki \u015fi\u015feleri. \u0130\u00e7ki ambalaj\u0131 i\u00e7in idealdir, fabrika do\u011frudan tedarikiyle \u00f6zel i\u00e7ki \u015fi\u015feleri, \u00fccretsiz numuneler, toplu sipari\u015fler.<\/p>","protected":false},"featured_media":6222,"template":"","meta":{"postBodyCss":"","postBodyMargin":[],"postBodyPadding":[],"postBodyBackground":{"backgroundType":"classic","gradient":""}},"product_brand":[],"product_cat":[108,15,16],"product_tag":[],"class_list":{"0":"post-6218","1":"product","2":"type-product","3":"status-publish","4":"has-post-thumbnail","6":"product_cat-liquor-bottles","7":"product_cat-glass-containers","8":"product_cat-glass-bottles","10":"first","11":"instock","12":"shipping-taxable","13":"product-type-simple"},"jetpack_sharing_enabled":true,"_links":{"self":[{"href":"https:\/\/minghanggroup.com\/tr\/wp-json\/wp\/v2\/product\/6218","targetHints":{"allow":["GET"]}}],"collection":[{"href":"https:\/\/minghanggroup.com\/tr\/wp-json\/wp\/v2\/product"}],"about":[{"href":"https:\/\/minghanggroup.com\/tr\/wp-json\/wp\/v2\/types\/product"}],"wp:featuredmedia":[{"embeddable":true,"href":"https:\/\/minghanggroup.com\/tr\/wp-json\/wp\/v2\/media\/6222"}],"wp:attachment":[{"href":"https:\/\/minghanggroup.com\/tr\/wp-json\/wp\/v2\/media?parent=6218"}],"wp:term":[{"taxonomy":"product_brand","embeddable":true,"href":"https:\/\/minghanggroup.com\/tr\/wp-json\/wp\/v2\/product_brand?post=6218"},{"taxonomy":"product_cat","embeddable":true,"href":"https:\/\/minghanggroup.com\/tr\/wp-json\/wp\/v2\/product_cat?post=6218"},{"taxonomy":"product_tag","embeddable":true,"href":"https:\/\/minghanggroup.com\/tr\/wp-json\/wp\/v2\/product_tag?post=6218"}],"curies":[{"name":"wp","href":"https:\/\/api.w.org\/{rel}","templated":true}]}}