{"id":6216,"date":"2026-04-07T09:09:06","date_gmt":"2026-04-07T01:09:06","guid":{"rendered":"https:\/\/minghanggroup.com\/?post_type=product&#038;p=6216"},"modified":"2026-04-07T16:38:05","modified_gmt":"2026-04-07T08:38:05","slug":"square-empty-liquor-bottles-wholesale","status":"publish","type":"product","link":"https:\/\/minghanggroup.com\/tr\/urun\/square-empty-liquor-bottles-wholesale\/","title":{"rendered":"250 ml 500 ml Kare Bo\u015f \u0130\u00e7ki \u015ei\u015feleri Toptan Sat\u0131\u015f\u0131"},"content":{"rendered":"<p>Bo\u015f i\u00e7ki \u015fi\u015feleri, ultra \u015feffaf cam kullan\u0131larak \u00fcretilmi\u015f modern kare bir tasar\u0131ma sahiptir. Kare \u015fi\u015feler, iki farkl\u0131 boyutta ve her \u015fi\u015feyle birlikte gelen \u015feffaf cam bir t\u0131pa ile sunulmaktad\u0131r.<\/p>\n<h2>\u00dcr\u00fcn \u00d6zellikleri<\/h2>\n<ul>\n<li><strong>Kare S\u00fctun Tasar\u0131m\u0131:<\/strong> Tasar\u0131m \u00f6\u011fesi, sa\u011flaml\u0131k sa\u011flayan ve kolay kullan\u0131m imkan\u0131 sunan, ayn\u0131 zamanda minimalist prensiplere uygun \u00e7a\u011fda\u015f bir tasar\u0131m sunan, yuvarlak k\u00f6\u015feli kare bir \u015fekle sahiptir.<\/li>\n<li><strong>Kal\u0131n Cam:<\/strong> Kal\u0131n camdan \u00fcretilen bu cam \u015fi\u015fe, i\u00e7indeki i\u00e7ece\u011fin g\u00f6r\u00fcn\u00fcrl\u00fc\u011f\u00fcn\u00fc art\u0131r\u0131rken, ayn\u0131 zamanda y\u00fcksek kaliteli ve dayan\u0131kl\u0131 yap\u0131s\u0131n\u0131 da koruyor.<\/li>\n<li><strong>Birden Fazla Boyut Mevcuttur:<\/strong> \u00dcr\u00fcn, kullan\u0131c\u0131lara farkl\u0131 \u015farap yeniden paketleme kapasiteleri aras\u0131nda se\u00e7im yapma olana\u011f\u0131 sa\u011flayan iki farkl\u0131 boyut se\u00e7ene\u011fi sunmaktad\u0131r.<\/li>\n<\/ul>\n<h2 style=\"text-align: left;\">Temel \u00d6zellikler<\/h2>\n<table class=\"aligncenter\" style=\"border-collapse: collapse; width: 384.77pt;\" border=\"0\" width=\"513\" cellspacing=\"0\" cellpadding=\"0\">\n<tbody>\n<tr style=\"height: 13.50pt;\">\n<td style=\"height: 13.50pt; width: 142.50pt;\" width=\"190\" height=\"18\">\u015eartname<\/td>\n<td style=\"width: 242.25pt;\" width=\"323\">Detaylar<\/td>\n<\/tr>\n<tr style=\"height: 13.50pt;\">\n<td style=\"height: 13.50pt;\" height=\"18\">Boyutlar ve Kapasite<\/td>\n<td>250 ml: 7,5 \u00d7 12 cm, 500 ml: 9,4 \u00d7 14,3 cm<\/td>\n<\/tr>\n<tr style=\"height: 13.50pt;\">\n<td style=\"height: 13.50pt;\" height=\"18\">Malzeme<\/td>\n<td>\u015eeffaf, Kal\u0131n Duvarl\u0131 Cam<\/td>\n<\/tr>\n<tr style=\"height: 13.50pt;\">\n<td style=\"height: 13.50pt;\" height=\"18\">\u015ei\u015fe \u015eekli<\/td>\n<td>Yuvarlak K\u00f6\u015feli D\u00fcz Kare Prizma<\/td>\n<\/tr>\n<tr style=\"height: 13.50pt;\">\n<td style=\"height: 13.50pt;\" height=\"18\">\u00d6zelle\u015ftirme Kapsam\u0131<\/td>\n<td>Renk, \u015eekil, Kapaklar, Boyut<\/td>\n<\/tr>\n<tr style=\"height: 13.50pt;\">\n<td style=\"height: 13.50pt;\" height=\"18\">\u0130\u015f\u00e7ilik<\/td>\n<td>Kal\u0131n Duvarl\u0131 Cam \u015eekillendirme<\/td>\n<\/tr>\n<tr style=\"height: 13.50pt;\">\n<td style=\"height: 13.50pt;\" height=\"18\">\u00dcr\u00fcn Amac\u0131<\/td>\n<td>El Yap\u0131m\u0131 Alkoll\u00fc \u0130\u00e7ecekler, Aromal\u0131 Lik\u00f6r \u015ei\u015feleri<\/td>\n<\/tr>\n<tr style=\"height: 13.50pt;\">\n<td style=\"height: 13.50pt;\" height=\"18\">Uygun Sekt\u00f6rler<\/td>\n<td>Butik \u015earap \u00dcreticileri, El Yap\u0131m\u0131 Dam\u0131t\u0131m Tesisleri<\/td>\n<\/tr>\n<\/tbody>\n<\/table>\n<h2>Ba\u015far\u0131 Hikayesi<\/h2>\n<p>Oregon merkezli butik bira \u00fcreticisi, \u00f6zel kum p\u00fcsk\u00fcrtmeli \u00f6n etiket paneli ve do\u011fal mantar t\u0131pas\u0131yla birlikte 500 ml&#039;lik kare i\u00e7ki \u015fi\u015femizi sipari\u015f etti. Yo\u011fun cam dokusu, \u015fi\u015fe ba\u015f\u0131na 5 dolarl\u0131k fiyat art\u0131\u015f\u0131n\u0131 hakl\u0131 \u00e7\u0131karan etkileyici bir \u00fcr\u00fcn ortaya \u00e7\u0131kard\u0131; \u00fcr\u00fcn\u00fcn benzersiz kare \u015fekli ise ma\u011faza raflar\u0131ndaki marka g\u00f6r\u00fcn\u00fcrl\u00fc\u011f\u00fcn\u00fc art\u0131rd\u0131. \u015eirket, ba\u015far\u0131l\u0131 deneyimi nedeniyle 500.000 \u015fi\u015felik ba\u015fka bir sipari\u015f daha verdi.<\/p>\n<h2>Bo\u015f \u0130\u00e7ki \u015ei\u015feleri \u00d6zelle\u015ftirme Se\u00e7enekleri<\/h2>\n<ul>\n<li>Kapak Se\u00e7enekleri: \u00dcr\u00fcn, do\u011fal mantar ve sentetik mantar olmak \u00fczere \u00fc\u00e7 farkl\u0131 kapak se\u00e7ene\u011fi sunmaktad\u0131r.<\/li>\n<li>Boyut Varyasyonlar\u0131: Kare \u015fi\u015fe, kullan\u0131c\u0131lar\u0131n \u00fcr\u00fcn ihtiya\u00e7lar\u0131na ve te\u015fhir gereksinimlerine uygun olarak y\u00fcksekli\u011fini ve geni\u015fli\u011fini de\u011fi\u015ftirmelerine olanak tan\u0131yan iki boyut se\u00e7ene\u011fi sunar.<\/li>\n<li>Kurcalamaya Kar\u015f\u0131 Koruma: B\u00fczg\u00fcl\u00fc film ve balmumu m\u00fchr\u00fcn\u00fcn birle\u015fimi, g\u00fcvenlik korumas\u0131 sa\u011flayan kurcalamaya kar\u015f\u0131 dayan\u0131kl\u0131 bir sistem olu\u015fturur.<\/li>\n<\/ul>","protected":false},"excerpt":{"rendered":"<p>Kal\u0131n caml\u0131 ve t\u0131pal\u0131, \u015feffaf kare tasar\u0131ml\u0131 bo\u015f i\u00e7ki \u015fi\u015feleri. Viski veya votka i\u00e7in ideal kare i\u00e7ki \u015fi\u015fesi. D\u00fcnya \u00e7ap\u0131nda h\u0131zl\u0131 kargo.<\/p>","protected":false},"featured_media":6224,"template":"","meta":{"postBodyCss":"","postBodyMargin":[],"postBodyPadding":[],"postBodyBackground":{"backgroundType":"classic","gradient":""}},"product_brand":[],"product_cat":[108,15,16],"product_tag":[],"class_list":{"0":"post-6216","1":"product","2":"type-product","3":"status-publish","4":"has-post-thumbnail","6":"product_cat-liquor-bottles","7":"product_cat-glass-containers","8":"product_cat-glass-bottles","10":"first","11":"instock","12":"shipping-taxable","13":"product-type-simple"},"jetpack_sharing_enabled":true,"_links":{"self":[{"href":"https:\/\/minghanggroup.com\/tr\/wp-json\/wp\/v2\/product\/6216","targetHints":{"allow":["GET"]}}],"collection":[{"href":"https:\/\/minghanggroup.com\/tr\/wp-json\/wp\/v2\/product"}],"about":[{"href":"https:\/\/minghanggroup.com\/tr\/wp-json\/wp\/v2\/types\/product"}],"wp:featuredmedia":[{"embeddable":true,"href":"https:\/\/minghanggroup.com\/tr\/wp-json\/wp\/v2\/media\/6224"}],"wp:attachment":[{"href":"https:\/\/minghanggroup.com\/tr\/wp-json\/wp\/v2\/media?parent=6216"}],"wp:term":[{"taxonomy":"product_brand","embeddable":true,"href":"https:\/\/minghanggroup.com\/tr\/wp-json\/wp\/v2\/product_brand?post=6216"},{"taxonomy":"product_cat","embeddable":true,"href":"https:\/\/minghanggroup.com\/tr\/wp-json\/wp\/v2\/product_cat?post=6216"},{"taxonomy":"product_tag","embeddable":true,"href":"https:\/\/minghanggroup.com\/tr\/wp-json\/wp\/v2\/product_tag?post=6216"}],"curies":[{"name":"wp","href":"https:\/\/api.w.org\/{rel}","templated":true}]}}