{"id":6205,"date":"2026-04-06T11:21:24","date_gmt":"2026-04-06T03:21:24","guid":{"rendered":"https:\/\/minghanggroup.com\/?post_type=product&#038;p=6205"},"modified":"2026-04-14T13:21:57","modified_gmt":"2026-04-14T05:21:57","slug":"decorative-tall-glass-vases-for-display-wholesale","status":"publish","type":"product","link":"https:\/\/minghanggroup.com\/tr\/urun\/decorative-tall-glass-vases-for-display-wholesale\/","title":{"rendered":"Dekoratif Uzun Cam Vazolar (Toptan Sat\u0131\u015f)"},"content":{"rendered":"<p>Her bir uzun cam vazonun tasar\u0131m\u0131, do\u011fal s\u0131cakl\u0131k ve \u00e7a\u011fda\u015f \u015feffafl\u0131k aras\u0131nda bir denge olu\u015fturan ah\u015fap bir tabana ba\u011flanan \u015feffaf silindirik bir g\u00f6vdeden olu\u015fmaktad\u0131r. Se\u00e7enekler aras\u0131nda p\u00fcr\u00fczs\u00fcz kristal berrakl\u0131\u011f\u0131nda cam ve su seviyesini ve \u00e7i\u00e7ek desenlerini g\u00f6rmeyi sa\u011flayan narin dokulu cam olmak \u00fczere iki cam se\u00e7ene\u011fi bulunmaktad\u0131r. 10 cm geni\u015fli\u011findeki a\u011f\u0131z ve sa\u011flam ah\u015fap taban, masa, tezgah ve raflar i\u00e7in g\u00fcvenli yerle\u015ftirme se\u00e7enekleri sunmaktad\u0131r. \u00dcr\u00fcn, butiklerde, kafelerde, d\u00fc\u011f\u00fcnlerde ve minimalist ev ortamlar\u0131nda kullan\u0131m i\u00e7in ideal bir se\u00e7imdir.<\/p>\n<h2>\u00dcr\u00fcn \u00d6zellikleri<\/h2>\n<ul>\n<li><strong>Zamans\u0131z Tasar\u0131m:<\/strong> Temiz silindir sil\u00fceti + do\u011fal ah\u015fap taban = an\u0131nda estetik g\u00f6r\u00fcn\u00fcm.<\/li>\n<li><strong>\u00c7ok Y\u00f6nl\u00fc G\u00f6r\u00fcn\u00fcrl\u00fck:<\/strong> \u015eeffaf cam, \u00e7i\u00e7ek detaylar\u0131n\u0131 sergilerken; dokulu \u00e7e\u015fitler derinlik ve karakter kat\u0131yor.<\/li>\n<li><strong>Kaya Gibi Sa\u011flam Denge:<\/strong> Ah\u015fap taban devrilmeyi \u00f6nler, yo\u011fun trafi\u011fe sahip alanlar veya d\u0131\u015f mekan masalar\u0131 i\u00e7in idealdir.<\/li>\n<\/ul>\n<h2>Temel \u00d6zellikler<\/h2>\n<table style=\"border-collapse: collapse; width: 80%; margin-left: auto; margin-right: auto;\" border=\"0\" width=\"144\" cellspacing=\"0\" cellpadding=\"0\">\n<tbody>\n<tr style=\"height: 13.50pt;\">\n<td style=\"height: 13.5pt; width: 54pt; text-align: center;\" width=\"72\" height=\"18\">Kategori<\/td>\n<td style=\"width: 54pt; text-align: center;\" width=\"72\">Detaylar<\/td>\n<\/tr>\n<tr style=\"height: 13.50pt;\">\n<td style=\"height: 13.5pt; text-align: center;\" height=\"18\">Y\u00fckseklik<\/td>\n<td style=\"text-align: center;\">20 cm \/ 25 cm<\/td>\n<\/tr>\n<tr style=\"height: 13.50pt;\">\n<td style=\"height: 13.5pt; text-align: center;\" height=\"18\">\u00a0\u00c7ap<\/td>\n<td style=\"text-align: center;\">10 cm<\/td>\n<\/tr>\n<tr style=\"height: 13.50pt;\">\n<td style=\"height: 13.5pt; text-align: center;\" height=\"18\">Cam T\u00fcr\u00fc<\/td>\n<td style=\"text-align: center;\">\u015eeffaf veya Dokulu<\/td>\n<\/tr>\n<tr style=\"height: 13.50pt;\">\n<td style=\"height: 13.5pt; text-align: center;\" height=\"18\">Temel Malzeme<\/td>\n<td style=\"text-align: center;\">Masif Ah\u015fap (Do\u011fal Kaplama)<\/td>\n<\/tr>\n<tr style=\"height: 13.50pt;\">\n<td style=\"height: 13.5pt; text-align: center;\" height=\"18\">Renkler<\/td>\n<td style=\"text-align: center;\">\u015eeffaf, \u0130ste\u011fe \u00d6zel<\/td>\n<\/tr>\n<tr style=\"height: 13.50pt;\">\n<td style=\"height: 13.5pt; text-align: center;\" height=\"18\">Kullan\u0131m<\/td>\n<td style=\"text-align: center;\">\u00c7i\u00e7ek Aranjmanlar\u0131, Dekoratif Dolgu Malzemeleri<\/td>\n<\/tr>\n<\/tbody>\n<\/table>\n<h2>Ba\u015far\u0131 Hikayesi<\/h2>\n<p>\u0130sve\u00e7li bir butik ev dekorasyon markas\u0131, tasar\u0131m tercihi olarak uzun cam vazolar\u0131m\u0131zdan birini se\u00e7ti. M\u00fc\u015fteri, \u00fcr\u00fcn yelpazesini geni\u015fletmek i\u00e7in &#034;y\u00fcksek berrakl\u0131k&#034; ve &#034;ince doku&#034; olmak \u00fczere iki farkl\u0131 y\u00fczey kaplamas\u0131 se\u00e7ti. Vazoyu olu\u015fturan ah\u015fap taban, koyu ceviz ve a\u00e7\u0131k me\u015fe olmak \u00fczere iki se\u00e7enekle sunulan benzersiz bir tasar\u0131ma sahip ve m\u00fc\u015fteri, marka logosunu tabana zarif bir lazer grav\u00fcr y\u00f6ntemiyle eklemeyi tercih etti. \u00dcr\u00fcn, piyasaya s\u00fcr\u00fclmesinin ard\u0131ndan ilk sat\u0131\u015f \u00e7eyre\u011finde &#039;lik bir sat\u0131\u015f b\u00fcy\u00fcmesi kaydetti. Olumlu m\u00fc\u015fteri geri bildirimleri ve g\u00fc\u00e7l\u00fc pazar talebi sonu\u00e7lar\u0131n\u0131n ard\u0131ndan m\u00fc\u015fteri, \u00fc\u00e7 ayl\u0131k toplu sipari\u015fler i\u00e7in d\u00fczenli bir program olu\u015fturdu.<\/p>\n<h2>\u00d6zelle\u015ftirme \u0130pu\u00e7lar\u0131<\/h2>\n<ol>\n<li><strong>Ah\u015fap Taban Malzemesi:<\/strong> Ceviz, me\u015fe veya bambu se\u00e7eneklerinden birini tercih edin; do\u011fal, koyu renkli veya mat lake kaplama se\u00e7enekleri mevcuttur.<\/li>\n<li><strong>S\u00f6k\u00fclebilir Yap\u0131:<\/strong> Temizleme, paketleme ve de\u011fi\u015fim i\u015flemlerini kolayla\u015ft\u0131rmak i\u00e7in cam t\u00fcp\u00fc ve ah\u015fap taban\u0131 ayr\u0131 bile\u015fenler olarak tasarlay\u0131n.<\/li>\n<li><strong>Logo Markala\u015fmas\u0131:<\/strong> Ah\u015fap taban tasar\u0131m\u0131, sade ama y\u00fcksek kaliteli bir marka sergilemesi i\u00e7in lazer grav\u00fcr veya s\u0131cak bask\u0131 y\u00f6ntemiyle i\u015flenmelidir.<\/li>\n<\/ol>","protected":false},"excerpt":{"rendered":"<p>Tek sapl\u0131 \u00e7i\u00e7ekler i\u00e7in ah\u015fap tabanl\u0131 modern uzun cam vazo. Ev veya perakende sat\u0131\u015f i\u00e7in dekoratif cam vazolar, do\u011frudan fabrikadan sat\u0131\u015f, \u00fccretsiz numuneler, toplu sipari\u015f se\u00e7enekleri mevcuttur.<\/p>","protected":false},"featured_media":6209,"template":"","meta":{"postBodyCss":"","postBodyMargin":[],"postBodyPadding":[],"postBodyBackground":{"backgroundType":"classic","gradient":""}},"product_brand":[],"product_cat":[107,15,16],"product_tag":[],"class_list":{"0":"post-6205","1":"product","2":"type-product","3":"status-publish","4":"has-post-thumbnail","6":"product_cat-glass-bud-vases","7":"product_cat-glass-containers","8":"product_cat-glass-bottles","10":"first","11":"instock","12":"shipping-taxable","13":"product-type-simple"},"jetpack_sharing_enabled":true,"_links":{"self":[{"href":"https:\/\/minghanggroup.com\/tr\/wp-json\/wp\/v2\/product\/6205","targetHints":{"allow":["GET"]}}],"collection":[{"href":"https:\/\/minghanggroup.com\/tr\/wp-json\/wp\/v2\/product"}],"about":[{"href":"https:\/\/minghanggroup.com\/tr\/wp-json\/wp\/v2\/types\/product"}],"wp:featuredmedia":[{"embeddable":true,"href":"https:\/\/minghanggroup.com\/tr\/wp-json\/wp\/v2\/media\/6209"}],"wp:attachment":[{"href":"https:\/\/minghanggroup.com\/tr\/wp-json\/wp\/v2\/media?parent=6205"}],"wp:term":[{"taxonomy":"product_brand","embeddable":true,"href":"https:\/\/minghanggroup.com\/tr\/wp-json\/wp\/v2\/product_brand?post=6205"},{"taxonomy":"product_cat","embeddable":true,"href":"https:\/\/minghanggroup.com\/tr\/wp-json\/wp\/v2\/product_cat?post=6205"},{"taxonomy":"product_tag","embeddable":true,"href":"https:\/\/minghanggroup.com\/tr\/wp-json\/wp\/v2\/product_tag?post=6205"}],"curies":[{"name":"wp","href":"https:\/\/api.w.org\/{rel}","templated":true}]}}