{"id":6204,"date":"2026-04-06T10:12:26","date_gmt":"2026-04-06T02:12:26","guid":{"rendered":"https:\/\/minghanggroup.com\/?post_type=product&#038;p=6204"},"modified":"2026-04-06T13:23:17","modified_gmt":"2026-04-06T05:23:17","slug":"square-transparent-flower-vases-wholesale","status":"publish","type":"product","link":"https:\/\/minghanggroup.com\/tr\/urun\/square-transparent-flower-vases-wholesale\/","title":{"rendered":"750 ml, 800 ml, 1100 ml Kare \u015eeffaf \u00c7i\u00e7ek Vazolar\u0131 Toptan Sat\u0131\u015f"},"content":{"rendered":"<p>Bu kare cam vazolar, sanat\u00e7\u0131lar\u0131n kristal berrakl\u0131\u011f\u0131nda cam kullanarak tasarlad\u0131\u011f\u0131 ve g\u00f6vdesinde derin dikey oluklar bulunan kare \u015fekilleriyle modern bir tasar\u0131m sergiliyor. \u00dcr\u00fcn d\u00f6rt farkl\u0131 boyutta mevcuttur.<\/p>\n<h2>\u00dcr\u00fcn \u00d6zellikleri<\/h2>\n<ul>\n<li><strong>Basit Kare S\u00fctun:<\/strong> Keskin, geometrik kare \u015fekli, \u00e7a\u011fda\u015f mekanlar\u0131 m\u00fckemmel bir \u015fekilde tamamlayan modern bir mimari sil\u00fcet olu\u015fturuyor.<\/li>\n<li><strong>Tam Kapsaml\u0131 Dikey \u015eeritler:<\/strong> Nesnenin t\u00fcm kenarlar\u0131na uzanan derin dikey nerv\u00fcrler, ek g\u00fc\u00e7 sa\u011flarken ve \u00e7arp\u0131c\u0131 \u0131\u015f\u0131k ve g\u00f6lge efektleri \u00fcretirken, ayn\u0131 zamanda \u00e7ekici bir g\u00f6rsel desen olu\u015fturur.<\/li>\n<li><strong>Sa\u011flam, Yuvarlak Taban:<\/strong> Kal\u0131n ve yuvarlak \u015fekilli cam taban, \u00fcst\u00fcn denge sa\u011flarken ayn\u0131 zamanda \u015f\u0131k bir g\u00f6r\u00fcn\u00fcm de yarat\u0131yor.<\/li>\n<\/ul>\n<h2 style=\"text-align: left;\">Temel \u00d6zellikler<\/h2>\n<table class=\"aligncenter\" style=\"border-collapse: collapse; width: 445.52pt;\" border=\"0\" width=\"594\" cellspacing=\"0\" cellpadding=\"0\">\n<tbody>\n<tr style=\"height: 13.50pt;\">\n<td style=\"height: 13.50pt; width: 119.25pt;\" width=\"159\" height=\"18\">Ba\u011flanmak<\/td>\n<td style=\"width: 326.25pt;\" width=\"435\">Detaylar<\/td>\n<\/tr>\n<tr style=\"height: 13.50pt;\">\n<td style=\"height: 13.50pt;\" height=\"18\">Boyut (Y) ve Kapasite<\/td>\n<td>10\u00d710cm (750ml), 10\u00d712cm (800ml), 10\u00d715cm (1100ml)<\/td>\n<\/tr>\n<tr style=\"height: 13.50pt;\">\n<td style=\"height: 13.50pt;\" height=\"18\">Malzeme<\/td>\n<td>\u015eeffaf cam<\/td>\n<\/tr>\n<tr style=\"height: 13.50pt;\">\n<td style=\"height: 13.50pt;\" height=\"18\">Vazo \u015eekli<\/td>\n<td>Dikey nerv\u00fcrl\u00fc kare kolon<\/td>\n<\/tr>\n<tr style=\"height: 13.50pt;\">\n<td style=\"height: 13.50pt;\" height=\"18\">\u00d6zelle\u015ftirme Aral\u0131\u011f\u0131<\/td>\n<td>Renk, kaburga geni\u015fli\u011fi\/derinli\u011fi, boyut, \u015fekil<\/td>\n<\/tr>\n<tr style=\"height: 13.50pt;\">\n<td style=\"height: 13.50pt;\" height=\"18\">\u0130\u015f\u00e7ilik<\/td>\n<td>Y\u00fcksek kaliteli kal\u0131planm\u0131\u015f cam, hassas kare \u015fekillendirme<\/td>\n<\/tr>\n<tr style=\"height: 13.50pt;\">\n<td style=\"height: 13.50pt;\" height=\"18\">Birincil Kullan\u0131m<\/td>\n<td>\u00c7i\u00e7ek aranjmanlar\u0131 i\u00e7in modern \u015feffaf \u00e7i\u00e7ek vazosu<\/td>\n<\/tr>\n<tr style=\"height: 13.50pt;\">\n<td style=\"height: 13.50pt;\" height=\"18\">Hedef Sekt\u00f6rler<\/td>\n<td>Ev dekorasyon perakendecileri, modern \u00e7i\u00e7ek\u00e7iler<\/td>\n<\/tr>\n<\/tbody>\n<\/table>\n<h2>Ba\u015far\u0131 \u00d6yk\u00fcs\u00fc: L\u00fcks Bir Otel Markas\u0131 \u0130\u00e7in \u0130konik Lobi Sergisi<\/h2>\n<p>K\u00fcresel l\u00fcks otel markas\u0131, a\u00e7\u0131k dumanl\u0131 gri renk ve kum p\u00fcsk\u00fcrtmeli logo taban tasar\u0131m\u0131 se\u00e7erek \u00f6zelle\u015ftirdikleri, kare oluklu \u015feffaf bir \u00e7i\u00e7ek vazosu \u00fcretmemizi istedi. Vazo tasar\u0131m\u0131, ilk lansman s\u0131ras\u0131nda &#034;modern vazo&#034; kategorisindeki \u00e7evrimi\u00e7i sat\u0131\u015flarda 0&#039;l\u00fck bir art\u0131\u015fa ve ilk \u00e7eyrekte &#039;lik bir sat\u0131\u015f oran\u0131na yol a\u00e7t\u0131. Marka o kadar b\u00fcy\u00fck bir ba\u015far\u0131 elde etti ki, yeni otelini ve \u00f6zel \u00e7evrimi\u00e7i ev koleksiyonunu desteklemek i\u00e7in 480.000 vazo i\u00e7in ek sipari\u015f verdi.<\/p>\n<h2>Kare Cam Vazolar \u0130\u00e7in \u00d6zelle\u015ftirme Se\u00e7enekleri<\/h2>\n<ul>\n<li>Oluklu Doku: Oluk desenleri, yatay oluklar, elmas desenli kapitone ve p\u00fcr\u00fczs\u00fcz cilal\u0131 y\u00fczey dahil olmak \u00fczere birden fazla tasar\u0131m se\u00e7ene\u011fi sunar.<\/li>\n<li>Sap Detaylar\u0131: Mevcut sap detaylar\u0131 aras\u0131nda p\u00fcr\u00fczs\u00fcz cilal\u0131 bir sap, e\u011fimli kenarlar ve zarif metal kakmalar bulunmaktad\u0131r.<\/li>\n<li>Taban \u00d6zelle\u015ftirme: Taban, ke\u00e7e pedler, girintili tabanlar ve dekoratif oyma desenleri eklenerek \u00f6zelle\u015ftirilebilir.<\/li>\n<\/ul>","protected":false},"excerpt":{"rendered":"<p>Dikey dokulu tasar\u0131ma sahip zarif kare cam vazolar. Ev dekorasyonu ve etkinlikler i\u00e7in ideal \u015feffaf \u00e7i\u00e7ek vazosu. D\u00fcnya \u00e7ap\u0131nda h\u0131zl\u0131 kargo mevcuttur.<\/p>","protected":false},"featured_media":6212,"template":"","meta":{"postBodyCss":"","postBodyMargin":[],"postBodyPadding":[],"postBodyBackground":{"backgroundType":"classic","gradient":""}},"product_brand":[],"product_cat":[107,15,16],"product_tag":[],"class_list":{"0":"post-6204","1":"product","2":"type-product","3":"status-publish","4":"has-post-thumbnail","6":"product_cat-glass-bud-vases","7":"product_cat-glass-containers","8":"product_cat-glass-bottles","10":"first","11":"instock","12":"shipping-taxable","13":"product-type-simple"},"jetpack_sharing_enabled":true,"_links":{"self":[{"href":"https:\/\/minghanggroup.com\/tr\/wp-json\/wp\/v2\/product\/6204","targetHints":{"allow":["GET"]}}],"collection":[{"href":"https:\/\/minghanggroup.com\/tr\/wp-json\/wp\/v2\/product"}],"about":[{"href":"https:\/\/minghanggroup.com\/tr\/wp-json\/wp\/v2\/types\/product"}],"wp:featuredmedia":[{"embeddable":true,"href":"https:\/\/minghanggroup.com\/tr\/wp-json\/wp\/v2\/media\/6212"}],"wp:attachment":[{"href":"https:\/\/minghanggroup.com\/tr\/wp-json\/wp\/v2\/media?parent=6204"}],"wp:term":[{"taxonomy":"product_brand","embeddable":true,"href":"https:\/\/minghanggroup.com\/tr\/wp-json\/wp\/v2\/product_brand?post=6204"},{"taxonomy":"product_cat","embeddable":true,"href":"https:\/\/minghanggroup.com\/tr\/wp-json\/wp\/v2\/product_cat?post=6204"},{"taxonomy":"product_tag","embeddable":true,"href":"https:\/\/minghanggroup.com\/tr\/wp-json\/wp\/v2\/product_tag?post=6204"}],"curies":[{"name":"wp","href":"https:\/\/api.w.org\/{rel}","templated":true}]}}