{"id":6199,"date":"2026-04-06T09:49:49","date_gmt":"2026-04-06T01:49:49","guid":{"rendered":"https:\/\/minghanggroup.com\/?post_type=product&#038;p=6199"},"modified":"2026-04-06T10:11:21","modified_gmt":"2026-04-06T02:11:21","slug":"clear-small-glass-cylinder-vases-with-cork-bulk","status":"publish","type":"product","link":"https:\/\/minghanggroup.com\/tr\/urun\/clear-small-glass-cylinder-vases-with-cork-bulk\/","title":{"rendered":"250 ml, 300 ml, 400 ml \u015eeffaf K\u00fc\u00e7\u00fck Cam Silindir Vazolar (Mantarl\u0131)"},"content":{"rendered":"<p>Silindir \u015feklindeki cam vazolar, ultra \u015feffaf y\u00fcksek kaliteli cam malzemeler kullan\u0131larak \u00fcretilen d\u00fcz kenarl\u0131 cam yap\u0131s\u0131yla tasar\u0131mlar\u0131n\u0131 eksiksiz bir \u015fekilde sergiliyor. Silindir vazolar, tek \u00e7i\u00e7ek veya bitki fidelerini sergilemeye olanak tan\u0131yan \u00f6nceden delinmi\u015f orta deli\u011fe sahip do\u011fal bir mantar t\u0131pa i\u00e7eriyor.<\/p>\n<h2>\u00dcr\u00fcn \u00d6zellikleri<\/h2>\n<ul>\n<li><strong>Ortas\u0131nda delik bulunan mantar kapak:<\/strong> Ortas\u0131nda delik bulunan do\u011fal mantar kapak, \u015fi\u015fenin sap\u0131n\u0131 destekler, \u015fi\u015fe d\u00fczenleyici g\u00f6revi g\u00f6r\u00fcr ve do\u011fal bir dokunu\u015f katar.<\/li>\n<li><strong>Kristal Berrak Silindir:<\/strong> D\u00fcz duvarl\u0131 cam, y\u00fcksek \u015feffafl\u0131k \u00f6zelli\u011fine sahip oldu\u011fu i\u00e7in insanlar\u0131n cam\u0131n i\u00e7inden g\u00f6vdeyi, suyu ve k\u00f6kleri g\u00f6rmelerini sa\u011flar.<\/li>\n<li><strong>\u00dc\u00e7 Farkl\u0131 Kapasite:<\/strong> K\u00fc\u00e7\u00fck, orta ve b\u00fcy\u00fck boy se\u00e7enekleri (s\u0131ras\u0131yla 250 ml, 300 ml ve 400 ml) farkl\u0131 sunumlar olu\u015fturmak i\u00e7in \u00e7e\u015fitli se\u00e7enekler sunar ve ek sunum se\u00e7enekleri i\u00e7in geni\u015fletilebilir.<\/li>\n<\/ul>\n<h2 style=\"text-align: left;\">Temel \u00d6zellikler<\/h2>\n<table class=\"aligncenter\" style=\"border-collapse: collapse; width: 496.52pt;\" border=\"0\" width=\"662\" cellspacing=\"0\" cellpadding=\"0\">\n<tbody>\n<tr style=\"height: 13.50pt;\">\n<td style=\"height: 13.50pt; width: 132.75pt;\" width=\"177\" height=\"18\">Ba\u011flanmak<\/td>\n<td style=\"width: 363.75pt;\" width=\"485\">Detaylar<\/td>\n<\/tr>\n<tr style=\"height: 13.50pt;\">\n<td style=\"height: 13.50pt;\" height=\"18\">Boyutlar ve Kapasite<\/td>\n<td>6,5 cm \u00d7 10 cm (250 ml), 6,5 cm \u00d7 12 cm (300 ml), 6,5 cm \u00d7 15 cm (400 ml)<\/td>\n<\/tr>\n<tr style=\"height: 13.50pt;\">\n<td style=\"height: 13.50pt;\" height=\"18\">Malzeme<\/td>\n<td>\u015eeffaf cam, do\u011fal mantar<\/td>\n<\/tr>\n<tr style=\"height: 13.50pt;\">\n<td style=\"height: 13.50pt;\" height=\"18\">Vazo \u015eekli<\/td>\n<td>Mantar t\u0131pal\u0131 d\u00fcz silindir<\/td>\n<\/tr>\n<tr style=\"height: 13.50pt;\">\n<td style=\"height: 13.50pt;\" height=\"18\">\u00d6zelle\u015ftirme Aral\u0131\u011f\u0131<\/td>\n<td>Renk, mantar, y\u00fczey, boyut, \u015fekil<\/td>\n<\/tr>\n<tr style=\"height: 13.50pt;\">\n<td style=\"height: 13.50pt;\" height=\"18\">\u0130\u015f\u00e7ilik<\/td>\n<td>Y\u00fcksek kaliteli kal\u0131planm\u0131\u015f veya \u00fcfleme cam<\/td>\n<\/tr>\n<tr style=\"height: 13.50pt;\">\n<td style=\"height: 13.50pt;\" height=\"18\">Birincil Kullan\u0131m<\/td>\n<td>Tek sapl\u0131 \u00e7i\u00e7ekler i\u00e7in minimalist k\u00fc\u00e7\u00fck \u00e7i\u00e7ek vazosu<\/td>\n<\/tr>\n<tr style=\"height: 13.50pt;\">\n<td style=\"height: 13.50pt;\" height=\"18\">Hedef Sekt\u00f6rler<\/td>\n<td>\u00c7i\u00e7ek\u00e7iler, ev dekorasyon \u00fcr\u00fcnleri perakendecileri<\/td>\n<\/tr>\n<\/tbody>\n<\/table>\n<h2>Ba\u015far\u0131 \u00d6yk\u00fcs\u00fc: Ulusal Bir Ev ve Hediyelik E\u015fya Perakendecisinden \u00d6zel Sipari\u015f<\/h2>\n<p>Amerika&#039;daki b\u00fcy\u00fck bir ev dekorasyon zinciri, dumanl\u0131 gri cam g\u00f6vdesini ve mantar t\u0131pas\u0131n\u0131 lazerle i\u015flenmi\u015f yaprak deseni i\u00e7erecek \u015fekilde de\u011fi\u015ftirerek tasarlad\u0131klar\u0131 k\u00fc\u00e7\u00fck \u00e7i\u00e7ek vazosu modelimizi se\u00e7ti. Sonu\u00e7lar ola\u011fan\u00fcst\u00fc bir ba\u015far\u0131 g\u00f6sterdi \u00e7\u00fcnk\u00fc minimalist tasar\u0131m, \u00fcr\u00fcn lansman\u0131ndan sonraki ilk 90 g\u00fcn i\u00e7inde &#034;vazo&#034; kategorisindeki \u00e7evrimi\u00e7i sat\u0131\u015flar\u0131 0 art\u0131rd\u0131 ve &#039;lik bir sat\u0131\u015f oran\u0131 elde etti. Perakendeci, ilk sipari\u015finin ba\u015far\u0131l\u0131 olmas\u0131n\u0131n ard\u0131ndan kal\u0131c\u0131 koleksiyon par\u00e7as\u0131 olarak 450.000 vazo sipari\u015fi verdi.<\/p>\n<h2>K\u00fc\u00e7\u00fck \u00c7i\u00e7ek Vazosu Ki\u015fiselle\u015ftirme \u00d6nerileri<\/h2>\n<ul>\n<li>Mantar Kapak Se\u00e7enekleri: \u015eirket, do\u011fal, koyu ve a\u011fart\u0131lm\u0131\u015f olmak \u00fczere \u00e7e\u015fitli mantar kapak renkleri ve delikli ve oluklu olmak \u00fczere iki tasar\u0131m se\u00e7ene\u011fi sunmaktad\u0131r.<\/li>\n<li>Boyut Geni\u015fletme: \u00dcr\u00fcn yelpazesi \u015fu anda k\u00fc\u00e7\u00fck 100 ml&#039;lik bir vazo ve tasar\u0131m\u0131yla dikkat \u00e7eken b\u00fcy\u00fck 1000 ml&#039;lik bir vazo sunacak \u015fekilde geni\u015fletilecektir.<\/li>\n<li>Entegre Su Seviyesi \u0130\u015faretleyici: Cam \u00fczerinde kal\u0131c\u0131 olarak i\u015faretlenmi\u015f ince bir \u00e7izgi, entegre su seviyesi i\u015faretleyicisi sayesinde \u00e7o\u011faltma i\u00e7in ideal su seviyesini g\u00f6sterir.<\/li>\n<\/ul>","protected":false},"excerpt":{"rendered":"<p>Minimalist tasar\u0131ma sahip zarif k\u00fc\u00e7\u00fck \u00e7i\u00e7ek vazo koleksiyonu. Do\u011fal bir g\u00f6r\u00fcn\u00fcm i\u00e7in mantar kapakl\u0131 cam silindir vazolar. D\u00fcnya \u00e7ap\u0131nda h\u0131zl\u0131 kargo mevcuttur.<\/p>","protected":false},"featured_media":6203,"template":"","meta":{"postBodyCss":"","postBodyMargin":[],"postBodyPadding":[],"postBodyBackground":{"backgroundType":"classic","gradient":""}},"product_brand":[],"product_cat":[107,15,16],"product_tag":[],"class_list":{"0":"post-6199","1":"product","2":"type-product","3":"status-publish","4":"has-post-thumbnail","6":"product_cat-glass-bud-vases","7":"product_cat-glass-containers","8":"product_cat-glass-bottles","10":"first","11":"instock","12":"shipping-taxable","13":"product-type-simple"},"jetpack_sharing_enabled":true,"_links":{"self":[{"href":"https:\/\/minghanggroup.com\/tr\/wp-json\/wp\/v2\/product\/6199","targetHints":{"allow":["GET"]}}],"collection":[{"href":"https:\/\/minghanggroup.com\/tr\/wp-json\/wp\/v2\/product"}],"about":[{"href":"https:\/\/minghanggroup.com\/tr\/wp-json\/wp\/v2\/types\/product"}],"wp:featuredmedia":[{"embeddable":true,"href":"https:\/\/minghanggroup.com\/tr\/wp-json\/wp\/v2\/media\/6203"}],"wp:attachment":[{"href":"https:\/\/minghanggroup.com\/tr\/wp-json\/wp\/v2\/media?parent=6199"}],"wp:term":[{"taxonomy":"product_brand","embeddable":true,"href":"https:\/\/minghanggroup.com\/tr\/wp-json\/wp\/v2\/product_brand?post=6199"},{"taxonomy":"product_cat","embeddable":true,"href":"https:\/\/minghanggroup.com\/tr\/wp-json\/wp\/v2\/product_cat?post=6199"},{"taxonomy":"product_tag","embeddable":true,"href":"https:\/\/minghanggroup.com\/tr\/wp-json\/wp\/v2\/product_tag?post=6199"}],"curies":[{"name":"wp","href":"https:\/\/api.w.org\/{rel}","templated":true}]}}