{"id":6194,"date":"2026-04-03T16:06:14","date_gmt":"2026-04-03T08:06:14","guid":{"rendered":"https:\/\/minghanggroup.com\/?post_type=product&#038;p=6194"},"modified":"2026-04-03T16:25:50","modified_gmt":"2026-04-03T08:25:50","slug":"textured-glass-tall-flower-vases-for-display-bulk","status":"publish","type":"product","link":"https:\/\/minghanggroup.com\/tr\/urun\/textured-glass-tall-flower-vases-for-display-bulk\/","title":{"rendered":"Dokulu Cam Uzun Vazo Sergileme \u0130\u00e7in Toplu"},"content":{"rendered":"<p>Silindirler, \u015feffaf ve yar\u0131 saydam renkli cam kullan\u0131larak yap\u0131ld\u0131klar\u0131 i\u00e7in uzun yap\u0131lar olarak mevcuttur. Vazo, g\u00fczel \u0131\u015f\u0131k k\u0131r\u0131lmalar\u0131 ve g\u00f6rsel derinlik yaratmak i\u00e7in su benzeri bir ak\u0131\u015f efekti olu\u015fturan dikey d\u00fczensiz dokular sergiler. Tasar\u0131m, farkl\u0131 estetik etkiler yaratmak i\u00e7in \u015f\u0131k maviler ve yumu\u015fak griler ile s\u0131cak kehribarlar ve kristal berrakl\u0131\u011f\u0131nda kaplamalar i\u00e7eren d\u00f6rt renk se\u00e7ene\u011fi sunar. Keskin kenarl\u0131 d\u00fcz a\u011f\u0131z, tek bir sap ile tam d\u00f6k\u00fcml\u00fc bir buket aras\u0131nda kolay \u00e7i\u00e7ek d\u00fczenlemesine olanak tan\u0131r.<\/p>\n<h2>\u00dcr\u00fcn \u00d6zellikleri<\/h2>\n<ul>\n<li><strong>Mimari Tasar\u0131m:<\/strong> Uzun silindirler, her a\u00e7\u0131dan g\u00f6rsel olarak \u00e7ekici \u00f6\u011feler olu\u015fturan dokulu dikey dalgalanmalar sergiler.<\/li>\n<li><strong>\u00c7ok Y\u00f6nl\u00fc Renk Paletleri:<\/strong> Mavi ve gri ile kehribar ve \u015feffaf renk se\u00e7enekleri, hem modern hem de geleneksel i\u00e7 tasar\u0131m stilleriyle estetik uyum sa\u011flar.<\/li>\n<li><strong>Zahmetsiz D\u00fczenleme:<\/strong> Sistem, tek saplar\u0131 ve tam buketleri d\u00fczenleme s\u00fcrecini basitle\u015ftiren d\u00fcz a\u011f\u0131zlar\u0131 arac\u0131l\u0131\u011f\u0131yla kullan\u0131c\u0131lar\u0131n \u00e7i\u00e7ek d\u00fczenlemeleri olu\u015fturmas\u0131na olanak tan\u0131r.<\/li>\n<\/ul>\n<h2>Temel \u00d6zellikler<\/h2>\n<table style=\"border-collapse: collapse; width: 80%; margin-left: auto; margin-right: auto;\" border=\"0\" width=\"144\" cellspacing=\"0\" cellpadding=\"0\">\n<tbody>\n<tr style=\"height: 13.50pt;\">\n<td style=\"height: 13.5pt; width: 54pt; text-align: center;\" width=\"72\" height=\"18\">Ba\u011flanmak<\/td>\n<td style=\"width: 54pt; text-align: center;\" width=\"72\">Detay<\/td>\n<\/tr>\n<tr style=\"height: 13.50pt;\">\n<td style=\"height: 13.5pt; text-align: center;\" height=\"18\">\u015eekil<\/td>\n<td style=\"text-align: center;\">Silindirik<\/td>\n<\/tr>\n<tr style=\"height: 13.50pt;\">\n<td style=\"height: 13.5pt; text-align: center;\" height=\"18\">Malzeme<\/td>\n<td style=\"text-align: center;\">\u015eeffaf cam<\/td>\n<\/tr>\n<tr style=\"height: 13.50pt;\">\n<td style=\"height: 13.5pt; text-align: center;\" height=\"18\">Y\u00fckseklikler<\/td>\n<td style=\"text-align: center;\">19 cm, 24 cm<\/td>\n<\/tr>\n<tr style=\"height: 13.50pt;\">\n<td style=\"height: 13.5pt; text-align: center;\" height=\"18\">\u00c7aplar<\/td>\n<td style=\"text-align: center;\">7.5 cm, 9 cm<\/td>\n<\/tr>\n<tr style=\"height: 13.50pt;\">\n<td style=\"height: 13.5pt; text-align: center;\" height=\"18\">Y\u00fczey<\/td>\n<td style=\"text-align: center;\">\u0130\u00e7b\u00fckey ve d\u0131\u015fb\u00fckey doku<\/td>\n<\/tr>\n<\/tbody>\n<\/table>\n<h2>Ba\u015far\u0131 Hikayesi<\/h2>\n<p>Bir Alman ya\u015fam tarz\u0131 markas\u0131, mevsimlik ev dekorasyonu koleksiyonunu geli\u015ftirmek istedi ve bu giri\u015fim i\u00e7in uzun \u00e7i\u00e7ek vazolar\u0131m\u0131z\u0131 se\u00e7ti. M\u00fc\u015fteri, farkl\u0131 i\u00e7 tasar\u0131m stilleriyle uyumlu bir tasar\u0131m \u00f6\u011fesi olu\u015fturmak i\u00e7in yumu\u015fak maviler ve dumanl\u0131 griler ile a\u00e7\u0131k kehribarlar ve \u015feffaf kaplamalar i\u00e7eren eksiksiz bir renk \u015femas\u0131 talep etti. Marka sunumu i\u00e7in, her vazonun taban\u0131na uygulad\u0131\u011f\u0131m\u0131z gizli bir marka logosu olu\u015fturmak i\u00e7in lazer grav\u00fcr kulland\u0131k.<\/p>\n<p>Lansman\u0131n\u0131n ard\u0131ndan koleksiyon, sadece iki ay i\u00e7inde \u00fcr\u00fcn kategorisi i\u00e7in genel sat\u0131\u015flarda 1'lik bir art\u0131\u015f sa\u011flad\u0131. Pazar g\u00fc\u00e7l\u00fc ilgi g\u00f6sterdi\u011fi ve t\u00fcketiciler \u00fcr\u00fcnlerimize talep g\u00f6stermeye devam etti\u011fi i\u00e7in m\u00fc\u015fteri \u00f6nemli \u00fc\u00e7 ayl\u0131k sipari\u015fler veriyor.<\/p>\n<h2>Cam Vazo Parti \u0130ndirimi \u00d6zelle\u015ftirme \u0130pu\u00e7lar\u0131<\/h2>\n<ol>\n<li><strong>Renk Serisi Geli\u015ftirme:<\/strong> In addition to the current blue, gray and amber, new options may include Morandi-type color palettes or gradient effects, thus giving the entire family of products a harmonious yet multi-layered visual look.<\/li>\n<li><strong>Y\u00fczey \u0130\u015fleme Se\u00e7enekleri:<\/strong> To suit different brand styles (Modern, Natural, or Light Luxury), a range of finish options from highly transparent gloss, to partial frosting or fully matt can be chosen.<\/li>\n<li><strong>Marka Kimli\u011fi \u00d6zelle\u015ftirme:<\/strong> We offer a number of branding techniques such as laser engraving on the bottom of the bottle, silk-screen printing on the sides of the bottle, or discrete labeling, to create the right mix of attractiveness and brand prominence.<\/li>\n<\/ol>","protected":false},"excerpt":{"rendered":"<p>Dokulu cam y\u00fczeyli uzun \u00e7i\u00e7ek vazolar\u0131. Dekorasyon veya etkinlikler i\u00e7in idealdir. Cam vazo toptan tedarik, fabrikadan do\u011frudan, \u00fccretsiz numuneler, \u00f6zel se\u00e7enekler mevcuttur.<\/p>","protected":false},"featured_media":6198,"template":"","meta":{"postBodyCss":"","postBodyMargin":[],"postBodyPadding":[],"postBodyBackground":{"backgroundType":"classic","gradient":""}},"product_brand":[],"product_cat":[107,15,16],"product_tag":[],"class_list":{"0":"post-6194","1":"product","2":"type-product","3":"status-publish","4":"has-post-thumbnail","6":"product_cat-glass-bud-vases","7":"product_cat-glass-containers","8":"product_cat-glass-bottles","10":"first","11":"instock","12":"shipping-taxable","13":"product-type-simple"},"jetpack_sharing_enabled":true,"_links":{"self":[{"href":"https:\/\/minghanggroup.com\/tr\/wp-json\/wp\/v2\/product\/6194","targetHints":{"allow":["GET"]}}],"collection":[{"href":"https:\/\/minghanggroup.com\/tr\/wp-json\/wp\/v2\/product"}],"about":[{"href":"https:\/\/minghanggroup.com\/tr\/wp-json\/wp\/v2\/types\/product"}],"wp:featuredmedia":[{"embeddable":true,"href":"https:\/\/minghanggroup.com\/tr\/wp-json\/wp\/v2\/media\/6198"}],"wp:attachment":[{"href":"https:\/\/minghanggroup.com\/tr\/wp-json\/wp\/v2\/media?parent=6194"}],"wp:term":[{"taxonomy":"product_brand","embeddable":true,"href":"https:\/\/minghanggroup.com\/tr\/wp-json\/wp\/v2\/product_brand?post=6194"},{"taxonomy":"product_cat","embeddable":true,"href":"https:\/\/minghanggroup.com\/tr\/wp-json\/wp\/v2\/product_cat?post=6194"},{"taxonomy":"product_tag","embeddable":true,"href":"https:\/\/minghanggroup.com\/tr\/wp-json\/wp\/v2\/product_tag?post=6194"}],"curies":[{"name":"wp","href":"https:\/\/api.w.org\/{rel}","templated":true}]}}