{"id":6187,"date":"2026-04-03T13:32:07","date_gmt":"2026-04-03T05:32:07","guid":{"rendered":"https:\/\/minghanggroup.com\/?post_type=product&#038;p=6187"},"modified":"2026-04-03T13:32:09","modified_gmt":"2026-04-03T05:32:09","slug":"colored-glass-small-flower-vases-wholesale","status":"publish","type":"product","link":"https:\/\/minghanggroup.com\/tr\/urun\/colored-glass-small-flower-vases-wholesale\/","title":{"rendered":"Renkli Cam K\u00fc\u00e7\u00fck \u00c7i\u00e7ek Vazolar\u0131 Toptan Sat\u0131\u015f\u0131"},"content":{"rendered":"<p>Her ortama ho\u015f bir g\u00fczellik katan b\u00fcy\u00fcleyici k\u00fc\u00e7\u00fck \u00e7i\u00e7ek vazolar\u0131 koleksiyonumuzu sunuyoruz. Renkli cam vazolar, koyu mavi, s\u0131cak kehribar, kristal berrakl\u0131\u011f\u0131nda ve yumu\u015fak nane ye\u015fili olmak \u00fczere d\u00f6rt g\u00fczel renkte mevcuttur. Tasar\u0131m, tam bir denge sa\u011flayan geni\u015f bir taban\u0131 destekleyen k\u0131sa boyunlu bir silindirden olu\u015fmaktad\u0131r. Cam y\u00fczey, simetrik tasar\u0131mlar\u0131 p\u00fcr\u00fczl\u00fc dokulu unsurlarla birle\u015ftiren ve \u0131\u015f\u0131\u011f\u0131 \u00e7ekici bir \u015fekilde yans\u0131tan detayl\u0131 preslenmi\u015f desenler sergiler. Bu \u00fcr\u00fcn, \u00fcr\u00fcn satmak isteyen \u015firketler ve toplu olarak cam vazo sat\u0131n almak isteyen toptanc\u0131lar i\u00e7in m\u00fckemmel bir \u00e7\u00f6z\u00fcmd\u00fcr.<\/p>\n<h2>\u00dcr\u00fcn \u00d6zellikleri<\/h2>\n<ul>\n<li><strong>Renkli Zarafet:<\/strong> Mavi, kehribar, \u015feffaf veya nane ye\u015fili camdan yap\u0131lm\u0131\u015f her vazo, ba\u015fl\u0131 ba\u015f\u0131na bir sanat eseri.<\/li>\n<li><strong>Sa\u011flam Tasar\u0131m:<\/strong> Geni\u015f tabanlar devrilmeyi \u00f6nlerken, k\u0131sa silindirler modern bir hava kat\u0131yor.<\/li>\n<li><strong>Doku Sanat\u0131:<\/strong> Kabartma desenler ve dokular derinlik yaratarak onlar\u0131 hem dekoratif hem de i\u015flevsel hale getiriyor.<\/li>\n<\/ul>\n<h2>Temel \u00d6zellikler<\/h2>\n<table style=\"border-collapse: collapse; width: 80%; margin-left: auto; margin-right: auto;\" border=\"0\" width=\"288\" cellspacing=\"0\" cellpadding=\"0\">\n<tbody>\n<tr style=\"height: 13.50pt;\">\n<td style=\"height: 13.5pt; width: 54pt; text-align: center;\" width=\"72\" height=\"18\">Stil<\/td>\n<td style=\"width: 54pt; text-align: center;\" width=\"72\">Boyut (mm)<\/td>\n<td style=\"width: 54pt; text-align: center;\" width=\"72\">Malzeme<\/td>\n<td style=\"width: 54pt; text-align: center;\" width=\"72\">Renk Se\u00e7enekleri<\/td>\n<\/tr>\n<tr style=\"height: 13.50pt;\">\n<td style=\"height: 13.5pt; text-align: center;\" height=\"18\">Kabartmal\u0131 desen<\/td>\n<td style=\"text-align: center;\">68 x 127 x 33<\/td>\n<td style=\"text-align: center;\">Bardak<\/td>\n<td style=\"text-align: center;\">\u015eeffaf, Mavi, Ye\u015fil, Kahverengi<\/td>\n<\/tr>\n<\/tbody>\n<\/table>\n<h2>Ba\u015far\u0131 \u00d6rne\u011fi<\/h2>\n<p>Frans\u0131z hediye markas\u0131, tatil \u00fcr\u00fcn koleksiyonu i\u00e7in mini vazolar\u0131m\u0131z\u0131 se\u00e7ti. Vazo \u00f6zelle\u015ftirme se\u00e7ene\u011fi, sabit bir amblem ve vazo taban\u0131ndan uzanan dokulu nokta deseni olmak \u00fczere iki unsur arac\u0131l\u0131\u011f\u0131yla insanlar\u0131n benzersiz tasar\u0131mlar\u0131n\u0131 olu\u015fturmalar\u0131na olanak tan\u0131yor. M\u00fc\u015fterilerimiz i\u00e7in olu\u015fturdu\u011fumuz \u00f6zel kabartma hizmeti, vazonun orta panelinde kabartma yoluyla marka kimliklerini sergilemelerine olanak tan\u0131yor. Tasar\u0131m ekibi, \u00fcr\u00fcnlerin renklerine g\u00f6re ayr\u0131 partiler halinde paketlenmesini sa\u011flayarak hem \u00fcr\u00fcn te\u015fhirini hem de envanter kontrol\u00fcn\u00fc kolayla\u015ft\u0131rmak i\u00e7in i\u00e7 b\u00f6lmeler i\u00e7eren \u00f6zel nakliye kutular\u0131 olu\u015fturdu.<\/p>\n<p>Serinin piyasaya s\u00fcr\u00fclmesini takip eden iki ay i\u00e7inde markan\u0131n masa\u00fcst\u00fc dekorasyon \u00fcr\u00fcnlerinin sat\u0131\u015flar\u0131 artt\u0131. Marka, da\u011f\u0131t\u0131m a\u011f\u0131n\u0131 geni\u015fletmek i\u00e7in 70.000 adet daha sipari\u015f verdi.<\/p>\n<h2>\u00d6zelle\u015ftirme \u0130pu\u00e7lar\u0131<\/h2>\n<ol>\n<li><strong>Cam Y\u00fczey Se\u00e7enekleri:<\/strong> Mevcut cam y\u00fczey se\u00e7enekleri aras\u0131nda parlak, buzlu ve yar\u0131 mat bulunur; bunlar farkl\u0131 g\u00f6rsel efektler ve dokunsal deneyimler yarat\u0131r.<\/li>\n<li><strong>Alt \u0130\u015faretleme:<\/strong> \u00dcr\u00fcnlerin taban\u0131nda, marka kimli\u011fini olu\u015fturmaya, \u00fcretim partilerini takip etmeye ve \u00fcr\u00fcn\u00fcn men\u015fei bilgilerini g\u00f6stermeye yarayan kabartmal\u0131 veya bask\u0131l\u0131 i\u015faretler bulunmal\u0131d\u0131r.<\/li>\n<li><strong>Aksesuar Kombinasyonu:<\/strong> \u00dcr\u00fcn, m\u00fc\u015fterilere \u00fcr\u00fcn de\u011ferini art\u0131rmak i\u00e7in mini etiketler, kurdeleler ve metal halkalar gibi dekoratif aksesuarlar se\u00e7me se\u00e7ene\u011fi sunmaktad\u0131r.<\/li>\n<\/ol>","protected":false},"excerpt":{"rendered":"<p>Kabartmal\u0131 renkli cam vazo tasar\u0131mlar\u0131nda k\u00fc\u00e7\u00fck \u00e7i\u00e7ek vazolar\u0131. Fabrikadan do\u011frudan tedarik, toplu \u00f6zelle\u015ftirme ve k\u00fcresel al\u0131c\u0131lar i\u00e7in h\u0131zl\u0131 kargo.<\/p>","protected":false},"featured_media":6192,"template":"","meta":{"postBodyCss":"","postBodyMargin":[],"postBodyPadding":[],"postBodyBackground":{"backgroundType":"classic","gradient":""}},"product_brand":[],"product_cat":[107,16,15],"product_tag":[],"class_list":{"0":"post-6187","1":"product","2":"type-product","3":"status-publish","4":"has-post-thumbnail","6":"product_cat-glass-bud-vases","7":"product_cat-glass-bottles","8":"product_cat-glass-containers","10":"first","11":"instock","12":"shipping-taxable","13":"product-type-simple"},"jetpack_sharing_enabled":true,"_links":{"self":[{"href":"https:\/\/minghanggroup.com\/tr\/wp-json\/wp\/v2\/product\/6187","targetHints":{"allow":["GET"]}}],"collection":[{"href":"https:\/\/minghanggroup.com\/tr\/wp-json\/wp\/v2\/product"}],"about":[{"href":"https:\/\/minghanggroup.com\/tr\/wp-json\/wp\/v2\/types\/product"}],"wp:featuredmedia":[{"embeddable":true,"href":"https:\/\/minghanggroup.com\/tr\/wp-json\/wp\/v2\/media\/6192"}],"wp:attachment":[{"href":"https:\/\/minghanggroup.com\/tr\/wp-json\/wp\/v2\/media?parent=6187"}],"wp:term":[{"taxonomy":"product_brand","embeddable":true,"href":"https:\/\/minghanggroup.com\/tr\/wp-json\/wp\/v2\/product_brand?post=6187"},{"taxonomy":"product_cat","embeddable":true,"href":"https:\/\/minghanggroup.com\/tr\/wp-json\/wp\/v2\/product_cat?post=6187"},{"taxonomy":"product_tag","embeddable":true,"href":"https:\/\/minghanggroup.com\/tr\/wp-json\/wp\/v2\/product_tag?post=6187"}],"curies":[{"name":"wp","href":"https:\/\/api.w.org\/{rel}","templated":true}]}}