{"id":6182,"date":"2026-04-03T10:57:49","date_gmt":"2026-04-03T02:57:49","guid":{"rendered":"https:\/\/minghanggroup.com\/?post_type=product&#038;p=6182"},"modified":"2026-04-03T11:28:36","modified_gmt":"2026-04-03T03:28:36","slug":"matte-gold-flower-vase-set-wholesale","status":"publish","type":"product","link":"https:\/\/minghanggroup.com\/tr\/urun\/matte-gold-flower-vase-set-wholesale\/","title":{"rendered":"Mat Alt\u0131n \u00c7i\u00e7ek Vazo Seti Toptan Sat\u0131\u015f"},"content":{"rendered":"<p>Alt\u0131n \u00e7i\u00e7ek vazo seti, t\u00fcm koleksiyon boyunca devam eden tutarl\u0131 bir mat alt\u0131n g\u00f6r\u00fcn\u00fcme sahiptir. Tasar\u0131m, p\u00fcr\u00fczs\u00fcz kare silindir, uzun dalgal\u0131 vazo, yuvarlak kapitone silindir ve uzun nerv\u00fcrl\u00fc silindir olmak \u00fczere farkl\u0131 y\u00fczey dokular\u0131n\u0131 sergileyen d\u00f6rt ayr\u0131 unsur i\u00e7erir.<\/p>\n<h2>\u00dcr\u00fcn \u00d6zellikleri<\/h2>\n<ul>\n<li><strong>D\u00f6rt \u015eekil:<\/strong> Kare, uzun, k\u0131sa yuvarlak ve uzun silindirik vazolar\u0131n se\u00e7imi, \u015f\u0131k d\u00fczenlemeler olu\u015fturmak i\u00e7in yeterli se\u00e7enek sunmaktad\u0131r.<\/li>\n<li><strong>Tekd\u00fcze Mat Alt\u0131n Kaplama:<\/strong> D\u00f6rt vazonun da ortak mat alt\u0131n rengi kaplamas\u0131, birle\u015fik tasar\u0131m\u0131yla zarif bir g\u00f6r\u00fcn\u00fcm yarat\u0131yor.<\/li>\n<li><strong>\u00c7e\u015fitli Y\u00fczey Dokular\u0131:<\/strong> Vazolar\u0131n y\u00fczeylerinde, hem g\u00f6rsel ilgi uyand\u0131ran hem de dokunulabilir unsurlar yaratan \u00fc\u00e7 farkl\u0131 y\u00fczey dokusu bulunmaktad\u0131r.<\/li>\n<\/ul>\n<h2 style=\"text-align: left;\">Temel \u00d6zellikler<\/h2>\n<table class=\"aligncenter\" style=\"border-collapse: collapse; width: 452.27pt;\" border=\"0\" width=\"603\" cellspacing=\"0\" cellpadding=\"0\">\n<tbody>\n<tr style=\"height: 13.50pt;\">\n<td style=\"height: 13.50pt; width: 117.75pt;\" width=\"157\" height=\"18\">Ba\u011flanmak<\/td>\n<td style=\"width: 334.50pt;\" width=\"446\">Detaylar<\/td>\n<\/tr>\n<tr style=\"height: 13.50pt;\">\n<td style=\"height: 13.50pt;\" height=\"18\">Set Kompozisyonu<\/td>\n<td>Kare d\u00fcz, uzun elmas, yuvarlak elmas, uzun yivli<\/td>\n<\/tr>\n<tr style=\"height: 13.50pt;\">\n<td style=\"height: 13.50pt;\" height=\"18\">Malzeme<\/td>\n<td>Mat alt\u0131n kaplamal\u0131 sodyum-kalsiyum cam<\/td>\n<\/tr>\n<tr style=\"height: 13.50pt;\">\n<td style=\"height: 13.50pt;\" height=\"18\">Vazo \u015eekli<\/td>\n<td>\u00c7e\u015fitli silindir ve yuvarlak \u015fekiller.<\/td>\n<\/tr>\n<tr style=\"height: 13.50pt;\">\n<td style=\"height: 13.50pt;\" height=\"18\">\u00d6zelle\u015ftirme Aral\u0131\u011f\u0131<\/td>\n<td>Metalin y\u00fczeyi, rengi, \u015fekli, boyutu<\/td>\n<\/tr>\n<tr style=\"height: 13.50pt;\">\n<td style=\"height: 13.50pt;\" height=\"18\">Birincil Kullan\u0131m<\/td>\n<td>Dekoratif alt\u0131n \u00e7i\u00e7ek vazolar\u0131, toptan \u00e7i\u00e7ek vazolar\u0131<\/td>\n<\/tr>\n<tr style=\"height: 13.50pt;\">\n<td style=\"height: 13.50pt;\" height=\"18\">Hedef Sekt\u00f6rler<\/td>\n<td>Ev dekorasyon \u00fcr\u00fcnleri satan ma\u011fazalar, hediyelik e\u015fya d\u00fckkanlar\u0131<\/td>\n<\/tr>\n<\/tbody>\n<\/table>\n<h2>Ba\u015far\u0131 Hikayesi<\/h2>\n<p>B\u00fcy\u00fck bir ev dekorasyon zinciri, d\u00f6rt par\u00e7al\u0131 alt\u0131n vazo setimizi sipari\u015f ederek, kaplamay\u0131 g\u00fcl alt\u0131n rengiyle \u00f6zelle\u015ftirdi. \u0130lk etapta stokta bulunan 25.000 adet \u00fcr\u00fcn, sadece 10 g\u00fcn i\u00e7inde \u00e7evrimi\u00e7i olarak t\u00fckendi ve bu durum, setle birlikte sat\u0131lan kuru \u00e7i\u00e7eklerin sat\u0131\u015flar\u0131nda da &#039;luk bir art\u0131\u015fa yol a\u00e7t\u0131. Zincir o kadar b\u00fcy\u00fck bir ba\u015far\u0131 elde etti ki, \u00fclke genelindeki ma\u011fazalar\u0131n\u0131n stoklar\u0131n\u0131 yenilemek ve toplam 800.000 vazodan olu\u015fan \u00f6zel bir otel koleksiyonu olu\u015fturmak i\u00e7in 200.000 vazo seti daha sipari\u015f etti.<\/p>\n<h2>Toptan \u00c7i\u00e7ek Vazolar\u0131 \u00d6zelle\u015ftirme \u00d6nerileri<\/h2>\n<ul>\n<li>Koleksiyon, cilal\u0131 alt\u0131n, pembe alt\u0131n, f\u0131r\u00e7alanm\u0131\u015f nikel, siyah krom ve patina gibi l\u00fcks metal kaplamalar sunmaktad\u0131r.<\/li>\n<li>Her vazo \u015fekli, tasar\u0131mc\u0131lara tamamen oluklu, tamamen d\u00fcz ve tamamen d\u00f6vme gibi farkl\u0131 y\u00fczey dokular\u0131 aras\u0131ndan se\u00e7im yapma olana\u011f\u0131 sunar.<\/li>\n<li>Setin i\u00e7erisinde, kullan\u0131c\u0131lar\u0131n p\u00fcr\u00fczs\u00fcz y\u00fczeyine lazerle harf, tarih veya k\u0131sa mesajlar i\u015fleyerek ki\u015fiselle\u015ftirilmi\u015f metinler olu\u015fturmas\u0131na olanak tan\u0131yan bir vazo bulunmaktad\u0131r.<\/li>\n<\/ul>","protected":false},"excerpt":{"rendered":"<p>Geometrik ve nerv\u00fcrl\u00fc desenlere sahip zarif alt\u0131n renkli \u00e7i\u00e7ek vazo koleksiyonu. Ev dekorasyonu i\u00e7in ideal toptan \u00e7i\u00e7ek vazolar\u0131. Markalar i\u00e7in \u00f6zel se\u00e7enekler desteklenmektedir.<\/p>","protected":false},"featured_media":6183,"template":"","meta":{"postBodyCss":"","postBodyMargin":[],"postBodyPadding":[],"postBodyBackground":{"backgroundType":"classic","gradient":""}},"product_brand":[],"product_cat":[107,15,16],"product_tag":[],"class_list":{"0":"post-6182","1":"product","2":"type-product","3":"status-publish","4":"has-post-thumbnail","6":"product_cat-glass-bud-vases","7":"product_cat-glass-containers","8":"product_cat-glass-bottles","10":"first","11":"instock","12":"shipping-taxable","13":"product-type-simple"},"jetpack_sharing_enabled":true,"_links":{"self":[{"href":"https:\/\/minghanggroup.com\/tr\/wp-json\/wp\/v2\/product\/6182","targetHints":{"allow":["GET"]}}],"collection":[{"href":"https:\/\/minghanggroup.com\/tr\/wp-json\/wp\/v2\/product"}],"about":[{"href":"https:\/\/minghanggroup.com\/tr\/wp-json\/wp\/v2\/types\/product"}],"wp:featuredmedia":[{"embeddable":true,"href":"https:\/\/minghanggroup.com\/tr\/wp-json\/wp\/v2\/media\/6183"}],"wp:attachment":[{"href":"https:\/\/minghanggroup.com\/tr\/wp-json\/wp\/v2\/media?parent=6182"}],"wp:term":[{"taxonomy":"product_brand","embeddable":true,"href":"https:\/\/minghanggroup.com\/tr\/wp-json\/wp\/v2\/product_brand?post=6182"},{"taxonomy":"product_cat","embeddable":true,"href":"https:\/\/minghanggroup.com\/tr\/wp-json\/wp\/v2\/product_cat?post=6182"},{"taxonomy":"product_tag","embeddable":true,"href":"https:\/\/minghanggroup.com\/tr\/wp-json\/wp\/v2\/product_tag?post=6182"}],"curies":[{"name":"wp","href":"https:\/\/api.w.org\/{rel}","templated":true}]}}