{"id":6177,"date":"2026-04-03T10:22:09","date_gmt":"2026-04-03T02:22:09","guid":{"rendered":"https:\/\/minghanggroup.com\/?post_type=product&#038;p=6177"},"modified":"2026-04-03T10:32:30","modified_gmt":"2026-04-03T02:32:30","slug":"ribbed-small-bud-vases-green-glass-bulk","status":"publish","type":"product","link":"https:\/\/minghanggroup.com\/tr\/urun\/ribbed-small-bud-vases-green-glass-bulk\/","title":{"rendered":"Ye\u015fil Camdan Yap\u0131lm\u0131\u015f Oluklu K\u00fc\u00e7\u00fck \u00c7i\u00e7ek Vazolar\u0131 (Toptan Sat\u0131\u015f)"},"content":{"rendered":"<p>Bu ye\u015fil cam vazo, dikey nerv\u00fcrl\u00fc deseni ve kavisli dalgal\u0131 kenar\u0131yla vintage bir tasar\u0131m sunan \u015feffaf a\u00e7\u0131k ye\u015fil camdan yap\u0131lm\u0131\u015ft\u0131r. Koleksiyon, iki uzun konik \u015fekil ve bir k\u00fc\u00e7\u00fck yuvarlak, al\u00e7ak profilli vazo olmak \u00fczere \u00fc\u00e7 farkl\u0131 model i\u00e7ermektedir.<\/p>\n<h2>\u00dcr\u00fcn \u00d6zellikleri<\/h2>\n<ul>\n<li><strong>A\u00e7\u0131k Ye\u015fil Antika Cam:<\/strong> Bu cam malzemenin yumu\u015fak, \u015feffaf ye\u015fil rengi, hem tarihi hem de modern \u015f\u0131k unsurlar\u0131 bir araya getiren geleneksel bir &#034;melankolik cam&#034; g\u00f6r\u00fcn\u00fcm\u00fc yarat\u0131yor.<\/li>\n<li><strong>Dikey Doku:<\/strong> Derin dikey dokular, hem g\u00f6rsel zenginlik hem de yap\u0131sal sa\u011flaml\u0131k sa\u011flayan ve \u0131\u015f\u0131\u011f\u0131n malzemenin i\u00e7inden g\u00fczelce ge\u00e7mesine olanak tan\u0131yan eksiksiz bir dikey y\u00fczey deseni olu\u015fturur.<\/li>\n<li><strong>Dekoratif Dalgal\u0131 Kenar:<\/strong> Her vazoda, asimetrik tasar\u0131m\u0131yla el i\u015f\u00e7ili\u011fini yans\u0131tan g\u00fczel, dalgal\u0131 bir kenar bulunur.<\/li>\n<\/ul>\n<h2 style=\"text-align: left;\">Temel \u00d6zellikler<\/h2>\n<table class=\"aligncenter\" style=\"border-collapse: collapse; width: 389.27pt;\" border=\"0\" width=\"519\" cellspacing=\"0\" cellpadding=\"0\">\n<tbody>\n<tr style=\"height: 13.50pt;\">\n<td style=\"height: 13.50pt; width: 117.75pt;\" width=\"157\" height=\"18\">Ba\u011flanmak<\/td>\n<td style=\"width: 271.50pt;\" width=\"362\">Detaylar<\/td>\n<\/tr>\n<tr style=\"height: 13.50pt;\">\n<td style=\"height: 13.50pt;\" height=\"18\">Malzeme<\/td>\n<td>Soluk ye\u015fil cam<\/td>\n<\/tr>\n<tr style=\"height: 13.50pt;\">\n<td style=\"height: 13.50pt;\" height=\"18\">\u00d6zelle\u015ftirme Aral\u0131\u011f\u0131<\/td>\n<td>Renk, fitil deseni, jant stili, boyut<\/td>\n<\/tr>\n<tr style=\"height: 13.50pt;\">\n<td style=\"height: 13.50pt;\" height=\"18\">\u0130\u015f\u00e7ilik<\/td>\n<td>A\u011f\u0131zdan \u00fcfleme veya y\u00fcksek kaliteli kal\u0131planm\u0131\u015f cam<\/td>\n<\/tr>\n<tr style=\"height: 13.50pt;\">\n<td style=\"height: 13.50pt;\" height=\"18\">Birincil Kullan\u0131m<\/td>\n<td>Masa \u00fcst\u00fc dekorasyonu i\u00e7in dekoratif k\u00fc\u00e7\u00fck tomurcuk vazolar.<\/td>\n<\/tr>\n<tr style=\"height: 13.50pt;\">\n<td style=\"height: 13.50pt;\" height=\"18\">Hedef Sekt\u00f6rler<\/td>\n<td>\u00c7i\u00e7ek\u00e7iler, ev dekorasyon \u00fcr\u00fcnleri perakendecileri<\/td>\n<\/tr>\n<\/tbody>\n<\/table>\n<h2>Ba\u015far\u0131 \u00d6yk\u00fcs\u00fc: Ulusal Bir Ev Dekorasyon Zincirinden \u00d6zel Sipari\u015f<\/h2>\n<p>ABD&#039;nin \u00f6nde gelen ev dekorasyon perakendecilerinden biri, k\u00fc\u00e7\u00fck tomurcuk vazolar\u0131m\u0131z\u0131 se\u00e7ti ve oluklu y\u00fczeyinde a\u00e7\u0131k alt\u0131n metalik toz bulunan &#034;Ada\u00e7ay\u0131 Ye\u015fili&#034;nin daha koyu bir versiyonunu istedi. Koleksiyon inan\u0131lmaz sonu\u00e7lar elde etti \u00e7\u00fcnk\u00fc ilk \u00e7eyrekte masa\u00fcst\u00fc dekorasyonlar\u0131n\u0131n \u00e7evrimi\u00e7i sat\u0131\u015flar\u0131n\u0131 0 art\u0131r\u0131rken, alt\u0131 ay i\u00e7inde &#039;lik bir sat\u0131\u015f oran\u0131na ula\u015ft\u0131. Perakendeci, koleksiyonuna daha fazla renk eklemek istedi\u011fi i\u00e7in ilk sipari\u015ften sonra 600.000 vazo daha sat\u0131n ald\u0131.<\/p>\n<h2>K\u00fc\u00e7\u00fck Tomurcuk Vazolar\u0131 \u0130\u00e7in \u00d6zelle\u015ftirme Se\u00e7enekleri<\/h2>\n<ul>\n<li>Kabartmal\u0131 Taban Detaylar\u0131: M\u00fc\u015fteriler, vazolar\u0131 i\u00e7in y\u0131l ve logo se\u00e7ene\u011fi de i\u00e7eren bir taban kabartma tasar\u0131m\u0131 se\u00e7erek marka kimli\u011fi veya \u00f6zel etkinlikler olu\u015fturabilirler.<\/li>\n<li>Yaka Detaylar\u0131: \u00dcr\u00fcn, d\u00fcz yaka, alt\u0131n kaplama yaka ve \u00e7e\u015fitli pileli tasar\u0131m se\u00e7enekleri de dahil olmak \u00fczere \u00fc\u00e7 farkl\u0131 yaka stili sunmaktad\u0131r.<\/li>\n<li>Y\u00fczey Kaplamalar\u0131: \u00dcr\u00fcn, tam parlak, tam mat ve k\u0131smen buzlu olmak \u00fczere \u00fc\u00e7 farkl\u0131 y\u00fczey kaplama se\u00e7ene\u011fi sunmaktad\u0131r.<\/li>\n<\/ul>","protected":false},"excerpt":{"rendered":"<p>Dekoratif ye\u015fil cam vazo seti, yivli doku ve dalgal\u0131 kenar ile tasarlanm\u0131\u015ft\u0131r. \u00c7i\u00e7ekler, dekorasyon veya hediye i\u00e7in m\u00fckemmel k\u00fc\u00e7\u00fck tomurcuk vazolar\u0131. D\u00fcnya \u00e7ap\u0131nda h\u0131zl\u0131 kargo mevcuttur.<\/p>","protected":false},"featured_media":6180,"template":"","meta":{"postBodyCss":"","postBodyMargin":[],"postBodyPadding":[],"postBodyBackground":{"backgroundType":"classic","gradient":""}},"product_brand":[],"product_cat":[107,15,16],"product_tag":[],"class_list":{"0":"post-6177","1":"product","2":"type-product","3":"status-publish","4":"has-post-thumbnail","6":"product_cat-glass-bud-vases","7":"product_cat-glass-containers","8":"product_cat-glass-bottles","10":"first","11":"instock","12":"shipping-taxable","13":"product-type-simple"},"jetpack_sharing_enabled":true,"_links":{"self":[{"href":"https:\/\/minghanggroup.com\/tr\/wp-json\/wp\/v2\/product\/6177","targetHints":{"allow":["GET"]}}],"collection":[{"href":"https:\/\/minghanggroup.com\/tr\/wp-json\/wp\/v2\/product"}],"about":[{"href":"https:\/\/minghanggroup.com\/tr\/wp-json\/wp\/v2\/types\/product"}],"wp:featuredmedia":[{"embeddable":true,"href":"https:\/\/minghanggroup.com\/tr\/wp-json\/wp\/v2\/media\/6180"}],"wp:attachment":[{"href":"https:\/\/minghanggroup.com\/tr\/wp-json\/wp\/v2\/media?parent=6177"}],"wp:term":[{"taxonomy":"product_brand","embeddable":true,"href":"https:\/\/minghanggroup.com\/tr\/wp-json\/wp\/v2\/product_brand?post=6177"},{"taxonomy":"product_cat","embeddable":true,"href":"https:\/\/minghanggroup.com\/tr\/wp-json\/wp\/v2\/product_cat?post=6177"},{"taxonomy":"product_tag","embeddable":true,"href":"https:\/\/minghanggroup.com\/tr\/wp-json\/wp\/v2\/product_tag?post=6177"}],"curies":[{"name":"wp","href":"https:\/\/api.w.org\/{rel}","templated":true}]}}