{"id":6163,"date":"2026-04-02T13:26:38","date_gmt":"2026-04-02T05:26:38","guid":{"rendered":"https:\/\/minghanggroup.com\/?post_type=product&#038;p=6163"},"modified":"2026-04-02T13:26:40","modified_gmt":"2026-04-02T05:26:40","slug":"glass-flower-clear-vases-with-different-shape-in-bulk","status":"publish","type":"product","link":"https:\/\/minghanggroup.com\/tr\/urun\/glass-flower-clear-vases-with-different-shape-in-bulk\/","title":{"rendered":"\u00c7e\u015fitli \u015eekillerde \u015eeffaf Cam \u00c7i\u00e7ek Vazolar\u0131 (Toptan Sat\u0131\u015f)"},"content":{"rendered":"<p>Minimalist sanat eserlerini sergilemek i\u00e7in ideal kaplar olarak hizmet veren \u015feffaf \u00e7i\u00e7ek vazolar\u0131. Tasar\u0131m, \u00fc\u00e7 farkl\u0131 \u0131\u015f\u0131k yans\u0131t\u0131c\u0131 y\u00fczey olu\u015fturmak i\u00e7in farkl\u0131 \u015fekiller kullanan \u00fc\u00e7 farkl\u0131 deseni i\u00e7erir. Vazolar, markalara \u015f\u0131k dekor \u00e7\u00f6z\u00fcmleri sunar ve perakende ma\u011fazalar\u0131nda stoklar\u0131n\u0131 tamamlamalar\u0131n\u0131 sa\u011flar. Vazolar\u0131n ince profilleri, kullan\u0131c\u0131lar\u0131n tek sapl\u0131 \u00e7i\u00e7ekleri, k\u00fc\u00e7\u00fck \u00e7i\u00e7ek aranjmanlar\u0131n\u0131 ve kuru \u00e7i\u00e7ekleri sergilemelerine olanak tan\u0131r.<\/p>\n<h2>\u00dcr\u00fcn \u00d6zellikleri<\/h2>\n<ul>\n<li><strong>\u00c7ok Y\u00f6nl\u00fc \u015eekiller:<\/strong> Her t\u00fcrl\u00fc esteti\u011fe uygun kavisli, k\u00f6\u015feli veya nerv\u00fcrl\u00fc silindirler aras\u0131ndan se\u00e7im yap\u0131n \u2013 kar\u0131\u015f\u0131k \u00fcr\u00fcn \u00e7e\u015fitleri i\u00e7in m\u00fckemmeldir.<\/li>\n<li><strong>Dokulu Zarafet:<\/strong> Dikey dalgalanmalar veya ince desenler, dinamik dekoratif d\u00fczenlemeler i\u00e7in derinlik katar ve \u0131\u015f\u0131kla oynar.<\/li>\n<li><strong>Pratik A\u011f\u0131z:<\/strong> Pratik a\u011f\u0131z tasar\u0131m\u0131n\u0131n konik a\u00e7\u0131kl\u0131klar\u0131, hem saplar\u0131 g\u00fcvenli bir \u015fekilde tutarak hem de suyun kolayca de\u011fi\u015ftirilmesini ve temizlenmesini sa\u011flayarak iki i\u015flevi birden yerine getirir.<\/li>\n<\/ul>\n<h2>Temel \u00d6zellikler<\/h2>\n<table style=\"border-collapse: collapse; width: 80%; margin-left: auto; margin-right: auto;\" border=\"0\" width=\"360\" cellspacing=\"0\" cellpadding=\"0\">\n<tbody>\n<tr style=\"height: 13.50pt;\">\n<td style=\"height: 13.5pt; width: 54pt; text-align: center;\" width=\"72\" height=\"18\">\u015eekil<\/td>\n<td style=\"width: 54pt; text-align: center;\" width=\"72\">Boyut (cm)<\/td>\n<td style=\"width: 54pt; text-align: center;\" width=\"72\">Malzeme<\/td>\n<td style=\"width: 54pt; text-align: center;\" width=\"72\">Renk<\/td>\n<td style=\"width: 54pt; text-align: center;\" width=\"72\">Kullan\u0131m<\/td>\n<\/tr>\n<tr style=\"height: 13.50pt;\">\n<td style=\"height: 13.5pt; text-align: center;\" height=\"18\">Oluklu<\/td>\n<td style=\"text-align: center;\">5,5 \u00d7 11,2 \u00d7 3,8<\/td>\n<td class=\"et2\" style=\"text-align: center;\" rowspan=\"3\">Bardak<\/td>\n<td class=\"et2\" style=\"text-align: center;\" rowspan=\"3\">Temizle veya \u00d6zel<\/td>\n<td class=\"et2\" style=\"text-align: center;\" rowspan=\"3\">\u00c7i\u00e7ekler, Sukulentler, Yapay Aranjmanlar<\/td>\n<\/tr>\n<tr style=\"height: 13.50pt;\">\n<td style=\"height: 13.5pt; text-align: center;\" height=\"18\">Kabak<\/td>\n<td style=\"text-align: center;\">6,0 \u00d7 11,5 \u00d7 3,8<\/td>\n<\/tr>\n<tr style=\"height: 13.50pt;\">\n<td style=\"height: 13.5pt; text-align: center;\" height=\"18\">Sarmal<\/td>\n<td style=\"text-align: center;\">5,9 \u00d7 11,5 \u00d7 3,8<\/td>\n<\/tr>\n<\/tbody>\n<\/table>\n<h2>Ba\u015far\u0131 \u00d6rne\u011fi<\/h2>\n<p>Hollandal\u0131 ev dekorasyon perakendecisi, ilk minimalist masa \u00fcst\u00fc aksesuar koleksiyonunu olu\u015fturmak i\u00e7in \u015feffaf vazolar\u0131m\u0131z\u0131 tercih etti. M\u00fc\u015fterilerimiz, dumanl\u0131 gri, kehribar ve yumu\u015fak ye\u015fil gibi \u00e7e\u015fitli a\u00e7\u0131k renk tonlar\u0131 aras\u0131ndan se\u00e7im yapabiliyordu. Tek sapl\u0131 \u00e7i\u00e7eklerin g\u00fcvenli bir \u015fekilde yerinde kalmas\u0131n\u0131 sa\u011flayacak \u015fekilde vazo boyunlar\u0131n\u0131 yeniden tasarlad\u0131k. Tek sapl\u0131 vazolar\u0131n toplu da\u011f\u0131t\u0131m\u0131 i\u00e7in, ta\u015f\u0131ma s\u0131ras\u0131nda daha iyi \u00fcr\u00fcn korumas\u0131 sa\u011flayan ve \u00fcr\u00fcnleri perakende sunumu i\u00e7in daha \u00e7ekici hale getiren \u00f6zel bir ambalaj sistemi olu\u015fturduk.<\/p>\n<p>\u00dcr\u00fcn piyasaya s\u00fcr\u00fcld\u00fckten alt\u0131 hafta sonra, &#034;k\u00fc\u00e7\u00fck dekoratif e\u015fyalar&#034; kategorisinde sat\u0131\u015flarda &#039;lik bir art\u0131\u015f ya\u015fand\u0131; \u00e7\u00fcnk\u00fc m\u00fc\u015fteri, artan \u00e7ok kanall\u0131 talebi kar\u015f\u0131lamak i\u00e7in daha fazla \u00fcr\u00fcne ihtiya\u00e7 duydu ve bu da 50.000 adetlik ek bir sipari\u015fle sonu\u00e7land\u0131.<\/p>\n<h2>\u00d6zelle\u015ftirme \u0130pu\u00e7lar\u0131<\/h2>\n<ol>\n<li><strong>Renk Tonu Se\u00e7enekleri:<\/strong> Mevsimlik koleksiyonlar i\u00e7in, filmlerin renklerini yumu\u015fak kehribar, duman grisi, a\u00e7\u0131k mavi veya degrade tonlarla renklendirebilirsiniz.<\/li>\n<li><strong>Logo Markala\u015fmas\u0131:<\/strong> Markan\u0131n logolar\u0131n\u0131 lazer grav\u00fcr, alt kabartma veya k\u00fc\u00e7\u00fck bask\u0131 \u015feklinde uygulay\u0131n.<\/li>\n<li><strong>Aksesuar Kombinasyonu:<\/strong> \u00dcr\u00fcnlerin sunumunu zenginle\u015ftirmek i\u00e7in dekoratif etiketler, k\u00fc\u00e7\u00fck standlar veya ah\u015fap tepsiler gibi ikincil \u00fcr\u00fcnlerle birlikte kullan\u0131labilme se\u00e7ene\u011fi sunun.<\/li>\n<\/ol>","protected":false},"excerpt":{"rendered":"<p>\u015eeffaf \u00e7i\u00e7ek vazolar\u0131m\u0131z, sergileme, dekorasyon ve benzeri ama\u00e7lar i\u00e7in m\u00fckemmel olan \u00fc\u00e7 farkl\u0131 \u015fekilde mevcuttur. Toptan sat\u0131\u015fta olan k\u00fc\u00e7\u00fck \u00e7i\u00e7ek vazolar\u0131 i\u00e7in \u00f6zelle\u015ftirme hizmeti sunuyoruz ve \u00fccretsiz \u00f6rnekler veriyoruz.<\/p>","protected":false},"featured_media":6171,"template":"","meta":{"postBodyCss":"","postBodyMargin":[],"postBodyPadding":[],"postBodyBackground":{"backgroundType":"classic","gradient":""}},"product_brand":[],"product_cat":[107,15,16],"product_tag":[],"class_list":{"0":"post-6163","1":"product","2":"type-product","3":"status-publish","4":"has-post-thumbnail","6":"product_cat-glass-bud-vases","7":"product_cat-glass-containers","8":"product_cat-glass-bottles","10":"first","11":"instock","12":"shipping-taxable","13":"product-type-simple"},"jetpack_sharing_enabled":true,"_links":{"self":[{"href":"https:\/\/minghanggroup.com\/tr\/wp-json\/wp\/v2\/product\/6163","targetHints":{"allow":["GET"]}}],"collection":[{"href":"https:\/\/minghanggroup.com\/tr\/wp-json\/wp\/v2\/product"}],"about":[{"href":"https:\/\/minghanggroup.com\/tr\/wp-json\/wp\/v2\/types\/product"}],"wp:featuredmedia":[{"embeddable":true,"href":"https:\/\/minghanggroup.com\/tr\/wp-json\/wp\/v2\/media\/6171"}],"wp:attachment":[{"href":"https:\/\/minghanggroup.com\/tr\/wp-json\/wp\/v2\/media?parent=6163"}],"wp:term":[{"taxonomy":"product_brand","embeddable":true,"href":"https:\/\/minghanggroup.com\/tr\/wp-json\/wp\/v2\/product_brand?post=6163"},{"taxonomy":"product_cat","embeddable":true,"href":"https:\/\/minghanggroup.com\/tr\/wp-json\/wp\/v2\/product_cat?post=6163"},{"taxonomy":"product_tag","embeddable":true,"href":"https:\/\/minghanggroup.com\/tr\/wp-json\/wp\/v2\/product_tag?post=6163"}],"curies":[{"name":"wp","href":"https:\/\/api.w.org\/{rel}","templated":true}]}}