{"id":6162,"date":"2026-04-02T11:33:54","date_gmt":"2026-04-02T03:33:54","guid":{"rendered":"https:\/\/minghanggroup.com\/?post_type=product&#038;p=6162"},"modified":"2026-04-02T13:25:44","modified_gmt":"2026-04-02T05:25:44","slug":"smoky-lantern-shape-ribbed-glass-vases-bulk","status":"publish","type":"product","link":"https:\/\/minghanggroup.com\/tr\/urun\/smoky-lantern-shape-ribbed-glass-vases-bulk\/","title":{"rendered":"Dumanl\u0131 Fener \u015eeklinde Oluklu Cam Vazolar (Toptan)"},"content":{"rendered":"<p>Yivli cam vazo tasar\u0131m\u0131, geleneksel fener tasar\u0131m\u0131ndan ilham al\u0131yor. Dumanl\u0131 gri renkteki \u015feffaf cam \u00fcr\u00fcn, y\u00fczeyini kaplayan derin dikey yivlere ve a\u011fz\u0131ndaki alt\u0131n metal s\u00fcslemeye sahip olup, zenginlik izlenimi yarat\u0131yor.<\/p>\n<h2>\u00dcr\u00fcn \u00d6zellikleri<\/h2>\n<ul>\n<li><strong>Klasik Fener \u015eekli:<\/strong> Tasar\u0131m, ince boynu, yuvarlak g\u00f6vdesi ve geni\u015fleyen taban\u0131yla geleneksel fenerlerden ilham alarak \u00fc\u00e7 par\u00e7ay\u0131 bir araya getiriyor ve kal\u0131c\u0131 bir tasar\u0131m olu\u015fturuyor.<\/li>\n<li><strong>Derin Dikey Kaburgalar:<\/strong> Vazodaki dikey nerv\u00fcrler, g\u00fc\u00e7l\u00fc doku sayesinde etkileyici bir g\u00f6rsel etki yarat\u0131r; bu da derin g\u00f6rsel etkiler ve \u00e7ekici a\u00e7\u0131k ve koyu desenler olu\u015fturur.<\/li>\n<li><strong>Alt\u0131n detaylarla s\u00fcslenmi\u015f f\u00fcme gri cam:<\/strong> Cam malzeme, berrak dumanl\u0131 gri g\u00f6r\u00fcn\u00fcm\u00fcyle modern bir tarz sergilerken, alt\u0131n metal detaylar tasar\u0131ma sofistike bir unsur kat\u0131yor.<\/li>\n<\/ul>\n<h2 style=\"text-align: left;\">Temel \u00d6zellikler<\/h2>\n<table class=\"aligncenter\" style=\"border-collapse: collapse; width: 432.77pt;\" border=\"0\" width=\"577\" cellspacing=\"0\" cellpadding=\"0\">\n<tbody>\n<tr style=\"height: 13.50pt;\">\n<td style=\"height: 13.50pt; width: 117.75pt;\" width=\"157\" height=\"18\">Ba\u011flanmak<\/td>\n<td style=\"width: 315.00pt;\" width=\"420\">Detaylar<\/td>\n<\/tr>\n<tr style=\"height: 13.50pt;\">\n<td style=\"height: 13.50pt;\" height=\"18\">Yakla\u015f\u0131k Boyutlar (Y\u00d7G)<\/td>\n<td>19,8 cm (Y) \u00d7 12 cm (G)<\/td>\n<\/tr>\n<tr style=\"height: 13.50pt;\">\n<td style=\"height: 13.50pt;\" height=\"18\">Malzeme<\/td>\n<td>Duman grisi \u015feffaf cam, alt\u0131n metal \u00e7er\u00e7eve<\/td>\n<\/tr>\n<tr style=\"height: 13.50pt;\">\n<td style=\"height: 13.50pt;\" height=\"18\">Vazo \u015eekli<\/td>\n<td>\u00dc\u00e7 par\u00e7al\u0131 fener silueti<\/td>\n<\/tr>\n<tr style=\"height: 13.50pt;\">\n<td style=\"height: 13.50pt;\" height=\"18\">\u00d6zelle\u015ftirme Aral\u0131\u011f\u0131<\/td>\n<td>Renk, fitil stili, biti\u015f, boyut<\/td>\n<\/tr>\n<tr style=\"height: 13.50pt;\">\n<td style=\"height: 13.50pt;\" height=\"18\">\u0130\u015f\u00e7ilik<\/td>\n<td>A\u011f\u0131zdan \u00fcfleme veya y\u00fcksek kaliteli kal\u0131planm\u0131\u015f cam<\/td>\n<\/tr>\n<tr style=\"height: 13.50pt;\">\n<td style=\"height: 13.50pt;\" height=\"18\">Birincil Kullan\u0131m<\/td>\n<td>Dekoratif cam \u00e7i\u00e7ek vazosu, oluklu cam vazo<\/td>\n<\/tr>\n<tr style=\"height: 13.50pt;\">\n<td style=\"height: 13.50pt;\" height=\"18\">Hedef Sekt\u00f6rler<\/td>\n<td>Ev dekorasyon \u00fcr\u00fcnleri satan perakendeciler, butik \u00e7i\u00e7ek\u00e7iler<\/td>\n<\/tr>\n<\/tbody>\n<\/table>\n<h2>Ba\u015far\u0131 \u00d6yk\u00fcs\u00fc: \u00dclke \u00c7ap\u0131nda Bir Ev Dekorasyon Zincirinde En \u00c7ok Satan \u00dcr\u00fcn<\/h2>\n<p>B\u00fcy\u00fck bir ev dekorasyon zinciri, dumanl\u0131 gri renkli, nerv\u00fcrl\u00fc cam vazomuzu sipari\u015f ederek, a\u00e7\u0131k &#034;buzlu&#034; gri tonu ve g\u00fcl alt\u0131n rengi s\u00fcslemeyle \u00f6zelle\u015ftirdi. Benzersiz tasar\u0131ml\u0131 bu vazo, piyasaya s\u00fcr\u00fcld\u00fckten sonraki iki g\u00fcn i\u00e7inde 20.000 adetlik \u00e7evrimi\u00e7i sto\u011funun tamam\u0131n\u0131 satt\u0131. \u00dcr\u00fcn, ilk pazar \u00e7eyre\u011finde dekoratif aksesuarlar sat\u0131\u015flar\u0131nda 0&#039;lik bir art\u0131\u015f sa\u011flarken, m\u00fc\u015fteriler dayan\u0131kl\u0131l\u0131\u011f\u0131n\u0131 ,5 memnuniyetle de\u011ferlendirdi. Zincirin ba\u015far\u0131s\u0131, yakla\u015fan tatil ve bahar koleksiyonlar\u0131 i\u00e7in 620.000 adet daha vazo sipari\u015fi almalar\u0131na yol a\u00e7t\u0131.<\/p>\n<h2>\u00c7i\u00e7ekler i\u00e7in Cam Vazo: Ki\u015fiselle\u015ftirme Se\u00e7enekleri<\/h2>\n<ul>\n<li>Sap metalinin kaplamas\u0131 i\u00e7in alt\u0131n yald\u0131z, pirin\u00e7 antik siyah g\u00fcm\u00fc\u015f ve bak\u0131r gibi \u00e7e\u015fitli se\u00e7enekler mevcuttur.<\/li>\n<li>Yivli tasar\u0131mlar; ince oluklu, geni\u015f yivli veya spiral desenli olabilir.<\/li>\n<li>\u00dcr\u00fcn, \u00e7e\u015fitli ekran ihtiya\u00e7lar\u0131n\u0131 ve farkl\u0131 uygulamalar\u0131 kar\u015f\u0131lamak \u00fczere mini, standart ve b\u00fcy\u00fck olmak \u00fczere \u00fc\u00e7 farkl\u0131 ekran boyutunda sunulmaktad\u0131r.<\/li>\n<\/ul>","protected":false},"excerpt":{"rendered":"<p>F\u00fcme gri renkte, fener \u015feklinde ve alt\u0131n kenarl\u0131, oluklu cam vazo. \u00c7i\u00e7ekler i\u00e7in cam vazo, dekorasyona zarafet katar. \u00d6zel tasar\u0131m se\u00e7enekleri mevcuttur. H\u0131zl\u0131 kargo.<\/p>","protected":false},"featured_media":6167,"template":"","meta":{"postBodyCss":"","postBodyMargin":[],"postBodyPadding":[],"postBodyBackground":{"backgroundType":"classic","gradient":""}},"product_brand":[],"product_cat":[107,15,16],"product_tag":[],"class_list":{"0":"post-6162","1":"product","2":"type-product","3":"status-publish","4":"has-post-thumbnail","6":"product_cat-glass-bud-vases","7":"product_cat-glass-containers","8":"product_cat-glass-bottles","10":"first","11":"instock","12":"shipping-taxable","13":"product-type-simple"},"jetpack_sharing_enabled":true,"_links":{"self":[{"href":"https:\/\/minghanggroup.com\/tr\/wp-json\/wp\/v2\/product\/6162","targetHints":{"allow":["GET"]}}],"collection":[{"href":"https:\/\/minghanggroup.com\/tr\/wp-json\/wp\/v2\/product"}],"about":[{"href":"https:\/\/minghanggroup.com\/tr\/wp-json\/wp\/v2\/types\/product"}],"wp:featuredmedia":[{"embeddable":true,"href":"https:\/\/minghanggroup.com\/tr\/wp-json\/wp\/v2\/media\/6167"}],"wp:attachment":[{"href":"https:\/\/minghanggroup.com\/tr\/wp-json\/wp\/v2\/media?parent=6162"}],"wp:term":[{"taxonomy":"product_brand","embeddable":true,"href":"https:\/\/minghanggroup.com\/tr\/wp-json\/wp\/v2\/product_brand?post=6162"},{"taxonomy":"product_cat","embeddable":true,"href":"https:\/\/minghanggroup.com\/tr\/wp-json\/wp\/v2\/product_cat?post=6162"},{"taxonomy":"product_tag","embeddable":true,"href":"https:\/\/minghanggroup.com\/tr\/wp-json\/wp\/v2\/product_tag?post=6162"}],"curies":[{"name":"wp","href":"https:\/\/api.w.org\/{rel}","templated":true}]}}