{"id":6157,"date":"2026-04-02T09:48:27","date_gmt":"2026-04-02T01:48:27","guid":{"rendered":"https:\/\/minghanggroup.com\/?post_type=product&#038;p=6157"},"modified":"2026-04-02T13:26:09","modified_gmt":"2026-04-02T05:26:09","slug":"embossed-clear-glass-vases-with-handle-bulk","status":"publish","type":"product","link":"https:\/\/minghanggroup.com\/tr\/urun\/embossed-clear-glass-vases-with-handle-bulk\/","title":{"rendered":"Sapl\u0131 Kabartmal\u0131 \u015eeffaf Cam Vazolar (Toptan)"},"content":{"rendered":"<p>\u015eeffaf cam vazo, \u00fcst k\u0131sm\u0131nda geni\u015f ba\u015flay\u0131p dibine do\u011fru daralarak sepet \u015feklini alan bir cam vazo i\u015flevi g\u00f6r\u00fcyor. G\u00f6vdesi, zarif bir tasar\u0131m yaratan 3 boyutlu elmas desenli diki\u015flerle s\u00fcslenmi\u015fken, sap\u0131 s\u0131cak kahverengi suni deriden, metal aksam\u0131 ise cilal\u0131 alt\u0131n tonlu metalden yap\u0131lm\u0131\u015ft\u0131r.<\/p>\n<h2>\u00dcr\u00fcn \u00d6zellikleri<\/h2>\n<ul>\n<li><strong>Elmas Izgara Dokusu:<\/strong> Y\u00fczeyin tamam\u0131n\u0131 kaplayan kabartmal\u0131 elmas deseni, \u0131\u015f\u0131\u011f\u0131 yans\u0131tan g\u00f6rsel bir efekt olu\u015ftururken kullan\u0131c\u0131lar\u0131n daha iyi kavrama sa\u011flamas\u0131na da olanak tan\u0131r.<\/li>\n<li><strong>Deri ve Metal Sap:<\/strong> Suni deriden yap\u0131lm\u0131\u015f ve alt\u0131n per\u00e7inlerle s\u00fcslenmi\u015f kavisli sap, vazoya vintage rustik bir g\u00f6r\u00fcn\u00fcm kazand\u0131rarak kullan\u0131c\u0131lar\u0131n onu ta\u015f\u0131mas\u0131na veya as\u0131l\u0131 bir sanat eseri olarak sergilemesine olanak tan\u0131r.<\/li>\n<li><strong>Konik \u015eekil:<\/strong> Konik tasar\u0131m, geni\u015f a\u00e7\u0131kl\u0131\u011f\u0131 sayesinde \u00e7i\u00e7eklerin kolayca d\u00fczenlenmesine olanak tan\u0131yan sa\u011flam bir yap\u0131 olu\u015ftururken, hem modern hem de geleneksel i\u00e7 mekan tasar\u0131m stillerini tamamlar.<\/li>\n<\/ul>\n<h2 style=\"text-align: left;\">Temel \u00d6zellikler<\/h2>\n<table class=\"aligncenter\" style=\"border-collapse: collapse; width: 378.02pt;\" border=\"0\" width=\"504\" cellspacing=\"0\" cellpadding=\"0\">\n<tbody>\n<tr style=\"height: 13.50pt;\">\n<td style=\"height: 13.50pt; width: 117.75pt;\" width=\"157\" height=\"18\">\u015eartname<\/td>\n<td style=\"width: 260.25pt;\" width=\"347\">Detaylar<\/td>\n<\/tr>\n<tr style=\"height: 13.50pt;\">\n<td style=\"height: 13.50pt;\" height=\"18\">Boyutlar<\/td>\n<td>13 cm \u00d7 16,2 cm<\/td>\n<\/tr>\n<tr style=\"height: 13.50pt;\">\n<td style=\"height: 13.50pt;\" height=\"18\">Malzeme<\/td>\n<td>\u015eeffaf Cam, Suni Deri, Metal (Per\u00e7inler)<\/td>\n<\/tr>\n<tr style=\"height: 13.50pt;\">\n<td style=\"height: 13.50pt;\" height=\"18\">Vazo \u015eekli<\/td>\n<td>Sepet \u015feklinde cam vazo<\/td>\n<\/tr>\n<tr style=\"height: 13.50pt;\">\n<td style=\"height: 13.50pt;\" height=\"18\">\u00d6zelle\u015ftirme Kapsam\u0131<\/td>\n<td>Renk, Sap Malzemesi, Y\u00fczey \u0130\u015flemi, Boyut<\/td>\n<\/tr>\n<tr style=\"height: 13.50pt;\">\n<td style=\"height: 13.50pt;\" height=\"18\">\u0130\u015f\u00e7ilik<\/td>\n<td>Derin Doku \u0130\u00e7in Cam Presleme<\/td>\n<\/tr>\n<tr style=\"height: 13.50pt;\">\n<td style=\"height: 13.50pt;\" height=\"18\">\u00dcr\u00fcn Amac\u0131<\/td>\n<td>Dekoratif \u015eeffaf Cam Vazo, K\u00fc\u00e7\u00fck \u00c7i\u00e7ek Vazolar\u0131 (Toptan)<\/td>\n<\/tr>\n<tr style=\"height: 13.50pt;\">\n<td style=\"height: 13.50pt;\" height=\"18\">Uygun Sekt\u00f6rler<\/td>\n<td>\u00c7i\u00e7ek\u00e7iler, Hediyelik E\u015fya D\u00fckkanlar\u0131, Ev Dekorasyon \u00dcr\u00fcnleri Perakendecileri<\/td>\n<\/tr>\n<\/tbody>\n<\/table>\n<h2>Ba\u015far\u0131 Hikayesi<\/h2>\n<p>Ev dekorasyon zinciri, a\u00e7\u0131k ye\u015fil bir tasar\u0131m ve has\u0131r sapla \u00f6zelle\u015ftirdi\u011fimiz dokulu \u015feffaf cam vazomuz i\u00e7in sipari\u015f verdi. Tasar\u0131m, ilk etapta \u00e7evrimi\u00e7i olarak sat\u0131lan 15.000 adetlik sto\u011fu 72 saat i\u00e7inde t\u00fcketti. &#034;Masa\u00fcst\u00fc dekorasyonu&#034; kategorisi, lansmandan sonraki ilk ayda 0&#039;l\u00fck bir sat\u0131\u015f art\u0131\u015f\u0131 ya\u015farken, vazo 5 \u00fczerinden 4,9 gibi ola\u011fan\u00fcst\u00fc bir m\u00fc\u015fteri puan\u0131 elde etti. Zincir o kadar g\u00fc\u00e7l\u00fc bir performans sergiledi ki, \u00f6n\u00fcm\u00fczdeki iki sezonluk koleksiyonlar\u0131nda ve \u00f6zel olarak tasarlanm\u0131\u015f butik otel ortakl\u0131\u011f\u0131 projesinde kullan\u0131lmak \u00fczere 580.000 adet vazo sipari\u015fi verdi.<\/p>\n<h2>Toplu \u00c7i\u00e7ek Vazolar\u0131 \u00d6zelle\u015ftirme Se\u00e7enekleri<\/h2>\n<ul>\n<li>Sap Malzemesi: Ger\u00e7ek deri, dokuma j\u00fct, rattan ve metal malzemeler dahil olmak \u00fczere \u00e7e\u015fitli sap se\u00e7enekleri sunuyoruz.<\/li>\n<li>Doku Deseni: M\u00fc\u015fteriler petek deseni, dikey \u00e7izgiler ve d\u00f6vme g\u00f6r\u00fcn\u00fcml\u00fc y\u00fczeyler de dahil olmak \u00fczere \u00e7e\u015fitli doku se\u00e7eneklerinden birini se\u00e7ebilirler.<\/li>\n<li>Metal Ba\u011flant\u0131 Elemanlar\u0131 Se\u00e7enekleri: Metal ba\u011flant\u0131 elemanlar\u0131 aras\u0131nda, antik pirin\u00e7 ve bak\u0131r, siyah nikel ve pembe alt\u0131n gibi \u00e7e\u015fitli y\u00fczey i\u015flemlerine sahip per\u00e7inler ve di\u011fer ba\u011flant\u0131 par\u00e7alar\u0131 bulunur.<\/li>\n<\/ul>","protected":false},"excerpt":{"rendered":"<p>Kabartmal\u0131 dokuya ve sap tasar\u0131m\u0131na sahip \u015feffaf cam vazo. Dekorasyon, \u00e7i\u00e7ek d\u00fczenlemesi veya hediye i\u00e7in m\u00fckemmel, toptan sat\u0131\u015fa sunulan k\u00fc\u00e7\u00fck vazolar. \u00dccretsiz numuneler mevcuttur. H\u0131zl\u0131 kargo.<\/p>","protected":false},"featured_media":6158,"template":"","meta":{"postBodyCss":"","postBodyMargin":[],"postBodyPadding":[],"postBodyBackground":{"backgroundType":"classic","gradient":""}},"product_brand":[],"product_cat":[107,15,16],"product_tag":[],"class_list":{"0":"post-6157","1":"product","2":"type-product","3":"status-publish","4":"has-post-thumbnail","6":"product_cat-glass-bud-vases","7":"product_cat-glass-containers","8":"product_cat-glass-bottles","10":"first","11":"instock","12":"shipping-taxable","13":"product-type-simple"},"jetpack_sharing_enabled":true,"_links":{"self":[{"href":"https:\/\/minghanggroup.com\/tr\/wp-json\/wp\/v2\/product\/6157","targetHints":{"allow":["GET"]}}],"collection":[{"href":"https:\/\/minghanggroup.com\/tr\/wp-json\/wp\/v2\/product"}],"about":[{"href":"https:\/\/minghanggroup.com\/tr\/wp-json\/wp\/v2\/types\/product"}],"wp:featuredmedia":[{"embeddable":true,"href":"https:\/\/minghanggroup.com\/tr\/wp-json\/wp\/v2\/media\/6158"}],"wp:attachment":[{"href":"https:\/\/minghanggroup.com\/tr\/wp-json\/wp\/v2\/media?parent=6157"}],"wp:term":[{"taxonomy":"product_brand","embeddable":true,"href":"https:\/\/minghanggroup.com\/tr\/wp-json\/wp\/v2\/product_brand?post=6157"},{"taxonomy":"product_cat","embeddable":true,"href":"https:\/\/minghanggroup.com\/tr\/wp-json\/wp\/v2\/product_cat?post=6157"},{"taxonomy":"product_tag","embeddable":true,"href":"https:\/\/minghanggroup.com\/tr\/wp-json\/wp\/v2\/product_tag?post=6157"}],"curies":[{"name":"wp","href":"https:\/\/api.w.org\/{rel}","templated":true}]}}