{"id":6143,"date":"2026-04-01T11:58:43","date_gmt":"2026-04-01T03:58:43","guid":{"rendered":"https:\/\/minghanggroup.com\/?post_type=product&#038;p=6143"},"modified":"2026-04-01T11:58:45","modified_gmt":"2026-04-01T03:58:45","slug":"colored-small-glass-vases-set-for-displays-bulk","status":"publish","type":"product","link":"https:\/\/minghanggroup.com\/tr\/urun\/colored-small-glass-vases-set-for-displays-bulk\/","title":{"rendered":"Renkli K\u00fc\u00e7\u00fck Cam Vazolar Seti (Toptan Sat\u0131\u015f)"},"content":{"rendered":"<p>Y\u00fcksek \u015feffafl\u0131\u011fa sahip camdan \u00fcretilen k\u00fc\u00e7\u00fck cam vazolar, her t\u00fcrl\u00fc i\u00e7 mekan tasar\u0131m\u0131na uyum sa\u011flayan p\u00fcr\u00fczs\u00fcz yuvarlak \u015fekilleriyle dikkat \u00e7ekiyor. \u00dcr\u00fcn\u00fcn \u00fc\u00e7 farkl\u0131 boyutu, kullan\u0131c\u0131lar\u0131n tek \u00e7i\u00e7ekleri, k\u00fc\u00e7\u00fck \u00e7i\u00e7ek aranjmanlar\u0131n\u0131 ve sukulent bitkilerini sergilemelerine olanak tan\u0131yor. Cam koleksiyonunda, ev masalar\u0131n\u0131n, kafe vitrinlerinin ve perakende ortamlar\u0131n\u0131n g\u00fczelli\u011fini art\u0131ran yumu\u015fak bir \u0131\u015f\u0131k \u00fcreten \u015feffaf mavi, kehribar ve ye\u015fil se\u00e7enekler bulunuyor.<\/p>\n<h2>\u00dcr\u00fcn \u00d6zellikleri<\/h2>\n<ul>\n<li><strong>Renkli \u0130fade:<\/strong> Sistem, kullan\u0131c\u0131lara istedikleri g\u00f6r\u00fcn\u00fcme uygun olarak klasik \u015feffaf ve vintage esintili mavi ile s\u0131cak kehribar ve yemye\u015fil olmak \u00fczere d\u00f6rt farkl\u0131 plastik renk aras\u0131ndan se\u00e7im yapma olana\u011f\u0131 sunuyor.<\/li>\n<li><strong>Zahmetsiz D\u00fczenleme: <\/strong>Geni\u015f a\u00e7\u0131kl\u0131klar\u0131 ve p\u00fcr\u00fczs\u00fcz i\u00e7 tasar\u0131m\u0131 sayesinde, su borusunun kolayca tak\u0131lmas\u0131 ve suyun de\u011fi\u015ftirilmesi m\u00fcmk\u00fcn olmaktad\u0131r.<\/li>\n<li><strong>Dayan\u0131kl\u0131l\u0131k Tasar\u0131mla Bulu\u015fuyor:<\/strong> Y\u00fcksek kaliteli cam malzeme, \u00fcr\u00fcn\u00fcn\u00fcz\u00fcn \u00e7izilmelere ve k\u0131r\u0131lmalara kar\u015f\u0131 koruma sa\u011flayarak uzun y\u0131llar dayanmas\u0131n\u0131 garanti eder.<\/li>\n<\/ul>\n<h2>Temel \u00d6zellikler<\/h2>\n<table style=\"border-collapse: collapse; width: 80%; margin-left: auto; margin-right: auto;\" border=\"0\" width=\"288\" cellspacing=\"0\" cellpadding=\"0\">\n<tbody>\n<tr style=\"height: 13.50pt;\">\n<td style=\"height: 13.5pt; width: 54pt; text-align: center;\" width=\"72\" height=\"18\">\u015eekil<\/td>\n<td style=\"width: 54pt; text-align: center;\" width=\"72\">Boyut (mm)<\/td>\n<td style=\"width: 54pt; text-align: center;\" width=\"72\">Renk Se\u00e7enekleri<\/td>\n<td style=\"width: 54pt; text-align: center;\" width=\"72\">Kullan\u0131m<\/td>\n<\/tr>\n<tr style=\"height: 13.50pt;\">\n<td style=\"height: 13.5pt; text-align: center;\" height=\"18\">D\u00fcz Yuvarlak Vazo<\/td>\n<td style=\"text-align: center;\">110 x 100 x 30<\/td>\n<td class=\"et2\" style=\"text-align: center;\" rowspan=\"3\">\u015eeffaf, kehribar, gri, ye\u015fil veya \u00f6zel<\/td>\n<td class=\"et2\" style=\"text-align: center;\" rowspan=\"3\">\u00c7i\u00e7ekler, Sukulentler, Dekoratif Dolgular<\/td>\n<\/tr>\n<tr style=\"height: 13.50pt;\">\n<td style=\"height: 13.5pt; text-align: center;\" height=\"18\">Yuvarlak Yass\u0131 Vazo<\/td>\n<td style=\"text-align: center;\">90 x 111 x 30<\/td>\n<\/tr>\n<tr style=\"height: 13.50pt;\">\n<td style=\"height: 13.5pt; text-align: center;\" height=\"18\">Uzun Boyunlu Vazo<\/td>\n<td style=\"text-align: center;\">70 x 150 x 28<\/td>\n<\/tr>\n<\/tbody>\n<\/table>\n<h2>Ba\u015far\u0131 Hikayesi<\/h2>\n<p>Butik bir kahve zinciri, masa \u00fcst\u00fc dekorunu plastik kaplar\u0131n yerine renkli, k\u00fc\u00e7\u00fck cam tek sapl\u0131 vazolar\u0131m\u0131zla yeniledi. Bu partideki \u00f6zel tasar\u0131m vazolar, d\u00fc\u015f\u00fck doygunluktaki mavi ve kehribar renk aral\u0131\u011f\u0131ndan iki ana rengin kullan\u0131ld\u0131\u011f\u0131 degrade bir tasar\u0131m y\u00f6ntemiyle \u00fcretildi. Cam kal\u0131nl\u0131\u011f\u0131, yo\u011fun yaya trafi\u011finin oldu\u011fu kalabal\u0131k ortamlarda g\u00fcnl\u00fck kullan\u0131ma dayanabilecek daha dayan\u0131kl\u0131 bir \u00fcr\u00fcn olu\u015fturmak i\u00e7in optimize edildi. Kahve d\u00fckkan\u0131, b\u00fcy\u00fck kahve sipari\u015flerini y\u00f6netmelerini ve de\u011fi\u015ftirmelerini sa\u011flayan g\u00fc\u00e7l\u00fc koruyucu ambalaj ald\u0131.<\/p>\n<p>Kahve d\u00fckkan\u0131, yenileme i\u015fleminden sonraki ilk \u00fc\u00e7 ayda Instagram takip\u00e7i say\u0131s\u0131nda \u00fc\u00e7 kat art\u0131\u015f ya\u015farken, m\u00fc\u015fteri trafi\u011fi de artt\u0131. Kahve d\u00fckkan\u0131, g\u00f6rsel tasar\u0131mlar\u0131 ve ola\u011fan\u00fcst\u00fc dayan\u0131kl\u0131l\u0131klar\u0131 \u00e7arp\u0131c\u0131 etkiler yaratt\u0131\u011f\u0131 i\u00e7in bu vazolar\u0131n \u00f6nemli miktarlarda olanlar\u0131n\u0131 her \u00fc\u00e7 ayda bir sipari\u015f ediyor.<\/p>\n<h2>Markalar ve Sat\u0131c\u0131lar \u0130\u00e7in \u00d6zelle\u015ftirme \u0130pu\u00e7lar\u0131<\/h2>\n<ol>\n<li><strong>\u015ei\u015fe \u015eekli Kombinasyonlar\u0131:<\/strong> Genel g\u00f6rsel \u00e7e\u015fitlili\u011fi ve dekoratif \u00e7ekicili\u011fi art\u0131rman\u0131n harika bir yolu, uyumlu setler olu\u015fturmak i\u00e7in \u00e7e\u015fitli \u015fi\u015fe \u015fekillerinin (yuvarlak, yass\u0131 yuvarlak ve dar boyunlu modeller gibi) kar\u0131\u015ft\u0131r\u0131l\u0131p e\u015fle\u015ftirilmesini desteklemektir.<\/li>\n<li><strong>Y\u00fczey \u0130\u015fleme Se\u00e7enekleri:<\/strong> G\u00fcn\u00fcm\u00fczde y\u00fczey g\u00f6r\u00fcn\u00fcm\u00fcn\u00fc de\u011fi\u015ftirmenin pek \u00e7ok yolu var \u2013 y\u00fcksek parlakl\u0131kta \u015feffaf buzlu se\u00e7ici sprey boyama veya eskitme\/ya\u015fland\u0131rma efektleri. Y\u00fczey bitirme se\u00e7enekleri sadece \u00fcr\u00fcn\u00fcn stilini yans\u0131tmakla kalmaz, ayn\u0131 zamanda t\u00fcm markan\u0131n esteti\u011fini de yans\u0131t\u0131r; bu da m\u00fc\u015fterinin daha fazla tercihine kalm\u0131\u015ft\u0131r.<\/li>\n<li><strong>Marka Logosu Yerle\u015fimi:<\/strong> Asl\u0131nda, \u00fcr\u00fcn\u00fcn\u00fcz\u00fc ve markan\u0131z\u0131 farkl\u0131la\u015ft\u0131rman\u0131n olduk\u00e7a kolay bir yolu, m\u00fc\u015fterilerin \u015fi\u015fenin taban\u0131na veya g\u00f6vdesine (serigrafi veya grav\u00fcr gibi y\u00f6ntemlerle) minimalist logolar \u00f6zelle\u015ftirmesine izin vermektir; bu sayede \u00fcr\u00fcn\u00fcn estetik b\u00fct\u00fcnl\u00fc\u011f\u00fcnden \u00f6d\u00fcn vermeden marka bilinirli\u011fini etkili bir \u015fekilde art\u0131rabilirsiniz.<\/li>\n<\/ol>","protected":false},"excerpt":{"rendered":"<section class=\"text-token-text-primary w-full focus:outline-none [--shadow-height:45px] has-data-writing-block:pointer-events-none has-data-writing-block:-mt-(--shadow-height) has-data-writing-block:pt-(--shadow-height) [&amp;:has([data-writing-block])&gt;*]:pointer-events-auto scroll-mt-(--header-height)\" dir=\"auto\" data-turn-id=\"4ae7f63b-6834-4db5-97e2-bc29cfe92107\" data-testid=\"conversation-turn-39\" data-scroll-anchor=\"false\" data-turn=\"user\">\n<div class=\"text-base my-auto mx-auto pt-12 [--thread-content-margin:var(--thread-content-margin-xs,calc(var(--spacing)*4))] @w-sm\/main:[--thread-content-margin:var(--thread-content-margin-sm,calc(var(--spacing)*6))] @w-lg\/main:[--thread-content-margin:var(--thread-content-margin-lg,calc(var(--spacing)*16))] px-(--thread-content-margin)\">\n<div class=\"[--thread-content-max-width:40rem] @w-lg\/main:[--thread-content-max-width:48rem] mx-auto max-w-(--thread-content-max-width) flex-1 group\/turn-messages focus-visible:outline-hidden relative flex w-full min-w-0 flex-col\">\n<div class=\"z-0 flex justify-end\">\n<div class=\"text-base my-auto mx-auto pb-10 [--thread-content-margin:var(--thread-content-margin-xs,calc(var(--spacing)*4))] @w-sm\/main:[--thread-content-margin:var(--thread-content-margin-sm,calc(var(--spacing)*6))] @w-lg\/main:[--thread-content-margin:var(--thread-content-margin-lg,calc(var(--spacing)*16))] px-(--thread-content-margin)\">\n<div class=\"[--thread-content-max-width:40rem] @w-lg\/main:[--thread-content-max-width:48rem] mx-auto max-w-(--thread-content-max-width) flex-1 group\/turn-messages focus-visible:outline-hidden relative flex w-full min-w-0 flex-col agent-turn\">\n<div class=\"flex max-w-full flex-col gap-4 grow\">\n<div class=\"min-h-8 text-message relative flex w-full flex-col items-end gap-2 text-start break-words whitespace-normal outline-none keyboard-focused:focus-ring [.text-message+&amp;]:mt-1\" dir=\"auto\" tabindex=\"0\" data-message-author-role=\"assistant\" data-message-id=\"6f55707e-ed3a-43ba-a7bf-1ed1edfca194\" data-message-model-slug=\"gpt-5-3\" data-turn-start-message=\"true\">\n<div class=\"flex w-full flex-col gap-1 empty:hidden\">\n<div class=\"markdown prose dark:prose-invert w-full wrap-break-word light markdown-new-styling\">\n<p data-start=\"0\" data-end=\"155\" data-is-last-node=\"\" data-is-only-node=\"\">Mavi, kehribar veya ye\u015fil renklerde toptan k\u00fc\u00e7\u00fck cam vazolar. Bu renkli cam vazolar, tekli \u00e7i\u00e7ekler, masa dekorasyonu ve fabrika fiyatlar\u0131yla toplu sipari\u015fler i\u00e7in idealdir.<\/p>\n<\/div>\n<\/div>\n<\/div>\n<\/div>\n<\/div>\n<\/div>\n<\/div>\n<\/div>\n<\/div>\n<\/section>","protected":false},"featured_media":6148,"template":"","meta":{"postBodyCss":"","postBodyMargin":[],"postBodyPadding":[],"postBodyBackground":{"backgroundType":"classic","gradient":""}},"product_brand":[],"product_cat":[107,16,15],"product_tag":[],"class_list":{"0":"post-6143","1":"product","2":"type-product","3":"status-publish","4":"has-post-thumbnail","6":"product_cat-glass-bud-vases","7":"product_cat-glass-bottles","8":"product_cat-glass-containers","10":"first","11":"instock","12":"shipping-taxable","13":"product-type-simple"},"jetpack_sharing_enabled":true,"_links":{"self":[{"href":"https:\/\/minghanggroup.com\/tr\/wp-json\/wp\/v2\/product\/6143","targetHints":{"allow":["GET"]}}],"collection":[{"href":"https:\/\/minghanggroup.com\/tr\/wp-json\/wp\/v2\/product"}],"about":[{"href":"https:\/\/minghanggroup.com\/tr\/wp-json\/wp\/v2\/types\/product"}],"wp:featuredmedia":[{"embeddable":true,"href":"https:\/\/minghanggroup.com\/tr\/wp-json\/wp\/v2\/media\/6148"}],"wp:attachment":[{"href":"https:\/\/minghanggroup.com\/tr\/wp-json\/wp\/v2\/media?parent=6143"}],"wp:term":[{"taxonomy":"product_brand","embeddable":true,"href":"https:\/\/minghanggroup.com\/tr\/wp-json\/wp\/v2\/product_brand?post=6143"},{"taxonomy":"product_cat","embeddable":true,"href":"https:\/\/minghanggroup.com\/tr\/wp-json\/wp\/v2\/product_cat?post=6143"},{"taxonomy":"product_tag","embeddable":true,"href":"https:\/\/minghanggroup.com\/tr\/wp-json\/wp\/v2\/product_tag?post=6143"}],"curies":[{"name":"wp","href":"https:\/\/api.w.org\/{rel}","templated":true}]}}