{"id":6130,"date":"2026-03-31T14:10:27","date_gmt":"2026-03-31T06:10:27","guid":{"rendered":"https:\/\/minghanggroup.com\/?post_type=product&#038;p=6130"},"modified":"2026-03-31T15:42:55","modified_gmt":"2026-03-31T07:42:55","slug":"clear-tall-glass-vases-for-decor-wholesale","status":"publish","type":"product","link":"https:\/\/minghanggroup.com\/tr\/urun\/clear-tall-glass-vases-for-decor-wholesale\/","title":{"rendered":"1400ml \u2013 2100ml \u015eeffaf Uzun Cam Dekoratif Vazolar Toptan Sat\u0131\u015f"},"content":{"rendered":"<p>Dikey nerv\u00fcrl\u00fc doku, \u015f\u0131k tasar\u0131ma incelikli bir derinlik kat\u0131yor. \u0130ster toplu halde \u015feffaf cam vazo arayan bir \u00e7i\u00e7ek\u00e7i olun, ister dikkat \u00e7ekici par\u00e7alar arayan bir marka sahibi olun, koleksiyonumuz cesur bir etki yaratmak i\u00e7in b\u00fcy\u00fck kapasiteler (1400 ml, 1750 ml, 2100 ml) sunuyor. Ev, otel veya perakende alanlar\u0131n\u0131z i\u00e7in uyumlu koleksiyonlar olu\u015fturmak \u00fczere \u00e7e\u015fitli boyutlardan se\u00e7im yapabilirsiniz.<\/p>\n<h2>\u00dcr\u00fcn \u00d6zellikleri<\/h2>\n<ul>\n<li><strong>K\u0131r\u0131lmaz Berrakl\u0131k:<\/strong> Borosilikat cam \u0131s\u0131ya ve darbelere kar\u015f\u0131 dayan\u0131kl\u0131d\u0131r, bu nedenle vazolar\u0131n\u0131z t\u00fcm mevsimler boyunca kusursuz kalacakt\u0131r.<\/li>\n<li><strong>Doku Sanat\u0131:<\/strong> Dikey \u00e7izgiler, s\u0131radan suyu \u0131\u015f\u0131lt\u0131l\u0131 bir g\u00f6steri merkezine d\u00f6n\u00fc\u015ft\u00fcrerek g\u00f6rsel bir ilgi oda\u011f\u0131 olu\u015fturur.<\/li>\n<li><strong>Kolay Bak\u0131m:<\/strong> Bu sistem, p\u00fcr\u00fczs\u00fcz kenarlar\u0131 ve geni\u015f a\u011f\u0131z a\u00e7\u0131kl\u0131klar\u0131 sayesinde kolay temizlik imkan\u0131 sunar.<\/li>\n<\/ul>\n<h2>Temel \u00d6zellikler<\/h2>\n<table style=\"border-collapse: collapse; width: 80%; margin-left: auto; margin-right: auto;\" border=\"0\" width=\"144\" cellspacing=\"0\" cellpadding=\"0\">\n<tbody>\n<tr style=\"height: 13.50pt;\">\n<td style=\"height: 13.5pt; width: 54pt; text-align: center;\" width=\"72\" height=\"18\">\u015eartname<\/td>\n<td style=\"width: 54pt; text-align: center;\" width=\"72\">Detaylar<\/td>\n<\/tr>\n<tr style=\"height: 13.50pt;\">\n<td style=\"height: 13.5pt; text-align: center;\" height=\"18\">Kapasite<\/td>\n<td style=\"text-align: center;\">1400 ml, 1750 ml, 2100 ml<\/td>\n<\/tr>\n<tr style=\"height: 13.50pt;\">\n<td style=\"height: 13.5pt; text-align: center;\" height=\"18\">\u015eekil<\/td>\n<td style=\"text-align: center;\">Silindirik<\/td>\n<\/tr>\n<tr style=\"height: 13.50pt;\">\n<td style=\"height: 13.5pt; text-align: center;\" height=\"18\">Malzeme<\/td>\n<td style=\"text-align: center;\">Borosilikat Cam<\/td>\n<\/tr>\n<tr style=\"height: 13.50pt;\">\n<td style=\"height: 13.5pt; text-align: center;\" height=\"18\">\u00c7ap<\/td>\n<td style=\"text-align: center;\">10 cm<\/td>\n<\/tr>\n<tr style=\"height: 13.50pt;\">\n<td style=\"height: 13.5pt; text-align: center;\" height=\"18\">Doku<\/td>\n<td style=\"text-align: center;\">Dikey Oluklu<\/td>\n<\/tr>\n<tr style=\"height: 13.50pt;\">\n<td style=\"height: 13.5pt; text-align: center;\" height=\"18\">Kullan\u0131m<\/td>\n<td style=\"text-align: center;\">\u00c7i\u00e7ekler, Su Bitkileri, Dekorasyon<\/td>\n<\/tr>\n<\/tbody>\n<\/table>\n<h2>Ba\u015far\u0131 \u00d6rne\u011fi<\/h2>\n<p>Bir Alman ev dekorasyon perakendecisi, \u00e7e\u015fitli \u00f6zelle\u015ftirme projelerinde kullanmak \u00fczere 1400 ml&#039;lik y\u00fcksek borosilikat camdan \u00fcretilmi\u015f uzun vazolar\u0131m\u0131z\u0131 tercih etti. Vazolar\u0131n dikey dokular\u0131n\u0131 farkl\u0131 derinliklere g\u00f6re ayarlad\u0131k, bu da \u0131\u015f\u0131k k\u0131r\u0131lmas\u0131n\u0131 iyile\u015ftirdi ve m\u00fc\u015fteri, e-ticaret teslimatlar\u0131 s\u0131ras\u0131nda \u00fcr\u00fcn\u00fcn g\u00fcvenli bir \u015fekilde ta\u015f\u0131nmas\u0131 i\u00e7in i\u00e7 koruyucu astarlar i\u00e7eren \u00f6zel bir ambalaj tasar\u0131m\u0131 se\u00e7ti.<\/p>\n<p>Piyasaya s\u00fcr\u00fclen \u00fcr\u00fcn serisi, ilk \u00fc\u00e7 ayl\u0131k faaliyet d\u00f6neminde &#039;l\u00fck sat\u0131\u015f b\u00fcy\u00fcmesi elde etti. M\u00fc\u015fteri, g\u00fc\u00e7l\u00fc pazar performans\u0131na dayanarak ek sipari\u015fler verdi; bu s\u0131rada \u015firket, y\u0131l boyunca belirli zamanlarda sat\u0131\u015fa sunulacak \u00e7e\u015fitli boyutlarda ve \u00f6zel \u00fcretim \u00fcr\u00fcnler de dahil olmak \u00fczere yeni \u00fcr\u00fcnler geli\u015ftirdi.<\/p>\n<h2>\u00d6zelle\u015ftirme \u0130pu\u00e7lar\u0131<\/h2>\n<ol>\n<li><strong>Marka Farkl\u0131la\u015ft\u0131rmas\u0131:<\/strong> \u00d6zel bir ayr\u0131cal\u0131k i\u00e7in \u00fczerine logo i\u015fletebilir veya \u00f6zel \u00e7aplar ekleyebilirsiniz.<\/li>\n<li><strong>Mevsimsel Temalar:<\/strong> S\u0131n\u0131rl\u0131 say\u0131da \u00fcretilecek \u00fcr\u00fcnler i\u00e7in renkli cam (\u00f6rne\u011fin, \u00f6zel g\u00fcnler i\u00e7in kehribar) talep edebilirsiniz.<\/li>\n<li><strong>Y\u00fczey \u0130\u015fleme Uzant\u0131lar\u0131:<\/strong> Parlak bir y\u00fczeye ek olarak, g\u00f6rsel katmanlamay\u0131 zenginle\u015ftirmek i\u00e7in b\u00f6lgesel mat, kumlanm\u0131\u015f veya degrade i\u015flemler de eklenebilir.<\/li>\n<\/ol>","protected":false},"excerpt":{"rendered":"<p>\u015eeffaf borosilikat uzun cam vazolar, nerv\u00fcrl\u00fc bir dokuya sahiptir. Masa dekorasyonu veya toplu sipari\u015fler i\u00e7in idealdir. G\u00fcvenilir cam vazo tedarik\u00e7ilerinden toplu olarak vazo sat\u0131n al\u0131n.<\/p>","protected":false},"featured_media":6140,"template":"","meta":{"postBodyCss":"","postBodyMargin":[],"postBodyPadding":[],"postBodyBackground":{"backgroundType":"classic","gradient":""}},"product_brand":[],"product_cat":[107,16,15],"product_tag":[],"class_list":{"0":"post-6130","1":"product","2":"type-product","3":"status-publish","4":"has-post-thumbnail","6":"product_cat-glass-bud-vases","7":"product_cat-glass-bottles","8":"product_cat-glass-containers","10":"first","11":"instock","12":"shipping-taxable","13":"product-type-simple"},"jetpack_sharing_enabled":true,"_links":{"self":[{"href":"https:\/\/minghanggroup.com\/tr\/wp-json\/wp\/v2\/product\/6130","targetHints":{"allow":["GET"]}}],"collection":[{"href":"https:\/\/minghanggroup.com\/tr\/wp-json\/wp\/v2\/product"}],"about":[{"href":"https:\/\/minghanggroup.com\/tr\/wp-json\/wp\/v2\/types\/product"}],"wp:featuredmedia":[{"embeddable":true,"href":"https:\/\/minghanggroup.com\/tr\/wp-json\/wp\/v2\/media\/6140"}],"wp:attachment":[{"href":"https:\/\/minghanggroup.com\/tr\/wp-json\/wp\/v2\/media?parent=6130"}],"wp:term":[{"taxonomy":"product_brand","embeddable":true,"href":"https:\/\/minghanggroup.com\/tr\/wp-json\/wp\/v2\/product_brand?post=6130"},{"taxonomy":"product_cat","embeddable":true,"href":"https:\/\/minghanggroup.com\/tr\/wp-json\/wp\/v2\/product_cat?post=6130"},{"taxonomy":"product_tag","embeddable":true,"href":"https:\/\/minghanggroup.com\/tr\/wp-json\/wp\/v2\/product_tag?post=6130"}],"curies":[{"name":"wp","href":"https:\/\/api.w.org\/{rel}","templated":true}]}}