{"id":6122,"date":"2026-03-30T13:42:57","date_gmt":"2026-03-30T05:42:57","guid":{"rendered":"https:\/\/minghanggroup.com\/?post_type=product&#038;p=6122"},"modified":"2026-03-30T13:42:58","modified_gmt":"2026-03-30T05:42:58","slug":"green-frosted-cosmetics-glass-jars-for-skincare-bulk","status":"publish","type":"product","link":"https:\/\/minghanggroup.com\/tr\/urun\/green-frosted-cosmetics-glass-jars-for-skincare-bulk\/","title":{"rendered":"5g \u2013 250g Ye\u015fil Buzlu Kozmetik Cam Kavanozlar, Cilt Bak\u0131m\u0131 \u00dcr\u00fcnleri \u0130\u00e7in (Toptan Sat\u0131\u015f)"},"content":{"rendered":"<p>Kozmetik cam kavanozlar, hafif mat bir y\u00fczeye sahip yar\u0131 saydam ye\u015fil camdan \u00fcretilmi\u015ftir ve do\u011fal \u0131\u015f\u0131k korumas\u0131 sa\u011flar. Bu cam kavanozlar, hassas kremler ve serumlar i\u00e7in zarif bir g\u00f6r\u00fcn\u00fcm sunarken, \u00e7e\u015fitli renklerdeki p\u00fcr\u00fczs\u00fcz plastik vidal\u0131 kapaklar\u0131yla hava ge\u00e7irmez bir s\u0131zd\u0131rmazl\u0131k ve kolay kullan\u0131m sa\u011flar. Bu kozmetik cam kavanozlar, l\u00fcks ambalajlar veya d\u00fc\u015f\u00fck maliyetli toptan sat\u0131\u015f i\u00e7in idealdir; g\u00fczellik ve i\u015flevsellik aras\u0131nda bir denge sunar ve ki\u015fiselle\u015ftirilebilir bir tasar\u0131ma sahiptir. Raflarda yerinizi al\u0131n ve y\u00fcksek kaliteli sunumla m\u00fc\u015fterilerinizi etkileyin.<\/p>\n<h2>Ba\u015fl\u0131ca \u00d6zellikler<\/h2>\n<ul>\n<li><strong>Do\u011fan\u0131n \u0130\u00e7sel G\u00fcne\u015f Kremi:<\/strong> Ye\u015fil cam, UV \u0131\u015f\u0131nlar\u0131n\u0131 engelleyerek hassas form\u00fcllerin rafta solmas\u0131n\u0131 \u00f6nler.<\/li>\n<li><strong>Geni\u015f A\u011f\u0131z Kolayl\u0131\u011f\u0131:<\/strong> Ekstra geni\u015f a\u011f\u0131z k\u0131sm\u0131, \u00fcr\u00fcn\u00fcn m\u00fc\u015fteri taraf\u0131ndan doldurulmas\u0131n\u0131 ve kullan\u0131lmas\u0131n\u0131 \u00e7ok kolayla\u015ft\u0131r\u0131r.<\/li>\n<li><strong>\u00dcst \u00fcste istiflenebilir d\u00fcz \u00fcst tasar\u0131m:<\/strong> D\u00fcz kapak y\u00fczeyi, d\u00f6k\u00fclmeleri \u00f6nlemek i\u00e7in depolama ve ta\u015f\u0131ma s\u0131ras\u0131nda g\u00fcvenli istiflemeyi sa\u011flar.<\/li>\n<\/ul>\n<h2>Teknik \u00d6zellikler Tablosu<\/h2>\n<table style=\"border-collapse: collapse; width: 80%; margin-left: auto; margin-right: auto;\" border=\"0\" width=\"144\" cellspacing=\"0\" cellpadding=\"0\">\n<tbody>\n<tr style=\"height: 13.50pt;\">\n<td style=\"height: 13.5pt; width: 54pt; text-align: center;\" width=\"72\" height=\"18\">\u015eartname<\/td>\n<td style=\"width: 54pt; text-align: center;\" width=\"72\">Detaylar<\/td>\n<\/tr>\n<tr style=\"height: 13.50pt;\">\n<td style=\"height: 13.5pt; text-align: center;\" height=\"18\">Kapasite<\/td>\n<td style=\"text-align: center;\">5g, 10g, 15g, 30g, 50g, 60g, 100g, 120g, 250g<\/td>\n<\/tr>\n<tr style=\"height: 13.50pt;\">\n<td style=\"height: 13.5pt; text-align: center;\" height=\"18\">\u015eekil<\/td>\n<td style=\"text-align: center;\">Yuvarlak<\/td>\n<\/tr>\n<tr style=\"height: 13.50pt;\">\n<td style=\"height: 13.5pt; text-align: center;\" height=\"18\">V\u00fccut Rengi<\/td>\n<td style=\"text-align: center;\">Ye\u015fil veya \u00d6zel<\/td>\n<\/tr>\n<tr style=\"height: 13.50pt;\">\n<td style=\"height: 13.5pt; text-align: center;\" height=\"18\">Kapak Malzemesi<\/td>\n<td style=\"text-align: center;\">Vidal\u0131 plastik<\/td>\n<\/tr>\n<\/tbody>\n<\/table>\n<h2>Ba\u015far\u0131 \u00d6rne\u011fi<\/h2>\n<p>Amerika Birle\u015fik Devletleri merkezli bir cilt bak\u0131m giri\u015fim \u015firketi bize ba\u015fvurdu ve biz de onlar\u0131n tek kozmetik \u015fi\u015fe tedarik\u00e7isi olarak atand\u0131k. \u015ei\u015feler ayr\u0131ca, i\u00e7 k\u0131s\u0131mda PE astar ve \u015fi\u015fenin s\u0131z\u0131nt\u0131ya kar\u015f\u0131 \u00e7ok daha iyi koruma sa\u011flayan s\u0131k\u0131ca vidalanm\u0131\u015f bir \u00fcst k\u0131s\u0131m i\u00e7eren \u00e7ift contal\u0131 bir sisteme sahiptir. Dahas\u0131, \u00fcr\u00fcne \u00fcst d\u00fczey bir his ve kalite kazand\u0131ran, yumu\u015fak dokunu\u015flu kaplama i\u015flemine sahip renk dengeli mat kapaklar geli\u015ftirdik; ayn\u0131 zamanda, \u00fcr\u00fcn\u00fcn tam izlenebilirli\u011fini sa\u011flamak i\u00e7in \u015fi\u015fenin alt\u0131na parti kodu bask\u0131s\u0131 i\u00e7in \u00f6zel bir alan ay\u0131rmaya karar verdik.<\/p>\n<p>Bu ambalaj \u00e7\u00f6z\u00fcm\u00fcn\u00fcn piyasaya s\u00fcr\u00fclmesinin ard\u0131ndan, markan\u0131n amiral gemisi y\u00fcz kremi, alt\u0131 haftal\u0131k k\u0131sa bir s\u00fcre i\u00e7inde sat\u0131\u015flar\u0131nda &#039;luk ola\u011fan\u00fcst\u00fc bir art\u0131\u015f ya\u015fad\u0131. \u0130\u015flerini di\u011fer perakende sat\u0131\u015f noktalar\u0131na da geni\u015flettiklerinde, hemen bizden 40.000 adetlik yeni bir sipari\u015f daha verdiler.<\/p>\n<h2>\u00d6zelle\u015ftirme \u0130pu\u00e7lar\u0131<\/h2>\n<ol>\n<li><strong>Cam Y\u00fczey Se\u00e7enekleri:<\/strong> \u00c7e\u015fitli g\u00f6rsel efektler ve marka konumland\u0131rmas\u0131 olu\u015fturmak i\u00e7in \u015feffaf, buzlu, mat veya degrade bir y\u00fczey se\u00e7in.<\/li>\n<li><strong>\u0130\u00e7 Conta Yap\u0131lar\u0131:<\/strong> PE astarlar, bas\u0131n\u00e7 contalar\u0131 veya conta sistemleri, hava ge\u00e7irmez sistemlerin performans\u0131n\u0131 art\u0131rmak ve \u00fcr\u00fcn g\u00fcvenli\u011fini sa\u011flamak i\u00e7in eklenebilir.<\/li>\n<li><strong>Ek Aksesuarlar:<\/strong> Kullan\u0131c\u0131 deneyimini art\u0131rmak i\u00e7in spatula, i\u00e7 kapak veya koruyucu disk ekleyin.<\/li>\n<\/ol>","protected":false},"excerpt":{"rendered":"<p>G\u00fczellik markalar\u0131 ve toptanc\u0131lar i\u00e7in ye\u015fil kozmetik cam kavanozlar\u0131n\u0131 ke\u015ffedin. Kremler ve serumlar i\u00e7in idealdir. Toplu sipari\u015fler veya marka \u00e7\u00f6z\u00fcmleri i\u00e7in bizimle ileti\u015fime ge\u00e7in. H\u0131zl\u0131 kargo.<\/p>","protected":false},"featured_media":6125,"template":"","meta":{"postBodyCss":"","postBodyMargin":[],"postBodyPadding":[],"postBodyBackground":{"backgroundType":"classic","gradient":""}},"product_brand":[],"product_cat":[106,15,17],"product_tag":[],"class_list":{"0":"post-6122","1":"product","2":"type-product","3":"status-publish","4":"has-post-thumbnail","6":"product_cat-cosmetic-jars","7":"product_cat-glass-containers","8":"product_cat-glass-jars","10":"first","11":"instock","12":"shipping-taxable","13":"product-type-simple"},"jetpack_sharing_enabled":true,"_links":{"self":[{"href":"https:\/\/minghanggroup.com\/tr\/wp-json\/wp\/v2\/product\/6122","targetHints":{"allow":["GET"]}}],"collection":[{"href":"https:\/\/minghanggroup.com\/tr\/wp-json\/wp\/v2\/product"}],"about":[{"href":"https:\/\/minghanggroup.com\/tr\/wp-json\/wp\/v2\/types\/product"}],"wp:featuredmedia":[{"embeddable":true,"href":"https:\/\/minghanggroup.com\/tr\/wp-json\/wp\/v2\/media\/6125"}],"wp:attachment":[{"href":"https:\/\/minghanggroup.com\/tr\/wp-json\/wp\/v2\/media?parent=6122"}],"wp:term":[{"taxonomy":"product_brand","embeddable":true,"href":"https:\/\/minghanggroup.com\/tr\/wp-json\/wp\/v2\/product_brand?post=6122"},{"taxonomy":"product_cat","embeddable":true,"href":"https:\/\/minghanggroup.com\/tr\/wp-json\/wp\/v2\/product_cat?post=6122"},{"taxonomy":"product_tag","embeddable":true,"href":"https:\/\/minghanggroup.com\/tr\/wp-json\/wp\/v2\/product_tag?post=6122"}],"curies":[{"name":"wp","href":"https:\/\/api.w.org\/{rel}","templated":true}]}}