{"id":6115,"date":"2026-03-30T08:53:41","date_gmt":"2026-03-30T00:53:41","guid":{"rendered":"https:\/\/minghanggroup.com\/?post_type=product&#038;p=6115"},"modified":"2026-03-30T10:49:18","modified_gmt":"2026-03-30T02:49:18","slug":"cylindrical-amber-cosmetic-glass-jars-wholesale","status":"publish","type":"product","link":"https:\/\/minghanggroup.com\/tr\/urun\/cylindrical-amber-cosmetic-glass-jars-wholesale\/","title":{"rendered":"1 oz, 2 oz, 4 oz, 8 oz Silindirik Amber Kozmetik Cam Kavanozlar Toptan"},"content":{"rendered":"<p>Bu kozmetik cam kavanozlar toptan olarak \u015f\u0131k, silindirik bir tasar\u0131ma sahiptir. Kavanozlar, UV \u0131\u015f\u0131nlar\u0131na kar\u015f\u0131 y\u00fcksek koruma sa\u011flayan koyu kehribar rengi camdan \u00fcretilmi\u015ftir. D\u00f6rt farkl\u0131 boyutta mevcuttur ve beyaz, alt\u0131n, siyah veya g\u00fcm\u00fc\u015f kapaklarla donat\u0131labilir.<\/p>\n<h2>\u00dcr\u00fcn \u00d6zellikleri<\/h2>\n<ul>\n<li><strong>UV korumal\u0131 kehribar renkli cam:<\/strong> Amber renkli cam, \u0131\u015f\u0131k korumas\u0131nda daha iyidir; bu da fiziksel \u00fcr\u00fcnlerin raf \u00f6mr\u00fcn\u00fc uzat\u0131r ve \u0131\u015f\u0131\u011fa duyarl\u0131 form\u00fcllerin etkinli\u011fini art\u0131r\u0131r.<\/li>\n<li><strong>D\u00f6rt farkl\u0131 \u015fapka se\u00e7ene\u011fi:<\/strong> Markan\u0131z\u0131n imaj\u0131na ve tarz\u0131na, ister profesyonel ister l\u00fcks olsun, m\u00fckemmel \u015fekilde uyacak \u015fekilde beyaz, siyah, alt\u0131n veya g\u00fcm\u00fc\u015f kapaklar aras\u0131ndan se\u00e7im yap\u0131n.<\/li>\n<li><strong>Basit silindirik tasar\u0131m:<\/strong> Bu, etiketleme, istifleme ve \u00fcretim hatt\u0131nda verimli bir \u015fekilde doldurmay\u0131 kolayla\u015ft\u0131ran, temiz ve sa\u011flam silindirik bir tasar\u0131md\u0131r.<\/li>\n<\/ul>\n<h2 style=\"text-align: left;\">Temel \u00d6zellikler<\/h2>\n<table class=\"aligncenter\" style=\"border-collapse: collapse; width: 427.52pt;\" border=\"0\" width=\"570\" cellspacing=\"0\" cellpadding=\"0\">\n<tbody>\n<tr style=\"height: 13.50pt;\">\n<td style=\"height: 13.50pt; width: 120.75pt;\" width=\"161\" height=\"18\">Ba\u011flanmak<\/td>\n<td style=\"width: 306.75pt;\" width=\"409\">Detaylar<\/td>\n<\/tr>\n<tr style=\"height: 13.50pt;\">\n<td style=\"height: 13.50pt;\" height=\"18\">Kapasite<\/td>\n<td>1 oz (30 ml), 2 oz (60 ml), 4 oz (120 ml), 8 oz (240 ml)<\/td>\n<\/tr>\n<tr style=\"height: 13.50pt;\">\n<td style=\"height: 13.50pt;\" height=\"18\">Malzeme<\/td>\n<td>Amber renkli cam, \u00e7e\u015fitli kapak malzemeleri (plastik, metal)<\/td>\n<\/tr>\n<tr style=\"height: 13.50pt;\">\n<td style=\"height: 13.50pt;\" height=\"18\">Kavanoz \u015eekli<\/td>\n<td>D\u00fcz duvarl\u0131 silindir<\/td>\n<\/tr>\n<tr style=\"height: 13.50pt;\">\n<td style=\"height: 13.50pt;\" height=\"18\">\u00d6zelle\u015ftirme Aral\u0131\u011f\u0131<\/td>\n<td>Boyut, kapaklar, renk, \u015fekil<\/td>\n<\/tr>\n<tr style=\"height: 13.50pt;\">\n<td style=\"height: 13.50pt;\" height=\"18\">\u0130\u015f\u00e7ilik<\/td>\n<td>UV koruyucu cam form\u00fclasyonu, hassas di\u015f a\u00e7ma<\/td>\n<\/tr>\n<tr style=\"height: 13.50pt;\">\n<td style=\"height: 13.50pt;\" height=\"18\">Birincil Kullan\u0131m<\/td>\n<td>Y\u00fcz kremi kavanozlar\u0131, kozmetik cam kavanozlar toptan<\/td>\n<\/tr>\n<tr style=\"height: 13.50pt;\">\n<td style=\"height: 13.50pt;\" height=\"18\">Hedef Sekt\u00f6rler<\/td>\n<td>Cilt bak\u0131m\u0131, kozmetik \u00fcr\u00fcnler, t\u0131bbi estetik<\/td>\n<\/tr>\n<\/tbody>\n<\/table>\n<h2>Ba\u015far\u0131 Hikayesi<\/h2>\n<p>T\u0131bbi s\u0131n\u0131f kalitede \u00fcr\u00fcnler \u00fcreten bir cilt bak\u0131m \u015firketi, 2 onsluk kehribar renkli cam kozmetik kavanozlar\u0131m\u0131z\u0131 tercih etti ve \u00fczerine re\u00e7eteli ila\u00e7 (Rx) g\u00fcvenlik m\u00fchr\u00fc logosunu serigrafi y\u00f6ntemiyle bast\u0131rd\u0131. Bu \u00fcr\u00fcn muazzam bir klinik ve ticari ba\u015far\u0131 elde etti: kehribar renkli cam \u015fi\u015fe, \u00fcr\u00fcn\u00fcn stabilitesini test etmek i\u00e7in gerekli olan &#039;dan fazla UVA\/UVB korumas\u0131 sa\u011fl\u0131yor ve sertifikal\u0131 \u00fcr\u00fcnlerin raf \u00f6mr\u00fcn\u00fc orijinal \u00fcr\u00fcne g\u00f6re daha uzat\u0131yor. Marka \u00fcr\u00fcnden \u00e7ok memnun ve 18 ayl\u0131k \u00f6zel etiket projesini tamamlamak i\u00e7in 320.000 adet daha cam kavanoz sipari\u015f etti.<\/p>\n<h2>Toptan Kozmetik Cam Kavanozlar\u0131 \u00d6zelle\u015ftirme<\/h2>\n<ul>\n<li>Kapak Malzemesi Se\u00e7enekleri: Kapak bambu, mantar veya bak\u0131r ve pembe alt\u0131n gibi y\u00fcksek kaliteli metallerden yap\u0131labilir.<\/li>\n<li>Kabartma: Daha iyi bir marka imaj\u0131 ve kullan\u0131c\u0131 deneyimi olu\u015fturmak i\u00e7in, cam \u015fi\u015fenin omuz k\u0131sm\u0131na kaymay\u0131 \u00f6nleyecek dokulu bir malzeme ile kabartma uygulay\u0131n.<\/li>\n<li>Buzlu veya Parlak Kontrast: Amber renkli cam \u015fi\u015feyi buzlu veya parlak bir y\u00fczeyle p\u00fcsk\u00fcrterek yumu\u015fak ve kadifemsi bir his yaratabilir veya daha \u00e7ok bir eczac\u0131 d\u00fckkan\u0131n\u0131 and\u0131ran parlak bir g\u00f6r\u00fcn\u00fcm elde edebilirsiniz.<\/li>\n<\/ul>","protected":false},"excerpt":{"rendered":"<p>UV korumal\u0131 ve \u00e7e\u015fitli kapak se\u00e7eneklerine sahip kehribar renkli cam kozmetik kavanozlar\u0131. Kremler ve balsamlar i\u00e7in toptan kozmetik cam kavanozlar\u0131. Fabrika do\u011frudan fiyatland\u0131rmas\u0131 mevcuttur.<\/p>","protected":false},"featured_media":6118,"template":"","meta":{"postBodyCss":"","postBodyMargin":[],"postBodyPadding":[],"postBodyBackground":{"backgroundType":"classic","gradient":""}},"product_brand":[],"product_cat":[106,15,17],"product_tag":[],"class_list":{"0":"post-6115","1":"product","2":"type-product","3":"status-publish","4":"has-post-thumbnail","6":"product_cat-cosmetic-jars","7":"product_cat-glass-containers","8":"product_cat-glass-jars","10":"first","11":"instock","12":"shipping-taxable","13":"product-type-simple"},"jetpack_sharing_enabled":true,"_links":{"self":[{"href":"https:\/\/minghanggroup.com\/tr\/wp-json\/wp\/v2\/product\/6115","targetHints":{"allow":["GET"]}}],"collection":[{"href":"https:\/\/minghanggroup.com\/tr\/wp-json\/wp\/v2\/product"}],"about":[{"href":"https:\/\/minghanggroup.com\/tr\/wp-json\/wp\/v2\/types\/product"}],"wp:featuredmedia":[{"embeddable":true,"href":"https:\/\/minghanggroup.com\/tr\/wp-json\/wp\/v2\/media\/6118"}],"wp:attachment":[{"href":"https:\/\/minghanggroup.com\/tr\/wp-json\/wp\/v2\/media?parent=6115"}],"wp:term":[{"taxonomy":"product_brand","embeddable":true,"href":"https:\/\/minghanggroup.com\/tr\/wp-json\/wp\/v2\/product_brand?post=6115"},{"taxonomy":"product_cat","embeddable":true,"href":"https:\/\/minghanggroup.com\/tr\/wp-json\/wp\/v2\/product_cat?post=6115"},{"taxonomy":"product_tag","embeddable":true,"href":"https:\/\/minghanggroup.com\/tr\/wp-json\/wp\/v2\/product_tag?post=6115"}],"curies":[{"name":"wp","href":"https:\/\/api.w.org\/{rel}","templated":true}]}}