{"id":6107,"date":"2026-03-27T09:05:25","date_gmt":"2026-03-27T01:05:25","guid":{"rendered":"https:\/\/minghanggroup.com\/?post_type=product&#038;p=6107"},"modified":"2026-03-27T16:50:47","modified_gmt":"2026-03-27T08:50:47","slug":"round-cosmetic-containers-with-lids-wholesale","status":"publish","type":"product","link":"https:\/\/minghanggroup.com\/tr\/urun\/round-cosmetic-containers-with-lids-wholesale\/","title":{"rendered":"20g 30g 50g Yuvarlak Kapakl\u0131 Kozmetik Kaplar\u0131 Toptan Sat\u0131\u015f"},"content":{"rendered":"<p>Bunlar silindirik, mantar \u015feklinde, kapakl\u0131 kozmetik kaplar\u0131d\u0131r. Hem kapak hem de g\u00f6vde kavisli ve yuvarlak hatlara sahiptir. Beyaz ve siyah renklerde olup y\u00fcz kremleri, dudak balsamlar\u0131 ve cilt bak\u0131m \u00fcr\u00fcnlerini paketlemek i\u00e7in m\u00fckemmeldirler.<\/p>\n<h2>\u00dcr\u00fcn \u00d6zellikleri<\/h2>\n<ul>\n<li><strong>Mantar \u015feklinde tek par\u00e7a:<\/strong> \u015eapka ve g\u00f6vde, ona temiz ve modern bir g\u00f6r\u00fcn\u00fcm kazand\u0131ran p\u00fcr\u00fczs\u00fcz ve yuvarlak hatlara sahip mantar \u015feklinde tasarlanm\u0131\u015ft\u0131r.<\/li>\n<li><strong>Parlak beyaz veya parlak siyah kaplama:<\/strong> Parlak ve temiz y\u00fcksek parlakl\u0131kta beyaz ve derin ve zarif y\u00fcksek parlakl\u0131kta siyah renk se\u00e7enekleriyle, minimalizm ve sofistike bir hava sunuyor.<\/li>\n<li><strong>Minimal silindirik form:<\/strong> Minimalist, geni\u015f silindirik formu sa\u011flam ve kolay tutulabilir olup, markan\u0131n incelikli reklamlar\u0131n\u0131 sergilemek i\u00e7in bolca alan sunar.<\/li>\n<\/ul>\n<h2 style=\"text-align: left;\">Temel \u00d6zellikler<\/h2>\n<table class=\"aligncenter\" style=\"border-collapse: collapse; width: 417.77pt;\" border=\"0\" width=\"557\" cellspacing=\"0\" cellpadding=\"0\">\n<tbody>\n<tr style=\"height: 13.50pt;\">\n<td style=\"height: 13.50pt; width: 118.50pt;\" width=\"158\" height=\"18\">\u015eartname<\/td>\n<td style=\"width: 299.25pt;\" width=\"399\">Detaylar<\/td>\n<\/tr>\n<tr style=\"height: 13.50pt;\">\n<td style=\"height: 13.50pt;\" height=\"18\">Kapasite<\/td>\n<td>20g, 30g, 50g<\/td>\n<\/tr>\n<tr style=\"height: 13.50pt;\">\n<td style=\"height: 13.50pt;\" height=\"18\">Malzeme<\/td>\n<td>Sodyum-kalsiyum cam\u0131<\/td>\n<\/tr>\n<tr style=\"height: 13.50pt;\">\n<td style=\"height: 13.50pt;\" height=\"18\">Kavanoz \u015eekli<\/td>\n<td>&#034;Mantar&#034; \u015feklinde kapak profiline sahip silindir<\/td>\n<\/tr>\n<tr style=\"height: 13.50pt;\">\n<td style=\"height: 13.50pt;\" height=\"18\">\u00d6zelle\u015ftirme Aral\u0131\u011f\u0131<\/td>\n<td>Renk, y\u00fczey, boyut, malzeme<\/td>\n<\/tr>\n<tr style=\"height: 13.50pt;\">\n<td style=\"height: 13.50pt;\" height=\"18\">\u0130\u015f\u00e7ilik<\/td>\n<td>P\u00fcsk\u00fcrtme kaplama i\u00e7in hassas enjeksiyon kal\u0131plama<\/td>\n<\/tr>\n<tr style=\"height: 13.50pt;\">\n<td style=\"height: 13.50pt;\" height=\"18\">Birincil Kullan\u0131m<\/td>\n<td>Krem kavanozlar\u0131, toptan kozmetik kaplar\u0131<\/td>\n<\/tr>\n<tr style=\"height: 13.50pt;\">\n<td style=\"height: 13.50pt;\" height=\"18\">Hedef Sekt\u00f6rler<\/td>\n<td>Cilt bak\u0131m\u0131, kozmetik, profesyonel estetik<\/td>\n<\/tr>\n<\/tbody>\n<\/table>\n<h2>Ba\u015far\u0131 \u00d6yk\u00fcs\u00fc: Koreli Bir G\u00fczellik Markas\u0131n\u0131n K\u00fcresel Deneme Kampanyas\u0131<\/h2>\n<p>Koreli kozmetik markalar\u0131ndan biri, kapakl\u0131 30 graml\u0131k beyaz kozmetik kaplar\u0131m\u0131z\u0131 tercih etti ve degrade serigrafi bask\u0131l\u0131 tasar\u0131m ile mat \u00fcst y\u00fczey \u00f6zel olarak tasarland\u0131. \u00d6zg\u00fcn mantar \u015fekli son derece fotojenik olup, TikTok ve Instagram&#039;da 0 oran\u0131nda kullan\u0131c\u0131 taraf\u0131ndan olu\u015fturulan i\u00e7erik art\u0131\u015f\u0131na yol a\u00e7t\u0131. K\u00fc\u00e7\u00fck boyutlar\u0131 onlar\u0131 en iyi seyahat arkada\u015f\u0131 haline getirdi ve 20 graml\u0131k seyahat boyu sat\u0131\u015flar\u0131nda 0&#039;l\u00fck bir b\u00fcy\u00fcme ya\u015fand\u0131. Marka b\u00fcy\u00fck bir ba\u015far\u0131 elde etti ve yeni \u00fcr\u00fcnler ve VIP hediye setlerinden 5 milyon adet daha sipari\u015f ald\u0131.<\/p>\n<h2>Toptan Kozmetik Kaplar\u0131 \u0130\u00e7in \u00d6zelle\u015ftirme \u00d6nerileri<\/h2>\n<ul>\n<li>\u00d6zel Renk \u015eemas\u0131: Pantone renk tablosuna kar\u015f\u0131l\u0131k gelen ve markan\u0131n kimli\u011fiyle m\u00fckemmel uyum sa\u011flayan, al\u0131\u015f\u0131lm\u0131\u015f siyah beyaz renk \u015femas\u0131na ba\u015fvurmadan parlak bir y\u00fczey ekleme se\u00e7ene\u011fine sahipsiniz.<\/li>\n<li>Mat veya Yumu\u015fak Dokunu\u015flu Y\u00fczey: Mantar \u015feklindekiyle ayn\u0131 mat veya yumu\u015fak dokunu\u015flu y\u00fczey kullan\u0131larak, \u00fcst d\u00fczey ve net bir dokunsal deneyim sa\u011flanacakt\u0131r.<\/li>\n<li>Metalik Dekoratif Halka: \u015ei\u015fe ile kapak aras\u0131nda bulunan k\u00fc\u00e7\u00fck metal halka (alt\u0131n, g\u00fcm\u00fc\u015f, pembe alt\u0131n), gereksiz ancak l\u00fcks bir detayd\u0131r.<\/li>\n<\/ul>","protected":false},"excerpt":{"rendered":"<p>\u015e\u0131k mantar desenli ve parlak y\u00fczeyli toptan kozmetik kaplar\u0131. Kapakl\u0131 kozmetik kaplar\u0131 g\u00fcvenli s\u0131zd\u0131rmazl\u0131k sa\u011flar. \u00dccretsiz numuneler mevcuttur.<\/p>","protected":false},"featured_media":6109,"template":"","meta":{"postBodyCss":"","postBodyMargin":[],"postBodyPadding":[],"postBodyBackground":{"backgroundType":"classic","gradient":""}},"product_brand":[],"product_cat":[106,15,17],"product_tag":[],"class_list":{"0":"post-6107","1":"product","2":"type-product","3":"status-publish","4":"has-post-thumbnail","6":"product_cat-cosmetic-jars","7":"product_cat-glass-containers","8":"product_cat-glass-jars","10":"first","11":"instock","12":"shipping-taxable","13":"product-type-simple"},"jetpack_sharing_enabled":true,"_links":{"self":[{"href":"https:\/\/minghanggroup.com\/tr\/wp-json\/wp\/v2\/product\/6107","targetHints":{"allow":["GET"]}}],"collection":[{"href":"https:\/\/minghanggroup.com\/tr\/wp-json\/wp\/v2\/product"}],"about":[{"href":"https:\/\/minghanggroup.com\/tr\/wp-json\/wp\/v2\/types\/product"}],"wp:featuredmedia":[{"embeddable":true,"href":"https:\/\/minghanggroup.com\/tr\/wp-json\/wp\/v2\/media\/6109"}],"wp:attachment":[{"href":"https:\/\/minghanggroup.com\/tr\/wp-json\/wp\/v2\/media?parent=6107"}],"wp:term":[{"taxonomy":"product_brand","embeddable":true,"href":"https:\/\/minghanggroup.com\/tr\/wp-json\/wp\/v2\/product_brand?post=6107"},{"taxonomy":"product_cat","embeddable":true,"href":"https:\/\/minghanggroup.com\/tr\/wp-json\/wp\/v2\/product_cat?post=6107"},{"taxonomy":"product_tag","embeddable":true,"href":"https:\/\/minghanggroup.com\/tr\/wp-json\/wp\/v2\/product_tag?post=6107"}],"curies":[{"name":"wp","href":"https:\/\/api.w.org\/{rel}","templated":true}]}}