{"id":6097,"date":"2026-03-26T13:17:33","date_gmt":"2026-03-26T05:17:33","guid":{"rendered":"https:\/\/minghanggroup.com\/?post_type=product&#038;p=6097"},"modified":"2026-03-26T13:17:35","modified_gmt":"2026-03-26T05:17:35","slug":"cobalt-blue-glass-cosmetic-jars-with-lids-wholesale","status":"publish","type":"product","link":"https:\/\/minghanggroup.com\/tr\/urun\/cobalt-blue-glass-cosmetic-jars-with-lids-wholesale\/","title":{"rendered":"5g \u2013 250g Kobalt Mavisi Kapakl\u0131 Cam Kozmetik Kavanozlar\u0131 Toptan Sat\u0131\u015f"},"content":{"rendered":"<p>Y\u00fcksek \u015feffafl\u0131\u011fa sahip mavi camdan \u00fcretilen bu kobalt mavisi kozmetik kavanozlar\u0131, raflarda dikkat \u00e7ekici bir g\u00f6r\u00fcn\u00fcm sa\u011flayan \u015f\u0131k ve zarif bir tasar\u0131ma sahiptir. Hava ge\u00e7irmez vidalar\u0131 sayesinde kremlerinizi, serumlar\u0131n\u0131z\u0131 ve \u00f6zel \u00fcr\u00fcnlerinizi nem ve \u0131\u015f\u0131k hasar\u0131ndan koruyacak \u015fekilde sa\u011flam bir \u015fekilde \u00fcretilmi\u015ftir. \u0130ster toptan sat\u0131\u015f arayan bir \u00fcretici olun, ister \u00f6zg\u00fcn kavanozlara ihtiya\u00e7 duyan bir butik marka olun, cam kavanozlar\u0131m\u0131z y\u00fcksek kalite ve profesyonellik sunar.<\/p>\n<h2>Ba\u015fl\u0131ca \u00d6zellikler<\/h2>\n<ul>\n<li><strong>\u00c7arp\u0131c\u0131 Estetik:<\/strong> Kobalt mavisi cam, g\u00f6z al\u0131c\u0131 bir g\u00f6r\u00fcn\u00fcm sa\u011flarken, metalik kapaklar (siyah\/g\u00fcm\u00fc\u015f\/alt\u0131n) estetik bir dokunu\u015f kat\u0131yor. Kozmetik l\u00fcks \u00fcr\u00fcnler i\u00e7in ideal.<\/li>\n<li><strong>Hava Ge\u00e7irmez Koruma:<\/strong> Vidal\u0131 kapaklar s\u0131zd\u0131rmazd\u0131r; \u00fcr\u00fcnlerin tazeli\u011fini korur ve raf \u00f6mr\u00fcn\u00fc uzat\u0131r \u2013 hassas i\u00e7erikli \u00fcr\u00fcnler i\u00e7in idealdir.<\/li>\n<li><strong>\u00c7ok Y\u00f6nl\u00fc Uyumluluk:<\/strong> Silindirik \u015fekil, perakende te\u015fhirine en uygun \u015fekildir. Kremler, maskeler, serumlar veya \u00f6zel g\u00fczellik \u00fcr\u00fcnleri i\u00e7in uygundur.<\/li>\n<\/ul>\n<h2>Teknik \u00d6zellikler Tablosu<\/h2>\n<table style=\"border-collapse: collapse; width: 80%; margin-right: auto; margin-left: auto;\" border=\"0\" width=\"144\" cellspacing=\"0\" cellpadding=\"0\">\n<tbody>\n<tr style=\"height: 13.50pt;\">\n<td style=\"height: 13.5pt; width: 54pt; text-align: center;\" width=\"72\" height=\"18\">Ba\u011flanmak<\/td>\n<td style=\"width: 54pt; text-align: center;\" width=\"72\">Detaylar<\/td>\n<\/tr>\n<tr style=\"height: 13.50pt;\">\n<td style=\"height: 13.5pt; text-align: center;\" height=\"18\">Kapasite<\/td>\n<td style=\"text-align: center;\">5g, 15g, 30g, 50g, 60g, 100g, 120g, 250g<\/td>\n<\/tr>\n<tr style=\"height: 13.50pt;\">\n<td style=\"height: 13.5pt; text-align: center;\" height=\"18\">\u015eekil<\/td>\n<td style=\"text-align: center;\">Silindirik<\/td>\n<\/tr>\n<tr style=\"height: 13.50pt;\">\n<td style=\"height: 13.5pt; text-align: center;\" height=\"18\">Renk<\/td>\n<td style=\"text-align: center;\">Mat Kobalt Mavisi (Cam)<\/td>\n<\/tr>\n<tr style=\"height: 13.50pt;\">\n<td style=\"height: 13.5pt; text-align: center;\" height=\"18\">S\u0131zd\u0131rmazl\u0131k<\/td>\n<td style=\"text-align: center;\">Vidal\u0131 Kapak (Metalik Kaplama)<\/td>\n<\/tr>\n<tr style=\"height: 13.50pt;\">\n<td style=\"height: 13.5pt; text-align: center;\" height=\"18\">Kullan\u0131m<\/td>\n<td style=\"text-align: center;\">Kremler, Serumlar, Maskeler, G\u00fczellik \u00dcr\u00fcnleri<\/td>\n<\/tr>\n<tr style=\"height: 13.50pt;\">\n<td style=\"height: 13.5pt; text-align: center;\" height=\"18\">\u00d6zelle\u015ftirme<\/td>\n<td style=\"text-align: center;\">Kapaklar, Bask\u0131, Toplu Sipari\u015fler<\/td>\n<\/tr>\n<\/tbody>\n<\/table>\n<h2>Ba\u015far\u0131 Hikayesi<\/h2>\n<p>ABD&#039;li bir cilt bak\u0131m \u015firketi yeni bir y\u00fcz kremi serisi piyasaya s\u00fcrmek \u00fczereydi ve sonunda kobalt mavisi cam kozmetik kavanozlar\u0131m\u0131z\u0131 se\u00e7ti. Modern bir kontrast olu\u015fturmak i\u00e7in bunlar\u0131 siyah eloksall\u0131 al\u00fcminyum kapaklarla e\u015fle\u015ftirdik. Ayr\u0131ca, i\u00e7 astar\u0131 yerle\u015ftirmek, s\u0131zd\u0131rmazl\u0131\u011f\u0131 art\u0131rmak ve marka logosunun s\u00fcrekli olarak g\u00f6r\u00fclebilmesini sa\u011flamak i\u00e7in boyun yap\u0131s\u0131n\u0131 ayarlad\u0131k ve serigrafi bask\u0131 kulland\u0131k.<\/p>\n<p>\u00dcr\u00fcn tan\u0131t\u0131m\u0131ndan sonra geli\u015ftirilen ambalaj, raflardaki \u00e7ekicili\u011fini art\u0131rd\u0131 ve t\u00fcketici fark\u0131ndal\u0131\u011f\u0131n\u0131 y\u00fckselterek ilk \u00e7eyrek sat\u0131\u015flar\u0131nda &#039;lik bir art\u0131\u015fa yol a\u00e7t\u0131. M\u00fc\u015fteri, \u00fcr\u00fcn\u00fcn y\u00fcksek kaliteli performans\u0131 ve tutarl\u0131 kalitesinden \u00e7ok memnun kald\u0131 ve bu ambalaj\u0131 di\u011fer cilt bak\u0131m \u00fcr\u00fcnlerine de uygulayarak birka\u00e7 tane daha sipari\u015f verdi.<\/p>\n<h2>\u00d6zelle\u015ftirme \u0130pu\u00e7lar\u0131<\/h2>\n<ol>\n<li><strong>Cam rengi derinlik kontrol\u00fc:<\/strong> Standart mavi renge ba\u011fl\u0131 olarak, a\u00e7\u0131k mavi, koyu kobalt mavisi veya degrade mavi efektleri se\u00e7ilebilir; bu efektler g\u00f6rsel marka ayr\u0131m\u0131 ve \u0131\u015f\u0131k engelleme \u00f6zelli\u011fiyle birlikte sunulur.<\/li>\n<li><strong>Kapak malzemesi ve y\u00fczey i\u015flemi:<\/strong> Al\u00fcminyum veya plastik kapaklar kullan\u0131labilir ve y\u00fczey i\u015flemleri olarak elektrokaplama, boyama, eloksal veya mat kaplama se\u00e7enekleri mevcuttur. Daha iyi bir dokunma hissi sa\u011flamak i\u00e7in kapak y\u00fcksekli\u011fi ve t\u0131rt\u0131llama detaylar\u0131 da ince ayar yap\u0131labilir.<\/li>\n<li><strong>Bask\u0131 ve marka olu\u015fturma:<\/strong> Serigrafi bask\u0131, s\u0131cak damgalama (alt\u0131n\/g\u00fcm\u00fc\u015f) veya etiketleme i\u015flemlerinde yard\u0131mc\u0131 olur. Dayan\u0131kl\u0131 ve net bir marka imaj\u0131 sa\u011flamak i\u00e7in renk kontrast\u0131 mavi cam arka plana g\u00f6re optimize edilebilir.<\/li>\n<\/ol>","protected":false},"excerpt":{"rendered":"<p>Toptan sat\u0131\u015f\u0131n\u0131 yapt\u0131\u011f\u0131m\u0131z kobalt mavisi cam kozmetik kavanozlar\u0131 ve kapaklar\u0131yla g\u00fczellik markan\u0131z\u0131 bir \u00fcst seviyeye ta\u015f\u0131y\u0131n. Kremler ve serumlar i\u00e7in idealdir. Toplu sipari\u015fler ve marka se\u00e7enekleri i\u00e7in bizimle ileti\u015fime ge\u00e7in.<\/p>","protected":false},"featured_media":6106,"template":"","meta":{"postBodyCss":"","postBodyMargin":[],"postBodyPadding":[],"postBodyBackground":{"backgroundType":"classic","gradient":""}},"product_brand":[],"product_cat":[106,15,17],"product_tag":[],"class_list":{"0":"post-6097","1":"product","2":"type-product","3":"status-publish","4":"has-post-thumbnail","6":"product_cat-cosmetic-jars","7":"product_cat-glass-containers","8":"product_cat-glass-jars","10":"first","11":"instock","12":"shipping-taxable","13":"product-type-simple"},"jetpack_sharing_enabled":true,"_links":{"self":[{"href":"https:\/\/minghanggroup.com\/tr\/wp-json\/wp\/v2\/product\/6097","targetHints":{"allow":["GET"]}}],"collection":[{"href":"https:\/\/minghanggroup.com\/tr\/wp-json\/wp\/v2\/product"}],"about":[{"href":"https:\/\/minghanggroup.com\/tr\/wp-json\/wp\/v2\/types\/product"}],"wp:featuredmedia":[{"embeddable":true,"href":"https:\/\/minghanggroup.com\/tr\/wp-json\/wp\/v2\/media\/6106"}],"wp:attachment":[{"href":"https:\/\/minghanggroup.com\/tr\/wp-json\/wp\/v2\/media?parent=6097"}],"wp:term":[{"taxonomy":"product_brand","embeddable":true,"href":"https:\/\/minghanggroup.com\/tr\/wp-json\/wp\/v2\/product_brand?post=6097"},{"taxonomy":"product_cat","embeddable":true,"href":"https:\/\/minghanggroup.com\/tr\/wp-json\/wp\/v2\/product_cat?post=6097"},{"taxonomy":"product_tag","embeddable":true,"href":"https:\/\/minghanggroup.com\/tr\/wp-json\/wp\/v2\/product_tag?post=6097"}],"curies":[{"name":"wp","href":"https:\/\/api.w.org\/{rel}","templated":true}]}}