{"id":6096,"date":"2026-03-26T09:47:01","date_gmt":"2026-03-26T01:47:01","guid":{"rendered":"https:\/\/minghanggroup.com\/?post_type=product&#038;p=6096"},"modified":"2026-03-26T11:13:17","modified_gmt":"2026-03-26T03:13:17","slug":"black-containers-for-cosmetics-with-wood-lids-wholesale","status":"publish","type":"product","link":"https:\/\/minghanggroup.com\/tr\/urun\/black-containers-for-cosmetics-with-wood-lids-wholesale\/","title":{"rendered":"30ml 60ml Ah\u015fap Kapakl\u0131 Siyah Kozmetik Kaplar\u0131 Toptan Sat\u0131\u015f"},"content":{"rendered":"<p>Bu kozmetik \u00fcr\u00fcn kaplar\u0131, do\u011fal ah\u015fap desenli kapaklara sahip, k\u0131sa ve \u015f\u0131k siyah cam \u015fi\u015feler kullan\u0131larak tasarlanm\u0131\u015ft\u0131r. Opak siyah cam, gizli tarifleri korurken, s\u0131cak ah\u015fap kapaklar markaya raflarda \u00e7ekicilik katmaktad\u0131r.<\/p>\n<h2>\u00dcr\u00fcn \u00d6zellikleri<\/h2>\n<ul>\n<li><strong>Parlak Siyah Cam \u015ei\u015fe:<\/strong> Derin ve p\u00fcr\u00fczs\u00fcz parlak siyah cam y\u00fczeyin modern ve l\u00fcks dokunu\u015fu, \u015fi\u015feye parmak izi b\u0131rakmayan bir y\u00fczey kazand\u0131r\u0131yor.<\/li>\n<li><strong>Do\u011fal Ah\u015fap Desenli Kapak:<\/strong> A\u00e7\u0131k renkli ah\u015faptan yap\u0131lm\u0131\u015f olan kapak, do\u011fal bir kontrast olu\u015fturan vidal\u0131 kapa\u011f\u0131yla \u00e7ok \u00f6zel bir his sunuyor.<\/li>\n<li><strong>B\u00fcy\u00fck, al\u00e7ak silindirik \u015fi\u015fe:<\/strong> K\u0131sa ve geni\u015f \u015fekilli \u015fi\u015fe, istikrarl\u0131 bir \u015fi\u015fe sistemi sunar, kullan\u0131m\u0131 kolayd\u0131r ve markay\u0131 sergilemek i\u00e7in geni\u015f bir alan sa\u011flar.<\/li>\n<\/ul>\n<h2 style=\"text-align: left;\">Temel \u00d6zellikler<\/h2>\n<table class=\"aligncenter\" style=\"border-collapse: collapse; width: 438.77pt;\" border=\"0\" width=\"585\" cellspacing=\"0\" cellpadding=\"0\">\n<tbody>\n<tr style=\"height: 13.50pt;\">\n<td style=\"height: 13.50pt; width: 118.50pt;\" width=\"158\" height=\"18\">\u015eartname<\/td>\n<td style=\"width: 320.25pt;\" width=\"427\">Detaylar<\/td>\n<\/tr>\n<tr style=\"height: 13.50pt;\">\n<td style=\"height: 13.50pt;\" height=\"18\">Kapasite<\/td>\n<td>30 ml, 60 ml<\/td>\n<\/tr>\n<tr style=\"height: 13.50pt;\">\n<td style=\"height: 13.50pt;\" height=\"18\">Malzeme<\/td>\n<td>Opak Siyah Cam, Do\u011fal Ah\u015fap Kapak<\/td>\n<\/tr>\n<tr style=\"height: 13.50pt;\">\n<td style=\"height: 13.50pt;\" height=\"18\">Kavanoz \u015eekli<\/td>\n<td>Vidal\u0131 boyunlu k\u0131sa, geni\u015f (&#034;tombalak&#034;) silindir<\/td>\n<\/tr>\n<tr style=\"height: 13.50pt;\">\n<td style=\"height: 13.50pt;\" height=\"18\">\u00d6zelle\u015ftirme Kapsam\u0131<\/td>\n<td>Boyut, Renk, Kapaklar, Y\u00fczey \u0130\u015flemi<\/td>\n<\/tr>\n<tr style=\"height: 13.50pt;\">\n<td style=\"height: 13.50pt;\" height=\"18\">\u0130\u015f\u00e7ilik<\/td>\n<td>Opak Renkler i\u00e7in Hassas Cam \u015eekillendirme<\/td>\n<\/tr>\n<tr style=\"height: 13.50pt;\">\n<td style=\"height: 13.50pt;\" height=\"18\">\u00dcr\u00fcn Amac\u0131<\/td>\n<td>G\u00f6z Serumu Kavanozlar\u0131, Kozmetik Kaplar\u0131 Toptan Sat\u0131\u015f\u0131<\/td>\n<\/tr>\n<tr style=\"height: 13.50pt;\">\n<td style=\"height: 13.50pt;\" height=\"18\">Uygun Sekt\u00f6rler<\/td>\n<td>Premium Cilt Bak\u0131m Markalar\u0131, Organik ve Do\u011fal Kozmetik \u00dcr\u00fcnler<\/td>\n<\/tr>\n<\/tbody>\n<\/table>\n<h2>Ba\u015far\u0131 \u00d6yk\u00fcs\u00fc: Kanadal\u0131 Bir Cilt Bak\u0131m Markas\u0131n\u0131n \u0130konik \u00dcr\u00fcn Serisi<\/h2>\n<p>Kanadal\u0131 \u00fcst d\u00fczey bir cilt bak\u0131m \u015firketi, kozmetik \u00fcr\u00fcnleriyle birlikte kullanmak \u00fczere 60 ml&#039;lik siyah kozmetik kaplar\u0131m\u0131z\u0131 sat\u0131n ald\u0131 ve ah\u015fap kapaklar\u0131n\u0131 marka logolar\u0131yla lazerle i\u015fledi ve minimalist yaz\u0131 tipleriyle serigrafi bask\u0131 yapt\u0131. Bu ay\u0131rt edici g\u00f6r\u00fcn\u00fcm, piyasaya s\u00fcr\u00fclmeden \u00f6nce \u00f6n sipari\u015flerde 0&#039;l\u00fck bir art\u0131\u015fla kar\u015f\u0131land\u0131 ve do\u011fal felsefe markalar\u0131yla da uyumlu olan ah\u015fap kapaklar, do\u011frudan sat\u0131\u015flarda &#039;lik bir art\u0131\u015f g\u00f6rd\u00fc. Marka o kadar pop\u00fcler hale geldi ki, t\u00fcm temel cilt bak\u0131m \u00fcr\u00fcnlerini d\u00fcnyan\u0131n d\u00f6rt bir yan\u0131ndaki m\u00fc\u015fterilerine da\u011f\u0131tmak i\u00e7in 300.000 adet daha cam kavanoz sipari\u015f etti.<\/p>\n<h2>Kozmetik Kaplar\u0131n\u0131n Toptan \u00d6zelle\u015ftirilmesi<\/h2>\n<ul>\n<li>Kapak Malzemesi: Kapaklar farkl\u0131 malzemelerden (bambu, ceviz, kay\u0131n a\u011fac\u0131), mantardan veya seramikten yap\u0131labilir.<\/li>\n<li>\u00d6zel Cam Y\u00fczey \u0130\u015flemleri: Cam, kum p\u00fcsk\u00fcrtme\/i\u015fleme desenleriyle i\u015flenebilir veya \u00e7e\u015fitli y\u00fczey i\u015flemleriyle (mat siyah, f\u00fcme gri, renkli opak cam) tamamlanabilir.<\/li>\n<li>Serigrafi Bask\u0131: Siyah cam kavanozlar, metalik veya beyaz m\u00fcrekkeple marka logolar\u0131 veya i\u00e7erik simgeleriyle serigrafi bask\u0131 yap\u0131larak veya \u00e7\u0131kartmalarla s\u00fcslenebilir.<\/li>\n<\/ul>","protected":false},"excerpt":{"rendered":"<p>\u015e\u0131k siyah cam ve ah\u015fap kapak tasar\u0131m\u0131yla kozmetik \u00fcr\u00fcnler i\u00e7in birinci s\u0131n\u0131f ambalajlar. Cilt bak\u0131m \u00fcr\u00fcnleri ambalaj\u0131 i\u00e7in m\u00fckemmeldir. H\u0131zl\u0131 kargo ve toplu al\u0131m fiyatlar\u0131 mevcuttur.<\/p>","protected":false},"featured_media":6099,"template":"","meta":{"postBodyCss":"","postBodyMargin":[],"postBodyPadding":[],"postBodyBackground":{"backgroundType":"classic","gradient":""}},"product_brand":[],"product_cat":[106,15,17],"product_tag":[],"class_list":{"0":"post-6096","1":"product","2":"type-product","3":"status-publish","4":"has-post-thumbnail","6":"product_cat-cosmetic-jars","7":"product_cat-glass-containers","8":"product_cat-glass-jars","10":"first","11":"instock","12":"shipping-taxable","13":"product-type-simple"},"jetpack_sharing_enabled":true,"_links":{"self":[{"href":"https:\/\/minghanggroup.com\/tr\/wp-json\/wp\/v2\/product\/6096","targetHints":{"allow":["GET"]}}],"collection":[{"href":"https:\/\/minghanggroup.com\/tr\/wp-json\/wp\/v2\/product"}],"about":[{"href":"https:\/\/minghanggroup.com\/tr\/wp-json\/wp\/v2\/types\/product"}],"wp:featuredmedia":[{"embeddable":true,"href":"https:\/\/minghanggroup.com\/tr\/wp-json\/wp\/v2\/media\/6099"}],"wp:attachment":[{"href":"https:\/\/minghanggroup.com\/tr\/wp-json\/wp\/v2\/media?parent=6096"}],"wp:term":[{"taxonomy":"product_brand","embeddable":true,"href":"https:\/\/minghanggroup.com\/tr\/wp-json\/wp\/v2\/product_brand?post=6096"},{"taxonomy":"product_cat","embeddable":true,"href":"https:\/\/minghanggroup.com\/tr\/wp-json\/wp\/v2\/product_cat?post=6096"},{"taxonomy":"product_tag","embeddable":true,"href":"https:\/\/minghanggroup.com\/tr\/wp-json\/wp\/v2\/product_tag?post=6096"}],"curies":[{"name":"wp","href":"https:\/\/api.w.org\/{rel}","templated":true}]}}