{"id":6087,"date":"2026-03-25T13:06:38","date_gmt":"2026-03-25T05:06:38","guid":{"rendered":"https:\/\/minghanggroup.com\/?post_type=product&#038;p=6087"},"modified":"2026-03-25T13:06:39","modified_gmt":"2026-03-25T05:06:39","slug":"glass-small-cream-containers-with-metallic-lid-bulk","status":"publish","type":"product","link":"https:\/\/minghanggroup.com\/tr\/urun\/glass-small-cream-containers-with-metallic-lid-bulk\/","title":{"rendered":"15 ml ve 50 ml&#039;lik Metal Kapakl\u0131 K\u00fc\u00e7\u00fck Boy Cam Krema Kaplar\u0131 (Toptan Sat\u0131\u015f)"},"content":{"rendered":"<p>\u015eeffaf k\u00fc\u00e7\u00fck krem \u200b\u200bkaplar\u0131m\u0131z, ak\u0131ll\u0131ca tasarlanm\u0131\u015f, ger\u00e7ekten i\u015flevsel, \u00e7ift katmanl\u0131 tasar\u0131m\u0131yla minimalizm konseptini cilt bak\u0131m \u00fcr\u00fcnlerinizle birle\u015ftiriyor. \u015eeffaf g\u00f6vde, form\u00fcl\u00fcn\u00fcz\u00fcn rengini ve dokusunu ortaya \u00e7\u0131kar\u0131rken, kare \u015fekli di\u011ferlerinin yuvarlak \u015fekline z\u0131tl\u0131k olu\u015fturuyor. Vidal\u0131 kapaklar, havay\u0131 d\u0131\u015far\u0131da, tazeli\u011fi i\u00e7eride tutmak i\u00e7in s\u0131k\u0131ca kapan\u0131yor. 15 ml ve 50 ml boyutlar\u0131 mevcuttur ve hem numune boyutlar\u0131 hem de tam perakende sat\u0131\u015flar i\u00e7in her t\u00fcrl\u00fc \u00fcr\u00fcn yelpazesinin bir par\u00e7as\u0131 olarak m\u00fckemmeldir. Bu \u00f6zel kozmetik kavanozlar\u0131 sadece kreminizi muhafaza etmekle kalmaz. Onu korur, tan\u0131t\u0131r ve sat\u0131\u015f\u0131n\u0131 sa\u011flar.<\/p>\n<h2>\u00dcr\u00fcn \u00d6zellikleri<\/h2>\n<ul>\n<li><strong>\u00c7ift Katmanl\u0131 Koruma:<\/strong> Bu tasar\u0131m, i\u00e7 ve d\u0131\u015f olmak \u00fczere iki duvarl\u0131 bir katmana sahip olup, i\u00e7eriklerin hava ile temas\u0131n\u0131 s\u0131n\u0131rland\u0131rarak hassas form\u00fclasyonlar\u0131n perakende raflar\u0131nda orijinal taze ve etkili hallerini daha uzun s\u00fcre korumas\u0131n\u0131 sa\u011flar.<\/li>\n<li><strong>Modern Kare Profil:<\/strong> Keskin geometrik \u015fekliyle markan\u0131z, perakende raflar\u0131 aras\u0131nda kolayca uyum sa\u011flayacak ve geleneksel yuvarlak \u015fi\u015feler aras\u0131nda onu farkl\u0131la\u015ft\u0131racak benzersiz bir g\u00f6r\u00fcn\u00fcm sunacakt\u0131r.<\/li>\n<li><strong>Geni\u015f A\u011f\u0131zl\u0131 Eri\u015filebilirlik:<\/strong> Geni\u015f a\u011f\u0131z, \u00fcr\u00fcn\u00fcn doldurulmas\u0131nda verimlili\u011fi art\u0131rmakla kalmaz, ayn\u0131 zamanda t\u00fcketicilere ula\u015f\u0131lmas\u0131 zor b\u00f6lgelerden \u00fcr\u00fcn alma zahmetine girmeden \u00fcr\u00fcn\u00fcn kalan t\u00fcm damlalar\u0131na eri\u015fme olana\u011f\u0131 da sunar.<\/li>\n<\/ul>\n<h2>Temel \u00d6zellikler<\/h2>\n<table style=\"border-collapse: collapse; width: 80%; margin-left: auto; margin-right: auto;\" border=\"0\" width=\"144\" cellspacing=\"0\" cellpadding=\"0\">\n<tbody>\n<tr style=\"height: 13.50pt;\">\n<td style=\"height: 13.5pt; width: 54pt; text-align: center;\" width=\"72\" height=\"18\">\u015eartname<\/td>\n<td style=\"width: 54pt; text-align: center;\" width=\"72\">Detaylar<\/td>\n<\/tr>\n<tr style=\"height: 13.50pt;\">\n<td style=\"height: 13.5pt; text-align: center;\" height=\"18\">Kapasite<\/td>\n<td style=\"text-align: center;\">15 ml, 50 ml<\/td>\n<\/tr>\n<tr style=\"height: 13.50pt;\">\n<td style=\"height: 13.5pt; text-align: center;\" height=\"18\">\u015eekil<\/td>\n<td style=\"text-align: center;\">Kare<\/td>\n<\/tr>\n<tr style=\"height: 13.50pt;\">\n<td style=\"height: 13.5pt; text-align: center;\" height=\"18\">Renk<\/td>\n<td style=\"text-align: center;\">\u015eeffaf<\/td>\n<\/tr>\n<tr style=\"height: 13.50pt;\">\n<td style=\"height: 13.5pt; text-align: center;\" height=\"18\">S\u0131zd\u0131rmazl\u0131k Tipi<\/td>\n<td style=\"text-align: center;\">\u0130\u00e7 astarl\u0131 vidal\u0131 kapak<\/td>\n<\/tr>\n<tr style=\"height: 13.50pt;\">\n<td style=\"height: 13.5pt; text-align: center;\" height=\"18\">Kullan\u0131m<\/td>\n<td style=\"text-align: center;\">Y\u00fcz kremi, g\u00f6z kremi, cilt bak\u0131m balsam\u0131<\/td>\n<\/tr>\n<\/tbody>\n<\/table>\n<h2>Ba\u015far\u0131 Hikayesi<\/h2>\n<p>Yeni bir nemlendirici krem \u200b\u200bs\u00f6z konusu oldu\u011funda, \u00fcst d\u00fczey Frans\u0131z cilt bak\u0131m markalar\u0131ndan biri, 50 ml&#039;lik krem \u200b\u200bkavanozumuzu se\u00e7ti ve onu en \u00fcst d\u00fczeyde \u00f6zelle\u015ftirmeyi tercih etti. Kavanoz yap\u0131m\u0131nda kullan\u0131lan ve ola\u011fan\u00fcst\u00fc berrakl\u0131\u011f\u0131 nedeniyle se\u00e7ilen malzemenin alt\u0131na sprey \u015feklinde buzlu bir g\u00f6r\u00fcn\u00fcm eklediler ve bu da t\u00fcm etkiye daha zarif, sofistike bir g\u00f6r\u00fcn\u00fcm kazand\u0131rd\u0131. Markan\u0131n &#034;do\u011fal safl\u0131k&#034; felsefesine m\u00fckemmel \u015fekilde uyan, d\u00fc\u015f\u00fck doygunlukta s\u00fct beyaz\u0131 bir renk paleti olu\u015fturuldu. Ayr\u0131ca, marka bilinirli\u011fini art\u0131rmak i\u00e7in tasar\u0131m, elektrolizle kaplanm\u0131\u015f g\u00fcm\u00fc\u015f kapak ve kavanozun yan taraf\u0131na serigrafi bask\u0131 y\u00f6ntemiyle bas\u0131lm\u0131\u015f marka ad\u0131 ve hacim ile birle\u015ftirildi.<\/p>\n<p>Bu krem \u200b\u200bserisinin sat\u0131\u015flar\u0131, \u00fcr\u00fcn\u00fcn piyasaya s\u00fcr\u00fclmesinden sonraki ilk \u00fc\u00e7 ayda yakla\u015f\u0131k y\u00fczde 35 artt\u0131. Bunun \u00fczerine s\u00f6z konusu m\u00fc\u015fteri, bu krem \u200b\u200bkavanozundan tekrar sipari\u015f verdi ve gelecekte bu ambalaj t\u00fcr\u00fcn\u00fc di\u011fer cilt bak\u0131m \u00fcr\u00fcnlerine de uygulamay\u0131 planl\u0131yor.<\/p>\n<h2>\u00d6zelle\u015ftirme \u00d6nerileri<\/h2>\n<ol>\n<li><strong>Kavanoz G\u00f6vdesi Sonland\u0131rma Se\u00e7enekleri:<\/strong> Y\u00fcksek \u015feffafl\u0131\u011fa sahip cam taban \u00fczerine, buzlu kaplama, degrade p\u00fcsk\u00fcrtme veya i\u00e7 kaplama gibi di\u011fer y\u00fczey i\u015flemleri de uyguluyoruz. Bu y\u00f6ntemler, \u00fcr\u00fcn\u00fcn dokunsal ve g\u00f6rsel \u00f6zelliklerini iyile\u015ftirmenin yan\u0131 s\u0131ra, kremin i\u00e7erdi\u011fi bile\u015fenleri stabilize edecek \u0131\u015f\u0131k engelleme \u00f6zellikleri de sunar.<\/li>\n<li><strong>\u015eapka \u00d6zelle\u015ftirme:<\/strong> Alt\u0131n, g\u00fcm\u00fc\u015f veya rose gold elektrokaplama, mat p\u00fcsk\u00fcrtme ve y\u00fcksek parlakl\u0131kta UV kaplama gibi \u00e7ok say\u0131da y\u00fczey efektini destekliyoruz. Ayr\u0131ca, kapa\u011f\u0131n y\u00fcksekli\u011fi ve t\u0131rt\u0131kl\u0131 yap\u0131s\u0131, tutu\u015fu iyile\u015ftirmek ve kapa\u011f\u0131 a\u00e7ma ve kapama i\u015flemini kolayla\u015ft\u0131rmak i\u00e7in \u00f6zelle\u015ftirilebilir.<\/li>\n<li><strong>Kapal\u0131 Bile\u015fen Optimizasyonu:<\/strong> \u0130\u00e7ten s\u0131zd\u0131rmazl\u0131k veya ikincil s\u0131zd\u0131rmazl\u0131k (ve PP veya \u00e7ekme t\u0131rnakl\u0131 i\u00e7 kapaklar) imkan\u0131 sunuyoruz. Bu eklemeler, s\u0131zd\u0131rmazl\u0131\u011f\u0131 \u00f6nemli \u00f6l\u00e7\u00fcde art\u0131r\u0131r, bu nedenle ambalaj, krem \u200b\u200bbazl\u0131 ve yar\u0131 kat\u0131 \u00fcr\u00fcnlerin uzun mesafeli ta\u015f\u0131mac\u0131l\u0131\u011f\u0131 i\u00e7in olduk\u00e7a uygundur.<\/li>\n<\/ol>","protected":false},"excerpt":{"rendered":"<p>Kal\u0131n cam ve metal kapakl\u0131, birinci s\u0131n\u0131f k\u00fc\u00e7\u00fck krem \u200b\u200bkaplar\u0131. Fabrikadan do\u011frudan temin edilebilen, \u00fccretsiz numuneler ve toplu \u00f6zelle\u015ftirme se\u00e7enekleriyle \u00f6zel kozmetik kavanozlar\u0131.<\/p>","protected":false},"featured_media":6095,"template":"","meta":{"postBodyCss":"","postBodyMargin":[],"postBodyPadding":[],"postBodyBackground":{"backgroundType":"classic","gradient":""}},"product_brand":[],"product_cat":[106,15,17],"product_tag":[],"class_list":{"0":"post-6087","1":"product","2":"type-product","3":"status-publish","4":"has-post-thumbnail","6":"product_cat-cosmetic-jars","7":"product_cat-glass-containers","8":"product_cat-glass-jars","10":"first","11":"instock","12":"shipping-taxable","13":"product-type-simple"},"jetpack_sharing_enabled":true,"_links":{"self":[{"href":"https:\/\/minghanggroup.com\/tr\/wp-json\/wp\/v2\/product\/6087","targetHints":{"allow":["GET"]}}],"collection":[{"href":"https:\/\/minghanggroup.com\/tr\/wp-json\/wp\/v2\/product"}],"about":[{"href":"https:\/\/minghanggroup.com\/tr\/wp-json\/wp\/v2\/types\/product"}],"wp:featuredmedia":[{"embeddable":true,"href":"https:\/\/minghanggroup.com\/tr\/wp-json\/wp\/v2\/media\/6095"}],"wp:attachment":[{"href":"https:\/\/minghanggroup.com\/tr\/wp-json\/wp\/v2\/media?parent=6087"}],"wp:term":[{"taxonomy":"product_brand","embeddable":true,"href":"https:\/\/minghanggroup.com\/tr\/wp-json\/wp\/v2\/product_brand?post=6087"},{"taxonomy":"product_cat","embeddable":true,"href":"https:\/\/minghanggroup.com\/tr\/wp-json\/wp\/v2\/product_cat?post=6087"},{"taxonomy":"product_tag","embeddable":true,"href":"https:\/\/minghanggroup.com\/tr\/wp-json\/wp\/v2\/product_tag?post=6087"}],"curies":[{"name":"wp","href":"https:\/\/api.w.org\/{rel}","templated":true}]}}