{"id":6086,"date":"2026-03-25T09:15:28","date_gmt":"2026-03-25T01:15:28","guid":{"rendered":"https:\/\/minghanggroup.com\/?post_type=product&#038;p=6086"},"modified":"2026-03-25T11:01:56","modified_gmt":"2026-03-25T03:01:56","slug":"white-glass-cosmetic-jars-and-lids-wholesale","status":"publish","type":"product","link":"https:\/\/minghanggroup.com\/tr\/urun\/white-glass-cosmetic-jars-and-lids-wholesale\/","title":{"rendered":"300 ml Beyaz Cam Kozmetik Kavanozlar\u0131 ve Kapaklar\u0131 Toptan Sat\u0131\u015f\u0131"},"content":{"rendered":"<p>Bu kozmetik kavanozlar\u0131 ve kapaklar\u0131, bel k\u0131sm\u0131nda hafif\u00e7e daralan ve yuvarlak hatl\u0131, kare \u015feklinde ve iyi bir tutama\u011fa sahip bir yap\u0131ya sahiptir. Kavanozlar, parmak izi b\u0131rakmayan ve parlak bir y\u00fczeye sahip, y\u00fcksek kaliteli s\u0131rl\u0131 seramikten \u00fcretilmi\u015ftir.<\/p>\n<h2>\u00dcr\u00fcn \u00d6zellikleri<\/h2>\n<ul>\n<li><strong>P\u00fcr\u00fczs\u00fcz Yuvarlak Kare \u015eekli:<\/strong> Bel k\u0131sm\u0131 incelen, yuvarlak ve kare \u015fekli sayesinde y\u00fcksek denge, modern g\u00f6r\u00fcn\u00fcm ve rahat bir tutu\u015f sa\u011flar.<\/li>\n<li><strong>Parlak Beyaz Seramik Y\u00fczey:<\/strong> Geni\u015f \u00e7apta parlat\u0131lm\u0131\u015f s\u0131rl\u0131 seramik y\u00fczey kolay temizlenir, leke tutmaz ve parlak ve zarif bir g\u00f6r\u00fcn\u00fcme sahiptir.<\/li>\n<li><strong>300 ml&#039;lik geni\u015f kapasite:<\/strong> Devasa boyutu, v\u00fccut losyonlar\u0131, kremler, maskeler veya t\u00fcm v\u00fccuda s\u00fcrekli uygulama veya kullan\u0131m gerektiren di\u011fer \u00fcr\u00fcnler i\u00e7in olduk\u00e7a uygundur.<\/li>\n<\/ul>\n<h2 style=\"text-align: left;\">Temel \u00d6zellikler<\/h2>\n<table class=\"aligncenter\" style=\"border-collapse: collapse; width: 371.27pt;\" border=\"0\" width=\"495\" cellspacing=\"0\" cellpadding=\"0\">\n<tbody>\n<tr style=\"height: 13.50pt;\">\n<td style=\"height: 13.50pt; width: 117.75pt;\" width=\"157\" height=\"18\">Ba\u011flanmak<\/td>\n<td style=\"width: 253.50pt;\" width=\"338\">Detaylar<\/td>\n<\/tr>\n<tr style=\"height: 13.50pt;\">\n<td style=\"height: 13.50pt;\" height=\"18\">Kapasite<\/td>\n<td>300 ml<\/td>\n<\/tr>\n<tr style=\"height: 13.50pt;\">\n<td style=\"height: 13.50pt;\" height=\"18\">Malzeme<\/td>\n<td>Beyaz s\u0131rl\u0131 seramik<\/td>\n<\/tr>\n<tr style=\"height: 13.50pt;\">\n<td style=\"height: 13.50pt;\" height=\"18\">Kavanoz \u015eekli<\/td>\n<td>Bel k\u0131sm\u0131 daralan yuvarlak kare<\/td>\n<\/tr>\n<tr style=\"height: 13.50pt;\">\n<td style=\"height: 13.50pt;\" height=\"18\">\u00d6zelle\u015ftirme Aral\u0131\u011f\u0131<\/td>\n<td>Renk, kapaklar, y\u00fczey, boyut<\/td>\n<\/tr>\n<tr style=\"height: 13.50pt;\">\n<td style=\"height: 13.50pt;\" height=\"18\">\u0130\u015f\u00e7ilik<\/td>\n<td>Parlak y\u00fczeyli f\u0131r\u0131nlama, hassas di\u015f a\u00e7ma<\/td>\n<\/tr>\n<tr style=\"height: 13.50pt;\">\n<td style=\"height: 13.50pt;\" height=\"18\">Birincil Kullan\u0131m<\/td>\n<td>kozmetik kavanozlar\u0131 toptan, v\u00fccut losyonu kavanozlar\u0131<\/td>\n<\/tr>\n<tr style=\"height: 13.50pt;\">\n<td style=\"height: 13.50pt;\" height=\"18\">Hedef Sekt\u00f6rler<\/td>\n<td>L\u00fcks cilt bak\u0131m\u0131, spa ve profesyonel markalar<\/td>\n<\/tr>\n<\/tbody>\n<\/table>\n<h2>Ba\u015far\u0131 \u00d6yk\u00fcs\u00fc: Bat\u0131 Yakas\u0131 Spa&#039;s\u0131n\u0131n \u0130mza Y\u00fcz Kremi<\/h2>\n<p>Bat\u0131 Yakas\u0131 spa merkezlerinin \u00fcst d\u00fczey markalar\u0131ndan biri, 300 ml&#039;lik beyaz kozmetik kavanozlar\u0131m\u0131z\u0131 ve kapaklar\u0131n\u0131 kullanmaya karar verdi. Kapaklar, logo bask\u0131l\u0131 mat s\u0131rl\u0131 kapaklard\u0131r. Ayr\u0131ca, a\u011f\u0131z k\u0131sm\u0131 oran\u0131nda geni\u015fletilerek her damlas\u0131n\u0131n daha verimli ve m\u00fc\u015fteri dostu bir \u015fekilde kullan\u0131lmas\u0131 sa\u011fland\u0131. 300 ml&#039;lik kapasite, daha y\u00fcksek fiyatl\u0131 \u00fcr\u00fcnlerin sat\u0131\u015f\u0131n\u0131 da art\u0131rd\u0131 ve ortalama sipari\u015f de\u011ferini y\u00fckseltti. Marka \u00e7ok etkili oldu ve t\u00fcm v\u00fccut bak\u0131m \u00fcr\u00fcnlerini kullanarak \u00f6zelle\u015ftirilecek 500.000 adetlik yeni bir sipari\u015f daha verdi.<\/p>\n<h2>Kozmetik Kavanozlar\u0131 Toptan \u00d6zelle\u015ftirme<\/h2>\n<ul>\n<li>S\u0131r Renkleri: Scott, seramik s\u0131r renklerine kar\u015f\u0131l\u0131k gelen Pantone renk katalo\u011fundaki herhangi bir rengi se\u00e7ebilir; yumu\u015fak pastel tonlardan koyu m\u00fccevher tonlar\u0131na kadar geni\u015f bir yelpaze mevcuttur.<\/li>\n<li>Y\u00fczey Kaplamalar\u0131: Parlak, saten veya tamamen mat olmak \u00fczere \u00fc\u00e7 farkl\u0131 y\u00fczey kaplama se\u00e7ene\u011fi mevcuttur.<\/li>\n<li>Kapaklardaki s\u00fcslemeler: Bu kapaklar (her zaman ayn\u0131 olmasa da) bir\u00e7ok renkte, farkl\u0131 malzemelerden (\u00f6rne\u011fin ah\u015fap, ta\u015f) yap\u0131lm\u0131\u015f veya kristallerle i\u015flenmi\u015f olabilir.<\/li>\n<\/ul>","protected":false},"excerpt":{"rendered":"<p>P\u00fcr\u00fczs\u00fcz beyaz y\u00fczeyli ve g\u00fcvenli kapakl\u0131 kozmetik kavanozlar\u0131 toptan sat\u0131\u015f\u0131. Kremler ve cilt bak\u0131m \u00fcr\u00fcnleri i\u00e7in idealdir. Kozmetik kavanozlar\u0131 ve kapaklar\u0131 fabrika \u00e7\u0131k\u0131\u015f fiyatlar\u0131yla stokta mevcuttur.<\/p>","protected":false},"featured_media":6090,"template":"","meta":{"postBodyCss":"","postBodyMargin":[],"postBodyPadding":[],"postBodyBackground":{"backgroundType":"classic","gradient":""}},"product_brand":[],"product_cat":[106,15,17],"product_tag":[],"class_list":{"0":"post-6086","1":"product","2":"type-product","3":"status-publish","4":"has-post-thumbnail","6":"product_cat-cosmetic-jars","7":"product_cat-glass-containers","8":"product_cat-glass-jars","10":"first","11":"instock","12":"shipping-taxable","13":"product-type-simple"},"jetpack_sharing_enabled":true,"_links":{"self":[{"href":"https:\/\/minghanggroup.com\/tr\/wp-json\/wp\/v2\/product\/6086","targetHints":{"allow":["GET"]}}],"collection":[{"href":"https:\/\/minghanggroup.com\/tr\/wp-json\/wp\/v2\/product"}],"about":[{"href":"https:\/\/minghanggroup.com\/tr\/wp-json\/wp\/v2\/types\/product"}],"wp:featuredmedia":[{"embeddable":true,"href":"https:\/\/minghanggroup.com\/tr\/wp-json\/wp\/v2\/media\/6090"}],"wp:attachment":[{"href":"https:\/\/minghanggroup.com\/tr\/wp-json\/wp\/v2\/media?parent=6086"}],"wp:term":[{"taxonomy":"product_brand","embeddable":true,"href":"https:\/\/minghanggroup.com\/tr\/wp-json\/wp\/v2\/product_brand?post=6086"},{"taxonomy":"product_cat","embeddable":true,"href":"https:\/\/minghanggroup.com\/tr\/wp-json\/wp\/v2\/product_cat?post=6086"},{"taxonomy":"product_tag","embeddable":true,"href":"https:\/\/minghanggroup.com\/tr\/wp-json\/wp\/v2\/product_tag?post=6086"}],"curies":[{"name":"wp","href":"https:\/\/api.w.org\/{rel}","templated":true}]}}