{"id":6075,"date":"2026-03-24T09:05:49","date_gmt":"2026-03-24T01:05:49","guid":{"rendered":"https:\/\/minghanggroup.com\/?post_type=product&#038;p=6075"},"modified":"2026-03-24T10:40:46","modified_gmt":"2026-03-24T02:40:46","slug":"amber-cosmetic-glass-jars-with-lids-wholesale","status":"publish","type":"product","link":"https:\/\/minghanggroup.com\/tr\/urun\/amber-cosmetic-glass-jars-with-lids-wholesale\/","title":{"rendered":"5 ml \u2013 80 ml Kapakl\u0131 Amber Renkli Kozmetik Cam Kavanozlar Toptan Sat\u0131\u015f"},"content":{"rendered":"<p>Bu kehribar renkli kozmetik cam kavanozlar\u0131n \u015fekli, \u0131\u015f\u0131\u011fa kar\u015f\u0131 maksimum koruma sa\u011flamak amac\u0131yla y\u00fcksek kaliteli kehribar camdan \u00fcretilmi\u015f geleneksel silindirik bir \u015fekle sahiptir. Farkl\u0131 boyutlarda mevcuttur ve siyah vidal\u0131 kapaklar\u0131 sayesinde kremler, dudak balsamlar\u0131 ve merhemler gibi cilt bak\u0131m \u00fcr\u00fcnlerinin ambalajlanmas\u0131nda kullan\u0131labilirler.<\/p>\n<h2>\u00dcr\u00fcn \u00d6zellikleri<\/h2>\n<ul>\n<li><strong>Foto-stabil kehribar cam:<\/strong> Koyu kehribar rengi cam, \u0131\u015f\u0131\u011fa duyarl\u0131 aktif bile\u015fenlerin (retinol, C vitamini vb.) \u00fczerine yerle\u015ftirildi\u011finde, form\u00fcl etkinli\u011fini ve stabilitesini korur.<\/li>\n<li><strong>P\u00fcr\u00fczs\u00fcz, s\u0131k\u0131 vidal\u0131 kapak:<\/strong> Siyah vidal\u0131 kapak, kavanoza p\u00fcr\u00fczs\u00fcz ve parlak bir \u015fekilde oturarak en iyi s\u0131zd\u0131rmazl\u0131\u011f\u0131 sa\u011flar ve nem, oksitlenme ve s\u0131z\u0131nt\u0131y\u0131 \u00f6nler.<\/li>\n<li><strong>Tek silindirik form:<\/strong> Basit silindirik form, sa\u011flam, etiketlenmesi kolay ve en b\u00fcy\u00fck i\u00e7 hacme sahip olan yayg\u0131n d\u00fcz duvarl\u0131 silindirik formdur.<\/li>\n<\/ul>\n<h2 style=\"text-align: left;\">Temel \u00d6zellikler<\/h2>\n<table class=\"aligncenter\" style=\"border-collapse: collapse; width: 354.02pt;\" border=\"0\" width=\"472\" cellspacing=\"0\" cellpadding=\"0\">\n<tbody>\n<tr style=\"height: 13.50pt;\">\n<td style=\"height: 13.50pt; width: 98.25pt;\" width=\"131\" height=\"18\">\u015eartname<\/td>\n<td style=\"width: 255.75pt;\" width=\"341\">Detaylar<\/td>\n<\/tr>\n<tr style=\"height: 13.50pt;\">\n<td style=\"height: 13.50pt;\" height=\"18\">Kapasite<\/td>\n<td>5 ml, 8 ml, 10 ml, 15 ml, 30 ml, 40 ml, 80 ml<\/td>\n<\/tr>\n<tr style=\"height: 13.50pt;\">\n<td style=\"height: 13.50pt;\" height=\"18\">Malzeme<\/td>\n<td>Amber Cam, Parlak Siyah Plastik Kapak<\/td>\n<\/tr>\n<tr style=\"height: 13.50pt;\">\n<td style=\"height: 13.50pt;\" height=\"18\">Kavanoz \u015eekli<\/td>\n<td>Di\u015fli Boyunlu D\u00fcz Kenarl\u0131 Silindir<\/td>\n<\/tr>\n<tr style=\"height: 13.50pt;\">\n<td style=\"height: 13.50pt;\" height=\"18\">\u00d6zelle\u015ftirme Kapsam\u0131<\/td>\n<td>Renk, Y\u00fczey, Kapaklar, Boyut<\/td>\n<\/tr>\n<tr style=\"height: 13.50pt;\">\n<td style=\"height: 13.50pt;\" height=\"18\">\u0130\u015f\u00e7ilik<\/td>\n<td>UV Korumas\u0131 i\u00e7in Hassas Cam \u015eekillendirme<\/td>\n<\/tr>\n<tr style=\"height: 13.50pt;\">\n<td style=\"height: 13.50pt;\" height=\"18\">\u00dcr\u00fcn Amac\u0131<\/td>\n<td>G\u00f6z Kremi Kavanozlar\u0131, Kozmetik Cam Kavanozlar<\/td>\n<\/tr>\n<tr style=\"height: 13.50pt;\">\n<td style=\"height: 13.50pt;\" height=\"18\">Uygun Sekt\u00f6rler<\/td>\n<td>Cilt Bak\u0131m Markalar\u0131, Spa ve Salon Tedarik\u00e7ileri<\/td>\n<\/tr>\n<\/tbody>\n<\/table>\n<h2>Ba\u015far\u0131 Hikayesi<\/h2>\n<p>Koreli bir cilt bak\u0131m \u015firketi, 30 ml&#039;lik kehribar renkli kozmetik kavanozlar\u0131m\u0131z\u0131, \u00fczerine bas\u0131lm\u0131\u015f dozaj etiketlerini ve kurcalamaya kar\u015f\u0131 korumal\u0131 folyo kapaklar\u0131n\u0131 se\u00e7ti. Kehribar renkli cam \u015fi\u015feler, retinol\u00fcn \u0131\u015f\u0131ktan zarar g\u00f6rmesini \u00f6nlemede hayati \u00f6neme sahipti ve 12 ay sonra retinol\u00fcn &#039;luk aktivitesini koruyarak m\u00fc\u015fteri sadakatini art\u0131rd\u0131. Marka o kadar ba\u015far\u0131l\u0131 oldu ki, uluslararas\u0131 pazarda kullan\u0131lacak t\u00fcm aktif cilt bak\u0131m kremlerini doldurabilmek i\u00e7in 2 milyon \u015fi\u015felik ek bir sipari\u015f daha verdi.<\/p>\n<h2>Bu kozmetik cam kavanozlar\u0131 baz\u0131 ki\u015fiselle\u015ftirme \u00f6zelliklerine sahiptir.<\/h2>\n<ul>\n<li>Amber Gradyan: A\u00e7\u0131k bal renginden koyu kahverengiye (neredeyse opak) kadar de\u011fi\u015fen \u00e7e\u015fitli amber cam \u015fi\u015felerde gelirler.<\/li>\n<li>Kapak Malzemesi ve Kaplamas\u0131: Mat siyah veya beyaz, g\u00fcm\u00fc\u015f veya metalik kaplamal\u0131 kapak kullan\u0131labilir.<\/li>\n<li>Kare Tasar\u0131m: Kare \u015feklindeki \u015fi\u015feler yerden tasarruf sa\u011flar, dikkat \u00e7ekici ve modern bir g\u00f6r\u00fcn\u00fcme sahiptir ve hediye paketlerine ve raflara uyum sa\u011flar.<\/li>\n<\/ul>","protected":false},"excerpt":{"rendered":"<p>Kremleri \u0131\u015f\u0131ktan korumak i\u00e7in tasarlanm\u0131\u015f, kapakl\u0131 kehribar rengi kozmetik cam kavanozlar. Kremler, balsamlar ve cilt bak\u0131m \u00fcr\u00fcnlerinin saklanmas\u0131 i\u00e7in idealdir. Fabrikadan do\u011frudan sat\u0131\u015f, h\u0131zl\u0131 teslimat.<\/p>","protected":false},"featured_media":6079,"template":"","meta":{"postBodyCss":"","postBodyMargin":[],"postBodyPadding":[],"postBodyBackground":{"backgroundType":"classic","gradient":""}},"product_brand":[],"product_cat":[106,15,17],"product_tag":[],"class_list":{"0":"post-6075","1":"product","2":"type-product","3":"status-publish","4":"has-post-thumbnail","6":"product_cat-cosmetic-jars","7":"product_cat-glass-containers","8":"product_cat-glass-jars","10":"first","11":"instock","12":"shipping-taxable","13":"product-type-simple"},"jetpack_sharing_enabled":true,"_links":{"self":[{"href":"https:\/\/minghanggroup.com\/tr\/wp-json\/wp\/v2\/product\/6075","targetHints":{"allow":["GET"]}}],"collection":[{"href":"https:\/\/minghanggroup.com\/tr\/wp-json\/wp\/v2\/product"}],"about":[{"href":"https:\/\/minghanggroup.com\/tr\/wp-json\/wp\/v2\/types\/product"}],"wp:featuredmedia":[{"embeddable":true,"href":"https:\/\/minghanggroup.com\/tr\/wp-json\/wp\/v2\/media\/6079"}],"wp:attachment":[{"href":"https:\/\/minghanggroup.com\/tr\/wp-json\/wp\/v2\/media?parent=6075"}],"wp:term":[{"taxonomy":"product_brand","embeddable":true,"href":"https:\/\/minghanggroup.com\/tr\/wp-json\/wp\/v2\/product_brand?post=6075"},{"taxonomy":"product_cat","embeddable":true,"href":"https:\/\/minghanggroup.com\/tr\/wp-json\/wp\/v2\/product_cat?post=6075"},{"taxonomy":"product_tag","embeddable":true,"href":"https:\/\/minghanggroup.com\/tr\/wp-json\/wp\/v2\/product_tag?post=6075"}],"curies":[{"name":"wp","href":"https:\/\/api.w.org\/{rel}","templated":true}]}}