{"id":6065,"date":"2026-03-23T10:39:26","date_gmt":"2026-03-23T02:39:26","guid":{"rendered":"https:\/\/minghanggroup.com\/?post_type=product&#038;p=6065"},"modified":"2026-03-23T10:39:28","modified_gmt":"2026-03-23T02:39:28","slug":"frosted-glass-cream-jars-with-bamboo-lids-bulk","status":"publish","type":"product","link":"https:\/\/minghanggroup.com\/tr\/urun\/frosted-glass-cream-jars-with-bamboo-lids-bulk\/","title":{"rendered":"Bambu Kapakl\u0131 1 oz&#039;luk Buzlu Cam Krema Kavanozlar\u0131 (Toptan)"},"content":{"rendered":"<p><span class=\"qk-md-text complete\" data-spm-anchor-id=\"5176.28103460.0.i5.51627551XUs49R\">Bu d\u00fcz kenarl\u0131 cam krem \u200b\u200bkavanozu, zarif buzlu g\u00f6vdesini, l\u00fcks\u00fc ve s\u00fcrd\u00fcr\u00fclebilirli\u011fi simgeleyen \u00e7evre dostu bambu vidal\u0131 kapa\u011f\u0131yla birle\u015ftiriyor.<\/span> S\u0131zd\u0131rmazl\u0131k i\u00e7in vidal\u0131 bir kapak sistemi kullan\u0131lm\u0131\u015ft\u0131r ve alt k\u0131sm\u0131 a\u011f\u0131rl\u0131k ve denge sa\u011flamak i\u00e7in hafif\u00e7e kal\u0131nla\u015ft\u0131r\u0131lm\u0131\u015ft\u0131r. Sosyal medyada harika foto\u011fraflar \u00e7ekebilece\u011finiz ve daha y\u00fcksek fiyat talep etmenizi sa\u011flayacak kadar a\u011f\u0131r olan buzlu cam kozmetik kavanozlar\u0131 elde edersiniz. Kozmetik kavanozlar\u0131, m\u00fc\u015fterilere arzu edilen ekolojik l\u00fcks g\u00f6r\u00fcn\u00fcm\u00fc verecek buzlu camdan \u00fcretilmi\u015ftir.<\/p>\n<h2>\u00dcr\u00fcn \u00d6zellikleri<\/h2>\n<ul>\n<li><strong>\u00c7evre Dostu Bambu Kapak:<\/strong> Do\u011fal ah\u015fap dokusu ve buzlu cam\u0131n birle\u015fiminden olu\u015fan bu ambalaj, s\u00fcrd\u00fcr\u00fclebilirlik bilincini \u00f6n plana \u00e7\u0131kar\u0131rken ayn\u0131 zamanda \u015f\u0131kl\u0131\u011f\u0131 da koruyor.<\/li>\n<li><strong>I\u015f\u0131k Ge\u00e7irmeyen Buzlu G\u00f6vde:<\/strong> Buzlu y\u00fczey, \u0131\u015f\u0131\u011fa duyarl\u0131 form\u00fclleri korur ve m\u00fc\u015fterilerin sevdi\u011fi o \u00fcst d\u00fczey yar\u0131 saydam g\u00f6r\u00fcn\u00fcm\u00fc kaybetmez.<\/li>\n<li><strong>G\u00fcvenli Vidal\u0131 Kapatma:<\/strong> Kapaklar, kozmetik cam kaplar\u0131n m\u00fc\u015fteriye ula\u015fana kadar tazeli\u011fini korumas\u0131n\u0131 sa\u011flamak i\u00e7in i\u00e7 astar\u0131 bulunan, s\u0131k\u0131ca kapanan kapaklard\u0131r.<\/li>\n<\/ul>\n<h2>Temel \u00d6zellikler<\/h2>\n<table style=\"border-collapse: collapse; width: 80%; margin-left: auto; margin-right: auto;\" border=\"0\" width=\"144\" cellspacing=\"0\" cellpadding=\"0\">\n<tbody>\n<tr style=\"height: 13.50pt;\">\n<td style=\"height: 13.5pt; width: 54pt; text-align: center;\" width=\"72\" height=\"18\">\u015eartname<\/td>\n<td style=\"width: 54pt; text-align: center;\" width=\"72\">Detaylar<\/td>\n<\/tr>\n<tr style=\"height: 13.50pt;\">\n<td style=\"height: 13.5pt; text-align: center;\" height=\"18\">Kapasite<\/td>\n<td style=\"text-align: center;\">30 ml \/ 1 ons<\/td>\n<\/tr>\n<tr style=\"height: 13.50pt;\">\n<td style=\"height: 13.5pt; text-align: center;\" height=\"18\">\u015eekil<\/td>\n<td style=\"text-align: center;\">D\u00fcz kenarl\u0131<\/td>\n<\/tr>\n<tr style=\"height: 13.50pt;\">\n<td style=\"height: 13.5pt; text-align: center;\" height=\"18\">S\u0131zd\u0131rmazl\u0131k Tipi<\/td>\n<td style=\"text-align: center;\">Bambu kapakl\u0131 vidal\u0131 kapak<\/td>\n<\/tr>\n<tr style=\"height: 13.50pt;\">\n<td style=\"height: 13.5pt; text-align: center;\" height=\"18\">Renk<\/td>\n<td style=\"text-align: center;\">Buzlu<\/td>\n<\/tr>\n<tr style=\"height: 13.50pt;\">\n<td style=\"height: 13.5pt; text-align: center;\" height=\"18\">Kapak Malzemesi<\/td>\n<td style=\"text-align: center;\">\u0130\u00e7 astarl\u0131 do\u011fal bambu<\/td>\n<\/tr>\n<tr style=\"height: 13.50pt;\">\n<td style=\"height: 13.5pt; text-align: center;\" height=\"18\">G\u00f6vde Malzemesi<\/td>\n<td style=\"text-align: center;\">Bardak<\/td>\n<\/tr>\n<tr style=\"height: 13.50pt;\">\n<td style=\"height: 13.5pt; text-align: center;\" height=\"18\">Kullan\u0131m<\/td>\n<td style=\"text-align: center;\">Y\u00fcz kremi, g\u00f6z kremi, v\u00fccut balsam\u0131, dudak maskesi<\/td>\n<\/tr>\n<\/tbody>\n<\/table>\n<h2>Ba\u015far\u0131 \u00d6rne\u011fi<\/h2>\n<p>Avustralyal\u0131 do\u011fal cilt bak\u0131m \u015firketi, yeni bir organik onar\u0131c\u0131 krem \u200b\u200b\u00fcr\u00fcn serisi i\u00e7in ana ambalaj olarak buzlu cam krem \u200b\u200bkavanozumuzu tercih etti. \u00c7\u00f6z\u00fcm\u00fcm\u00fcz ayn\u0131 zamanda farkl\u0131la\u015ft\u0131r\u0131lm\u0131\u015f bir \u00f6zelle\u015ftirmeydi: Buzlu y\u00fczeyli kavanozu ald\u0131k, ancak daha yo\u011fun ve daha \u015feffaf bir dokuya sahip, kademeli, mat bir y\u00fczeyle rafine ettik. Ayr\u0131ca, bambu kapak koyu karbonize edildi ve daha y\u00fcksek hava ge\u00e7irmezlik sa\u011flamak i\u00e7in \u00f6zel olarak tasarlanm\u0131\u015f bir silikon conta ile monte edildi.<\/p>\n<p>Seri, piyasaya s\u00fcr\u00fcld\u00fckten sonraki \u00fc\u00e7 ay i\u00e7inde yakla\u015f\u0131k 52 adet satt\u0131. \u0130lk stok yenilemesinin ard\u0131ndan \u00fcr\u00fcn, \u00fc\u00e7 kez tekrar sat\u0131n al\u0131narak h\u0131zla markan\u0131n en \u00e7ok satan \u00fcr\u00fcnlerinden biri haline geldi.<\/p>\n<h2>\u00d6zelle\u015ftirme \u00d6nerileri<\/h2>\n<ol>\n<li><strong>Geli\u015ftirilmi\u015f Kapak Malzemeleri:<\/strong> Bambu kapaklar, farkl\u0131 fiyat seviyelerine ve tasar\u0131m stillerine uyacak \u015fekilde al\u00fcminyum, elektroliz kaplama veya ABS ah\u015fap desenli kapaklarla de\u011fi\u015ftirilebilir.<\/li>\n<li><strong>Optimize Edilmi\u015f S\u0131zd\u0131rmazl\u0131k \u00c7\u00f6z\u00fcmleri:<\/strong> S\u0131z\u0131nt\u0131y\u0131 \u00f6nlemek ve \u00fcr\u00fcn tazeli\u011fini art\u0131rmak i\u00e7in PE astarlar, al\u00fcminyum folyo contalar veya i\u00e7 t\u0131ka\u00e7lar eklenebilir.<\/li>\n<li><strong>Marka \u00d6zelle\u015ftirme:<\/strong> Bambu kapaklara serigrafi, s\u0131cak bask\u0131 (alt\u0131n\/g\u00fcm\u00fc\u015f), etiketleme veya lazerle logo kaz\u0131ma gibi kullan\u0131lan farkl\u0131 markalama t\u00fcrleri desteklenmektedir.<\/li>\n<\/ol>","protected":false},"excerpt":{"rendered":"<p>Y\u00fcksek kaliteli, buzlu cam krem \u200b\u200bkavanozlar\u0131 ve bambu kapaklar. \u0130deal buzlu cam kozmetik kavanozlar\u0131, fabrikadan do\u011frudan tedarik, toplu sipari\u015flerde \u00f6zelle\u015ftirme imkan\u0131 mevcuttur.<\/p>","protected":false},"featured_media":6074,"template":"","meta":{"postBodyCss":"","postBodyMargin":[],"postBodyPadding":[],"postBodyBackground":{"backgroundType":"classic","gradient":""}},"product_brand":[],"product_cat":[106,15,17],"product_tag":[],"class_list":{"0":"post-6065","1":"product","2":"type-product","3":"status-publish","4":"has-post-thumbnail","6":"product_cat-cosmetic-jars","7":"product_cat-glass-containers","8":"product_cat-glass-jars","10":"first","11":"instock","12":"shipping-taxable","13":"product-type-simple"},"jetpack_sharing_enabled":true,"_links":{"self":[{"href":"https:\/\/minghanggroup.com\/tr\/wp-json\/wp\/v2\/product\/6065","targetHints":{"allow":["GET"]}}],"collection":[{"href":"https:\/\/minghanggroup.com\/tr\/wp-json\/wp\/v2\/product"}],"about":[{"href":"https:\/\/minghanggroup.com\/tr\/wp-json\/wp\/v2\/types\/product"}],"wp:featuredmedia":[{"embeddable":true,"href":"https:\/\/minghanggroup.com\/tr\/wp-json\/wp\/v2\/media\/6074"}],"wp:attachment":[{"href":"https:\/\/minghanggroup.com\/tr\/wp-json\/wp\/v2\/media?parent=6065"}],"wp:term":[{"taxonomy":"product_brand","embeddable":true,"href":"https:\/\/minghanggroup.com\/tr\/wp-json\/wp\/v2\/product_brand?post=6065"},{"taxonomy":"product_cat","embeddable":true,"href":"https:\/\/minghanggroup.com\/tr\/wp-json\/wp\/v2\/product_cat?post=6065"},{"taxonomy":"product_tag","embeddable":true,"href":"https:\/\/minghanggroup.com\/tr\/wp-json\/wp\/v2\/product_tag?post=6065"}],"curies":[{"name":"wp","href":"https:\/\/api.w.org\/{rel}","templated":true}]}}