{"id":6055,"date":"2026-03-20T10:28:38","date_gmt":"2026-03-20T02:28:38","guid":{"rendered":"https:\/\/minghanggroup.com\/?post_type=product&#038;p=6055"},"modified":"2026-03-20T16:31:51","modified_gmt":"2026-03-20T08:31:51","slug":"frosted-glass-1oz-cosmetic-jars-with-lids-for-skincare-bulk","status":"publish","type":"product","link":"https:\/\/minghanggroup.com\/tr\/urun\/frosted-glass-1oz-cosmetic-jars-with-lids-for-skincare-bulk\/","title":{"rendered":"Cilt Bak\u0131m\u0131 \u00dcr\u00fcnleri \u0130\u00e7in Kapakl\u0131, Buzlu Cam 1 oz&#039;luk Kozmetik Kavanozlar\u0131 (Toptan Sat\u0131\u015f)"},"content":{"rendered":"<p>Kapakl\u0131 1 oz&#039;luk kozmetik kavanozlar\u0131, zarif, al\u00e7ak silindirik formu, temiz hatlar\u0131 ve a\u011f\u0131rl\u0131k hissiyle y\u00fcksek kaliteyi yans\u0131t\u0131yor. Buzlu cam g\u00f6vde, \u00fcr\u00fcn\u00fcn i\u00e7eri\u011fini gizlilik hissi vermeden belli eden yumu\u015fak ve yar\u0131 saydam bir g\u00f6r\u00fcn\u00fcm sa\u011fl\u0131yor. Mat y\u00fczeyle kontrast olu\u015fturan, elektrolizle kaplanm\u0131\u015f veya al\u00fcminyumdan yap\u0131lm\u0131\u015f p\u00fcr\u00fczs\u00fcz g\u00fcm\u00fc\u015f metal vidal\u0131 kapak kullan\u0131yoruz. Kreminiz, cilt serumunuz veya v\u00fccut balsam\u0131n\u0131z paran\u0131z\u0131n kar\u015f\u0131l\u0131\u011f\u0131n\u0131 fazlas\u0131yla verecek. \u0130ster yeni bir \u00fcr\u00fcn piyasaya s\u00fcrmek i\u00e7in toplu sipari\u015f kozmetik kavanozlar\u0131 olsun, ister belirli bir \u00fcr\u00fcn serisini paketlemek i\u00e7in gereken tekli cam ambalajlar olsun, kapakl\u0131 bu 1 oz&#039;luk kozmetik kavanozlar\u0131 do\u011fru se\u00e7imdir.<\/p>\n<h2>\u00dcr\u00fcn \u00d6zellikleri<\/h2>\n<ul>\n<li><strong>\u00dcst\u00fcn Buzlu Kaplama:<\/strong> \u0130nce buzlu doku, \u00fcr\u00fcn\u00fcn\u00fcze cam dokunu\u015fuyla l\u00fcks bir g\u00f6r\u00fcn\u00fcm kazand\u0131r\u0131r ve \u0131\u015f\u0131\u011fa duyarl\u0131 form\u00fclleri korur.<\/li>\n<li><strong>G\u00fcvenli Vidal\u0131 Conta:<\/strong> S\u0131k\u0131ca kapanan kapaklar s\u0131z\u0131nt\u0131lar\u0131 \u00f6nler ve kozmetik cam kaplar\u0131n\u0131z\u0131n nakliye ve raf \u00f6mr\u00fc boyunca tazeli\u011fini korumas\u0131n\u0131 sa\u011flar.<\/li>\n<li><strong>Sa\u011flam Taban Tasar\u0131m\u0131:<\/strong> Yapay olarak g\u00fc\u00e7lendirilmi\u015f taban\u0131 sayesinde dayan\u0131kl\u0131d\u0131r ve kab\u0131n herhangi bir y\u00fczeyde sa\u011flam bir \u015fekilde durmas\u0131n\u0131 sa\u011flar.<\/li>\n<\/ul>\n<h2>Temel \u00d6zellikler<\/h2>\n<table style=\"border-collapse: collapse; width: 80%; margin-left: auto; margin-right: auto;\" border=\"0\" width=\"144\" cellspacing=\"0\" cellpadding=\"0\">\n<tbody>\n<tr style=\"height: 13.50pt;\">\n<td style=\"height: 13.5pt; width: 54pt; text-align: center;\" width=\"72\" height=\"18\">\u015eartname<\/td>\n<td style=\"width: 54pt; text-align: center;\" width=\"72\">Detaylar<\/td>\n<\/tr>\n<tr style=\"height: 13.50pt;\">\n<td style=\"height: 13.5pt; text-align: center;\" height=\"18\">Kapasite<\/td>\n<td style=\"text-align: center;\">30 ml \/ 1 ons<\/td>\n<\/tr>\n<tr style=\"height: 13.50pt;\">\n<td style=\"height: 13.5pt; text-align: center;\" height=\"18\">\u015eekil<\/td>\n<td style=\"text-align: center;\">D\u00fcz kenarl\u0131 silindirik<\/td>\n<\/tr>\n<tr style=\"height: 13.50pt;\">\n<td style=\"height: 13.5pt; text-align: center;\" height=\"18\">S\u0131zd\u0131rmazl\u0131k Tipi<\/td>\n<td style=\"text-align: center;\">Di\u015fli vida kapa\u011f\u0131<\/td>\n<\/tr>\n<tr style=\"height: 13.50pt;\">\n<td style=\"height: 13.5pt; text-align: center;\" height=\"18\">Renk Se\u00e7enekleri<\/td>\n<td style=\"text-align: center;\">Buzlu, \u015eeffaf<\/td>\n<\/tr>\n<tr style=\"height: 13.50pt;\">\n<td style=\"height: 13.5pt; text-align: center;\" height=\"18\">Kullan\u0131m<\/td>\n<td style=\"text-align: center;\">Y\u00fcz kremi, g\u00f6z kremi, v\u00fccut balsam\u0131, cilt bak\u0131m\u0131<\/td>\n<\/tr>\n<\/tbody>\n<\/table>\n<h2>Ba\u015far\u0131 \u00d6rne\u011fi<\/h2>\n<p>Avustralyal\u0131 bir cilt bak\u0131m markas\u0131, 1 oz&#039;luk buzlu cam krem \u200b\u200bkavanozlar\u0131m\u0131z\u0131 tercih etti. M\u00fc\u015fteri, \u00f6zelle\u015ftirme bilgilerinde, i\u00e7 katman\u0131 PP malzemeden olu\u015fan ve d\u0131\u015f katman\u0131 al\u00fcminyum bir kabukla \u00e7evrili \u00e7ift katmanl\u0131 bir kapak yap\u0131s\u0131 istedi. Ayr\u0131ca, kavanozun i\u00e7 taban\u0131, kullan\u0131mdan sonra \u00fcr\u00fcnden kalan kal\u0131nt\u0131 miktar\u0131n\u0131 azaltacak \u015fekilde hafif\u00e7e i\u00e7b\u00fckey bir \u015fekle sahip olacak \u015fekilde \u00f6zenle tasarland\u0131. Kapak \u00fcst\u00fcnde ise m\u00fc\u015fteri, geleneksel bask\u0131 yerine marka ad\u0131n\u0131 g\u00f6stermek i\u00e7in lazer grav\u00fcr kullanmay\u0131 tercih etti.<\/p>\n<p>\u00dcr\u00fcn\u00fcn piyasaya s\u00fcr\u00fclmesinin ard\u0131ndan, bu \u00fcr\u00fcn grubunun sat\u0131\u015flar\u0131 ilk \u00fc\u00e7 ayda oran\u0131nda artt\u0131. Ard\u0131ndan m\u00fc\u015fteri, bir y\u0131l i\u00e7inde art arda \u00fc\u00e7 kez yeniden sipari\u015f verdi.<\/p>\n<h2>\u00d6zelle\u015ftirme \u00d6nerileri<\/h2>\n<ol>\n<li><strong>Kapak Y\u00fczey \u0130\u015flemleri:<\/strong> M\u00fc\u015fterilerimizin ihtiya\u00e7lar\u0131na uygun geni\u015f bir marka yelpazesiyle, f\u0131r\u00e7alanm\u0131\u015f metal ve y\u00fcksek parlakl\u0131kta kaplama, mat kaplama ve degrade metalik tonlar dahil olmak \u00fczere \u00e7e\u015fitli y\u00fczey kaplama se\u00e7eneklerimiz mevcuttur.<\/li>\n<li><strong>\u0130\u00e7 Cam Renklendirme:<\/strong> Bu, \u015fi\u015fenin i\u00e7 k\u0131sm\u0131nda benzersiz renk \u00e7al\u0131\u015fmalar\u0131 olu\u015fturmay\u0131 sa\u011flayan, ancak d\u0131\u015f cam y\u00fczeyin berrakl\u0131\u011f\u0131n\u0131 ve \u015feffafl\u0131\u011f\u0131n\u0131 bozmayan dahili bir p\u00fcsk\u00fcrtme kaplama i\u015flemidir.<\/li>\n<li><strong>\u015eapka \u00fcst\u00fcndeki s\u00fcslemeler:<\/strong> Kapak y\u00fczeyinde kabartma, oyma, lazer grav\u00fcr veya metal detaylar gibi farkl\u0131 dekoratif y\u00f6ntemlerin kullan\u0131lmas\u0131n\u0131 destekliyoruz; bu y\u00f6ntemler, markan\u0131n daha incelikli ve rafine mesaj\u0131n\u0131 vurgulayabilir.<\/li>\n<\/ol>","protected":false},"excerpt":{"rendered":"<p>\u015e\u0131k, buzlu camdan yap\u0131lm\u0131\u015f, kapakl\u0131 1 oz&#039;luk kozmetik kavanozlar\u0131. Fabrikadan do\u011frudan sat\u0131\u015f hizmeti ve esnek \u00f6zelle\u015ftirme se\u00e7enekleriyle toptan kozmetik kavanoz tedari\u011fi.<\/p>","protected":false},"featured_media":6059,"template":"","meta":{"postBodyCss":"","postBodyMargin":[],"postBodyPadding":[],"postBodyBackground":{"backgroundType":"classic","gradient":""}},"product_brand":[],"product_cat":[106,15,17],"product_tag":[],"class_list":{"0":"post-6055","1":"product","2":"type-product","3":"status-publish","4":"has-post-thumbnail","6":"product_cat-cosmetic-jars","7":"product_cat-glass-containers","8":"product_cat-glass-jars","10":"first","11":"instock","12":"shipping-taxable","13":"product-type-simple"},"jetpack_sharing_enabled":true,"_links":{"self":[{"href":"https:\/\/minghanggroup.com\/tr\/wp-json\/wp\/v2\/product\/6055","targetHints":{"allow":["GET"]}}],"collection":[{"href":"https:\/\/minghanggroup.com\/tr\/wp-json\/wp\/v2\/product"}],"about":[{"href":"https:\/\/minghanggroup.com\/tr\/wp-json\/wp\/v2\/types\/product"}],"wp:featuredmedia":[{"embeddable":true,"href":"https:\/\/minghanggroup.com\/tr\/wp-json\/wp\/v2\/media\/6059"}],"wp:attachment":[{"href":"https:\/\/minghanggroup.com\/tr\/wp-json\/wp\/v2\/media?parent=6055"}],"wp:term":[{"taxonomy":"product_brand","embeddable":true,"href":"https:\/\/minghanggroup.com\/tr\/wp-json\/wp\/v2\/product_brand?post=6055"},{"taxonomy":"product_cat","embeddable":true,"href":"https:\/\/minghanggroup.com\/tr\/wp-json\/wp\/v2\/product_cat?post=6055"},{"taxonomy":"product_tag","embeddable":true,"href":"https:\/\/minghanggroup.com\/tr\/wp-json\/wp\/v2\/product_tag?post=6055"}],"curies":[{"name":"wp","href":"https:\/\/api.w.org\/{rel}","templated":true}]}}