{"id":6054,"date":"2026-03-20T09:11:21","date_gmt":"2026-03-20T01:11:21","guid":{"rendered":"https:\/\/minghanggroup.com\/?post_type=product&#038;p=6054"},"modified":"2026-03-20T16:55:31","modified_gmt":"2026-03-20T08:55:31","slug":"cosmetic-storage-containers-with-gold-lids-bulk","status":"publish","type":"product","link":"https:\/\/minghanggroup.com\/tr\/urun\/cosmetic-storage-containers-with-gold-lids-bulk\/","title":{"rendered":"30 ml ve 50 ml&#039;lik Alt\u0131n Kapakl\u0131 Kozmetik Saklama Kaplar\u0131 (Toptan)"},"content":{"rendered":"<p>Bu kozmetik saklama kaplar\u0131n\u0131n tasar\u0131m\u0131 \u015f\u0131k ve \u00e7ift silindirik bir \u015fekle sahip. Alt k\u0131sm\u0131 kristal berrakl\u0131\u011f\u0131nda veya yumu\u015fak mat y\u00fczeyli kaliteli kal\u0131n camdan olu\u015furken, \u00fcst k\u0131sm\u0131 ince mat alt\u0131n metal halka ve \u015feffaf akrilik kapakla s\u00fcslenmi\u015ftir.<\/p>\n<h2>\u00dcr\u00fcn \u00d6zellikleri<\/h2>\n<ul>\n<li><strong>Katmanl\u0131 L\u00fcks Tasar\u0131m:<\/strong> Sa\u011flam cam, mat alt\u0131n metal ve \u015feffaf akrilik, son derece katmanl\u0131 ve l\u00fcks bir g\u00f6rsel estetik olu\u015fturmak i\u00e7in ak\u0131ll\u0131ca bir araya getirilmi\u015ftir.<\/li>\n<li><strong>Cam ve Mat Y\u00fczeyler:<\/strong> \u00dcr\u00fcnlerinizi m\u00fckemmel bir \u015fekilde sergileyen veya zarif bir \u015fekilde tamamlayan kristal berrakl\u0131\u011f\u0131nda cam veya \u015f\u0131k mat \u00e7ay barda\u011f\u0131 se\u00e7eneklerinden birini tercih edin.<\/li>\n<li><strong>\u0130yi ve \u0130stikrarl\u0131 Dokunu\u015f:<\/strong> Barda\u011f\u0131n taban\u0131 ve metal halka, kavanoza l\u00fcks ve \u00fcst\u00fcn bir g\u00f6r\u00fcn\u00fcm kazand\u0131rman\u0131n yan\u0131 s\u0131ra sa\u011flam ve dengeli bir his veriyor.<\/li>\n<\/ul>\n<h2 style=\"text-align: left;\">Temel \u00d6zellikler<\/h2>\n<table class=\"aligncenter\" style=\"border-collapse: collapse; width: 420.02pt;\" border=\"0\" width=\"560\" cellspacing=\"0\" cellpadding=\"0\">\n<tbody>\n<tr style=\"height: 13.50pt;\">\n<td style=\"height: 13.50pt; width: 118.50pt;\" width=\"158\" height=\"18\">Ba\u011flanmak<\/td>\n<td style=\"width: 301.50pt;\" width=\"402\">Detaylar<\/td>\n<\/tr>\n<tr style=\"height: 13.50pt;\">\n<td style=\"height: 13.50pt;\" height=\"18\">Kapasite<\/td>\n<td>30 ml, 50 ml<\/td>\n<\/tr>\n<tr style=\"height: 13.50pt;\">\n<td style=\"height: 13.50pt;\" height=\"18\">Malzeme<\/td>\n<td>Kal\u0131n cam (\u015feffaf veya mat)<\/td>\n<\/tr>\n<tr style=\"height: 13.50pt;\">\n<td style=\"height: 13.50pt;\" height=\"18\">Kavanoz \u015eekli<\/td>\n<td>\u0130ki katl\u0131 silindir (alt k\u0131sm\u0131 cam, \u00fcst k\u0131sm\u0131 metal)<\/td>\n<\/tr>\n<tr style=\"height: 13.50pt;\">\n<td style=\"height: 13.50pt;\" height=\"18\">\u00d6zelle\u015ftirme Aral\u0131\u011f\u0131<\/td>\n<td>\u015eekil, y\u00fczey, renk, kapak malzemesi, boyut<\/td>\n<\/tr>\n<tr style=\"height: 13.50pt;\">\n<td style=\"height: 13.50pt;\" height=\"18\">Birincil Kullan\u0131m<\/td>\n<td>\u00dcst\u00fcn kaliteli kozmetik kavanozlar\u0131, kozmetik saklama kaplar\u0131<\/td>\n<\/tr>\n<tr style=\"height: 13.50pt;\">\n<td style=\"height: 13.50pt;\" height=\"18\">Hedef Sekt\u00f6rler<\/td>\n<td>L\u00fcks cilt bak\u0131m\u0131, \u00fcst d\u00fczey kozmetik \u00fcr\u00fcnler<\/td>\n<\/tr>\n<\/tbody>\n<\/table>\n<h2>Ba\u015far\u0131 \u00d6yk\u00fcs\u00fc: Kanadal\u0131 Cilt Bak\u0131m Markas\u0131n\u0131n Klinik Serisi<\/h2>\n<p>Kanadal\u0131 bir cilt bak\u0131m \u015firketi, kapakl\u0131 ve mat g\u00fcm\u00fc\u015f metal halkal\u0131 50 ml&#039;lik buzlu kavanozlar\u0131m\u0131z\u0131 tercih etti ve bu \u00fcr\u00fcn \u015firket taraf\u0131ndan ki\u015fiselle\u015ftirildi. Perakende sat\u0131\u015f y\u00fczeyleri tamamen parmak izi ve leke tutmaz, mat bir y\u00fczeye sahiptir. \u00dcr\u00fcn sat\u0131\u015flar\u0131 beklenen sat\u0131\u015flar\u0131n 40 kat\u0131 \u00fczerinde ger\u00e7ekle\u015fti ve \u00f6zel, dayan\u0131kl\u0131 tasar\u0131m, tekrar sat\u0131n al\u0131mlar\u0131 oran\u0131nda art\u0131rd\u0131. Marka \u00e7ok ba\u015far\u0131l\u0131 oldu ve \u015firket, uluslararas\u0131 pazara y\u00f6nelik t\u00fcm bak\u0131m \u00fcr\u00fcnlerini sunmak i\u00e7in 800.000 adet daha kavanoz sipari\u015f etti.<\/p>\n<h2>Kozmetik Saklama Kaplar\u0131 \u00d6zelle\u015ftirme<\/h2>\n<ul>\n<li>Metal Halka Kaplamas\u0131: Pembe alt\u0131n, siyah krom, bak\u0131r veya cilal\u0131 g\u00fcm\u00fc\u015f metal halka se\u00e7enekleri sunulmaktad\u0131r.<\/li>\n<li>Kapak Malzemesi: \u00c7e\u015fitli y\u00fcksek kaliteli dokular olu\u015fturmak i\u00e7in f\u00fcme akrilik, aynal\u0131 akrilik ve hatta cam kapaklar kullan\u0131lmaktad\u0131r.<\/li>\n<li>Kapak \u0130\u015flevselli\u011fi: \u0130\u015flevselli\u011fi art\u0131rmak i\u00e7in dahili aplikat\u00f6rl\u00fc veya k\u00fc\u00e7\u00fck aynal\u0131 kapaklar da sunulmaktad\u0131r.<\/li>\n<\/ul>","protected":false},"excerpt":{"rendered":"<p>Alt\u0131n halkal\u0131 ve akrilik kapakl\u0131 l\u00fcks kozmetik saklama kaplar\u0131. Krem ve g\u00f6z bak\u0131m \u00fcr\u00fcnleri ambalaj\u0131 i\u00e7in ideal, kapakl\u0131 \u00fcst d\u00fczey kozmetik kavanozlar\u0131. H\u0131zl\u0131 kargo.<\/p>","protected":false},"featured_media":6061,"template":"","meta":{"postBodyCss":"","postBodyMargin":[],"postBodyPadding":[],"postBodyBackground":{"backgroundType":"classic","gradient":""}},"product_brand":[],"product_cat":[106,15,17],"product_tag":[],"class_list":{"0":"post-6054","1":"product","2":"type-product","3":"status-publish","4":"has-post-thumbnail","6":"product_cat-cosmetic-jars","7":"product_cat-glass-containers","8":"product_cat-glass-jars","10":"first","11":"instock","12":"shipping-taxable","13":"product-type-simple"},"jetpack_sharing_enabled":true,"_links":{"self":[{"href":"https:\/\/minghanggroup.com\/tr\/wp-json\/wp\/v2\/product\/6054","targetHints":{"allow":["GET"]}}],"collection":[{"href":"https:\/\/minghanggroup.com\/tr\/wp-json\/wp\/v2\/product"}],"about":[{"href":"https:\/\/minghanggroup.com\/tr\/wp-json\/wp\/v2\/types\/product"}],"wp:featuredmedia":[{"embeddable":true,"href":"https:\/\/minghanggroup.com\/tr\/wp-json\/wp\/v2\/media\/6061"}],"wp:attachment":[{"href":"https:\/\/minghanggroup.com\/tr\/wp-json\/wp\/v2\/media?parent=6054"}],"wp:term":[{"taxonomy":"product_brand","embeddable":true,"href":"https:\/\/minghanggroup.com\/tr\/wp-json\/wp\/v2\/product_brand?post=6054"},{"taxonomy":"product_cat","embeddable":true,"href":"https:\/\/minghanggroup.com\/tr\/wp-json\/wp\/v2\/product_cat?post=6054"},{"taxonomy":"product_tag","embeddable":true,"href":"https:\/\/minghanggroup.com\/tr\/wp-json\/wp\/v2\/product_tag?post=6054"}],"curies":[{"name":"wp","href":"https:\/\/api.w.org\/{rel}","templated":true}]}}