{"id":6047,"date":"2026-03-19T16:54:26","date_gmt":"2026-03-19T08:54:26","guid":{"rendered":"https:\/\/minghanggroup.com\/?post_type=product&#038;p=6047"},"modified":"2026-03-19T16:56:23","modified_gmt":"2026-03-19T08:56:23","slug":"clear-small-cosmetic-containers-with-lid-bulk","status":"publish","type":"product","link":"https:\/\/minghanggroup.com\/tr\/urun\/clear-small-cosmetic-containers-with-lid-bulk\/","title":{"rendered":"1 oz \u015eeffaf K\u00fc\u00e7\u00fck Kozmetik Kaplar\u0131 Kapakl\u0131 (Toptan)"},"content":{"rendered":"<p>Kremlerinizin \u0131\u015f\u0131lt\u0131s\u0131n\u0131 sergileyecek bir kapta sunulmas\u0131 gerekir. K\u00fc\u00e7\u00fck kozmetik kaplar\u0131m\u0131zla bu sorun art\u0131k \u00e7\u00f6z\u00fcld\u00fc! Vidal\u0131 kapakl\u0131, y\u00fcksek kaliteli, s\u0131zd\u0131rmaz ve krem \u200b\u200bg\u00f6r\u00fcn\u00fcrl\u00fc\u011f\u00fc sa\u011flayan 30 ml&#039;lik cam kozmetik kaplar. Avucunuzda rahat\u00e7a ta\u015f\u0131yabilece\u011finiz, a\u011f\u0131r \u015fi\u015fe derdi yok. G\u00fczellik \u00fcr\u00fcn\u00fcn\u00fczle \u0131\u015f\u0131lday\u0131n.<\/p>\n<h2>\u00dcr\u00fcn \u00d6zellikleri<\/h2>\n<ul>\n<li><strong>Minimalist Estetik:<\/strong> \u015eeffaf kap, geleneksel silindir \u015fekliyle son derece sade bir tasar\u0131ma sahip olup, i\u00e7indekilerin net bir \u015fekilde g\u00f6r\u00fclmesini sa\u011flar; bu da \u00fcst d\u00fczey cilt bak\u0131m markalar\u0131n\u0131n \u00fcr\u00fcnlerinin sadeli\u011fini ve g\u00fczelli\u011fini vurgulamak i\u00e7in m\u00fckemmel bir se\u00e7enektir.<\/li>\n<li><strong>\u00dcst\u00fcn Kalitede Cam Yap\u0131:<\/strong> \u015ei\u015fe, \u00fcr\u00fcn\u00fcn dokunsal deneyimini geli\u015ftiren, m\u00fckemmel koruma sa\u011flayan ve t\u00fcketicinin kalan miktar\u0131 kolayca g\u00f6rmesini sa\u011flayan \u015feffaf camdan yap\u0131lm\u0131\u015ft\u0131r.<\/li>\n<li><strong>\u00dcst\u00fcn S\u0131zd\u0131rmazl\u0131k:<\/strong> Beyaz, \u00e7evirerek kapanan kapa\u011f\u0131 sayesinde, \u00fcr\u00fcn\u00fcn tazeli\u011fini korumak i\u00e7in kirlenmeyi ve hava giri\u015fini \u00f6nleyen s\u0131k\u0131 ve g\u00fcvenli bir kapa\u011fa sahiptir.<\/li>\n<\/ul>\n<h2>Temel \u00d6zellikler<\/h2>\n<table style=\"border-collapse: collapse; width: 80%; margin-left: auto; margin-right: auto;\" border=\"0\" width=\"360\" cellspacing=\"0\" cellpadding=\"0\">\n<tbody>\n<tr style=\"height: 13.50pt;\">\n<td style=\"height: 13.5pt; width: 54pt; text-align: center;\" width=\"72\" height=\"18\">Kapasite<\/td>\n<td style=\"width: 54pt; text-align: center;\" width=\"72\">\u015eekil<\/td>\n<td style=\"width: 54pt; text-align: center;\" width=\"72\">S\u0131zd\u0131rmazl\u0131k<\/td>\n<td style=\"width: 54pt; text-align: center;\" width=\"72\">Renk<\/td>\n<td style=\"width: 54pt; text-align: center;\" width=\"72\">Kullan\u0131m<\/td>\n<\/tr>\n<tr style=\"height: 13.50pt;\">\n<td style=\"height: 13.5pt; text-align: center;\" height=\"18\">30 ml<\/td>\n<td style=\"text-align: center;\">D\u00fcz Kenarl\u0131<\/td>\n<td style=\"text-align: center;\">Di\u015fli<\/td>\n<td style=\"text-align: center;\">Temizlemek<\/td>\n<td style=\"text-align: center;\">Y\u00fcz Kremi, G\u00f6z Kremi, V\u00fccut Balsam\u0131<\/td>\n<\/tr>\n<\/tbody>\n<\/table>\n<h2>Ba\u015far\u0131 \u00d6rne\u011fi<\/h2>\n<p>Hassas ciltler i\u00e7in \u00f6zel olarak tasarlanm\u0131\u015f bir y\u00fcz kremi serisi piyasaya s\u00fcrmeye karar veren Kanadal\u0131 bir marka, 30 ml&#039;lik cam krem \u200b\u200bkavanozlar\u0131m\u0131z\u0131 tercih etti. M\u00fc\u015fteri, \u00f6zelle\u015ftirme amac\u0131yla cam kab\u0131n i\u00e7 duvar\u0131na ince, yar\u0131 saydam, s\u00fct beyaz\u0131 bir tabaka eklenmesini istedi. Kapak ise, &#034;cilt temas\u0131&#034; ad\u0131 verilen geleneksel kau\u00e7uksu bir dokuyla tasarland\u0131; bu tasar\u0131m karar\u0131 sadece tutu\u015fu ve kaymay\u0131 \u00f6nlemeyi art\u0131rmakla kalmad\u0131, ayn\u0131 zamanda kapa\u011fa benzersiz bir l\u00fcks ve \u00fcst\u00fcn bir his de verdi.<\/p>\n<p>\u00dcr\u00fcn\u00fcn internet \u00fczerinden sat\u0131\u015flar\u0131, piyasaya s\u00fcr\u00fclmesinin ard\u0131ndan ilk \u00e7eyrekte etkileyici bir \u015fekilde artt\u0131. M\u00fc\u015fteri, sonraki alt\u0131 ay i\u00e7inde d\u00f6rt sipari\u015f daha verdi ve bu ba\u015far\u0131y\u0131 di\u011fer cilt bak\u0131m \u00fcr\u00fcnlerine de geni\u015fletmek i\u00e7in bir referans noktas\u0131 olarak kulland\u0131.<\/p>\n<h2>\u00d6zelle\u015ftirme Se\u00e7enekleri<\/h2>\n<ol>\n<li><strong>\u0130\u00e7 Kapak Se\u00e7enekleri: <\/strong>PE, PP veya al\u00fcminyum folyo i\u00e7 kapaklar, kutunun daha hava ge\u00e7irmez olmas\u0131n\u0131 ve \u00fcr\u00fcn\u00fc korumas\u0131n\u0131 sa\u011flar.<\/li>\n<li><strong>Cam Rengi \u00d6zelle\u015ftirme: <\/strong>\u00c7e\u015fitli marka estetiklerine uygun \u015feffaf, kehribar rengi, buzlu veya \u00f6zel sprey renkleri sunuyoruz.<\/li>\n<li><strong>Y\u00fczey Dekorasyonu: <\/strong>Markalama i\u00e7in s\u0131cak bask\u0131, serigrafi bask\u0131, etiketleme veya UV bask\u0131 deste\u011fi.<\/li>\n<\/ol>","protected":false},"excerpt":{"rendered":"<p>\u015eeffaf cam tasar\u0131ml\u0131 k\u00fc\u00e7\u00fck kozmetik kaplar\u0131 ve krem \u200b\u200bkavanozlar\u0131. Fabrikadan do\u011frudan tedarik, cilt bak\u0131m markalar\u0131 i\u00e7in toplu sipari\u015flerde \u00f6zelle\u015ftirme imkan\u0131. H\u0131zl\u0131 kargo.<\/p>","protected":false},"featured_media":6050,"template":"","meta":{"postBodyCss":"","postBodyMargin":[],"postBodyPadding":[],"postBodyBackground":{"backgroundType":"classic","gradient":""}},"product_brand":[],"product_cat":[106,15,17],"product_tag":[],"class_list":{"0":"post-6047","1":"product","2":"type-product","3":"status-publish","4":"has-post-thumbnail","6":"product_cat-cosmetic-jars","7":"product_cat-glass-containers","8":"product_cat-glass-jars","10":"first","11":"instock","12":"shipping-taxable","13":"product-type-simple"},"jetpack_sharing_enabled":true,"_links":{"self":[{"href":"https:\/\/minghanggroup.com\/tr\/wp-json\/wp\/v2\/product\/6047","targetHints":{"allow":["GET"]}}],"collection":[{"href":"https:\/\/minghanggroup.com\/tr\/wp-json\/wp\/v2\/product"}],"about":[{"href":"https:\/\/minghanggroup.com\/tr\/wp-json\/wp\/v2\/types\/product"}],"wp:featuredmedia":[{"embeddable":true,"href":"https:\/\/minghanggroup.com\/tr\/wp-json\/wp\/v2\/media\/6050"}],"wp:attachment":[{"href":"https:\/\/minghanggroup.com\/tr\/wp-json\/wp\/v2\/media?parent=6047"}],"wp:term":[{"taxonomy":"product_brand","embeddable":true,"href":"https:\/\/minghanggroup.com\/tr\/wp-json\/wp\/v2\/product_brand?post=6047"},{"taxonomy":"product_cat","embeddable":true,"href":"https:\/\/minghanggroup.com\/tr\/wp-json\/wp\/v2\/product_cat?post=6047"},{"taxonomy":"product_tag","embeddable":true,"href":"https:\/\/minghanggroup.com\/tr\/wp-json\/wp\/v2\/product_tag?post=6047"}],"curies":[{"name":"wp","href":"https:\/\/api.w.org\/{rel}","templated":true}]}}