{"id":6042,"date":"2026-03-19T10:04:29","date_gmt":"2026-03-19T02:04:29","guid":{"rendered":"https:\/\/minghanggroup.com\/?post_type=product&#038;p=6042"},"modified":"2026-03-20T16:58:02","modified_gmt":"2026-03-20T08:58:02","slug":"empty-luxury-glass-cosmetic-jars-with-gold-lid-bulk","status":"publish","type":"product","link":"https:\/\/minghanggroup.com\/tr\/urun\/empty-luxury-glass-cosmetic-jars-with-gold-lid-bulk\/","title":{"rendered":"20 ml Bo\u015f L\u00fcks Cam Kozmetik Kavanozu, Alt\u0131n Kapakl\u0131, Toplu Sat\u0131\u015f"},"content":{"rendered":"<p>Bu l\u00fcks cam kozmetik kavanozlar\u0131, kristal berrakl\u0131\u011f\u0131nda camdan yap\u0131lm\u0131\u015f, p\u00fcr\u00fczs\u00fcz ve yuvarlak bir \u015fekle sahip olup, alt\u0131n kaplama kapak ve g\u00f6steri\u015fli k\u00fcresel topuz ile tamamlanarak l\u00fcks bir dokunu\u015f katmaktad\u0131r.<\/p>\n<h2>\u00dcr\u00fcn \u00d6zellikleri<\/h2>\n<ul>\n<li><strong>Yar\u0131m k\u00fcre \u015feklinde \u015feffaf cam taban:<\/strong> Kristal berrakl\u0131\u011f\u0131ndaki yar\u0131m k\u00fcre \u015feklindeki cam taban, \u00fcr\u00fcn\u00fcn dokusunu ve rengini en saf kalitesiyle sergileyen ideal bir y\u00fczeydir.<\/li>\n<li><strong>Alt\u0131n Metal \u00dcst Kapak:<\/strong> Bu, kal\u0131n metalden yap\u0131lm\u0131\u015f dayan\u0131kl\u0131 bir malzemedir ve \u00fcst kapa\u011fa \u00e7ok \u015f\u0131k ve sofistike bir g\u00f6r\u00fcn\u00fcm kazand\u0131r\u0131r.<\/li>\n<li><strong>P\u00fcr\u00fczs\u00fcz K\u00fcresel \u015eekil:<\/strong> M\u00fckemmel k\u00fcresel \u015fekli sayesinde d\u00fczenli ve kolay tutulabilir olan bu \u00fcr\u00fcn, her makyaj masas\u0131nda g\u00f6z al\u0131c\u0131 bir par\u00e7a olacakt\u0131r.<\/li>\n<\/ul>\n<h2 style=\"text-align: left;\">Temel \u00d6zellikler<\/h2>\n<table class=\"aligncenter\" style=\"border-collapse: collapse; width: 417.77pt;\" border=\"0\" width=\"557\" cellspacing=\"0\" cellpadding=\"0\">\n<tbody>\n<tr style=\"height: 13.50pt;\">\n<td style=\"height: 13.50pt; width: 120.00pt;\" width=\"160\" height=\"18\">\u015eartname<\/td>\n<td style=\"width: 297.75pt;\" width=\"397\">Detaylar<\/td>\n<\/tr>\n<tr style=\"height: 13.50pt;\">\n<td style=\"height: 13.50pt;\" height=\"18\">Kapasite<\/td>\n<td>20 ml<\/td>\n<\/tr>\n<tr style=\"height: 13.50pt;\">\n<td style=\"height: 13.50pt;\" height=\"18\">Malzeme<\/td>\n<td>\u015eeffaf Cam, Alt\u0131n Kaplama Metal<\/td>\n<\/tr>\n<tr style=\"height: 13.50pt;\">\n<td style=\"height: 13.50pt;\" height=\"18\">Kavanoz \u015eekli<\/td>\n<td>Kubbeli Kapakl\u0131 K\u00fcre<\/td>\n<\/tr>\n<tr style=\"height: 13.50pt;\">\n<td style=\"height: 13.50pt;\" height=\"18\">\u00d6zelle\u015ftirme Kapsam\u0131<\/td>\n<td>Renk, Y\u00fczey, Kapaklar, Boyut<\/td>\n<\/tr>\n<tr style=\"height: 13.50pt;\">\n<td style=\"height: 13.50pt;\" height=\"18\">\u0130\u015f\u00e7ilik<\/td>\n<td>Hassas Cam ve Metal Kal\u0131plama<\/td>\n<\/tr>\n<tr style=\"height: 13.50pt;\">\n<td style=\"height: 13.50pt;\" height=\"18\">\u00dcr\u00fcn Amac\u0131<\/td>\n<td>L\u00fcks Cam Kozmetik Kavanozlar\u0131, Premium Kozmetik Kavanozlar\u0131<\/td>\n<\/tr>\n<tr style=\"height: 13.50pt;\">\n<td style=\"height: 13.50pt;\" height=\"18\">Uygun Sekt\u00f6rler<\/td>\n<td>L\u00fcks Cilt Bak\u0131m Markalar\u0131, \u00dcst D\u00fczey Hediye Setleri<\/td>\n<\/tr>\n<\/tbody>\n<\/table>\n<h2>Ba\u015far\u0131 \u00d6yk\u00fcs\u00fc: Bir \u0130svi\u00e7re Cilt Bak\u0131m Markas\u0131n\u0131n \u0130mza Kremi<\/h2>\n<p>\u0130svi\u00e7reli bir cilt bak\u0131m markas\u0131, k\u00fcresel bo\u015f kozmetik kaplar\u0131m\u0131z\u0131 kullanarak \u00f6zel bir PVD platin metal kavanoz ve buzlu cam kavanoz sipari\u015f etti. Kavanozun serinli\u011fi ve a\u011f\u0131rl\u0131\u011f\u0131, \u00fcr\u00fcn\u00fcn serinlik teknolojisini g\u00fc\u00e7lendirdi ve bu da \u00fcst d\u00fczey ma\u011fazalarda sat\u0131\u015flar\u0131 , sosyal medya etkile\u015fimini ise 0 art\u0131rd\u0131. Marka b\u00fcy\u00fck bir ba\u015far\u0131 elde etti ve sonraki \u00fc\u00e7 y\u0131l i\u00e7inde amiral gemisi \u00fcr\u00fcn serisinin tek ambalaj\u0131 olarak 500.000 adet daha kavanoz sipari\u015fi verdi.<\/p>\n<h2>Bo\u015f Kozmetik Kaplar\u0131 \u0130\u00e7in \u00d6zelle\u015ftirme Se\u00e7enekleri<\/h2>\n<ul>\n<li>Metalik Kaplama: \u00dcst yar\u0131s\u0131n\u0131n kaplamas\u0131 pembe alt\u0131n, g\u00fcm\u00fc\u015f, bak\u0131r, siyah krom veya koyu gri metalik renktedir.<\/li>\n<li>Kapak S\u00fcslemesi: Kubbe \u015feklindeki kapa\u011f\u0131n \u00fcst k\u0131sm\u0131na kristaller, yar\u0131 de\u011ferli ta\u015flar veya marka logosu eklenebilir.<\/li>\n<li>Boyut Ayarlamas\u0131: Ayn\u0131 tasar\u0131m\u0131 kullanarak, k\u00fcre \u015feklinde daha k\u00fc\u00e7\u00fck (\u00f6rne\u011fin 10 ml, g\u00f6z kremi) ve daha b\u00fcy\u00fck (\u00f6rne\u011fin 50 ml, gece kremi) boyutlar \u00fcretin.<\/li>\n<\/ul>","protected":false},"excerpt":{"rendered":"<p>Alt\u0131n kapakl\u0131 ve \u015feffaf tabanl\u0131 l\u00fcks cam kozmetik kavanozlar\u0131. Kremler, serumlar ve \u00fcst d\u00fczey cilt bak\u0131m \u00fcr\u00fcnleri i\u00e7in ideal, birinci s\u0131n\u0131f bo\u015f kozmetik kaplar\u0131. \u00dccretsiz numuneler.<\/p>","protected":false},"featured_media":6046,"template":"","meta":{"postBodyCss":"","postBodyMargin":[],"postBodyPadding":[],"postBodyBackground":{"backgroundType":"classic","gradient":""}},"product_brand":[],"product_cat":[106,15,17],"product_tag":[],"class_list":{"0":"post-6042","1":"product","2":"type-product","3":"status-publish","4":"has-post-thumbnail","6":"product_cat-cosmetic-jars","7":"product_cat-glass-containers","8":"product_cat-glass-jars","10":"first","11":"instock","12":"shipping-taxable","13":"product-type-simple"},"jetpack_sharing_enabled":true,"_links":{"self":[{"href":"https:\/\/minghanggroup.com\/tr\/wp-json\/wp\/v2\/product\/6042","targetHints":{"allow":["GET"]}}],"collection":[{"href":"https:\/\/minghanggroup.com\/tr\/wp-json\/wp\/v2\/product"}],"about":[{"href":"https:\/\/minghanggroup.com\/tr\/wp-json\/wp\/v2\/types\/product"}],"wp:featuredmedia":[{"embeddable":true,"href":"https:\/\/minghanggroup.com\/tr\/wp-json\/wp\/v2\/media\/6046"}],"wp:attachment":[{"href":"https:\/\/minghanggroup.com\/tr\/wp-json\/wp\/v2\/media?parent=6042"}],"wp:term":[{"taxonomy":"product_brand","embeddable":true,"href":"https:\/\/minghanggroup.com\/tr\/wp-json\/wp\/v2\/product_brand?post=6042"},{"taxonomy":"product_cat","embeddable":true,"href":"https:\/\/minghanggroup.com\/tr\/wp-json\/wp\/v2\/product_cat?post=6042"},{"taxonomy":"product_tag","embeddable":true,"href":"https:\/\/minghanggroup.com\/tr\/wp-json\/wp\/v2\/product_tag?post=6042"}],"curies":[{"name":"wp","href":"https:\/\/api.w.org\/{rel}","templated":true}]}}