{"id":6034,"date":"2026-03-18T11:25:48","date_gmt":"2026-03-18T03:25:48","guid":{"rendered":"https:\/\/minghanggroup.com\/?post_type=product&#038;p=6034"},"modified":"2026-03-20T16:57:52","modified_gmt":"2026-03-20T08:57:52","slug":"colored-glass-lotion-bottle-with-pump-bulk","status":"publish","type":"product","link":"https:\/\/minghanggroup.com\/tr\/urun\/colored-glass-lotion-bottle-with-pump-bulk\/","title":{"rendered":"20 ml ve 30 ml&#039;lik Renkli Cam Pompal\u0131 Losyon \u015ei\u015fesi (Toptan Sat\u0131\u015f)"},"content":{"rendered":"<p>Bu, k\u0131sa, p\u00fcr\u00fczs\u00fcz ve silindirik bir \u015fekle sahip pompal\u0131 bir losyon \u015fi\u015fesidir. Cam \u015fi\u015fe, a\u00e7\u0131k sar\u0131 ve a\u00e7\u0131k mavi olmak \u00fczere iki farkl\u0131 renkte ve do\u011fru bir da\u011f\u0131t\u0131m sonucu elde etmek i\u00e7in p\u00fcr\u00fczs\u00fcz beyaz bir pompa ba\u015fl\u0131\u011f\u0131yla sunulmaktad\u0131r. 20 ml ve 30 ml&#039;lik boyutlar, numuneler, serumlar veya seyahat setleri i\u00e7in idealdir.<\/p>\n<h2>\u00dcr\u00fcn \u00d6zellikleri<\/h2>\n<ul>\n<li><strong>Kompakt Silindirik Tasar\u0131m:<\/strong> Dar ve k\u0131sa silindir \u015fekli, ona sa\u011flam, elde tutulabilir bir bi\u00e7im ve minimalist bir g\u00f6r\u00fcn\u00fcm kazand\u0131r\u0131yor.<\/li>\n<li><strong>Y\u00fcksek \u015eeffafl\u0131k:<\/strong> \u015eeffaf vitray kullan\u0131larak, y\u00fcksek kaliteli bir his veren, yumu\u015fak bir marka rengi olarak geli\u015ftirilmi\u015ftir.<\/li>\n<li><strong>Geli\u015ftirilmi\u015f Pompa Ba\u015fl\u0131\u011f\u0131:<\/strong> Pompa ba\u015fl\u0131\u011f\u0131n\u0131n tasar\u0131m\u0131 sade beyazd\u0131r ve kolay ve hijyenik bir \u015fekilde da\u011f\u0131t\u0131m kontrol\u00fc sa\u011flar; bu da vitray \u015fi\u015feyle \u00e7arp\u0131c\u0131 bir g\u00f6rsel kontrast olu\u015fturur.<\/li>\n<\/ul>\n<h2 style=\"text-align: left;\">Temel \u00d6zellikler<\/h2>\n<table class=\"aligncenter\" style=\"border-collapse: collapse; width: 373.52pt;\" border=\"0\" width=\"498\" cellspacing=\"0\" cellpadding=\"0\">\n<tbody>\n<tr style=\"height: 13.50pt;\">\n<td style=\"height: 13.50pt; width: 120.00pt;\" width=\"160\" height=\"18\">\u015eartname<\/td>\n<td style=\"width: 253.50pt;\" width=\"338\">Detaylar<\/td>\n<\/tr>\n<tr style=\"height: 13.50pt;\">\n<td style=\"height: 13.50pt;\" height=\"18\">Kapasite<\/td>\n<td>20 ml, 30 ml<\/td>\n<\/tr>\n<tr style=\"height: 13.50pt;\">\n<td style=\"height: 13.50pt;\" height=\"18\">Malzeme<\/td>\n<td>Yar\u0131 saydam pastel cam, beyaz plastik pompa<\/td>\n<\/tr>\n<tr style=\"height: 13.50pt;\">\n<td style=\"height: 13.50pt;\" height=\"18\">\u015ei\u015fe \u015eekli<\/td>\n<td>K\u0131sa, Yuvarlak Omuzlu Silindir<\/td>\n<\/tr>\n<tr style=\"height: 13.50pt;\">\n<td style=\"height: 13.50pt;\" height=\"18\">\u00d6zelle\u015ftirme Kapsam\u0131<\/td>\n<td>Renk, Boyut, Kapaklar, Boyut<\/td>\n<\/tr>\n<tr style=\"height: 13.50pt;\">\n<td style=\"height: 13.50pt;\" height=\"18\">\u0130\u015f\u00e7ilik<\/td>\n<td>Hassas Cam \u015eekillendirme, Pompa Montaj\u0131<\/td>\n<\/tr>\n<tr style=\"height: 13.50pt;\">\n<td style=\"height: 13.50pt;\" height=\"18\">\u00dcr\u00fcn Amac\u0131<\/td>\n<td>Y\u00fcz Serumu \u015ei\u015feleri, Seyahat Boyu Losyon \u015ei\u015feleri<\/td>\n<\/tr>\n<tr style=\"height: 13.50pt;\">\n<td style=\"height: 13.50pt;\" height=\"18\">Uygun Sekt\u00f6rler<\/td>\n<td>Cilt Bak\u0131m Markalar\u0131, G\u00fczellik Abonelik Kutular\u0131<\/td>\n<\/tr>\n<\/tbody>\n<\/table>\n<h2>Ba\u015far\u0131 Hikayesi<\/h2>\n<p>Pompal\u0131 cam \u015fi\u015femiz, Kaliforniya merkezli bir vegan cilt bak\u0131m \u015firketi taraf\u0131ndan yeni hyaluronik asit serumlar\u0131n\u0131 \u00fcretmek i\u00e7in se\u00e7ildi, ancak pembe \u015fi\u015fe ve mat beyaz pompa \u00f6zelle\u015ftirildi. Hassas pompa tasar\u0131m\u0131, a\u015f\u0131r\u0131 kullan\u0131m\u0131 ortalama oran\u0131nda azaltt\u0131 ve \u00fcr\u00fcne de\u011fer katt\u0131. K\u00fc\u00e7\u00fck ve ince olmayan \u015fi\u015fesi, \u00fcr\u00fcn\u00fc her yere g\u00f6t\u00fcrmeyi kolayla\u015ft\u0131r\u0131yor ve bu da 20 ml&#039;lik seyahat boyunun sat\u0131\u015flar\u0131n\u0131 art\u0131rd\u0131. Marka son derece memnun kald\u0131 ve k\u00fcresel deneyim program\u0131 ve yeni mini seyahat boyu serisi i\u00e7in 1,5 milyon \u015fi\u015fe daha sipari\u015f verdi.<\/p>\n<h2>Pompal\u0131 losyon \u015fi\u015fesi ki\u015fiselle\u015ftirme \u00f6nerileri.<\/h2>\n<ul>\n<li>Kapak Tasar\u0131m\u0131: Pompa, kolay ta\u015f\u0131nabilirlik sa\u011flamak amac\u0131yla kullan\u0131labilen basit silikon veya plastik kapaklara sahiptir.<\/li>\n<li>Havas\u0131z Pompa Y\u00fckseltmesi: Bu, C vitamini veya retinoidler gibi \u00e7ok hassas aktif bile\u015fenlerin oksidasyonunu \u00f6nlemeye yard\u0131mc\u0131 olan iste\u011fe ba\u011fl\u0131 bir havas\u0131z pompad\u0131r.<\/li>\n<li>Pompa Ba\u015fl\u0131\u011f\u0131n\u0131n Kalibrasyonu: Pompa ba\u015fl\u0131\u011f\u0131, serumlar\u0131 veya konsantre cilt bak\u0131m \u00fcr\u00fcnlerini do\u011fru miktarda (\u00f6rne\u011fin, 0,3 ml) da\u011f\u0131tmak i\u00e7in kalibre edilebilir.<\/li>\n<\/ul>","protected":false},"excerpt":{"rendered":"<p>P\u00fcr\u00fczs\u00fcz tasar\u0131ma ve dayan\u0131kl\u0131 pompa ba\u015fl\u0131\u011f\u0131na sahip, sa\u011flam cam \u015fi\u015fe. Losyonlar ve g\u00fczellik \u00fcr\u00fcnleri i\u00e7in \u015f\u0131k pompal\u0131 losyon \u015fi\u015fesi. H\u0131zl\u0131 kargo.<\/p>","protected":false},"featured_media":6037,"template":"","meta":{"postBodyCss":"","postBodyMargin":[],"postBodyPadding":[],"postBodyBackground":{"backgroundType":"classic","gradient":""}},"product_brand":[],"product_cat":[105,15,16],"product_tag":[],"class_list":{"0":"post-6034","1":"product","2":"type-product","3":"status-publish","4":"has-post-thumbnail","6":"product_cat-glass-lotion-bottles","7":"product_cat-glass-containers","8":"product_cat-glass-bottles","10":"first","11":"instock","12":"shipping-taxable","13":"product-type-simple"},"jetpack_sharing_enabled":true,"_links":{"self":[{"href":"https:\/\/minghanggroup.com\/tr\/wp-json\/wp\/v2\/product\/6034","targetHints":{"allow":["GET"]}}],"collection":[{"href":"https:\/\/minghanggroup.com\/tr\/wp-json\/wp\/v2\/product"}],"about":[{"href":"https:\/\/minghanggroup.com\/tr\/wp-json\/wp\/v2\/types\/product"}],"wp:featuredmedia":[{"embeddable":true,"href":"https:\/\/minghanggroup.com\/tr\/wp-json\/wp\/v2\/media\/6037"}],"wp:attachment":[{"href":"https:\/\/minghanggroup.com\/tr\/wp-json\/wp\/v2\/media?parent=6034"}],"wp:term":[{"taxonomy":"product_brand","embeddable":true,"href":"https:\/\/minghanggroup.com\/tr\/wp-json\/wp\/v2\/product_brand?post=6034"},{"taxonomy":"product_cat","embeddable":true,"href":"https:\/\/minghanggroup.com\/tr\/wp-json\/wp\/v2\/product_cat?post=6034"},{"taxonomy":"product_tag","embeddable":true,"href":"https:\/\/minghanggroup.com\/tr\/wp-json\/wp\/v2\/product_tag?post=6034"}],"curies":[{"name":"wp","href":"https:\/\/api.w.org\/{rel}","templated":true}]}}