{"id":6029,"date":"2026-03-18T10:48:50","date_gmt":"2026-03-18T02:48:50","guid":{"rendered":"https:\/\/minghanggroup.com\/?post_type=product&#038;p=6029"},"modified":"2026-04-14T09:48:29","modified_gmt":"2026-04-14T01:48:29","slug":"frosted-glass-cosmetic-bottles-for-shampoo-bulk","status":"publish","type":"product","link":"https:\/\/minghanggroup.com\/tr\/urun\/frosted-glass-cosmetic-bottles-for-shampoo-bulk\/","title":{"rendered":"40 ml Buzlu Cam Kozmetik \u015ei\u015feleri (\u015eampuan \u0130\u00e7in)"},"content":{"rendered":"<p>G\u00f6rd\u00fc\u011f\u00fcn\u00fcz \u015fey, cam kozmetik ambalajlar\u0131nda en g\u00fczel \u00e7\u00f6z\u00fcmlerden biri; 40 ml&#039;lik buzlu cam kozmetik \u015fi\u015feleri, rahat ve ho\u015f bir his veren ve herhangi bir rafta sergilendi\u011finde g\u00fczel bir g\u00f6r\u00fcn\u00fcm sa\u011flayan g\u00fczel oval \u015fekillere sahip. Buzlu cam y\u00fczeyine yar\u0131 saydam, u\u00e7ucu bir g\u00fczellik de eklenmi\u015f; \u015fi\u015fenin boynu alt\u0131n kaplama metal bir halka ile s\u00fcslenmi\u015f. Pompa ba\u015fl\u0131\u011f\u0131na hafif\u00e7e bas\u0131ld\u0131\u011f\u0131nda \u00fcr\u00fcn her zaman m\u00fckemmel miktarda da\u011f\u0131t\u0131l\u0131yor.<\/p>\n<h2>\u00dcr\u00fcn \u00d6zellikleri<\/h2>\n<ul>\n<li><strong>Zarif Buzlu Kaplama:<\/strong> Buzlu cam y\u00fczey, \u00fcr\u00fcnlere l\u00fcks bir yar\u0131 saydaml\u0131k g\u00f6r\u00fcn\u00fcm\u00fc kazand\u0131rarak, \u0131\u015f\u0131\u011fa duyarl\u0131 form\u00fclleri koruman\u0131n yan\u0131 s\u0131ra \u00fcr\u00fcnlerin \u00e7ekicili\u011fini de art\u0131r\u0131r.<\/li>\n<li><strong>Havas\u0131z Pompa Teknolojisi:<\/strong> Havas\u0131z pompalama sistemimiz, kontaminasyonu \u00f6nleyerek \u00fcr\u00fcn\u00fcn raf \u00f6mr\u00fcn\u00fc uzat\u0131r; bu nedenle y\u00fcksek kaliteli losyon pompa \u015fi\u015feleri ve serumlar\u0131 hedeflemektedir.<\/li>\n<li><strong>Dengeli Yuvarlak Tasar\u0131m:<\/strong> Yuvarlak \u015fampuan pompal\u0131 \u015fi\u015felerin kal\u0131n bir taban\u0131 vard\u0131r; bu da \u015fi\u015fenin her y\u00fczeyde sabit durmas\u0131n\u0131 sa\u011flar, d\u00f6k\u00fclmeleri en aza indirir ve kullan\u0131m kolayl\u0131\u011f\u0131n\u0131 art\u0131r\u0131r.<\/li>\n<\/ul>\n<h2>Temel \u00d6zellikler<\/h2>\n<table style=\"border-collapse: collapse; width: 80%; margin-left: auto; margin-right: auto;\" border=\"0\" width=\"144\" cellspacing=\"0\" cellpadding=\"0\">\n<tbody>\n<tr style=\"height: 13.50pt;\">\n<td style=\"height: 13.5pt; width: 54pt; text-align: center;\" width=\"72\" height=\"18\">\u015eartname<\/td>\n<td style=\"width: 54pt; text-align: center;\" width=\"72\">Detaylar<\/td>\n<\/tr>\n<tr style=\"height: 13.50pt;\">\n<td style=\"height: 13.5pt; text-align: center;\" height=\"18\">Kapasite<\/td>\n<td style=\"text-align: center;\">40 ml<\/td>\n<\/tr>\n<tr style=\"height: 13.50pt;\">\n<td style=\"height: 13.5pt; text-align: center;\" height=\"18\">Malzeme<\/td>\n<td style=\"text-align: center;\">Buzlu cam g\u00f6vde<\/td>\n<\/tr>\n<tr style=\"height: 13.50pt;\">\n<td style=\"height: 13.5pt; text-align: center;\" height=\"18\">Pompa Tipi<\/td>\n<td style=\"text-align: center;\">Havas\u0131z pompa sistemi<\/td>\n<\/tr>\n<tr style=\"height: 13.50pt;\">\n<td style=\"height: 13.5pt; text-align: center;\" height=\"18\">Pompa Ba\u015fl\u0131\u011f\u0131<\/td>\n<td style=\"text-align: center;\">\u015eeffaf kapakl\u0131 alt\u0131n metal<\/td>\n<\/tr>\n<tr style=\"height: 13.50pt;\">\n<td style=\"height: 13.5pt; text-align: center;\" height=\"18\">Renk<\/td>\n<td style=\"text-align: center;\">Buzlu (\u00f6zelle\u015ftirilebilir)<\/td>\n<\/tr>\n<tr style=\"height: 13.50pt;\">\n<td style=\"height: 13.5pt; text-align: center;\" height=\"18\">\u00d6zelle\u015ftirme<\/td>\n<td style=\"text-align: center;\">Logo, renk, ambalaj se\u00e7enekleri mevcuttur.<\/td>\n<\/tr>\n<\/tbody>\n<\/table>\n<h2>Ba\u015far\u0131 \u00d6rne\u011fi<\/h2>\n<p>Avustralya merkezli \u00fcst d\u00fczey bir cilt bak\u0131m \u015firketi, 40 ml&#039;lik oval buzlu \u015fampuan pompa \u015fi\u015felerimizi tercih etti. M\u00fc\u015fteri, \u00f6zelle\u015ftirme a\u00e7\u0131s\u0131ndan ince buzlu bir g\u00f6r\u00fcn\u00fcm istedi ve bu g\u00f6r\u00fcn\u00fcm, parmak izine dayan\u0131kl\u0131 ba\u015fka bir kaplama ile zenginle\u015ftirildi; ayr\u0131ca \u015fi\u015fe boynundaki s\u00fcs alt\u0131n halka, m\u00fc\u015fterinin sipari\u015f etti\u011fi gibi ayna cilal\u0131 de\u011fil, f\u0131r\u00e7alanm\u0131\u015f metal g\u00f6r\u00fcn\u00fcm\u00fcnde oldu. Ayr\u0131ca, daha \u00f6nce \u015feffaf olan kapak, \u00fcr\u00fcn\u00fc daha da benzersiz ve ay\u0131rt edici k\u0131lmak i\u00e7in yumu\u015fak ve mat bir ton olan Dumanl\u0131 Gri renkte yeniden tasarland\u0131.<\/p>\n<p>\u00dcr\u00fcn\u00fcn resmi lansman\u0131n\u0131n ard\u0131ndan marka, e-ticaret platformlar\u0131ndaki d\u00f6n\u00fc\u015f\u00fcm oranlar\u0131n\u0131n sadece iki ay i\u00e7inde gibi \u00f6nemli bir oranda artt\u0131\u011f\u0131n\u0131 a\u00e7\u0131klad\u0131.<\/p>\n<h2>\u00d6zelle\u015ftirme \u00d6nerileri<\/h2>\n<ol>\n<li><strong>Buzlu Kaplama \u00c7e\u015fitli varyasyonlar:<\/strong> \u0130nce, kal\u0131n veya ge\u00e7i\u015fli krema gibi farkl\u0131 g\u00f6r\u00fcn\u00fcmler elde etmek i\u00e7in krema miktar\u0131n\u0131 se\u00e7in.<\/li>\n<li><strong>Elektrokaplama Yaka Se\u00e7enekleri:<\/strong> Marka konumland\u0131rmas\u0131na uygun olarak alt\u0131n, g\u00fcm\u00fc\u015f, rose gold veya f\u0131r\u00e7alanm\u0131\u015f metalik renk se\u00e7eneklerinden birini se\u00e7in.<\/li>\n<li><strong>Sahtecili\u011fe Kar\u015f\u0131 Koruma \u00d6zellikleri:<\/strong> \u00dcr\u00fcn\u00fcn izlenmesi i\u00e7in \u015fi\u015fenin alt\u0131na QR kod, parti kodu veya lazer grav\u00fcr uygulanmal\u0131d\u0131r.<\/li>\n<\/ol>","protected":false},"excerpt":{"rendered":"<p>Havas\u0131z pompa mekanizmal\u0131 buzlu cam kozmetik \u015fi\u015feleri. Losyon ve \u015fampuan pompalar\u0131 i\u00e7in idealdir. G\u00fcvenilir \u00fcreticiden toptan \u00f6zel ambalaj. \u00dccretsiz numuneler.<\/p>","protected":false},"featured_media":6033,"template":"","meta":{"postBodyCss":"","postBodyMargin":[],"postBodyPadding":[],"postBodyBackground":{"backgroundType":"classic","gradient":""}},"product_brand":[],"product_cat":[105,15,16],"product_tag":[110],"class_list":{"0":"post-6029","1":"product","2":"type-product","3":"status-publish","4":"has-post-thumbnail","6":"product_cat-glass-lotion-bottles","7":"product_cat-glass-containers","8":"product_cat-glass-bottles","9":"product_tag-glass-foundation-bottles","11":"first","12":"instock","13":"shipping-taxable","14":"product-type-simple"},"jetpack_sharing_enabled":true,"_links":{"self":[{"href":"https:\/\/minghanggroup.com\/tr\/wp-json\/wp\/v2\/product\/6029","targetHints":{"allow":["GET"]}}],"collection":[{"href":"https:\/\/minghanggroup.com\/tr\/wp-json\/wp\/v2\/product"}],"about":[{"href":"https:\/\/minghanggroup.com\/tr\/wp-json\/wp\/v2\/types\/product"}],"wp:featuredmedia":[{"embeddable":true,"href":"https:\/\/minghanggroup.com\/tr\/wp-json\/wp\/v2\/media\/6033"}],"wp:attachment":[{"href":"https:\/\/minghanggroup.com\/tr\/wp-json\/wp\/v2\/media?parent=6029"}],"wp:term":[{"taxonomy":"product_brand","embeddable":true,"href":"https:\/\/minghanggroup.com\/tr\/wp-json\/wp\/v2\/product_brand?post=6029"},{"taxonomy":"product_cat","embeddable":true,"href":"https:\/\/minghanggroup.com\/tr\/wp-json\/wp\/v2\/product_cat?post=6029"},{"taxonomy":"product_tag","embeddable":true,"href":"https:\/\/minghanggroup.com\/tr\/wp-json\/wp\/v2\/product_tag?post=6029"}],"curies":[{"name":"wp","href":"https:\/\/api.w.org\/{rel}","templated":true}]}}