{"id":6024,"date":"2026-03-17T11:28:08","date_gmt":"2026-03-17T03:28:08","guid":{"rendered":"https:\/\/minghanggroup.com\/?post_type=product&#038;p=6024"},"modified":"2026-03-17T16:23:24","modified_gmt":"2026-03-17T08:23:24","slug":"frosted-airless-empty-bottles-with-pump-wholesale","status":"publish","type":"product","link":"https:\/\/minghanggroup.com\/tr\/urun\/frosted-airless-empty-bottles-with-pump-wholesale\/","title":{"rendered":"100 ml Buzlu Hava Ge\u00e7irmeyen Pompal\u0131 Bo\u015f \u015ei\u015feler Toptan Sat\u0131\u015f"},"content":{"rendered":"<p>\u0130nce, silindirik \u015fekilli, \u00fcst d\u00fczey tasar\u0131ml\u0131 bir losyon \u015fi\u015fesidir. Pompal\u0131 bo\u015f \u015fi\u015fe mat turuncu renkte kaplanm\u0131\u015ft\u0131r, beyaz bir pompa da\u011f\u0131t\u0131c\u0131s\u0131na ve benzer silindirik beyaz bir kapa\u011fa sahiptir, bu da temiz ve uyumlu bir g\u00f6r\u00fcn\u00fcm olu\u015fturur. Genellikle cilt bak\u0131m losyonlar\u0131, v\u00fccut kremleri ve di\u011fer ki\u015fisel bak\u0131m \u00fcr\u00fcnlerinin ambalajlanmas\u0131nda kullan\u0131l\u0131r.<\/p>\n<h2>\u00dcr\u00fcn \u00d6zellikleri<\/h2>\n<ul>\n<li><strong>\u0130nce Silindirik \u015eekil:<\/strong> Uzun ve ince \u015fekli ta\u015f\u0131may\u0131 kolayla\u015ft\u0131r\u0131r ve modern kozmetik ambalajlar\u0131nda kullan\u0131labilir.<\/li>\n<li><strong>Koruyucu Kapak:<\/strong> Ayr\u0131ca, pompan\u0131n temiz kalmas\u0131n\u0131 ve ta\u015f\u0131ma s\u0131ras\u0131nda kazara d\u00f6k\u00fclmemesini sa\u011flamak i\u00e7in tam bir koruyucu kapa\u011f\u0131 da bulunmaktad\u0131r.<\/li>\n<li><strong>Yar\u0131 Saydam G\u00f6vde:<\/strong> Bu \u00f6zellik, kullan\u0131c\u0131lara g\u00f6rsel olarak rahats\u0131z edici bir etki yaratmadan kalan s\u0131v\u0131 seviyesini izleme olana\u011f\u0131 sunuyor.<\/li>\n<\/ul>\n<h2>Temel \u00d6zellikler<\/h2>\n<table style=\"border-collapse: collapse; width: 80%; margin-left: auto; margin-right: auto;\" border=\"0\" width=\"144\" cellspacing=\"0\" cellpadding=\"0\">\n<tbody>\n<tr style=\"height: 13.50pt;\">\n<td style=\"height: 13.5pt; width: 54pt; text-align: center;\" width=\"72\" height=\"18\">\u00d6zellik<\/td>\n<td style=\"width: 54pt; text-align: center;\" width=\"72\">Detaylar<\/td>\n<\/tr>\n<tr style=\"height: 13.50pt;\">\n<td style=\"height: 13.5pt; text-align: center;\" height=\"18\">Kapasite<\/td>\n<td style=\"text-align: center;\">100 ml<\/td>\n<\/tr>\n<tr style=\"height: 13.50pt;\">\n<td style=\"height: 13.5pt; text-align: center;\" height=\"18\">Pompa Tipi<\/td>\n<td style=\"text-align: center;\">Havas\u0131z<\/td>\n<\/tr>\n<tr style=\"height: 13.50pt;\">\n<td style=\"height: 13.5pt; text-align: center;\" height=\"18\">Boyun<\/td>\n<td style=\"text-align: center;\">\u0130plik<\/td>\n<\/tr>\n<tr style=\"height: 13.50pt;\">\n<td style=\"height: 13.5pt; text-align: center;\" height=\"18\">\u015eekil<\/td>\n<td style=\"text-align: center;\">Silindir<\/td>\n<\/tr>\n<tr style=\"height: 13.50pt;\">\n<td style=\"height: 13.5pt; text-align: center;\" height=\"18\">Renk<\/td>\n<td style=\"text-align: center;\">\u015eeffaf, Sar\u0131, Turuncu<\/td>\n<\/tr>\n<tr style=\"height: 13.50pt;\">\n<td style=\"height: 13.5pt; text-align: center;\" height=\"18\">\u0130\u015flem<\/td>\n<td style=\"text-align: center;\">Buzlu<\/td>\n<\/tr>\n<\/tbody>\n<\/table>\n<h2>Ba\u015far\u0131 \u00d6rne\u011fi<\/h2>\n<p>Buzlu sar\u0131 renkteki 100 ml&#039;lik losyon \u015fi\u015femiz, Koreli bir cilt bak\u0131m \u015firketi taraf\u0131ndan \u00fcr\u00fcn gam\u0131na dahil edildi. \u00d6zelle\u015ftirme \u00f6zelliklerinde, \u015fi\u015feye mat beyaz bir pompa da\u011f\u0131t\u0131c\u0131 ve ayn\u0131 renk tonunda bir d\u0131\u015f kapak e\u015flik etti. Marka logosu, temiz ve saf bir g\u00f6r\u00fcn\u00fcm elde etmek i\u00e7in minimalist ve saf beyaz serigrafi bask\u0131 tekni\u011fiyle bas\u0131ld\u0131. Ayr\u0131ca, renk \u015femas\u0131na m\u00fckemmel \u015fekilde uyacak \u015fekilde tasarlanm\u0131\u015f bir d\u0131\u015f ambalaj kutusu da bulunuyor, b\u00f6ylece perakende ambalaj setinde y\u00fcksek d\u00fczeyde g\u00f6rsel birlik ve uyum sa\u011flan\u0131yor.<\/p>\n<p>\u00dcr\u00fcn\u00fcn resmi lansman\u0131ndan sonra, markan\u0131n \u00e7evrimi\u00e7i sat\u0131\u015flar\u0131 sadece \u00fc\u00e7 ay i\u00e7inde y\u00fczde 35 artt\u0131. M\u00fc\u015fteri, sonraki sekiz ay i\u00e7inde art arda d\u00f6rt kez b\u00fcy\u00fck miktarda yeniden sipari\u015f verdi.<\/p>\n<h2>Havas\u0131z Pompal\u0131 \u015ei\u015feler Toptan Sat\u0131\u015f\u0131 \u00d6zelle\u015ftirme \u00d6nerileri<\/h2>\n<ol>\n<li><strong>Pompa Rengi E\u015fle\u015ftirme:<\/strong> Mat beyaz, siyah, metalik veya renk uyumlu gibi \u00e7e\u015fitli y\u00fczeylere sahip topuklu ayakkab\u0131lar\u0131 tercih edin.<\/li>\n<li><strong>Ba\u015fvuru Logosu Y\u00f6ntemleri:<\/strong> Serigrafi bask\u0131, s\u0131cak bask\u0131, UV bask\u0131 veya etiket uygulamas\u0131 deste\u011fiyle esnek marka olu\u015fturma imkan\u0131.<\/li>\n<li><strong>Kapak \u00dcst\u00fc Tasar\u0131m De\u011fi\u015fiklikleri:<\/strong> Ki\u015fiselle\u015ftirilmi\u015f bir nihai ambalaj olu\u015fturmak i\u00e7in kapa\u011f\u0131n tasar\u0131m\u0131n\u0131 (y\u00fckseklik, \u015fekil veya \u015feffafl\u0131k (\u015feffaf, buzlu veya renkli)) \u00f6zelle\u015ftirme olana\u011f\u0131na sahip olun.<\/li>\n<\/ol>","protected":false},"excerpt":{"rendered":"<p>\u015e\u0131k degrade tasar\u0131ml\u0131, pompal\u0131 bo\u015f \u015fi\u015feler, cilt bak\u0131m\u0131 i\u00e7in idealdir. Fabrikadan do\u011frudan tedarik ve h\u0131zl\u0131 kargo se\u00e7enekleriyle toptan sat\u0131\u015f.<\/p>","protected":false},"featured_media":6028,"template":"","meta":{"postBodyCss":"","postBodyMargin":[],"postBodyPadding":[],"postBodyBackground":{"backgroundType":"classic","gradient":""}},"product_brand":[],"product_cat":[15,105,16],"product_tag":[],"class_list":{"0":"post-6024","1":"product","2":"type-product","3":"status-publish","4":"has-post-thumbnail","6":"product_cat-glass-containers","7":"product_cat-glass-lotion-bottles","8":"product_cat-glass-bottles","10":"first","11":"instock","12":"shipping-taxable","13":"product-type-simple"},"jetpack_sharing_enabled":true,"_links":{"self":[{"href":"https:\/\/minghanggroup.com\/tr\/wp-json\/wp\/v2\/product\/6024","targetHints":{"allow":["GET"]}}],"collection":[{"href":"https:\/\/minghanggroup.com\/tr\/wp-json\/wp\/v2\/product"}],"about":[{"href":"https:\/\/minghanggroup.com\/tr\/wp-json\/wp\/v2\/types\/product"}],"wp:featuredmedia":[{"embeddable":true,"href":"https:\/\/minghanggroup.com\/tr\/wp-json\/wp\/v2\/media\/6028"}],"wp:attachment":[{"href":"https:\/\/minghanggroup.com\/tr\/wp-json\/wp\/v2\/media?parent=6024"}],"wp:term":[{"taxonomy":"product_brand","embeddable":true,"href":"https:\/\/minghanggroup.com\/tr\/wp-json\/wp\/v2\/product_brand?post=6024"},{"taxonomy":"product_cat","embeddable":true,"href":"https:\/\/minghanggroup.com\/tr\/wp-json\/wp\/v2\/product_cat?post=6024"},{"taxonomy":"product_tag","embeddable":true,"href":"https:\/\/minghanggroup.com\/tr\/wp-json\/wp\/v2\/product_tag?post=6024"}],"curies":[{"name":"wp","href":"https:\/\/api.w.org\/{rel}","templated":true}]}}