{"id":6019,"date":"2026-03-17T09:13:29","date_gmt":"2026-03-17T01:13:29","guid":{"rendered":"https:\/\/minghanggroup.com\/?post_type=product&#038;p=6019"},"modified":"2026-03-20T16:58:35","modified_gmt":"2026-03-20T08:58:35","slug":"cylindrical-white-lotion-bottles-for-skincare-wholesale","status":"publish","type":"product","link":"https:\/\/minghanggroup.com\/tr\/urun\/cylindrical-white-lotion-bottles-for-skincare-wholesale\/","title":{"rendered":"20 ml - 60 ml Silindirik Beyaz Losyon \u015ei\u015feleri (Cilt Bak\u0131m\u0131 Toptan Sat\u0131\u015f\u0131)"},"content":{"rendered":"<p>Bu, silindirik formda beyaz bir losyon \u015fi\u015fesidir. G\u00f6vdesi temiz beyaz renkte olup, do\u011fal ah\u015fap desenli boyun k\u0131sm\u0131, \u00e7evre dostu olan beyaz pompa da\u011f\u0131t\u0131c\u0131s\u0131yla m\u00fckemmel bir uyum i\u00e7indedir.<\/p>\n<h2>\u00dcr\u00fcn \u00d6zellikleri<\/h2>\n<ul>\n<li><strong>Do\u011fal Ah\u015fap Dekoratif Y\u00fcz\u00fck:<\/strong> Sap k\u0131sm\u0131ndaki ah\u015fap damarl\u0131 dekoratif halka, do\u011fal bir s\u0131cakl\u0131k ve \u00f6zel bir g\u00f6r\u00fcn\u00fcm hissi veriyor.<\/li>\n<li><strong>Pratik Pompa ve \u015eeffaf Kapak:<\/strong> Beyaz pompa hijyenik bir \u015fekilde da\u011f\u0131t\u0131m sa\u011flar ve \u015feffaf kapak koruyucu g\u00f6revi g\u00f6rerek temiz g\u00f6r\u00fcn\u00fcm\u00fc tamamlar.<\/li>\n<li><strong>K\u00fc\u00e7\u00fck ve Sa\u011flam Yap\u0131:<\/strong> K\u0131sa, geni\u015f silindirik \u015fekli ve d\u00fcz taban\u0131, y\u00fcksek d\u00fczeyde denge ve sa\u011flaml\u0131\u011fa katk\u0131da bulunur.<\/li>\n<\/ul>\n<h2 style=\"text-align: left;\">Temel \u00d6zellikler<\/h2>\n<table class=\"aligncenter\" style=\"border-collapse: collapse; width: 467.27pt;\" border=\"0\" width=\"623\" cellspacing=\"0\" cellpadding=\"0\">\n<tbody>\n<tr style=\"height: 13.50pt;\">\n<td style=\"height: 13.50pt; width: 120.00pt;\" width=\"160\" height=\"18\">\u015eartname<\/td>\n<td style=\"width: 347.25pt;\" width=\"463\">Detaylar<\/td>\n<\/tr>\n<tr style=\"height: 13.50pt;\">\n<td style=\"height: 13.50pt;\" height=\"18\">Kapasite<\/td>\n<td>20 ml, 30 ml, 40 ml, 60 ml<\/td>\n<\/tr>\n<tr style=\"height: 13.50pt;\">\n<td style=\"height: 13.50pt;\" height=\"18\">Malzeme<\/td>\n<td>Opak Beyaz Cam<\/td>\n<\/tr>\n<tr style=\"height: 13.50pt;\">\n<td style=\"height: 13.50pt;\" height=\"18\">\u015ei\u015fe \u015eekli<\/td>\n<td>D\u00fcz tabanl\u0131, k\u0131sa, yuvarlak silindir<\/td>\n<\/tr>\n<tr style=\"height: 13.50pt;\">\n<td style=\"height: 13.50pt;\" height=\"18\">\u00d6zelle\u015ftirme Kapsam\u0131<\/td>\n<td>\u015eekil, Vurgu Halkas\u0131 Malzemesi\/Rengi, Kapaklar, Boyut<\/td>\n<\/tr>\n<tr style=\"height: 13.50pt;\">\n<td style=\"height: 13.50pt;\" height=\"18\">\u0130\u015f\u00e7ilik<\/td>\n<td>Opak Renkler i\u00e7in Hassas Cam \u015eekillendirme<\/td>\n<\/tr>\n<tr style=\"height: 13.50pt;\">\n<td style=\"height: 13.50pt;\" height=\"18\">\u00dcr\u00fcn Amac\u0131<\/td>\n<td>Beyaz Losyon \u015ei\u015feleri, Toptan Losyon \u015ei\u015feleri<\/td>\n<\/tr>\n<tr style=\"height: 13.50pt;\">\n<td style=\"height: 13.50pt;\" height=\"18\">Uygun Sekt\u00f6rler<\/td>\n<td>Do\u011fal ve Organik Kozmetik Markalar\u0131, Spa ve Sa\u011fl\u0131k \u00dcr\u00fcnleri Tedarik\u00e7ileri<\/td>\n<\/tr>\n<\/tbody>\n<\/table>\n<h2>Ba\u015far\u0131 \u00d6yk\u00fcs\u00fc: Kanadal\u0131 Saf G\u00fczellik Markas\u0131n\u0131n Ba\u015far\u0131ya Giden Yolu<\/h2>\n<p>Vancouver merkezli bir g\u00fczellik markas\u0131, bambu dekoratif halkal\u0131 30 ml&#039;lik beyaz losyon \u015fi\u015femizi se\u00e7ti. Bu ambalaj, markan\u0131n ikonik ambalaj\u0131 haline geldi; pompan\u0131n benzersiz tasar\u0131m\u0131, lansman\u0131n ilk ay\u0131nda markan\u0131n Instagram&#039;daki payla\u015f\u0131mlar\u0131n\u0131 0 art\u0131rd\u0131, pompan\u0131n \u00f6zel tasar\u0131m\u0131 ortalama a\u015f\u0131r\u0131 kullan\u0131m\u0131 yakla\u015f\u0131k azaltt\u0131, \u00fcr\u00fcn\u00fc daha de\u011ferli g\u00f6sterdi ve pompan\u0131n \u00fcr\u00fcn boyutu, abonelik kutusunun daha k\u00fc\u00e7\u00fck ve daha verimli g\u00f6r\u00fcnmesini sa\u011flad\u0131. \u00dcr\u00fcn\u00fcn ba\u015far\u0131s\u0131, g\u00fczellik \u00fcr\u00fcnlerinin t\u00fcm yelpazesini paketlemek i\u00e7in 1 milyon \u015fi\u015felik ikinci bir sipari\u015fle sonu\u00e7land\u0131.<\/p>\n<h2>Toptan Losyon \u015ei\u015felerinin \u00d6zelle\u015ftirilmesi<\/h2>\n<ul>\n<li>Pompa Ba\u015fl\u0131\u011f\u0131 Renk Se\u00e7imi: Pompa ba\u015fl\u0131klar\u0131, beyaz d\u0131\u015f\u0131nda siyah, alt\u0131n rengi veya dekoratif halkan\u0131n rengiyle ayn\u0131 renkte se\u00e7ilebilir.<\/li>\n<li>Havas\u0131z Pompa Sistemi: Oksidasyon direnci gerektiren form\u00fcle sahip havas\u0131z pompa sistemi se\u00e7ene\u011fi mevcuttur.<\/li>\n<li>Kabartmal\u0131 Logo Detaylar\u0131: Basit ve kal\u0131c\u0131 bir marka ifadesi i\u00e7in \u015fi\u015fenin alt\u0131na k\u00fc\u00e7\u00fck bir logo kabartma i\u015flemi uygulanm\u0131\u015ft\u0131r.<\/li>\n<\/ul>","protected":false},"excerpt":{"rendered":"<p>P\u00fcr\u00fczs\u00fcz pompal\u0131 ve ah\u015fap g\u00f6r\u00fcn\u00fcml\u00fc yakal\u0131 beyaz losyon \u015fi\u015fesi. Cilt bak\u0131m\u0131, serum ve kozmetik ambalajlar\u0131 i\u00e7in ideal, y\u00fcksek kaliteli toptan losyon \u015fi\u015feleri. \u00dccretsiz numuneler.<\/p>","protected":false},"featured_media":6021,"template":"","meta":{"postBodyCss":"","postBodyMargin":[],"postBodyPadding":[],"postBodyBackground":{"backgroundType":"classic","gradient":""}},"product_brand":[],"product_cat":[105,15,16],"product_tag":[],"class_list":{"0":"post-6019","1":"product","2":"type-product","3":"status-publish","4":"has-post-thumbnail","6":"product_cat-glass-lotion-bottles","7":"product_cat-glass-containers","8":"product_cat-glass-bottles","10":"first","11":"instock","12":"shipping-taxable","13":"product-type-simple"},"jetpack_sharing_enabled":true,"_links":{"self":[{"href":"https:\/\/minghanggroup.com\/tr\/wp-json\/wp\/v2\/product\/6019","targetHints":{"allow":["GET"]}}],"collection":[{"href":"https:\/\/minghanggroup.com\/tr\/wp-json\/wp\/v2\/product"}],"about":[{"href":"https:\/\/minghanggroup.com\/tr\/wp-json\/wp\/v2\/types\/product"}],"wp:featuredmedia":[{"embeddable":true,"href":"https:\/\/minghanggroup.com\/tr\/wp-json\/wp\/v2\/media\/6021"}],"wp:attachment":[{"href":"https:\/\/minghanggroup.com\/tr\/wp-json\/wp\/v2\/media?parent=6019"}],"wp:term":[{"taxonomy":"product_brand","embeddable":true,"href":"https:\/\/minghanggroup.com\/tr\/wp-json\/wp\/v2\/product_brand?post=6019"},{"taxonomy":"product_cat","embeddable":true,"href":"https:\/\/minghanggroup.com\/tr\/wp-json\/wp\/v2\/product_cat?post=6019"},{"taxonomy":"product_tag","embeddable":true,"href":"https:\/\/minghanggroup.com\/tr\/wp-json\/wp\/v2\/product_tag?post=6019"}],"curies":[{"name":"wp","href":"https:\/\/api.w.org\/{rel}","templated":true}]}}