{"id":6014,"date":"2026-03-16T10:13:19","date_gmt":"2026-03-16T02:13:19","guid":{"rendered":"https:\/\/minghanggroup.com\/?post_type=product&#038;p=6014"},"modified":"2026-04-14T14:20:14","modified_gmt":"2026-04-14T06:20:14","slug":"cylindrical-glass-lotion-bottles-with-pump-bulk","status":"publish","type":"product","link":"https:\/\/minghanggroup.com\/tr\/urun\/cylindrical-glass-lotion-bottles-with-pump-bulk\/","title":{"rendered":"30 ml Silindirik Cam Losyon \u015ei\u015feleri (Pompal\u0131) (Toptan Sat\u0131\u015f)"},"content":{"rendered":"<p>Pompal\u0131 bu losyon \u015fi\u015feleri kal\u0131n, p\u00fcr\u00fczs\u00fcz ve silindirik bir g\u00f6vdeye ve kal\u0131nla\u015ft\u0131r\u0131lm\u0131\u015f ve yuvarlak bir tabana sahiptir. Parlak alt\u0131n renkli pompa, do\u011fru p\u00fcsk\u00fcrtmeyi garanti eder ve d\u00f6k\u00fclmeleri \u00f6nler.<\/p>\n<h2>\u00dcr\u00fcn \u00d6zellikleri<\/h2>\n<ul>\n<li><strong>Kal\u0131n Tabanl\u0131, Stabil Silindirik G\u00f6vde:<\/strong> Silindirin kal\u0131nla\u015ft\u0131r\u0131lm\u0131\u015f taban\u0131 ve yuvarlak \u015fekli, g\u00f6vdeye denge sa\u011flayacak ve \u015fi\u015fenin devrilmesini \u00f6nleyecektir.<\/li>\n<li><strong>L\u00fcks Alt\u0131n Pompa:<\/strong> Alt\u0131n metal pompa, \u00fcr\u00fcnlerin kolay ve hijyenik bir \u015fekilde bo\u015falt\u0131lmas\u0131n\u0131 sa\u011flamak \u00fczere tasarlanm\u0131\u015ft\u0131r ve bu da \u015f\u0131k bir l\u00fcks g\u00f6r\u00fcn\u00fcm kazand\u0131r\u0131r.<\/li>\n<li><strong>30 ml Kapasite:<\/strong> Yo\u011funla\u015ft\u0131r\u0131lm\u0131\u015f serumlar, y\u00fcz ya\u011flar\u0131 veya seyahat boyu y\u00fcksek de\u011ferli \u00fcr\u00fcnler kullan\u0131rken idealdir.<\/li>\n<\/ul>\n<h2 style=\"text-align: left;\">Temel \u00d6zellikler<\/h2>\n<table class=\"aligncenter\" style=\"border-collapse: collapse; width: 411.77pt;\" border=\"0\" width=\"549\" cellspacing=\"0\" cellpadding=\"0\">\n<tbody>\n<tr style=\"height: 13.50pt;\">\n<td style=\"height: 13.50pt; width: 120.00pt;\" width=\"160\" height=\"18\">\u015eartname<\/td>\n<td style=\"width: 291.75pt;\" width=\"389\">Detaylar<\/td>\n<\/tr>\n<tr style=\"height: 13.50pt;\">\n<td style=\"height: 13.50pt;\" height=\"18\">Kapasite<\/td>\n<td>30 ml<\/td>\n<\/tr>\n<tr style=\"height: 13.50pt;\">\n<td style=\"height: 13.50pt;\" height=\"18\">Boyutlar<\/td>\n<td>49\u00d769 mm (\u00c7ap \u00d7 Y\u00fckseklik)<\/td>\n<\/tr>\n<tr style=\"height: 13.50pt;\">\n<td style=\"height: 13.50pt;\" height=\"18\">Malzeme<\/td>\n<td>Gradyan\/Renkli veya \u015eeffaf Cam, Alt\u0131n Metal Pompa<\/td>\n<\/tr>\n<tr style=\"height: 13.50pt;\">\n<td style=\"height: 13.50pt;\" height=\"18\">\u015ei\u015fe \u015eekli<\/td>\n<td>A\u011f\u0131r, yuvarlak tabanl\u0131, p\u00fcr\u00fczs\u00fcz silindir.<\/td>\n<\/tr>\n<tr style=\"height: 13.50pt;\">\n<td style=\"height: 13.50pt;\" height=\"18\">\u00d6zelle\u015ftirme Kapsam\u0131<\/td>\n<td>Renk, Boyut, Kapaklar, Y\u00fczey \u0130\u015flemi<\/td>\n<\/tr>\n<tr style=\"height: 13.50pt;\">\n<td style=\"height: 13.50pt;\" height=\"18\">\u00dcr\u00fcn Amac\u0131<\/td>\n<td>L\u00fcks Serum \u015ei\u015feleri, Toptan Losyon \u015ei\u015feleri<\/td>\n<\/tr>\n<tr style=\"height: 13.50pt;\">\n<td style=\"height: 13.50pt;\" height=\"18\">Uygun Sekt\u00f6rler<\/td>\n<td>L\u00fcks Cilt Bak\u0131m Markalar\u0131, Ni\u015f Kozmetik Serileri<\/td>\n<\/tr>\n<\/tbody>\n<\/table>\n<h2>Ba\u015far\u0131 Hikayesi<\/h2>\n<p>Pompal\u0131 ve \u00f6zel mat siyah pompa kapakl\u0131, kehribar rengi 30 ml&#039;lik losyon \u015fi\u015felerimiz, Alman bir organik cilt bak\u0131m markas\u0131 taraf\u0131ndan tercih edildi. Kehribar cam \u015fi\u015feler, daha \u00f6nce 6 ila 12 ay aras\u0131nda raf \u00f6mr\u00fc olan \u00fcr\u00fcnlerin daha uzun s\u00fcre kullan\u0131lmas\u0131n\u0131 sa\u011flad\u0131. Pompal\u0131 da\u011f\u0131t\u0131c\u0131 sayesinde oksidasyon ve kirlenme en aza indirildi ve bu da m\u00fc\u015fteri memnuniyetini art\u0131rd\u0131. Marka son derece ba\u015far\u0131l\u0131 oldu ve daha sonra t\u00fcm aktif serumlar\u0131n\u0131 doldurmak i\u00e7in 600.000 \u015fi\u015fe daha sipari\u015f etti.<\/p>\n<h2>Toplu Losyon \u015ei\u015felerinin Ki\u015fiselle\u015ftirilmesi<\/h2>\n<ul>\n<li>Topuklu Ayakkab\u0131 Rengi: Marka imaj\u0131n\u0131za uygun olarak siyah, gri veya \u00f6zel renklerde mevcuttur.<\/li>\n<li>Buzlu veya Parlak: Zarif ve modern bir g\u00f6r\u00fcn\u00fcme sahip buzlu cam \u015fi\u015feleri se\u00e7ebilir veya parlak y\u00fczeyli olanlar\u0131 tercih edebilirsiniz.<\/li>\n<li>Pompa Ba\u015fl\u0131\u011f\u0131: Farkl\u0131 viskozitelerdeki \u00fcr\u00fcnlere ba\u011fl\u0131 olarak, pompa ba\u015fl\u0131klar\u0131 \u015fu farkl\u0131 tiplerde mevcuttur (standart pompa, havas\u0131z pompa).<\/li>\n<li>Boyut ve Oran: \u015ei\u015fenin y\u00fcksekli\u011finin \u00e7ap\u0131na oran\u0131 ayarlanarak ayn\u0131 hacme sahip daha k\u0131sa veya daha uzun \u015fi\u015feler \u00fcretilebilir.<\/li>\n<\/ul>","protected":false},"excerpt":{"rendered":"<p>\u00c7oklu degrade renklerde pompa mekanizmal\u0131 silindirik cam losyon \u015fi\u015feleri. Y\u00fcksek kaliteli cilt bak\u0131m\u0131 i\u00e7in dayan\u0131kl\u0131, b\u00fcy\u00fck boy losyon \u015fi\u015feleri. H\u0131zl\u0131 kargo ve stokta mevcut.<\/p>","protected":false},"featured_media":6015,"template":"","meta":{"postBodyCss":"","postBodyMargin":[],"postBodyPadding":[],"postBodyBackground":{"backgroundType":"classic","gradient":""}},"product_brand":[],"product_cat":[105,15,16],"product_tag":[116],"class_list":{"0":"post-6014","1":"product","2":"type-product","3":"status-publish","4":"has-post-thumbnail","6":"product_cat-glass-lotion-bottles","7":"product_cat-glass-containers","8":"product_cat-glass-bottles","9":"product_tag-fine-mist-spray-bottles","11":"first","12":"instock","13":"shipping-taxable","14":"product-type-simple"},"jetpack_sharing_enabled":true,"_links":{"self":[{"href":"https:\/\/minghanggroup.com\/tr\/wp-json\/wp\/v2\/product\/6014","targetHints":{"allow":["GET"]}}],"collection":[{"href":"https:\/\/minghanggroup.com\/tr\/wp-json\/wp\/v2\/product"}],"about":[{"href":"https:\/\/minghanggroup.com\/tr\/wp-json\/wp\/v2\/types\/product"}],"wp:featuredmedia":[{"embeddable":true,"href":"https:\/\/minghanggroup.com\/tr\/wp-json\/wp\/v2\/media\/6015"}],"wp:attachment":[{"href":"https:\/\/minghanggroup.com\/tr\/wp-json\/wp\/v2\/media?parent=6014"}],"wp:term":[{"taxonomy":"product_brand","embeddable":true,"href":"https:\/\/minghanggroup.com\/tr\/wp-json\/wp\/v2\/product_brand?post=6014"},{"taxonomy":"product_cat","embeddable":true,"href":"https:\/\/minghanggroup.com\/tr\/wp-json\/wp\/v2\/product_cat?post=6014"},{"taxonomy":"product_tag","embeddable":true,"href":"https:\/\/minghanggroup.com\/tr\/wp-json\/wp\/v2\/product_tag?post=6014"}],"curies":[{"name":"wp","href":"https:\/\/api.w.org\/{rel}","templated":true}]}}