{"id":6009,"date":"2026-03-16T10:11:07","date_gmt":"2026-03-16T02:11:07","guid":{"rendered":"https:\/\/minghanggroup.com\/?post_type=product&#038;p=6009"},"modified":"2026-04-14T09:48:46","modified_gmt":"2026-04-14T01:48:46","slug":"clear-cosmetic-glass-bottles-with-pump-wholesale","status":"publish","type":"product","link":"https:\/\/minghanggroup.com\/tr\/urun\/clear-cosmetic-glass-bottles-with-pump-wholesale\/","title":{"rendered":"60 ml, 100 ml, 120 ml \u015eeffaf Pompal\u0131 Kozmetik Cam \u015ei\u015feler Toptan Sat\u0131\u015f"},"content":{"rendered":"<p>Bu, \u015f\u0131k g\u00f6r\u00fcn\u00fcml\u00fc, dikd\u00f6rtgen \u015feklinde ve i\u00e7eri\u011fini g\u00f6steren p\u00fcr\u00fczs\u00fcz, \u015feffaf bir g\u00f6vdeye sahip, pompal\u0131 bir kozmetik cam \u015fi\u015fedir. Losyonlar\u0131n, serumlar\u0131n ve di\u011fer cilt bak\u0131m \u00fcr\u00fcnlerinin do\u011fru ve hijyenik bir \u015fekilde da\u011f\u0131t\u0131m\u0131n\u0131 sa\u011flayan y\u00fcksek kaliteli bir pompa da\u011f\u0131t\u0131c\u0131s\u0131na sahiptir. \u015e\u0131k pompa kapa\u011f\u0131 siyah renkte olup, ona klas bir dokunu\u015f katmakta ve bu nedenle l\u00fcks cilt bak\u0131m markalar\u0131 i\u00e7in uygundur. Kullan\u0131m\u0131 sa\u011flam, \u015f\u0131k ve kullan\u0131\u015fl\u0131 olan bu \u015fi\u015fe, perakende veya ki\u015fisel kullan\u0131m i\u00e7in idealdir.<\/p>\n<h2>\u00dcr\u00fcn \u00d6zellikleri<\/h2>\n<ul>\n<li><strong>\u015eeffaf Cam G\u00f6vde:<\/strong> \u015eeffaf cam g\u00f6vde, i\u00e7indeki \u00fcr\u00fcn\u00fc net bir \u015fekilde g\u00f6rmeyi sa\u011flayarak t\u00fcketicilerin \u00fcr\u00fcn\u00fcn nas\u0131l kullan\u0131ld\u0131\u011f\u0131n\u0131 ve ne kadar kald\u0131\u011f\u0131n\u0131 takip etmelerine olanak tan\u0131r.<\/li>\n<li><strong>Dikd\u00f6rtgen \u015eekil ve P\u00fcr\u00fczs\u00fcz Kenarlar:<\/strong> P\u00fcr\u00fczs\u00fcz kenarlara sahip \u00e7a\u011fda\u015f dikd\u00f6rtgen \u015fekil, \u015f\u0131k ve zarif bir g\u00f6r\u00fcn\u00fcm sunar ve \u00fcst d\u00fczey cilt bak\u0131m ve kozmetik \u00fcr\u00fcnleri i\u00e7in uygundur.<\/li>\n<li><strong>\u015e\u0131k Siyah Topuklu Ayakkab\u0131 ve Kapak:<\/strong> \u015ei\u015fenin \u00fczerindeki siyah pompa ve kapak, \u015feffaf camla tezat olu\u015fturarak \u015fi\u015feye genel olarak \u015f\u0131kl\u0131k ve zarafet kat\u0131yor.<\/li>\n<\/ul>\n<h2>Temel \u00d6zellikler<\/h2>\n<table style=\"border-collapse: collapse; width: 80%; margin-left: auto; margin-right: auto;\" border=\"0\" width=\"288\" cellspacing=\"0\" cellpadding=\"0\">\n<tbody>\n<tr style=\"height: 13.50pt;\">\n<td style=\"height: 13.5pt; width: 54pt; text-align: center;\" width=\"72\" height=\"18\">Kapasite(ml)<\/td>\n<td style=\"width: 54pt; text-align: center;\" width=\"72\">\u00d6l\u00e7\u00fcler (mm)<\/td>\n<td style=\"width: 54pt; text-align: center;\" width=\"72\">\u015eekil<\/td>\n<td style=\"width: 54pt; text-align: center;\" width=\"72\">Renk Se\u00e7enekleri<\/td>\n<\/tr>\n<tr style=\"height: 13.50pt;\">\n<td style=\"height: 13.5pt; text-align: center;\" align=\"right\" height=\"18\">60<\/td>\n<td style=\"text-align: center;\">34 \u00d7 130<\/td>\n<td class=\"et2\" style=\"text-align: center;\" rowspan=\"3\">Dikd\u00f6rtgen<\/td>\n<td class=\"et2\" style=\"text-align: center;\" rowspan=\"3\">\u015eeffaf\/\u00d6zel<\/td>\n<\/tr>\n<tr style=\"height: 13.50pt;\">\n<td style=\"height: 13.5pt; text-align: center;\" align=\"right\" height=\"18\">100<\/td>\n<td style=\"text-align: center;\">40 \u00d7 164<\/td>\n<\/tr>\n<tr style=\"height: 13.50pt;\">\n<td style=\"height: 13.5pt; text-align: center;\" align=\"right\" height=\"18\">120<\/td>\n<td style=\"text-align: center;\">40 \u00d7 180<\/td>\n<\/tr>\n<\/tbody>\n<\/table>\n<h2>Ba\u015far\u0131 \u00d6rne\u011fi<\/h2>\n<p>\u00dcst d\u00fczey cilt bak\u0131m markalar\u0131ndan biri, siyah premium pompa ba\u015fl\u0131\u011f\u0131na sahip, p\u00fcr\u00fczs\u00fcz dikd\u00f6rtgen \u015fekilli 100 ml&#039;lik cam losyon \u015fi\u015femizi tercih etti. Markan\u0131n pompa kapa\u011f\u0131n\u0131n \u00fcst k\u0131sm\u0131nda \u00f6zel alt\u0131n kaplama ve dokunuldu\u011funda daha da l\u00fcks bir g\u00f6r\u00fcn\u00fcm kazand\u0131ran buzlu bir y\u00fczey de bulunuyor.<\/p>\n<p>Bu uygulaman\u0131n ard\u0131ndan perakende talebi y\u00fczde 35 artt\u0131. Bug\u00fcn t\u00fcm \u00fcr\u00fcn yelpazelerinde bu 100 ml&#039;lik losyon \u015fi\u015fesini tamamen benimsediler.<\/p>\n<h2>\u00d6zelle\u015ftirme Se\u00e7enekleri<\/h2>\n<ol>\n<li><strong>Kapak Rengi ve Y\u00fczey Kaplama Se\u00e7enekleri:<\/strong> Kapak rengi konusunda, \u00e7e\u015fitli marka esteti\u011fine veya \u00fcr\u00fcn gam\u0131na uyacak \u015fekilde alt\u0131n, g\u00fcm\u00fc\u015f, mat siyah veya f\u0131r\u00e7alanm\u0131\u015f bak\u0131r gibi \u00e7e\u015fitli se\u00e7enekler sunulacakt\u0131r.<\/li>\n<li><strong>\u00d6zel Logo Bask\u0131s\u0131:<\/strong> Markan\u0131n logosunu veya tasar\u0131m\u0131n\u0131 \u015fi\u015fenin \u00fczerine bast\u0131r\u0131n, s\u0131cak damgalama veya UV bask\u0131 y\u00f6ntemiyle uygulay\u0131n; b\u00f6ylece uzun \u00f6m\u00fcrl\u00fc ve y\u00fcksek kaliteli bir marka bilinirli\u011fi elde edin.<\/li>\n<li><strong>Etiketleme:<\/strong> \u015eeffaf veya buzlu etiketlerle tam ve k\u0131smi etiketleme se\u00e7enekleri sunarak \u015f\u0131k ve minimalist bir g\u00f6r\u00fcn\u00fcm yaratabilir veya daha sanatsal bir marka imaj\u0131 olu\u015fturmak i\u00e7in s\u00fcslemeli etiketler kullanabilirsiniz.<\/li>\n<\/ol>","protected":false},"excerpt":{"rendered":"<p>Losyon ve serumlar i\u00e7in \u015f\u0131k pompal\u0131 \u015fi\u015feleri ke\u015ffedin. Kozmetik cam \u015fi\u015felerimiz dayan\u0131kl\u0131l\u0131k, zarif tasar\u0131m ve \u00f6zelle\u015ftirilebilir toplu al\u0131m se\u00e7enekleri sunar. \u00dccretsiz numune.<\/p>","protected":false},"featured_media":6013,"template":"","meta":{"postBodyCss":"","postBodyMargin":[],"postBodyPadding":[],"postBodyBackground":{"backgroundType":"classic","gradient":""}},"product_brand":[],"product_cat":[15,105,16],"product_tag":[110],"class_list":{"0":"post-6009","1":"product","2":"type-product","3":"status-publish","4":"has-post-thumbnail","6":"product_cat-glass-containers","7":"product_cat-glass-lotion-bottles","8":"product_cat-glass-bottles","9":"product_tag-glass-foundation-bottles","11":"first","12":"instock","13":"shipping-taxable","14":"product-type-simple"},"jetpack_sharing_enabled":true,"_links":{"self":[{"href":"https:\/\/minghanggroup.com\/tr\/wp-json\/wp\/v2\/product\/6009","targetHints":{"allow":["GET"]}}],"collection":[{"href":"https:\/\/minghanggroup.com\/tr\/wp-json\/wp\/v2\/product"}],"about":[{"href":"https:\/\/minghanggroup.com\/tr\/wp-json\/wp\/v2\/types\/product"}],"wp:featuredmedia":[{"embeddable":true,"href":"https:\/\/minghanggroup.com\/tr\/wp-json\/wp\/v2\/media\/6013"}],"wp:attachment":[{"href":"https:\/\/minghanggroup.com\/tr\/wp-json\/wp\/v2\/media?parent=6009"}],"wp:term":[{"taxonomy":"product_brand","embeddable":true,"href":"https:\/\/minghanggroup.com\/tr\/wp-json\/wp\/v2\/product_brand?post=6009"},{"taxonomy":"product_cat","embeddable":true,"href":"https:\/\/minghanggroup.com\/tr\/wp-json\/wp\/v2\/product_cat?post=6009"},{"taxonomy":"product_tag","embeddable":true,"href":"https:\/\/minghanggroup.com\/tr\/wp-json\/wp\/v2\/product_tag?post=6009"}],"curies":[{"name":"wp","href":"https:\/\/api.w.org\/{rel}","templated":true}]}}