{"id":5999,"date":"2026-03-13T10:10:14","date_gmt":"2026-03-13T02:10:14","guid":{"rendered":"https:\/\/minghanggroup.com\/?post_type=product&#038;p=5999"},"modified":"2026-03-20T16:58:51","modified_gmt":"2026-03-20T08:58:51","slug":"amber-empty-lotion-bottles-with-pump-bulk","status":"publish","type":"product","link":"https:\/\/minghanggroup.com\/tr\/urun\/amber-empty-lotion-bottles-with-pump-bulk\/","title":{"rendered":"20 ml, 30 ml, 40 ml Amber Renkli Pompal\u0131 Bo\u015f Losyon \u015ei\u015feleri (Toptan Sat\u0131\u015f)"},"content":{"rendered":"<p>Bu bo\u015f pompal\u0131 losyon \u015fi\u015fesi kehribar rengindedir ve p\u00fcr\u00fczs\u00fcz ve yuvarlak hatlara sahip koyu kahverengi UV korumal\u0131 cam \u015fi\u015feden ve kolay ve hassas bir \u015fekilde kullan\u0131m sa\u011flayan basit beyaz bir pompadan olu\u015fmaktad\u0131r.<\/p>\n<h2>\u00dcr\u00fcn \u00d6zellikleri<\/h2>\n<ul>\n<li><strong>Kehribar rengi, \u0131\u015f\u0131\u011f\u0131 engelleyen g\u00f6zl\u00fckler:<\/strong> Bu cam t\u00fcr\u00fc koyu kehribardan yap\u0131lm\u0131\u015ft\u0131r ve daha \u00f6nce de belirtildi\u011fi gibi UV \u0131\u015f\u0131nlar\u0131ndan korunmada olduk\u00e7a etkilidir; cilt bak\u0131m \u00fcr\u00fcnlerinde bulunan \u0131\u015f\u0131\u011fa duyarl\u0131 bile\u015fenleri korur.<\/li>\n<li><strong>Beyaz pompa ba\u015fl\u0131\u011f\u0131:<\/strong> \u00dcr\u00fcn, minimum ve kontrol edilebilir bir pompa ba\u015fl\u0131\u011f\u0131 ile donat\u0131lm\u0131\u015ft\u0131r; bu sayede s\u0131v\u0131y\u0131 e\u015fit \u015fekilde da\u011f\u0131tarak hijyenik ve kullan\u0131m\u0131 kolay bir ortam sa\u011flar ve i\u00e7erik ile hava aras\u0131ndaki temas\u0131 en aza indirir.<\/li>\n<li><strong>Yuvarlak silindirik \u015fi\u015fe g\u00f6vdesi:<\/strong> Bu, d\u00fczg\u00fcn hatlara, iyi tutu\u015fa ve y\u00fcksek dengeye sahip geleneksel yuvarlak silindirik \u015fi\u015fe \u015feklidir.<\/li>\n<\/ul>\n<h2 style=\"text-align: left;\">Temel \u00d6zellikler<\/h2>\n<table class=\"aligncenter\" style=\"border-collapse: collapse; width: 501.77pt;\" border=\"0\" width=\"669\" cellspacing=\"0\" cellpadding=\"0\">\n<tbody>\n<tr style=\"height: 13.50pt;\">\n<td style=\"height: 13.50pt; width: 120.00pt;\" width=\"160\" height=\"18\">Ba\u011flanmak<\/td>\n<td style=\"width: 381.75pt;\" width=\"509\">Detaylar<\/td>\n<\/tr>\n<tr style=\"height: 13.50pt;\">\n<td style=\"height: 13.50pt;\" height=\"18\">Kapasite<\/td>\n<td>20 ml, 30 ml, 40 ml<\/td>\n<\/tr>\n<tr style=\"height: 13.50pt;\">\n<td style=\"height: 13.50pt;\" height=\"18\">Malzeme<\/td>\n<td>Amber renkli cam, beyaz plastik pompa<\/td>\n<\/tr>\n<tr style=\"height: 13.50pt;\">\n<td style=\"height: 13.50pt;\" height=\"18\">\u015ei\u015fe \u015eekli<\/td>\n<td>Yuvarlak silindir<\/td>\n<\/tr>\n<tr style=\"height: 13.50pt;\">\n<td style=\"height: 13.50pt;\" height=\"18\">\u00d6zelle\u015ftirme Aral\u0131\u011f\u0131<\/td>\n<td>Amber tonunun derinli\u011fi, pompa rengi, boyutu<\/td>\n<\/tr>\n<tr style=\"height: 13.50pt;\">\n<td style=\"height: 13.50pt;\" height=\"18\">\u0130\u015f\u00e7ilik<\/td>\n<td>D\u00fczg\u00fcn kehribar rengi, s\u0131zd\u0131rmaz pompa mekanizmas\u0131, kal\u0131n duvarl\u0131 cam.<\/td>\n<\/tr>\n<tr style=\"height: 13.50pt;\">\n<td style=\"height: 13.50pt;\" height=\"18\">Birincil Kullan\u0131m<\/td>\n<td>Serumlar i\u00e7in kehribar renkli pompal\u0131 \u015fi\u015fe, pompal\u0131 bo\u015f losyon \u015fi\u015feleri<\/td>\n<\/tr>\n<tr style=\"height: 13.50pt;\">\n<td style=\"height: 13.50pt;\" height=\"18\">Hedef Sekt\u00f6rler<\/td>\n<td>Cilt bak\u0131m\u0131, kozmetik \u00fcr\u00fcnler, profesyonel estetik<\/td>\n<\/tr>\n<\/tbody>\n<\/table>\n<h2>Alman Organik Cilt Bak\u0131m Markas\u0131n\u0131n Serum Serisi Bir Ba\u015far\u0131 \u00d6yk\u00fcs\u00fc<\/h2>\n<p>Almanya&#039;n\u0131n en ba\u015far\u0131l\u0131 organik cilt bak\u0131m \u015firketlerinden biri, kehribar rengi \u015fi\u015femizi ve siyah pompa ba\u015fl\u0131\u011f\u0131m\u0131z\u0131 kullanmaya karar verdi. Kehribar rengi cam \u015fi\u015fe, form\u00fcl\u00fcn\u00fcn stabilitesini korumada ve \u00fcr\u00fcn\u00fcn raf \u00f6mr\u00fcn\u00fc &#039;tan fazla uzatmada kritik rol oynayan UVA\/UVB \u0131\u015f\u0131nlar\u0131n\u0131n &#039;undan fazlas\u0131n\u0131 bloke ediyor. Pompal\u0131 \u015fi\u015fe, oksidasyonu ve kirlenmeyi ba\u015far\u0131yla azaltarak m\u00fc\u015fteri memnuniyetini oran\u0131nda art\u0131r\u0131yor. Marka \u00e7ok ba\u015far\u0131l\u0131 oldu ve t\u00fcm aktif serumlar\u0131n\u0131 paketlemek i\u00e7in 800.000 \u015fi\u015fe daha sipari\u015f verdi.<\/p>\n<h2>Pompal\u0131 Bo\u015f Losyon \u015ei\u015felerinin Ki\u015fiselle\u015ftirilmesi<\/h2>\n<ul>\n<li>Pompa renkleri: Siyah, gri olabilir veya markan\u0131n esteti\u011fine uygun olarak rengi \u00f6zelle\u015ftirilebilir.<\/li>\n<li>Pompa ba\u015fl\u0131klar\u0131: Farkl\u0131 viskozitedeki \u00fcr\u00fcnlere uygun \u00e7e\u015fitli pompa ba\u015fl\u0131klar\u0131 (standart pompa, havas\u0131z pompa) mevcuttur.<\/li>\n<li>D\u0131\u015f kapak\/toz kapa\u011f\u0131: Seyahat s\u0131ras\u0131nda ekstra koruma sa\u011flamak i\u00e7in eklenebilecek basit plastik veya metal d\u0131\u015f kapaklar mevcuttur.<\/li>\n<\/ul>","protected":false},"excerpt":{"rendered":"<p>Dayan\u0131kl\u0131 kehribar camdan \u00fcretilmi\u015f, pompa mekanizmal\u0131 \u00f6zel tasar\u0131m bo\u015f losyon \u015fi\u015feleri. Cilt bak\u0131m markalar\u0131 i\u00e7in uygun, pratik kehribar renkli pompa \u015fi\u015fesi. \u00dccretsiz numuneler mevcuttur.<\/p>","protected":false},"featured_media":6003,"template":"","meta":{"postBodyCss":"","postBodyMargin":[],"postBodyPadding":[],"postBodyBackground":{"backgroundType":"classic","gradient":""}},"product_brand":[],"product_cat":[105,15,16],"product_tag":[],"class_list":{"0":"post-5999","1":"product","2":"type-product","3":"status-publish","4":"has-post-thumbnail","6":"product_cat-glass-lotion-bottles","7":"product_cat-glass-containers","8":"product_cat-glass-bottles","10":"first","11":"instock","12":"shipping-taxable","13":"product-type-simple"},"jetpack_sharing_enabled":true,"_links":{"self":[{"href":"https:\/\/minghanggroup.com\/tr\/wp-json\/wp\/v2\/product\/5999","targetHints":{"allow":["GET"]}}],"collection":[{"href":"https:\/\/minghanggroup.com\/tr\/wp-json\/wp\/v2\/product"}],"about":[{"href":"https:\/\/minghanggroup.com\/tr\/wp-json\/wp\/v2\/types\/product"}],"wp:featuredmedia":[{"embeddable":true,"href":"https:\/\/minghanggroup.com\/tr\/wp-json\/wp\/v2\/media\/6003"}],"wp:attachment":[{"href":"https:\/\/minghanggroup.com\/tr\/wp-json\/wp\/v2\/media?parent=5999"}],"wp:term":[{"taxonomy":"product_brand","embeddable":true,"href":"https:\/\/minghanggroup.com\/tr\/wp-json\/wp\/v2\/product_brand?post=5999"},{"taxonomy":"product_cat","embeddable":true,"href":"https:\/\/minghanggroup.com\/tr\/wp-json\/wp\/v2\/product_cat?post=5999"},{"taxonomy":"product_tag","embeddable":true,"href":"https:\/\/minghanggroup.com\/tr\/wp-json\/wp\/v2\/product_tag?post=5999"}],"curies":[{"name":"wp","href":"https:\/\/api.w.org\/{rel}","templated":true}]}}