{"id":5993,"date":"2026-03-12T13:54:13","date_gmt":"2026-03-12T05:54:13","guid":{"rendered":"https:\/\/minghanggroup.com\/?post_type=product&#038;p=5993"},"modified":"2026-03-12T16:35:39","modified_gmt":"2026-03-12T08:35:39","slug":"frosted-glass-bottles-with-pumps-for-cosmetic-bulk","status":"publish","type":"product","link":"https:\/\/minghanggroup.com\/tr\/urun\/frosted-glass-bottles-with-pumps-for-cosmetic-bulk\/","title":{"rendered":"10 ml, 15 ml, 50 ml Buzlu Cam \u015ei\u015feler, Pompal\u0131, Kozmetik \u00dcr\u00fcnler \u0130\u00e7in (Toptan)"},"content":{"rendered":"<p>Pompal\u0131 bu silindirik cam \u015fi\u015feler \u015feffaf camdan yap\u0131lm\u0131\u015ft\u0131r ve \u00fcst k\u0131sm\u0131 buzlu cam kaplama ile i\u015flenmi\u015ftir. \u015ei\u015fenin boyun k\u0131sm\u0131, do\u011fal bambu benzeri bir his ve a\u00e7\u0131k ah\u015fap rengine sahip silindirik ah\u015fap desenli bir kapaktan yap\u0131lm\u0131\u015ft\u0131r; bu da \u015fi\u015fenin boyun k\u0131sm\u0131na do\u011fal ve \u00e7evre dostu bir dokunu\u015f kazand\u0131r\u0131r. Bu t\u00fcr \u015fi\u015feler genellikle losyon, krem, serum veya di\u011fer kozmetik \u00fcr\u00fcnlerin ambalajlanmas\u0131nda kullan\u0131l\u0131r ve s\u0131kl\u0131kla g\u00fcnl\u00fck cilt bak\u0131m\u0131 veya seyahat boyu \u00fcr\u00fcnlerde tercih edilir.<\/p>\n<h2>\u00dcr\u00fcn \u00d6zellikleri<\/h2>\n<ul>\n<li><strong>Buzlu Cam Kaplama:<\/strong> Mat y\u00fczey, p\u00fcr\u00fczs\u00fcz ve \u015f\u0131k bir g\u00f6r\u00fcn\u00fcm sa\u011flayacak ve g\u00f6r\u00fcn\u00fcr parmak izlerinin ortadan kald\u0131r\u0131lmas\u0131na yard\u0131mc\u0131 olacakt\u0131r.<\/li>\n<li><strong>Do\u011fal Bambu G\u00f6r\u00fcn\u00fcml\u00fc \u015eapkalar:<\/strong> Ah\u015fap desenli kapaklar, modern cilt bak\u0131m markalar\u0131nda kullan\u0131lmaya uygun, do\u011fal ve \u00e7evre dostu bir g\u00f6r\u00fcn\u00fcm katacakt\u0131r.<\/li>\n<li><strong>Doldurulabilir ve Yeniden Kullan\u0131labilir:<\/strong> \u015ei\u015fe tasar\u0131m\u0131 yeniden doldurulabilir ve tekrar kullan\u0131labilir olacak, bu nedenle s\u00fcrd\u00fcr\u00fclebilir ambalaj fikrine uygun olarak kullan\u0131labilecektir.<\/li>\n<\/ul>\n<h2>Temel \u00d6zellikler<\/h2>\n<table style=\"border-collapse: collapse; width: 80%; margin-left: auto; margin-right: auto;\" border=\"0\" width=\"360\" cellspacing=\"0\" cellpadding=\"0\">\n<tbody>\n<tr style=\"height: 13.50pt;\">\n<td style=\"height: 13.5pt; width: 54pt; text-align: center;\" width=\"72\" height=\"18\">Kapasite(ml)<\/td>\n<td style=\"width: 54pt; text-align: center;\" width=\"72\">Sona ermek<\/td>\n<td style=\"width: 54pt; text-align: center;\" width=\"72\">Kapak Malzemesi<\/td>\n<td style=\"width: 54pt; text-align: center;\" width=\"72\">\u015eekil<\/td>\n<td style=\"width: 54pt; text-align: center;\" width=\"72\">Kullan\u0131m<\/td>\n<\/tr>\n<tr style=\"height: 13.50pt;\">\n<td style=\"height: 13.5pt; text-align: center;\" align=\"right\" height=\"18\">10<\/td>\n<td class=\"et2\" style=\"text-align: center;\" rowspan=\"3\">Buzlu<\/td>\n<td class=\"et2\" style=\"text-align: center;\" rowspan=\"3\">Do\u011fal Bambu<\/td>\n<td class=\"et2\" style=\"text-align: center;\" rowspan=\"3\">Yuvarlak<\/td>\n<td class=\"et2\" style=\"text-align: center;\" rowspan=\"3\">Serumlar, losyonlar, y\u00fcz ya\u011flar\u0131, tonikler<\/td>\n<\/tr>\n<tr style=\"height: 13.50pt;\">\n<td style=\"height: 13.5pt; text-align: center;\" align=\"right\" height=\"18\">15<\/td>\n<\/tr>\n<tr style=\"height: 13.50pt;\">\n<td style=\"height: 13.5pt; text-align: center;\" align=\"right\" height=\"18\">50<\/td>\n<\/tr>\n<\/tbody>\n<\/table>\n<h2>Ba\u015far\u0131 \u00d6rne\u011fi<\/h2>\n<p>Avustralyal\u0131 bir cilt bak\u0131m markas\u0131, yepyeni bir organik losyon serisi geli\u015ftirmek \u00fczerinde \u00e7al\u0131\u015f\u0131yordu ve sonunda 50 ml&#039;lik buzlu cam havas\u0131z pompa \u015fi\u015felerimizi kullanmaya karar verdi. \u015ei\u015fe, yumu\u015fak buzlu bir sprey kaplamaya ve botanik markas\u0131n\u0131n kimli\u011fini yans\u0131tan koyu ye\u015fil serigrafi bask\u0131l\u0131 marka logosuna sahip. Ayr\u0131ca, ambalaj\u0131m\u0131z da bambu dokulu d\u0131\u015f kapak ve \u00fcr\u00fcn korumas\u0131n\u0131 ve kullan\u0131c\u0131 deneyimini art\u0131rmak i\u00e7in tasarlanm\u0131\u015f p\u00fcr\u00fczs\u00fcz vakum pompas\u0131yla modern ve \u015f\u0131k bir g\u00f6r\u00fcn\u00fcme kavu\u015fturuldu.<\/p>\n<p>Yeni ambalaj\u0131n piyasaya s\u00fcr\u00fclmesiyle birlikte, markan\u0131n \u00e7evrimi\u00e7i sat\u0131\u015flar\u0131 alt\u0131 ay i\u00e7inde y\u00fczde 30 artt\u0131. M\u00fc\u015fteri, bu \u00fcst d\u00fczey ambalaj hakk\u0131ndaki olumlu kullan\u0131c\u0131 yorumlar\u0131 sayesinde ilk y\u0131l i\u00e7inde d\u00f6rt adet toplu sipari\u015f verdi.<\/p>\n<h2>\u00d6zelle\u015ftirme Se\u00e7enekleri<\/h2>\n<ol>\n<li><strong>Pompa Bas\u0131nc\u0131 De\u011fi\u015fimi:<\/strong> \u00dcr\u00fcn form\u00fcl\u00fcne ba\u011fl\u0131 olarak havas\u0131z pompalar, losyon pompalar\u0131 veya ince sis p\u00fcsk\u00fcrtme pompalar\u0131 gibi \u00e7e\u015fitli pompa t\u00fcrleri sunun.<\/li>\n<li><strong>Y\u00fczey \u0130\u015flemi:<\/strong> Y\u00fczeyin g\u00f6r\u00fcn\u00fcm\u00fcn\u00fc daha l\u00fcks hale getirmek i\u00e7in degrade p\u00fcsk\u00fcrtme, mat veya k\u0131smi buzlanma gibi dekoratif i\u015flemler eklenebilir.<\/li>\n<li><strong>\u015ei\u015fe Taban\u0131 Tasar\u0131m\u0131:<\/strong> \u015ei\u015fenin taban\u0131n\u0131n kal\u0131nl\u0131\u011f\u0131n\u0131 veya \u015feklini art\u0131rarak dengeyi sa\u011flayabilir ve daha l\u00fcks bir g\u00f6r\u00fcn\u00fcm kazand\u0131rabilirsiniz.<\/li>\n<\/ol>","protected":false},"excerpt":{"rendered":"<p>Buzlu y\u00fczeyli ve bambu kapakl\u0131 cam pompal\u0131 \u015fi\u015feler. Cilt bak\u0131m \u00fcr\u00fcnleri ambalaj\u0131 i\u00e7in cam hava ge\u00e7irmez pompal\u0131 \u015fi\u015feler. Fabrikadan do\u011frudan tedarik, toplu sipari\u015flerde \u00f6zelle\u015ftirme imkan\u0131.<\/p>","protected":false},"featured_media":5997,"template":"","meta":{"postBodyCss":"","postBodyMargin":[],"postBodyPadding":[],"postBodyBackground":{"backgroundType":"classic","gradient":""}},"product_brand":[],"product_cat":[15,105,16],"product_tag":[],"class_list":{"0":"post-5993","1":"product","2":"type-product","3":"status-publish","4":"has-post-thumbnail","6":"product_cat-glass-containers","7":"product_cat-glass-lotion-bottles","8":"product_cat-glass-bottles","10":"first","11":"instock","12":"shipping-taxable","13":"product-type-simple"},"jetpack_sharing_enabled":true,"_links":{"self":[{"href":"https:\/\/minghanggroup.com\/tr\/wp-json\/wp\/v2\/product\/5993","targetHints":{"allow":["GET"]}}],"collection":[{"href":"https:\/\/minghanggroup.com\/tr\/wp-json\/wp\/v2\/product"}],"about":[{"href":"https:\/\/minghanggroup.com\/tr\/wp-json\/wp\/v2\/types\/product"}],"wp:featuredmedia":[{"embeddable":true,"href":"https:\/\/minghanggroup.com\/tr\/wp-json\/wp\/v2\/media\/5997"}],"wp:attachment":[{"href":"https:\/\/minghanggroup.com\/tr\/wp-json\/wp\/v2\/media?parent=5993"}],"wp:term":[{"taxonomy":"product_brand","embeddable":true,"href":"https:\/\/minghanggroup.com\/tr\/wp-json\/wp\/v2\/product_brand?post=5993"},{"taxonomy":"product_cat","embeddable":true,"href":"https:\/\/minghanggroup.com\/tr\/wp-json\/wp\/v2\/product_cat?post=5993"},{"taxonomy":"product_tag","embeddable":true,"href":"https:\/\/minghanggroup.com\/tr\/wp-json\/wp\/v2\/product_tag?post=5993"}],"curies":[{"name":"wp","href":"https:\/\/api.w.org\/{rel}","templated":true}]}}