{"id":5983,"date":"2026-03-12T09:06:06","date_gmt":"2026-03-12T01:06:06","guid":{"rendered":"https:\/\/minghanggroup.com\/?post_type=product&#038;p=5983"},"modified":"2026-03-20T16:59:04","modified_gmt":"2026-03-20T08:59:04","slug":"frosted-small-lotion-bottles-with-gold-pump-bulk","status":"publish","type":"product","link":"https:\/\/minghanggroup.com\/tr\/urun\/frosted-small-lotion-bottles-with-gold-pump-bulk\/","title":{"rendered":"30 ml Buzlu K\u00fc\u00e7\u00fck Boy Losyon \u015ei\u015feleri, Alt\u0131n Pompal\u0131, Toplu Paket"},"content":{"rendered":"<p>K\u00fc\u00e7\u00fck losyon \u015fi\u015fesi 30 ml hacimli, yuvarlak silindirik bir \u015fekle sahip, mat beyaz cam g\u00f6vdesi \u00e7ok yumu\u015fak ve dokunuldu\u011funda mat bir his veriyor ve k\u00fc\u00e7\u00fck, \u0131\u015f\u0131lt\u0131l\u0131 alt\u0131n bir pompaya sahip. K\u00fc\u00e7\u00fck boyutu sayesinde serum ve losyon saklamak i\u00e7in idealdir.<\/p>\n<h2>\u00dcr\u00fcn \u00d6zellikleri<\/h2>\n<ul>\n<li><strong>Buzlu Camdan G\u00f6vde:<\/strong> Buzlu beyaz cam g\u00f6vde, yumu\u015fak ve cilde ho\u015f gelen, ayn\u0131 zamanda parmak izi b\u0131rakmayan mat bir malzemeden \u00fcretilmi\u015ftir ve bu da \u00fcr\u00fcne \u015f\u0131k bir g\u00f6r\u00fcn\u00fcm kazand\u0131r\u0131r.<\/li>\n<li><strong>L\u00fcks Alt\u0131n Pompa:<\/strong> Parlak alt\u0131n rengi metal pompa, buzlu \u015fi\u015fenin aksine l\u00fcks bir g\u00f6r\u00fcn\u00fcm sunuyor, ancak a\u015f\u0131r\u0131 l\u00fcks de de\u011fil.<\/li>\n<li><strong>K\u00fc\u00e7\u00fck ve Ta\u015f\u0131nabilir Kapasite:<\/strong> Bunun nedeni, k\u00fc\u00e7\u00fck ve yuvarlak \u015fi\u015fenin orta boyutta olmas\u0131, b\u00f6ylece ta\u015f\u0131nabilir olmas\u0131 ve g\u00fcn\u00fcn veya gecenin herhangi bir saatinde makyaj tazelemeye y\u00f6nelik ihtiya\u00e7lar\u0131 kar\u015f\u0131lamas\u0131d\u0131r.<\/li>\n<\/ul>\n<h2 style=\"text-align: left;\">Temel \u00d6zellikler<\/h2>\n<table class=\"aligncenter\" style=\"border-collapse: collapse; width: 444.77pt;\" border=\"0\" width=\"593\" cellspacing=\"0\" cellpadding=\"0\">\n<tbody>\n<tr style=\"height: 13.50pt;\">\n<td style=\"height: 13.50pt; width: 120.00pt;\" width=\"160\" height=\"18\">\u015eartname<\/td>\n<td style=\"width: 324.75pt;\" width=\"433\">Detaylar<\/td>\n<\/tr>\n<tr style=\"height: 13.50pt;\">\n<td style=\"height: 13.50pt;\" height=\"18\">Kapasite<\/td>\n<td>30 ml<\/td>\n<\/tr>\n<tr style=\"height: 13.50pt;\">\n<td style=\"height: 13.50pt;\" height=\"18\">Boyutlar<\/td>\n<td>41\u00d786 mm (\u00c7ap \u00d7 Y\u00fckseklik)<\/td>\n<\/tr>\n<tr style=\"height: 13.50pt;\">\n<td style=\"height: 13.50pt;\" height=\"18\">Malzeme<\/td>\n<td>Buzlu Beyaz Cam, Alt\u0131n Kaplama Metal Pompa Tertibat\u0131<\/td>\n<\/tr>\n<tr style=\"height: 13.50pt;\">\n<td style=\"height: 13.50pt;\" height=\"18\">\u015ei\u015fe \u015eekli<\/td>\n<td>Yuvarlak Silindir<\/td>\n<\/tr>\n<tr style=\"height: 13.50pt;\">\n<td style=\"height: 13.50pt;\" height=\"18\">\u00d6zelle\u015ftirme Kapsam\u0131<\/td>\n<td>Boyut, Renk, Kapaklar, \u015eekil<\/td>\n<\/tr>\n<tr style=\"height: 13.50pt;\">\n<td style=\"height: 13.50pt;\" height=\"18\">\u0130\u015f\u00e7ilik<\/td>\n<td>Buzlu Y\u00fczey \u0130\u015flemi ile Hassas Cam \u015eekillendirme<\/td>\n<\/tr>\n<tr style=\"height: 13.50pt;\">\n<td style=\"height: 13.50pt;\" height=\"18\">\u00dcr\u00fcn Amac\u0131<\/td>\n<td>Y\u00fcz Serumu \u015ei\u015feleri, Bo\u015f Losyon \u015ei\u015feleri<\/td>\n<\/tr>\n<tr style=\"height: 13.50pt;\">\n<td style=\"height: 13.50pt;\" height=\"18\">Uygun Sekt\u00f6rler<\/td>\n<td>L\u00fcks Cilt Bak\u0131m Markalar\u0131, Birinci S\u0131n\u0131f Otel Olanaklar\u0131<\/td>\n<\/tr>\n<\/tbody>\n<\/table>\n<h2>Ba\u015far\u0131 \u00d6yk\u00fcs\u00fc: Bir Frans\u0131z Cilt Bak\u0131m Markas\u0131n\u0131n \u0130mza Serumu<\/h2>\n<p>Frans\u0131z cilt bak\u0131m markalar\u0131ndan biri, 30 ml&#039;lik buzlu beyaz, bo\u015f k\u00fc\u00e7\u00fck bir losyon \u015fi\u015fesi se\u00e7ti ve alt\u0131n bir pompa ekledi. L\u00fcks g\u00f6r\u00fcn\u00fcm, \u00f6nceki ambalaja de\u011fer katt\u0131. 0,3 ml&#039;lik da\u011f\u0131t\u0131m, pompa ile tam olarak sabitlendi ve \u015fi\u015fe tasar\u0131m\u0131ndaki sosyal medya referans\u0131 artt\u0131. Marka iyi bir performans sergiledi ve 3 y\u0131l i\u00e7inde serum serisinin \u00f6zel ambalaj\u0131 olarak 1,2 milyon \u015fi\u015fe daha satt\u0131.<\/p>\n<h2>Bo\u015f Losyon \u015ei\u015felerinin Ki\u015fiselle\u015ftirilmesinde Alternatifler<\/h2>\n<ul>\n<li>Pompa Ba\u015fl\u0131\u011f\u0131 Metal Kaplama: Pompa ba\u015fl\u0131klar\u0131 pembe alt\u0131n, f\u0131r\u00e7alanm\u0131\u015f g\u00fcm\u00fc\u015f, mat siyah veya cilal\u0131 krom se\u00e7enekleriyle mevcuttur.<\/li>\n<li>Lazerle kaz\u0131ma: \u015ei\u015fenin alt k\u0131sm\u0131na ince desenler, parti numaras\u0131 veya marka logolar\u0131 kaz\u0131n\u0131r.<\/li>\n<li>Pompa Ba\u015fl\u0131\u011f\u0131 Kalibrasyonu: Markan\u0131n form\u00fcl\u00fcn\u00fcn p\u00fcsk\u00fcrt\u00fclmesini \u00f6nlemek i\u00e7in alt\u0131n pompa ba\u015fl\u0131\u011f\u0131 neredeyse y\u00fczde y\u00fcze kadar kalibre edilmelidir.<\/li>\n<\/ul>","protected":false},"excerpt":{"rendered":"<p>Mat beyaz y\u00fczeyli ve metal pompa ba\u015fl\u0131kl\u0131, y\u00fcksek kaliteli bo\u015f losyon \u015fi\u015feleri. Kozmetik ambalaj\u0131 i\u00e7in m\u00fckemmel, kompakt k\u00fc\u00e7\u00fck losyon \u015fi\u015fesi. \u00dccretsiz numuneler mevcuttur.<\/p>","protected":false},"featured_media":5984,"template":"","meta":{"postBodyCss":"","postBodyMargin":[],"postBodyPadding":[],"postBodyBackground":{"backgroundType":"classic","gradient":""}},"product_brand":[],"product_cat":[105,15,16],"product_tag":[],"class_list":{"0":"post-5983","1":"product","2":"type-product","3":"status-publish","4":"has-post-thumbnail","6":"product_cat-glass-lotion-bottles","7":"product_cat-glass-containers","8":"product_cat-glass-bottles","10":"first","11":"instock","12":"shipping-taxable","13":"product-type-simple"},"jetpack_sharing_enabled":true,"_links":{"self":[{"href":"https:\/\/minghanggroup.com\/tr\/wp-json\/wp\/v2\/product\/5983","targetHints":{"allow":["GET"]}}],"collection":[{"href":"https:\/\/minghanggroup.com\/tr\/wp-json\/wp\/v2\/product"}],"about":[{"href":"https:\/\/minghanggroup.com\/tr\/wp-json\/wp\/v2\/types\/product"}],"wp:featuredmedia":[{"embeddable":true,"href":"https:\/\/minghanggroup.com\/tr\/wp-json\/wp\/v2\/media\/5984"}],"wp:attachment":[{"href":"https:\/\/minghanggroup.com\/tr\/wp-json\/wp\/v2\/media?parent=5983"}],"wp:term":[{"taxonomy":"product_brand","embeddable":true,"href":"https:\/\/minghanggroup.com\/tr\/wp-json\/wp\/v2\/product_brand?post=5983"},{"taxonomy":"product_cat","embeddable":true,"href":"https:\/\/minghanggroup.com\/tr\/wp-json\/wp\/v2\/product_cat?post=5983"},{"taxonomy":"product_tag","embeddable":true,"href":"https:\/\/minghanggroup.com\/tr\/wp-json\/wp\/v2\/product_tag?post=5983"}],"curies":[{"name":"wp","href":"https:\/\/api.w.org\/{rel}","templated":true}]}}